{"id":1150,"date":"2016-02-01T16:15:49","date_gmt":"2016-02-01T15:15:49","guid":{"rendered":"http:\/\/smart--grid.net\/?page_id=1150"},"modified":"2022-12-03T22:58:51","modified_gmt":"2022-12-03T21:58:51","slug":"diagramme-de-gantt","status":"publish","type":"page","link":"https:\/\/complex-systems-ai.com\/es\/problema-de-planificacion\/grafico-de-gantt-2\/","title":{"rendered":"Gr\u00e1fico de gantt"},"content":{"rendered":"<div data-elementor-type=\"wp-page\" data-elementor-id=\"1150\" class=\"elementor elementor-1150\">\n\t\t\t\t\t\t<section class=\"elementor-section elementor-top-section elementor-element elementor-element-93ec1e3 elementor-section-boxed elementor-section-height-default elementor-section-height-default\" data-id=\"93ec1e3\" data-element_type=\"section\" data-e-type=\"section\">\n\t\t\t\t\t\t<div class=\"elementor-container elementor-column-gap-default\">\n\t\t\t\t\t<div class=\"elementor-column elementor-col-33 elementor-top-column elementor-element elementor-element-c2bcd96\" data-id=\"c2bcd96\" data-element_type=\"column\" data-e-type=\"column\">\n\t\t\t<div class=\"elementor-widget-wrap elementor-element-populated\">\n\t\t\t\t\t\t<div class=\"elementor-element elementor-element-a376138 elementor-align-justify elementor-widget elementor-widget-button\" data-id=\"a376138\" data-element_type=\"widget\" data-e-type=\"widget\" data-widget_type=\"button.default\">\n\t\t\t\t<div class=\"elementor-widget-container\">\n\t\t\t\t\t\t\t\t\t<div class=\"elementor-button-wrapper\">\n\t\t\t\t\t<a class=\"elementor-button elementor-button-link elementor-size-sm\" href=\"https:\/\/complex-systems-ai.com\/es\/problema-de-planificacion\/\">\n\t\t\t\t\t\t<span class=\"elementor-button-content-wrapper\">\n\t\t\t\t\t\t\t\t\t<span class=\"elementor-button-text\">Problema de planificaci\u00f3n<\/span>\n\t\t\t\t\t<\/span>\n\t\t\t\t\t<\/a>\n\t\t\t\t<\/div>\n\t\t\t\t\t\t\t\t<\/div>\n\t\t\t\t<\/div>\n\t\t\t\t\t<\/div>\n\t\t<\/div>\n\t\t\t\t<div class=\"elementor-column elementor-col-33 elementor-top-column elementor-element elementor-element-fb9e285\" data-id=\"fb9e285\" data-element_type=\"column\" data-e-type=\"column\">\n\t\t\t<div class=\"elementor-widget-wrap elementor-element-populated\">\n\t\t\t\t\t\t<div class=\"elementor-element elementor-element-c1a474a elementor-align-justify elementor-widget elementor-widget-button\" data-id=\"c1a474a\" data-element_type=\"widget\" data-e-type=\"widget\" data-widget_type=\"button.default\">\n\t\t\t\t<div class=\"elementor-widget-container\">\n\t\t\t\t\t\t\t\t\t<div class=\"elementor-button-wrapper\">\n\t\t\t\t\t<a class=\"elementor-button elementor-button-link elementor-size-sm\" href=\"https:\/\/complex-systems-ai.com\/es\/\">\n\t\t\t\t\t\t<span class=\"elementor-button-content-wrapper\">\n\t\t\t\t\t\t\t\t\t<span class=\"elementor-button-text\">Pagina de inicio<\/span>\n\t\t\t\t\t<\/span>\n\t\t\t\t\t<\/a>\n\t\t\t\t<\/div>\n\t\t\t\t\t\t\t\t<\/div>\n\t\t\t\t<\/div>\n\t\t\t\t\t<\/div>\n\t\t<\/div>\n\t\t\t\t<div class=\"elementor-column elementor-col-33 elementor-top-column elementor-element elementor-element-910dbbb\" data-id=\"910dbbb\" data-element_type=\"column\" data-e-type=\"column\">\n\t\t\t<div class=\"elementor-widget-wrap elementor-element-populated\">\n\t\t\t\t\t\t<div class=\"elementor-element elementor-element-d891a86 elementor-align-justify elementor-widget elementor-widget-button\" data-id=\"d891a86\" data-element_type=\"widget\" data-e-type=\"widget\" data-widget_type=\"button.default\">\n\t\t\t\t<div class=\"elementor-widget-container\">\n\t\t\t\t\t\t\t\t\t<div class=\"elementor-button-wrapper\">\n\t\t\t\t\t<a class=\"elementor-button elementor-button-link elementor-size-sm\" href=\"https:\/\/fr.wikipedia.org\/wiki\/Diagramme_de_Gantt\" target=\"_blank\" rel=\"noopener\">\n\t\t\t\t\t\t<span class=\"elementor-button-content-wrapper\">\n\t\t\t\t\t\t\t\t\t<span class=\"elementor-button-text\">Wiki<\/span>\n\t\t\t\t\t<\/span>\n\t\t\t\t\t<\/a>\n\t\t\t\t<\/div>\n\t\t\t\t\t\t\t\t<\/div>\n\t\t\t\t<\/div>\n\t\t\t\t\t<\/div>\n\t\t<\/div>\n\t\t\t\t\t<\/div>\n\t\t<\/section>\n\t\t\t\t<section class=\"elementor-section elementor-top-section elementor-element elementor-element-d4d18b5 elementor-section-boxed elementor-section-height-default elementor-section-height-default\" data-id=\"d4d18b5\" data-element_type=\"section\" data-e-type=\"section\">\n\t\t\t\t\t\t<div class=\"elementor-container elementor-column-gap-default\">\n\t\t\t\t\t<div class=\"elementor-column elementor-col-100 elementor-top-column elementor-element elementor-element-71c530e2\" data-id=\"71c530e2\" data-element_type=\"column\" data-e-type=\"column\">\n\t\t\t<div class=\"elementor-widget-wrap elementor-element-populated\">\n\t\t\t\t\t\t<div class=\"elementor-element elementor-element-5babf5f elementor-widget elementor-widget-text-editor\" data-id=\"5babf5f\" data-element_type=\"widget\" data-e-type=\"widget\" data-widget_type=\"text-editor.default\">\n\t\t\t\t<div class=\"elementor-widget-container\">\n\t\t\t\t\t\t\t\t\t\n<div id=\"ez-toc-container\" class=\"ez-toc-v2_0_82_2 counter-hierarchy ez-toc-counter ez-toc-grey ez-toc-container-direction\">\n<div class=\"ez-toc-title-container\">\n<p class=\"ez-toc-title\" style=\"cursor:inherit\">Contenido<\/p>\n<span class=\"ez-toc-title-toggle\"><a href=\"#\" class=\"ez-toc-pull-right ez-toc-btn ez-toc-btn-xs ez-toc-btn-default ez-toc-toggle\" aria-label=\"Tabla de contenido alternativo\"><span class=\"ez-toc-js-icon-con\"><span class=\"\"><span class=\"eztoc-hide\" style=\"display:none;\">Palanca<\/span><span class=\"ez-toc-icon-toggle-span\"><svg style=\"fill: #999;color:#999\" xmlns=\"http:\/\/www.w3.org\/2000\/svg\" class=\"list-377408\" width=\"20px\" height=\"20px\" viewbox=\"0 0 24 24\" fill=\"none\"><path d=\"M6 6H4v2h2V6zm14 0H8v2h12V6zM4 11h2v2H4v-2zm16 0H8v2h12v-2zM4 16h2v2H4v-2zm16 0H8v2h12v-2z\" fill=\"currentColor\"><\/path><\/svg><svg style=\"fill: #999;color:#999\" class=\"arrow-unsorted-368013\" xmlns=\"http:\/\/www.w3.org\/2000\/svg\" width=\"10px\" height=\"10px\" viewbox=\"0 0 24 24\" version=\"1.2\" baseprofile=\"tiny\"><path d=\"M18.2 9.3l-6.2-6.3-6.2 6.3c-.2.2-.3.4-.3.7s.1.5.3.7c.2.2.4.3.7.3h11c.3 0 .5-.1.7-.3.2-.2.3-.5.3-.7s-.1-.5-.3-.7zM5.8 14.7l6.2 6.3 6.2-6.3c.2-.2.3-.5.3-.7s-.1-.5-.3-.7c-.2-.2-.4-.3-.7-.3h-11c-.3 0-.5.1-.7.3-.2.2-.3.5-.3.7s.1.5.3.7z\"\/><\/svg><\/span><\/span><\/span><\/a><\/span><\/div>\n<nav><ul class='ez-toc-list ez-toc-list-level-1' ><li class='ez-toc-page-1 ez-toc-heading-level-2'><a class=\"ez-toc-link ez-toc-heading-1\" href=\"https:\/\/complex-systems-ai.com\/es\/problema-de-planificacion\/grafico-de-gantt-2\/#Diagramme-de-Gantt\" >Gr\u00e1fico de gantt<\/a><\/li><li class='ez-toc-page-1 ez-toc-heading-level-2'><a class=\"ez-toc-link ez-toc-heading-2\" href=\"https:\/\/complex-systems-ai.com\/es\/problema-de-planificacion\/grafico-de-gantt-2\/#Methode\" >M\u00e9todo<\/a><\/li><li class='ez-toc-page-1 ez-toc-heading-level-2'><a class=\"ez-toc-link ez-toc-heading-3\" href=\"https:\/\/complex-systems-ai.com\/es\/problema-de-planificacion\/grafico-de-gantt-2\/#Exemple\" >Ejemplo<\/a><\/li><\/ul><\/nav><\/div>\n<h2><span class=\"ez-toc-section\" id=\"Diagramme-de-Gantt\"><\/span>Gr\u00e1fico de gantt<span class=\"ez-toc-section-end\"><\/span><\/h2>\n<p>El diagrama de Gantt es una vista visual de las tareas programadas a lo largo del tiempo. Los diagramas de Gantt se utilizan para planificar proyectos de todos los tama\u00f1os y son una forma \u00fatil de mostrar el trabajo planificado para un d\u00eda espec\u00edfico. Tambi\u00e9n le ayudan a mostrar las fechas de inicio y finalizaci\u00f3n de un proyecto en una vista simple.<\/p>\n<p>Esta herramienta cumple dos objetivos: planificar de forma \u00f3ptima as\u00ed como comunicar en el horario establecido y las opciones que impone.<\/p>\n\n<div style=\"padding: 3px; border: 2px dotted #a5a5a5; background-color: #f6f9fa;\">\n<p>El diagrama permite:<\/p>\n<ul style=\"text-align: justify;\">\n<li>determinar las fechas para la finalizaci\u00f3n de un proyecto.<\/li>\n<li>identificar los m\u00e1rgenes existentes en determinadas tareas.<\/li>\n<li>para ver de un vistazo el retraso o el avance de la obra.<\/li>\n<\/ul>\n<\/div>\n\n<p>El diagrama de Gantt no resuelve todos los problemas, especialmente si hay que planificar manufacturas que compiten por el uso de ciertos recursos de la empresa.<\/p>\n\n<h2 class=\"wp-block-heading\"><span class=\"ez-toc-section\" id=\"Methode\"><\/span>M\u00e9todo<span class=\"ez-toc-section-end\"><\/span><\/h2>\n\n<p>El m\u00e9todo consiste en colocar las tareas a realizar en el orden definido por la prioridad y teniendo en cuenta los recursos a\u00fan disponibles. Las reglas m\u00e1s comunes son:<\/p>\n\n<ul class=\"wp-block-list\">\n<li>prioridad a la finalizaci\u00f3n de productos con la fecha de entrega m\u00e1s temprana.<\/li>\n<li>Lleg\u00f3 la prioridad al primer pedido.<\/li>\n<li>Prioridad a las producciones de menor duraci\u00f3n total.<\/li>\n<li>prioridad a las fabricaciones que utilizan al menos un recurso cr\u00edtico.<\/li>\n<li>prioridad a los productos que tienen el margen m\u00ednimo.<\/li>\n<\/ul>\n\n<p>Este diagrama (o programa) tiene una serie de ventajas:<\/p>\n\n<ul class=\"wp-block-list\">\n<li style=\"text-align: justify;\">f\u00e1cil de leer y accesible para todos.<\/li>\n<li style=\"text-align: justify;\">El seguimiento se puede realizar f\u00e1cilmente durante el transcurso del proyecto comparando<br \/>las fechas previstas y las fechas reales.<\/li>\n<li style=\"text-align: justify;\">las fechas de inicio y finalizaci\u00f3n de cada tarea se leen directamente de la escala de<br \/>tiempo.<\/li>\n<li>permite mediante la asignaci\u00f3n de recursos a tareas para establecer el plan de carga.<\/li>\n<\/ul>\n\n<div style=\"padding: 5px; background-color: #d5edff; border: 2px solid #3c95e8; -moz-border-radius: 9px; -khtml-border-radius: 9px; -webkit-border-radius: 9px; border-radius: 9px;\">El diagrama se representa en dos ejes: tiempo y asignaci\u00f3n (a menudo, una tarea solo puede atribuirse a una entidad dedicada); y contiene dos tipos de elementos: barras que representan una tarea y su tiempo de ejecuci\u00f3n, y flechas que representan enlaces anteriores.<\/div>\n\n<p>El diagrama de Gantt permite analizar todas las relaciones que existen entre las actividades, identificar las secuencias de actividades, identificar la ruta cr\u00edtica (sin margen de maniobra) y las fechas de inicio y finalizaci\u00f3n (como muy pronto y como muy tarde). de cada actividad. El diagrama de Gantt permite elegir las fechas que se conservar\u00e1n efectivamente para realizar las actividades y, eventualmente, mostrar las relaciones entre las actividades y por tanto las consecuencias en t\u00e9rminos de retrasos.<\/p>\n\n<div style=\"padding: 5px; background-color: #ffdcd3; border: 2px solid #ff7964; -moz-border-radius: 9px; -khtml-border-radius: 9px; -webkit-border-radius: 9px; border-radius: 9px;\">\n<p>Dibujar un diagrama de Gantt debe realizarse en tres pasos:<\/p>\n<ol style=\"text-align: justify;\">\n<li>Determine y estructura la lista de tareas declarando los antecedentes u otras limitaciones.<\/li>\n<li>Cree el diagrama de tareas (criterio de tiempo). Para cada uno de ellos, es necesario determinar la duraci\u00f3n as\u00ed como el margen de maniobra.<\/li>\n<li>Completa el diagrama con los dem\u00e1s criterios.<\/li>\n<\/ol>\n<\/div>\n\n<h2 class=\"wp-block-heading\"><span class=\"ez-toc-section\" id=\"Exemple\"><\/span>Ejemplo<span class=\"ez-toc-section-end\"><\/span><\/h2>\n\n<div class=\"wp-block-image\">\n<figure class=\"aligncenter\"><img fetchpriority=\"high\" decoding=\"async\" class=\"alignnone wp-image-1184 size-full\" src=\"https:\/\/complex-systems-ai.com\/wp-content\/uploads\/2016\/02\/gantt1.png\" alt=\"Tiempo de ejecuci\u00f3n de tareas de asignaci\u00f3n de diagrama de Gantt\" width=\"601\" height=\"260\" title=\"\" srcset=\"https:\/\/complex-systems-ai.com\/wp-content\/uploads\/2016\/02\/gantt1.png 601w, https:\/\/complex-systems-ai.com\/wp-content\/uploads\/2016\/02\/gantt1-300x130.png 300w\" sizes=\"(max-width: 601px) 100vw, 601px\" \/><\/figure>\n<\/div>\n\n<p>Establecimiento del diagrama temporal:<\/p>\n\n<div class=\"wp-block-image\">\n<figure class=\"aligncenter\"><img decoding=\"async\" class=\"alignnone wp-image-1187 size-full\" src=\"https:\/\/complex-systems-ai.com\/wp-content\/uploads\/2016\/02\/gantt2.png\" alt=\"Tiempo de ejecuci\u00f3n de tareas de asignaci\u00f3n de diagrama de Gantt\" width=\"677\" height=\"330\" title=\"\" srcset=\"https:\/\/complex-systems-ai.com\/wp-content\/uploads\/2016\/02\/gantt2.png 677w, https:\/\/complex-systems-ai.com\/wp-content\/uploads\/2016\/02\/gantt2-300x146.png 300w\" sizes=\"(max-width: 677px) 100vw, 677px\" \/><\/figure>\n<\/div>\n\n<p>Adici\u00f3n de criterios (aqu\u00ed la cantidad de personal para realizar una tarea:<\/p>\n\n<div class=\"wp-block-image\">\n<figure class=\"aligncenter\"><img decoding=\"async\" class=\"alignnone wp-image-1190 size-full\" src=\"https:\/\/complex-systems-ai.com\/wp-content\/uploads\/2016\/02\/gantt3.png\" alt=\"Tiempo de ejecuci\u00f3n de tareas de asignaci\u00f3n de diagrama de Gantt\" width=\"826\" height=\"436\" title=\"\" srcset=\"https:\/\/complex-systems-ai.com\/wp-content\/uploads\/2016\/02\/gantt3.png 826w, https:\/\/complex-systems-ai.com\/wp-content\/uploads\/2016\/02\/gantt3-300x158.png 300w, https:\/\/complex-systems-ai.com\/wp-content\/uploads\/2016\/02\/gantt3-768x405.png 768w\" sizes=\"(max-width: 826px) 100vw, 826px\" \/><\/figure>\n<\/div>\n\t\t\t\t\t\t\t\t<\/div>\n\t\t\t\t<\/div>\n\t\t\t\t\t<\/div>\n\t\t<\/div>\n\t\t\t\t\t<\/div>\n\t\t<\/section>\n\t\t\t\t<\/div>","protected":false},"excerpt":{"rendered":"<p>Problema de programaci\u00f3n P\u00e1gina de inicio Diagrama de Gantt de Wiki El diagrama de Gantt es una vista visual de las tareas programadas a lo largo del tiempo. Los \u2026 <\/p>","protected":false},"author":1,"featured_media":0,"parent":868,"menu_order":0,"comment_status":"closed","ping_status":"closed","template":"","meta":{"footnotes":""},"class_list":["post-1150","page","type-page","status-publish","hentry"],"amp_enabled":true,"_links":{"self":[{"href":"https:\/\/complex-systems-ai.com\/es\/wp-json\/wp\/v2\/pages\/1150","targetHints":{"allow":["GET"]}}],"collection":[{"href":"https:\/\/complex-systems-ai.com\/es\/wp-json\/wp\/v2\/pages"}],"about":[{"href":"https:\/\/complex-systems-ai.com\/es\/wp-json\/wp\/v2\/types\/page"}],"author":[{"embeddable":true,"href":"https:\/\/complex-systems-ai.com\/es\/wp-json\/wp\/v2\/users\/1"}],"replies":[{"embeddable":true,"href":"https:\/\/complex-systems-ai.com\/es\/wp-json\/wp\/v2\/comments?post=1150"}],"version-history":[{"count":4,"href":"https:\/\/complex-systems-ai.com\/es\/wp-json\/wp\/v2\/pages\/1150\/revisions"}],"predecessor-version":[{"id":17914,"href":"https:\/\/complex-systems-ai.com\/es\/wp-json\/wp\/v2\/pages\/1150\/revisions\/17914"}],"up":[{"embeddable":true,"href":"https:\/\/complex-systems-ai.com\/es\/wp-json\/wp\/v2\/pages\/868"}],"wp:attachment":[{"href":"https:\/\/complex-systems-ai.com\/es\/wp-json\/wp\/v2\/media?parent=1150"}],"curies":[{"name":"gracias","href":"https:\/\/api.w.org\/{rel}","templated":true}]}}