{"id":11748,"date":"2021-03-17T10:19:42","date_gmt":"2021-03-17T09:19:42","guid":{"rendered":"https:\/\/complex-systems-ai.com\/?page_id=11748"},"modified":"2022-12-03T23:05:40","modified_gmt":"2022-12-03T22:05:40","slug":"modelisation-de-smart-grids","status":"publish","type":"page","link":"https:\/\/complex-systems-ai.com\/es\/algoritmico\/modelado-de-redes-inteligentes\/","title":{"rendered":"Modelado de redes inteligentes"},"content":{"rendered":"<div data-elementor-type=\"wp-page\" data-elementor-id=\"11748\" class=\"elementor elementor-11748\">\n\t\t\t\t\t\t<section class=\"elementor-section elementor-top-section elementor-element elementor-element-1c3d2ac elementor-section-boxed elementor-section-height-default elementor-section-height-default\" data-id=\"1c3d2ac\" data-element_type=\"section\" data-e-type=\"section\">\n\t\t\t\t\t\t<div class=\"elementor-container elementor-column-gap-default\">\n\t\t\t\t\t<div class=\"elementor-column elementor-col-100 elementor-top-column elementor-element elementor-element-ef2064e\" data-id=\"ef2064e\" data-element_type=\"column\" data-e-type=\"column\">\n\t\t\t<div class=\"elementor-widget-wrap elementor-element-populated\">\n\t\t\t\t\t\t<div class=\"elementor-element elementor-element-4bc9f40 elementor-widget elementor-widget-text-editor\" data-id=\"4bc9f40\" data-element_type=\"widget\" data-e-type=\"widget\" data-widget_type=\"text-editor.default\">\n\t\t\t\t<div class=\"elementor-widget-container\">\n\t\t\t\t\t\t\t\t\t<p><strong>El objetivo del curso de modelizaci\u00f3n de Smart Grids es abordar los siguientes temas:<\/strong><\/p><ul><li>Sistemas adaptativos complejos<\/li><li>Modelado y simulaci\u00f3n<\/li><li>Modelado de agentes m\u00faltiples<\/li><li>Edificios inteligentes y microrredes<\/li><li>Ecodistritos, agregadores y centrales el\u00e9ctricas virtuales<\/li><li>La red el\u00e9ctrica inteligente (Smart Grid)<\/li><li>Conexi\u00f3n de redes inteligentes (P2G, V2G, red de distribuci\u00f3n de agua, red de calefacci\u00f3n)<\/li><\/ul><p><strong>Se desarrollar\u00e1n las siguientes habilidades:<\/strong><\/p><ul><li>Modelado sist\u00e9mico<\/li><li>Modelado de agentes m\u00faltiples<\/li><li>Software NetLogo<\/li><li>Conocimiento profundo de las redes inteligentes<\/li><\/ul><p><strong>Clasificaci\u00f3n:<\/strong><\/p><p>Los estudiantes ser\u00e1n calificados a trav\u00e9s de un proyecto durante 3 sesiones.<\/p><p>No hay examen final ni evaluaci\u00f3n continua.<\/p><p><img fetchpriority=\"high\" decoding=\"async\" class=\"aligncenter wp-image-11756 size-full\" src=\"https:\/\/complex-systems-ai.com\/wp-content\/uploads\/2021\/03\/200px-Logo_ENSTA_Paris.jpg\" alt=\"modelado de red inteligente\" width=\"200\" height=\"293\" title=\"\"><\/p><p><em>El Curso se imparte en ENSTA y pertenece a ENSTA. Consta de 8 sesiones, cuyo contenido se detalla a continuaci\u00f3n.<\/em><\/p>\t\t\t\t\t\t\t\t<\/div>\n\t\t\t\t<\/div>\n\t\t\t\t\t<\/div>\n\t\t<\/div>\n\t\t\t\t\t<\/div>\n\t\t<\/section>\n\t\t\t\t<section class=\"elementor-section elementor-top-section elementor-element elementor-element-a36c01a elementor-section-boxed elementor-section-height-default elementor-section-height-default\" data-id=\"a36c01a\" data-element_type=\"section\" data-e-type=\"section\">\n\t\t\t\t\t\t<div class=\"elementor-container elementor-column-gap-default\">\n\t\t\t\t\t<div class=\"elementor-column elementor-col-100 elementor-top-column elementor-element elementor-element-462e7de\" data-id=\"462e7de\" data-element_type=\"column\" data-e-type=\"column\">\n\t\t\t<div class=\"elementor-widget-wrap elementor-element-populated\">\n\t\t\t\t\t\t<div class=\"elementor-element elementor-element-c096ff8 elementor-widget elementor-widget-heading\" data-id=\"c096ff8\" data-element_type=\"widget\" data-e-type=\"widget\" data-widget_type=\"heading.default\">\n\t\t\t\t<div class=\"elementor-widget-container\">\n\t\t\t\t\t<div id=\"ez-toc-container\" class=\"ez-toc-v2_0_82_2 counter-hierarchy ez-toc-counter ez-toc-grey ez-toc-container-direction\">\n<div class=\"ez-toc-title-container\">\n<p class=\"ez-toc-title\" style=\"cursor:inherit\">Contenido<\/p>\n<span class=\"ez-toc-title-toggle\"><a href=\"#\" class=\"ez-toc-pull-right ez-toc-btn ez-toc-btn-xs ez-toc-btn-default ez-toc-toggle\" aria-label=\"Tabla de contenido alternativo\"><span class=\"ez-toc-js-icon-con\"><span class=\"\"><span class=\"eztoc-hide\" style=\"display:none;\">Palanca<\/span><span class=\"ez-toc-icon-toggle-span\"><svg style=\"fill: #999;color:#999\" xmlns=\"http:\/\/www.w3.org\/2000\/svg\" class=\"list-377408\" width=\"20px\" height=\"20px\" viewbox=\"0 0 24 24\" fill=\"none\"><path d=\"M6 6H4v2h2V6zm14 0H8v2h12V6zM4 11h2v2H4v-2zm16 0H8v2h12v-2zM4 16h2v2H4v-2zm16 0H8v2h12v-2z\" fill=\"currentColor\"><\/path><\/svg><svg style=\"fill: #999;color:#999\" class=\"arrow-unsorted-368013\" xmlns=\"http:\/\/www.w3.org\/2000\/svg\" width=\"10px\" height=\"10px\" viewbox=\"0 0 24 24\" version=\"1.2\" baseprofile=\"tiny\"><path d=\"M18.2 9.3l-6.2-6.3-6.2 6.3c-.2.2-.3.4-.3.7s.1.5.3.7c.2.2.4.3.7.3h11c.3 0 .5-.1.7-.3.2-.2.3-.5.3-.7s-.1-.5-.3-.7zM5.8 14.7l6.2 6.3 6.2-6.3c.2-.2.3-.5.3-.7s-.1-.5-.3-.7c-.2-.2-.4-.3-.7-.3h-11c-.3 0-.5.1-.7.3-.2.2-.3.5-.3.7s.1.5.3.7z\"\/><\/svg><\/span><\/span><\/span><\/a><\/span><\/div>\n<nav><ul class='ez-toc-list ez-toc-list-level-1' ><li class='ez-toc-page-1 ez-toc-heading-level-2'><a class=\"ez-toc-link ez-toc-heading-1\" href=\"https:\/\/complex-systems-ai.com\/es\/algoritmico\/modelado-de-redes-inteligentes\/#Contenus-de-cours-Modelisation-de-Smart-Grids\" >Contenido del curso de modelado de redes inteligentes<\/a><\/li><\/ul><\/nav><\/div>\n<h2 class=\"elementor-heading-title elementor-size-default\"><span class=\"ez-toc-section\" id=\"Contenus-de-cours-Modelisation-de-Smart-Grids\"><\/span>Contenido del curso de modelado de redes inteligentes<span class=\"ez-toc-section-end\"><\/span><\/h2>\t\t\t\t<\/div>\n\t\t\t\t<\/div>\n\t\t\t\t\t<\/div>\n\t\t<\/div>\n\t\t\t\t\t<\/div>\n\t\t<\/section>\n\t\t\t\t<section class=\"elementor-section elementor-top-section elementor-element elementor-element-8a038dd elementor-section-boxed elementor-section-height-default elementor-section-height-default\" data-id=\"8a038dd\" data-element_type=\"section\" data-e-type=\"section\">\n\t\t\t\t\t\t<div class=\"elementor-container elementor-column-gap-default\">\n\t\t\t\t\t<div class=\"elementor-column elementor-col-100 elementor-top-column elementor-element elementor-element-04b13ab\" data-id=\"04b13ab\" data-element_type=\"column\" data-e-type=\"column\">\n\t\t\t<div class=\"elementor-widget-wrap elementor-element-populated\">\n\t\t\t\t\t\t<div class=\"elementor-element elementor-element-65b04d3 elementor-tabs-view-vertical elementor-widget elementor-widget-tabs\" data-id=\"65b04d3\" data-element_type=\"widget\" data-e-type=\"widget\" data-widget_type=\"tabs.default\">\n\t\t\t\t<div class=\"elementor-widget-container\">\n\t\t\t\t\t\t\t<div class=\"elementor-tabs\">\n\t\t\t<div class=\"elementor-tabs-wrapper\" role=\"tablist\" >\n\t\t\t\t\t\t\t\t\t<div id=\"elementor-tab-title-1061\" class=\"elementor-tab-title elementor-tab-desktop-title\" aria-selected=\"true\" data-tab=\"1\" role=\"tab\" tabindex=\"0\" aria-controls=\"elementor-tab-content-1061\" aria-expanded=\"false\">Sesi\u00f3n 1<\/div>\n\t\t\t\t\t\t\t\t\t<div id=\"elementor-tab-title-1062\" class=\"elementor-tab-title elementor-tab-desktop-title\" aria-selected=\"false\" data-tab=\"2\" role=\"tab\" tabindex=\"-1\" aria-controls=\"elementor-tab-content-1062\" aria-expanded=\"false\">Sesi\u00f3n 2<\/div>\n\t\t\t\t\t\t\t\t\t<div id=\"elementor-tab-title-1063\" class=\"elementor-tab-title elementor-tab-desktop-title\" aria-selected=\"false\" data-tab=\"3\" role=\"tab\" tabindex=\"-1\" aria-controls=\"elementor-tab-content-1063\" aria-expanded=\"false\">Sesi\u00f3n 3<\/div>\n\t\t\t\t\t\t\t\t\t<div id=\"elementor-tab-title-1064\" class=\"elementor-tab-title elementor-tab-desktop-title\" aria-selected=\"false\" data-tab=\"4\" role=\"tab\" tabindex=\"-1\" aria-controls=\"elementor-tab-content-1064\" aria-expanded=\"false\">Sesi\u00f3n 4<\/div>\n\t\t\t\t\t\t\t\t\t<div id=\"elementor-tab-title-1065\" class=\"elementor-tab-title elementor-tab-desktop-title\" aria-selected=\"false\" data-tab=\"5\" role=\"tab\" tabindex=\"-1\" aria-controls=\"elementor-tab-content-1065\" aria-expanded=\"false\">Sesi\u00f3n 5<\/div>\n\t\t\t\t\t\t\t\t\t<div id=\"elementor-tab-title-1066\" class=\"elementor-tab-title elementor-tab-desktop-title\" aria-selected=\"false\" data-tab=\"6\" role=\"tab\" tabindex=\"-1\" aria-controls=\"elementor-tab-content-1066\" aria-expanded=\"false\">Sesi\u00f3n 6<\/div>\n\t\t\t\t\t\t\t\t\t<div id=\"elementor-tab-title-1067\" class=\"elementor-tab-title elementor-tab-desktop-title\" aria-selected=\"false\" data-tab=\"7\" role=\"tab\" tabindex=\"-1\" aria-controls=\"elementor-tab-content-1067\" aria-expanded=\"false\">Sesi\u00f3n 7<\/div>\n\t\t\t\t\t\t\t\t\t<div id=\"elementor-tab-title-1068\" class=\"elementor-tab-title elementor-tab-desktop-title\" aria-selected=\"false\" data-tab=\"8\" role=\"tab\" tabindex=\"-1\" aria-controls=\"elementor-tab-content-1068\" aria-expanded=\"false\">Sesi\u00f3n 8<\/div>\n\t\t\t\t\t\t\t<\/div>\n\t\t\t<div class=\"elementor-tabs-content-wrapper\" role=\"tablist\" aria-orientation=\"vertical\">\n\t\t\t\t\t\t\t\t\t<div class=\"elementor-tab-title elementor-tab-mobile-title\" aria-selected=\"true\" data-tab=\"1\" role=\"tab\" tabindex=\"0\" aria-controls=\"elementor-tab-content-1061\" aria-expanded=\"false\">Sesi\u00f3n 1<\/div>\n\t\t\t\t\t<div id=\"elementor-tab-content-1061\" class=\"elementor-tab-content elementor-clearfix\" data-tab=\"1\" role=\"tabpanel\" aria-labelledby=\"elementor-tab-title-1061\" tabindex=\"0\" hidden=\"false\"><p>Contenido:<\/p><ul><li>Sistema complejo<\/li><li>Modelo multiagente<\/li><\/ul><p><a href=\"https:\/\/docs.google.com\/presentation\/d\/17BYId0xFj2Mbrkg6QpgUCDDcN_LmZeBk9PRYOtX6EEs\/edit?usp=sharing\" target=\"_blank\" rel=\"noopener\">Enlace del curso<\/a><\/p><\/div>\n\t\t\t\t\t\t\t\t\t<div class=\"elementor-tab-title elementor-tab-mobile-title\" aria-selected=\"false\" data-tab=\"2\" role=\"tab\" tabindex=\"-1\" aria-controls=\"elementor-tab-content-1062\" aria-expanded=\"false\">Sesi\u00f3n 2<\/div>\n\t\t\t\t\t<div id=\"elementor-tab-content-1062\" class=\"elementor-tab-content elementor-clearfix\" data-tab=\"2\" role=\"tabpanel\" aria-labelledby=\"elementor-tab-title-1062\" tabindex=\"0\" hidden=\"hidden\"><p>Contenido:<\/p><ul><li>Sistemas multiagente<\/li><li>Los agentes<\/li><li>Sistemas<\/li><\/ul><p><a href=\"https:\/\/docs.google.com\/presentation\/d\/1vy2UTLJgdgkU9GWKYnJN5xeRahzwXz_u2TGsO9RK43s\/edit?usp=sharing\" target=\"_blank\" rel=\"noopener\">Enlace del curso<\/a><\/p><\/div>\n\t\t\t\t\t\t\t\t\t<div class=\"elementor-tab-title elementor-tab-mobile-title\" aria-selected=\"false\" data-tab=\"3\" role=\"tab\" tabindex=\"-1\" aria-controls=\"elementor-tab-content-1063\" aria-expanded=\"false\">Sesi\u00f3n 3<\/div>\n\t\t\t\t\t<div id=\"elementor-tab-content-1063\" class=\"elementor-tab-content elementor-clearfix\" data-tab=\"3\" role=\"tabpanel\" aria-labelledby=\"elementor-tab-title-1063\" tabindex=\"0\" hidden=\"hidden\"><p>Contenido:<\/p><ul><li>Presentamos NetLogo<\/li><li>Modelo de aut\u00f3mata celular<\/li><li>Movimiento e interacciones de agentes<\/li><\/ul><p><a href=\"https:\/\/docs.google.com\/presentation\/d\/1vEtSxCWb0PU4xJD1fVdybkXlhAaT7FEPFr6MeE0WWu4\/edit?usp=sharing\" target=\"_blank\" rel=\"noopener\">Enlace del curso<\/a><\/p><\/div>\n\t\t\t\t\t\t\t\t\t<div class=\"elementor-tab-title elementor-tab-mobile-title\" aria-selected=\"false\" data-tab=\"4\" role=\"tab\" tabindex=\"-1\" aria-controls=\"elementor-tab-content-1064\" aria-expanded=\"false\">Sesi\u00f3n 4<\/div>\n\t\t\t\t\t<div id=\"elementor-tab-content-1064\" class=\"elementor-tab-content elementor-clearfix\" data-tab=\"4\" role=\"tabpanel\" aria-labelledby=\"elementor-tab-title-1064\" tabindex=\"0\" hidden=\"hidden\"><p>Contenido:<\/p><ul><li>Software Netlogo<\/li><li>Agentes reactivos<\/li><li>Aparici\u00f3n<\/li><li>Autoorganizaci\u00f3n<\/li><\/ul><p><a href=\"https:\/\/docs.google.com\/presentation\/d\/1s8oklV1kATNDgfYFlx3N1Voqhwde2t-FPjEgM_7knUo\/edit?usp=sharing\" target=\"_blank\" rel=\"noopener\">Enlace del curso<\/a><\/p><\/div>\n\t\t\t\t\t\t\t\t\t<div class=\"elementor-tab-title elementor-tab-mobile-title\" aria-selected=\"false\" data-tab=\"5\" role=\"tab\" tabindex=\"-1\" aria-controls=\"elementor-tab-content-1065\" aria-expanded=\"false\">Sesi\u00f3n 5<\/div>\n\t\t\t\t\t<div id=\"elementor-tab-content-1065\" class=\"elementor-tab-content elementor-clearfix\" data-tab=\"5\" role=\"tabpanel\" aria-labelledby=\"elementor-tab-title-1065\" tabindex=\"0\" hidden=\"hidden\"><p>Contenido:<\/p><ul><li>La red inteligente<\/li><li>Desaf\u00edos<\/li><li>El Cambio de Paradigma<\/li><\/ul><p><a href=\"https:\/\/docs.google.com\/presentation\/d\/1wCAbGgm_PHSeUP7Om8jJNybjefAVhU5QzOxOOqtWdB0\/edit?usp=sharing\" target=\"_blank\" rel=\"noopener\">Enlace del curso<\/a><\/p><\/div>\n\t\t\t\t\t\t\t\t\t<div class=\"elementor-tab-title elementor-tab-mobile-title\" aria-selected=\"false\" data-tab=\"6\" role=\"tab\" tabindex=\"-1\" aria-controls=\"elementor-tab-content-1066\" aria-expanded=\"false\">Sesi\u00f3n 6<\/div>\n\t\t\t\t\t<div id=\"elementor-tab-content-1066\" class=\"elementor-tab-content elementor-clearfix\" data-tab=\"6\" role=\"tabpanel\" aria-labelledby=\"elementor-tab-title-1066\" tabindex=\"0\" hidden=\"hidden\"><p>Contenido:<\/p><ul><li>Redes inteligentes<\/li><\/ul><p>Mini proyecto :<\/p><ul><li>VPP<\/li><\/ul><p><a href=\"https:\/\/docs.google.com\/presentation\/d\/1fp5i_ndhS3OrWapRrULDAbaEaNZOYRPeN4vPnAzJL2w\/edit?usp=sharing\" target=\"_blank\" rel=\"noopener\">Enlace del curso<\/a><\/p><p><a href=\"https:\/\/complex-systems-ai.com\/es\/projet-netlogo-vpp-2021\/\">Enlace del proyecto<\/a><\/p><\/div>\n\t\t\t\t\t\t\t\t\t<div class=\"elementor-tab-title elementor-tab-mobile-title\" aria-selected=\"false\" data-tab=\"7\" role=\"tab\" tabindex=\"-1\" aria-controls=\"elementor-tab-content-1067\" aria-expanded=\"false\">Sesi\u00f3n 7<\/div>\n\t\t\t\t\t<div id=\"elementor-tab-content-1067\" class=\"elementor-tab-content elementor-clearfix\" data-tab=\"7\" role=\"tabpanel\" aria-labelledby=\"elementor-tab-title-1067\" tabindex=\"0\" hidden=\"hidden\"><p>Proyecto :<\/p><ul><li>Netlogo y veh\u00edculos el\u00e9ctricos<\/li><\/ul><p><a href=\"https:\/\/complex-systems-ai.com\/es\/netlogo-vehicules-electriques-projet-2021\/\">Enlace del proyecto<\/a><\/p><\/div>\n\t\t\t\t\t\t\t\t\t<div class=\"elementor-tab-title elementor-tab-mobile-title\" aria-selected=\"false\" data-tab=\"8\" role=\"tab\" tabindex=\"-1\" aria-controls=\"elementor-tab-content-1068\" aria-expanded=\"false\">Sesi\u00f3n 8<\/div>\n\t\t\t\t\t<div id=\"elementor-tab-content-1068\" class=\"elementor-tab-content elementor-clearfix\" data-tab=\"8\" role=\"tabpanel\" aria-labelledby=\"elementor-tab-title-1068\" tabindex=\"0\" hidden=\"hidden\"><p>Proyecto :<\/p><ul><li>Netlogo y Smart City<\/li><\/ul><p><a href=\"https:\/\/complex-systems-ai.com\/es\/netlogo-smart-city-2021\/\">Enlace del proyecto<\/a><\/p><\/div>\n\t\t\t\t\t\t\t<\/div>\n\t\t<\/div>\n\t\t\t\t\t\t<\/div>\n\t\t\t\t<\/div>\n\t\t\t\t\t<\/div>\n\t\t<\/div>\n\t\t\t\t\t<\/div>\n\t\t<\/section>\n\t\t\t\t<\/div>","protected":false},"excerpt":{"rendered":"<p>El curso de modelado de Smart Grids tiene como objetivo abordar los siguientes temas: Sistemas adaptativos complejos Modelado y simulaci\u00f3n Los \u2026 <\/p>","protected":false},"author":1,"featured_media":0,"parent":1062,"menu_order":0,"comment_status":"closed","ping_status":"closed","template":"","meta":{"footnotes":""},"class_list":["post-11748","page","type-page","status-publish","hentry"],"amp_enabled":true,"_links":{"self":[{"href":"https:\/\/complex-systems-ai.com\/es\/wp-json\/wp\/v2\/pages\/11748","targetHints":{"allow":["GET"]}}],"collection":[{"href":"https:\/\/complex-systems-ai.com\/es\/wp-json\/wp\/v2\/pages"}],"about":[{"href":"https:\/\/complex-systems-ai.com\/es\/wp-json\/wp\/v2\/types\/page"}],"author":[{"embeddable":true,"href":"https:\/\/complex-systems-ai.com\/es\/wp-json\/wp\/v2\/users\/1"}],"replies":[{"embeddable":true,"href":"https:\/\/complex-systems-ai.com\/es\/wp-json\/wp\/v2\/comments?post=11748"}],"version-history":[{"count":2,"href":"https:\/\/complex-systems-ai.com\/es\/wp-json\/wp\/v2\/pages\/11748\/revisions"}],"predecessor-version":[{"id":19090,"href":"https:\/\/complex-systems-ai.com\/es\/wp-json\/wp\/v2\/pages\/11748\/revisions\/19090"}],"up":[{"embeddable":true,"href":"https:\/\/complex-systems-ai.com\/es\/wp-json\/wp\/v2\/pages\/1062"}],"wp:attachment":[{"href":"https:\/\/complex-systems-ai.com\/es\/wp-json\/wp\/v2\/media?parent=11748"}],"curies":[{"name":"gracias","href":"https:\/\/api.w.org\/{rel}","templated":true}]}}