{"id":15503,"date":"2022-04-17T17:58:34","date_gmt":"2022-04-17T16:58:34","guid":{"rendered":"https:\/\/complex-systems-ai.com\/?page_id=15503"},"modified":"2024-02-16T06:15:50","modified_gmt":"2024-02-16T05:15:50","slug":"analyse-des-donnees","status":"publish","type":"page","link":"https:\/\/complex-systems-ai.com\/es\/analisis-de-datos\/","title":{"rendered":"An\u00e1lisis de datos 101"},"content":{"rendered":"<div data-elementor-type=\"wp-page\" data-elementor-id=\"15503\" class=\"elementor elementor-15503\">\n\t\t\t\t\t\t<section class=\"elementor-section elementor-top-section elementor-element elementor-element-02aaba1 elementor-section-boxed elementor-section-height-default elementor-section-height-default\" data-id=\"02aaba1\" data-element_type=\"section\" data-e-type=\"section\">\n\t\t\t\t\t\t<div class=\"elementor-container elementor-column-gap-default\">\n\t\t\t\t\t<div class=\"elementor-column elementor-col-33 elementor-top-column elementor-element elementor-element-4d77c9e\" data-id=\"4d77c9e\" data-element_type=\"column\" data-e-type=\"column\">\n\t\t\t<div class=\"elementor-widget-wrap elementor-element-populated\">\n\t\t\t\t\t\t<div class=\"elementor-element elementor-element-ac3e89f elementor-align-justify elementor-widget elementor-widget-button\" data-id=\"ac3e89f\" data-element_type=\"widget\" data-e-type=\"widget\" data-widget_type=\"button.default\">\n\t\t\t\t<div class=\"elementor-widget-container\">\n\t\t\t\t\t\t\t\t\t<div class=\"elementor-button-wrapper\">\n\t\t\t\t\t<a class=\"elementor-button elementor-button-link elementor-size-sm\" href=\"https:\/\/complex-systems-ai.com\/es\/2020\/04\/03\/teorias-y-algoritmos-2\/\">\n\t\t\t\t\t\t<span class=\"elementor-button-content-wrapper\">\n\t\t\t\t\t\t\t\t\t<span class=\"elementor-button-text\">Teor\u00edas<\/span>\n\t\t\t\t\t<\/span>\n\t\t\t\t\t<\/a>\n\t\t\t\t<\/div>\n\t\t\t\t\t\t\t\t<\/div>\n\t\t\t\t<\/div>\n\t\t\t\t\t<\/div>\n\t\t<\/div>\n\t\t\t\t<div class=\"elementor-column elementor-col-33 elementor-top-column elementor-element elementor-element-97275fb\" data-id=\"97275fb\" data-element_type=\"column\" data-e-type=\"column\">\n\t\t\t<div class=\"elementor-widget-wrap elementor-element-populated\">\n\t\t\t\t\t\t<div class=\"elementor-element elementor-element-4817d76 elementor-align-justify elementor-widget elementor-widget-button\" data-id=\"4817d76\" data-element_type=\"widget\" data-e-type=\"widget\" data-widget_type=\"button.default\">\n\t\t\t\t<div class=\"elementor-widget-container\">\n\t\t\t\t\t\t\t\t\t<div class=\"elementor-button-wrapper\">\n\t\t\t\t\t<a class=\"elementor-button elementor-button-link elementor-size-sm\" href=\"https:\/\/complex-systems-ai.com\/es\/\">\n\t\t\t\t\t\t<span class=\"elementor-button-content-wrapper\">\n\t\t\t\t\t\t\t\t\t<span class=\"elementor-button-text\">Pagina de inicio<\/span>\n\t\t\t\t\t<\/span>\n\t\t\t\t\t<\/a>\n\t\t\t\t<\/div>\n\t\t\t\t\t\t\t\t<\/div>\n\t\t\t\t<\/div>\n\t\t\t\t\t<\/div>\n\t\t<\/div>\n\t\t\t\t<div class=\"elementor-column elementor-col-33 elementor-top-column elementor-element elementor-element-6bf1836\" data-id=\"6bf1836\" data-element_type=\"column\" data-e-type=\"column\">\n\t\t\t<div class=\"elementor-widget-wrap elementor-element-populated\">\n\t\t\t\t\t\t<div class=\"elementor-element elementor-element-a2a011e elementor-align-justify elementor-widget elementor-widget-button\" data-id=\"a2a011e\" data-element_type=\"widget\" data-e-type=\"widget\" data-widget_type=\"button.default\">\n\t\t\t\t<div class=\"elementor-widget-container\">\n\t\t\t\t\t\t\t\t\t<div class=\"elementor-button-wrapper\">\n\t\t\t\t\t<a class=\"elementor-button elementor-button-link elementor-size-sm\" href=\"https:\/\/en.wikipedia.org\/wiki\/Data_analysis\" target=\"_blank\" rel=\"noopener\">\n\t\t\t\t\t\t<span class=\"elementor-button-content-wrapper\">\n\t\t\t\t\t\t\t\t\t<span class=\"elementor-button-text\">Wiki<\/span>\n\t\t\t\t\t<\/span>\n\t\t\t\t\t<\/a>\n\t\t\t\t<\/div>\n\t\t\t\t\t\t\t\t<\/div>\n\t\t\t\t<\/div>\n\t\t\t\t\t<\/div>\n\t\t<\/div>\n\t\t\t\t\t<\/div>\n\t\t<\/section>\n\t\t\t\t<section class=\"elementor-section elementor-top-section elementor-element elementor-element-3cced32 elementor-section-boxed elementor-section-height-default elementor-section-height-default\" data-id=\"3cced32\" data-element_type=\"section\" data-e-type=\"section\">\n\t\t\t\t\t\t<div class=\"elementor-container elementor-column-gap-default\">\n\t\t\t\t\t<div class=\"elementor-column elementor-col-100 elementor-top-column elementor-element elementor-element-15c2b44\" data-id=\"15c2b44\" data-element_type=\"column\" data-e-type=\"column\">\n\t\t\t<div class=\"elementor-widget-wrap elementor-element-populated\">\n\t\t\t\t\t\t<div class=\"elementor-element elementor-element-6556b49 elementor-widget elementor-widget-toggle\" data-id=\"6556b49\" data-element_type=\"widget\" data-e-type=\"widget\" data-widget_type=\"toggle.default\">\n\t\t\t\t<div class=\"elementor-widget-container\">\n\t\t\t\t\t\t\t<div class=\"elementor-toggle\">\n\t\t\t\t\t\t\t<div class=\"elementor-toggle-item\">\n\t\t\t\t\t<div id=\"elementor-tab-title-1061\" class=\"elementor-tab-title\" data-tab=\"1\" role=\"button\" aria-controls=\"elementor-tab-content-1061\" aria-expanded=\"false\">\n\t\t\t\t\t\t\t\t\t\t\t\t<span class=\"elementor-toggle-icon elementor-toggle-icon-left\" aria-hidden=\"true\">\n\t\t\t\t\t\t\t\t\t\t\t\t\t\t\t<span class=\"elementor-toggle-icon-closed\"><i class=\"fas fa-caret-right\"><\/i><\/span>\n\t\t\t\t\t\t\t\t<span class=\"elementor-toggle-icon-opened\"><i class=\"elementor-toggle-icon-opened fas fa-caret-up\"><\/i><\/span>\n\t\t\t\t\t\t\t\t\t\t\t\t\t<\/span>\n\t\t\t\t\t\t\t\t\t\t\t\t<a class=\"elementor-toggle-title\" tabindex=\"0\">I. Proceso de an\u00e1lisis de datos<\/a>\n\t\t\t\t\t<\/div>\n\n\t\t\t\t\t<div id=\"elementor-tab-content-1061\" class=\"elementor-tab-content elementor-clearfix\" data-tab=\"1\" role=\"region\" aria-labelledby=\"elementor-tab-title-1061\"><ul><li><a href=\"https:\/\/en.wikipedia.org\/wiki\/Data_analysis#The_process_of_data_analysis\" target=\"_blank\" rel=\"noopener\"><span class=\"toctext\">El proceso de an\u00e1lisis de datos.<\/span><\/a><\/li><li class=\"toclevel-1 tocsection-12\"><a href=\"https:\/\/en.wikipedia.org\/wiki\/Data_analysis#Analytical_activities_of_data_users\" target=\"_blank\" rel=\"noopener\"><span class=\"toctext\">Actividades anal\u00edticas de los usuarios de datos<\/span><\/a><\/li><li class=\"toclevel-1 tocsection-13\"><a href=\"https:\/\/en.wikipedia.org\/wiki\/Data_analysis#Barriers_to_effective_analysis\" target=\"_blank\" rel=\"noopener\"><span class=\"toctext\">Obst\u00e1culos para un an\u00e1lisis efectivo<\/span><\/a><\/li><li><a href=\"https:\/\/en.wikipedia.org\/wiki\/Data_analysis#Initial_data_analysis\" target=\"_blank\" rel=\"noopener\"><span class=\"toctext\">An\u00e1lisis inicial de datos<\/span><\/a><\/li><li><a href=\"https:\/\/en.wikipedia.org\/wiki\/Data_cleansing\" target=\"_blank\" rel=\"noopener\">Limpieza de datos<\/a><\/li><li><a href=\"https:\/\/en.wikipedia.org\/wiki\/Data_transformation\" target=\"_blank\" rel=\"noopener\">transformaci\u00f3n de datos<\/a><\/li><li><a href=\"https:\/\/en.wikipedia.org\/wiki\/Data_modeling\" target=\"_blank\" rel=\"noopener\">Modelado de datos<\/a><\/li><\/ul><\/div>\n\t\t\t\t<\/div>\n\t\t\t\t\t\t\t<div class=\"elementor-toggle-item\">\n\t\t\t\t\t<div id=\"elementor-tab-title-1062\" class=\"elementor-tab-title\" data-tab=\"2\" role=\"button\" aria-controls=\"elementor-tab-content-1062\" aria-expanded=\"false\">\n\t\t\t\t\t\t\t\t\t\t\t\t<span class=\"elementor-toggle-icon elementor-toggle-icon-left\" aria-hidden=\"true\">\n\t\t\t\t\t\t\t\t\t\t\t\t\t\t\t<span class=\"elementor-toggle-icon-closed\"><i class=\"fas fa-caret-right\"><\/i><\/span>\n\t\t\t\t\t\t\t\t<span class=\"elementor-toggle-icon-opened\"><i class=\"elementor-toggle-icon-opened fas fa-caret-up\"><\/i><\/span>\n\t\t\t\t\t\t\t\t\t\t\t\t\t<\/span>\n\t\t\t\t\t\t\t\t\t\t\t\t<a class=\"elementor-toggle-title\" tabindex=\"0\">II. Reducci\u00f3n de talla<\/a>\n\t\t\t\t\t<\/div>\n\n\t\t\t\t\t<div id=\"elementor-tab-content-1062\" class=\"elementor-tab-content elementor-clearfix\" data-tab=\"2\" role=\"region\" aria-labelledby=\"elementor-tab-title-1062\"><ul><li class=\"toclevel-2 tocsection-5\"><a href=\"https:\/\/fr.wikipedia.org\/wiki\/Analyse_des_donn%C3%A9es#Analyse_en_composantes_principales\" target=\"_blank\" rel=\"noopener\"><span class=\"toctext\">An\u00e1lisis de componentes principales<\/span><\/a><\/li><li class=\"toclevel-2 tocsection-6\"><a href=\"https:\/\/fr.wikipedia.org\/wiki\/Analyse_des_donn%C3%A9es#Analyse_factorielle_des_correspondances\" target=\"_blank\" rel=\"noopener\"><span class=\"toctext\">An\u00e1lisis de correspondencia factorial<\/span><\/a><\/li><li class=\"toclevel-2 tocsection-7\"><a href=\"https:\/\/fr.wikipedia.org\/wiki\/Analyse_des_donn%C3%A9es#Analyse_des_correspondances_multiples\" target=\"_blank\" rel=\"noopener\"><span class=\"toctext\">An\u00e1lisis de correspondencias m\u00faltiples<\/span><\/a><\/li><li class=\"toclevel-2 tocsection-8\"><a href=\"https:\/\/fr.wikipedia.org\/wiki\/Analyse_des_donn%C3%A9es#Analyse_canonique\" target=\"_blank\" rel=\"noopener\"><span class=\"toctext\">An\u00e1lisis can\u00f3nico<\/span><\/a><\/li><li class=\"toclevel-2 tocsection-9\"><a href=\"https:\/\/fr.wikipedia.org\/wiki\/Analyse_des_donn%C3%A9es#Positionnement_multidimensionnel\" target=\"_blank\" rel=\"noopener\"><span class=\"toctext\">Posicionamiento multidimensional<\/span><\/a><\/li><li>An\u00e1lisis jer\u00e1rquico de factores m\u00faltiples<\/li><li><a title=\"an\u00e1lisis de procusto\" href=\"https:\/\/fr.wikipedia.org\/wiki\/Analyse_procust%C3%A9enne\" target=\"_blank\" rel=\"noopener\">An\u00e1lisis generalizado de Procusto<\/a>\u00a0<\/li><li>An\u00e1lisis multifactorial dual<\/li><li><a class=\"mw-redirect\" title=\"An\u00e1lisis factorial de datos mixtos\" href=\"https:\/\/fr.wikipedia.org\/wiki\/Analyse_Factorielle_de_Donn%C3%A9es_Mixtes\" target=\"_blank\" rel=\"noopener\">An\u00e1lisis factorial de datos mixtos<\/a><\/li><li><a title=\"Iconograf\u00eda de correlaciones\" href=\"https:\/\/fr.wikipedia.org\/wiki\/Iconographie_des_corr%C3%A9lations\" target=\"_blank\" rel=\"noopener\">Iconograf\u00eda de correlaciones<\/a><\/li><li><a title=\"An\u00e1lisis de componentes independientes\" href=\"https:\/\/fr.wikipedia.org\/wiki\/Analyse_en_composantes_ind%C3%A9pendantes\" target=\"_blank\" rel=\"noopener\">AIT<\/a>\u00a0<\/li><li><a title=\"algoritmo t-SNE\" href=\"https:\/\/fr.wikipedia.org\/wiki\/Algorithme_t-SNE\" target=\"_blank\" rel=\"noopener\">t-SNE<\/a>\u00a0<\/li><\/ul><\/div>\n\t\t\t\t<\/div>\n\t\t\t\t\t\t\t<div class=\"elementor-toggle-item\">\n\t\t\t\t\t<div id=\"elementor-tab-title-1063\" class=\"elementor-tab-title\" data-tab=\"3\" role=\"button\" aria-controls=\"elementor-tab-content-1063\" aria-expanded=\"false\">\n\t\t\t\t\t\t\t\t\t\t\t\t<span class=\"elementor-toggle-icon elementor-toggle-icon-left\" aria-hidden=\"true\">\n\t\t\t\t\t\t\t\t\t\t\t\t\t\t\t<span class=\"elementor-toggle-icon-closed\"><i class=\"fas fa-caret-right\"><\/i><\/span>\n\t\t\t\t\t\t\t\t<span class=\"elementor-toggle-icon-opened\"><i class=\"elementor-toggle-icon-opened fas fa-caret-up\"><\/i><\/span>\n\t\t\t\t\t\t\t\t\t\t\t\t\t<\/span>\n\t\t\t\t\t\t\t\t\t\t\t\t<a class=\"elementor-toggle-title\" tabindex=\"0\">tercero Clasificaci\u00f3n<\/a>\n\t\t\t\t\t<\/div>\n\n\t\t\t\t\t<div id=\"elementor-tab-content-1063\" class=\"elementor-tab-content elementor-clearfix\" data-tab=\"3\" role=\"region\" aria-labelledby=\"elementor-tab-title-1063\"><p>\u00cdndice de similitud:<\/p><ul><li>\u00cdndice de <a href=\"https:\/\/complex-systems-ai.com\/es\/particionamiento-de-datos\/funcion-de-similitud\/\">jaccard<\/a><\/li><li>\u00cdndice de dados<\/li><li>\u00edndice de concordancia<\/li><li>\u00cdndice de Tanimoto<\/li><\/ul><p>Algoritmos:<\/p><ul><li><a title=\"\u00c1rbol de decisi\u00f3n (aprendizaje)\" href=\"https:\/\/fr.wikipedia.org\/wiki\/Arbre_de_d%C3%A9cision_(apprentissage)\" target=\"_blank\" rel=\"noopener\">\u00c1rbol de decisi\u00f3n<\/a><\/li><li><a title=\"impulsar\" href=\"https:\/\/fr.wikipedia.org\/wiki\/Boosting\" target=\"_blank\" rel=\"noopener\">impulsar<\/a><\/li><li><a title=\"Bosque de \u00e1rboles de decisi\u00f3n\" href=\"https:\/\/fr.wikipedia.org\/wiki\/For%C3%AAt_d%27arbres_d%C3%A9cisionnels\" target=\"_blank\" rel=\"noopener\">Bosques aleatorios<\/a><\/li><li><a title=\"M\u00e9todo de K-vecinos m\u00e1s cercanos\" href=\"https:\/\/fr.wikipedia.org\/wiki\/M%C3%A9thode_des_k_plus_proches_voisins\" target=\"_blank\" rel=\"noopener\"><i>k<\/i>-NN<\/a><\/li><li><a title=\"Red neuronal artificial\" href=\"https:\/\/fr.wikipedia.org\/wiki\/R%C3%A9seau_de_neurones_artificiels\" target=\"_blank\" rel=\"noopener\">Red neuronal artificial<\/a><\/li><li><a title=\"Perceptr\u00f3n\" href=\"https:\/\/fr.wikipedia.org\/wiki\/Perceptron\" target=\"_blank\" rel=\"noopener\">Perceptr\u00f3n<\/a><\/li><li><a title=\"matriz U\" href=\"https:\/\/fr.wikipedia.org\/wiki\/U-matrix\" target=\"_blank\" rel=\"noopener\">matriz U<\/a><\/li><li><a title=\"campo aleatorio condicional\" href=\"https:\/\/fr.wikipedia.org\/wiki\/Champ_al%C3%A9atoire_conditionnel\" target=\"_blank\" rel=\"noopener\">FRC<\/a><\/li><li><a title=\"Modelo oculto de Markov\" href=\"https:\/\/fr.wikipedia.org\/wiki\/Mod%C3%A8le_de_Markov_cach%C3%A9\" target=\"_blank\" rel=\"noopener\">MMM<\/a><\/li><li><a title=\"modelo gr\u00e1fico\" href=\"https:\/\/fr.wikipedia.org\/wiki\/Mod%C3%A8le_graphique\" target=\"_blank\" rel=\"noopener\">modelo gr\u00e1fico<\/a><\/li><\/ul><\/div>\n\t\t\t\t<\/div>\n\t\t\t\t\t\t\t<div class=\"elementor-toggle-item\">\n\t\t\t\t\t<div id=\"elementor-tab-title-1064\" class=\"elementor-tab-title\" data-tab=\"4\" role=\"button\" aria-controls=\"elementor-tab-content-1064\" aria-expanded=\"false\">\n\t\t\t\t\t\t\t\t\t\t\t\t<span class=\"elementor-toggle-icon elementor-toggle-icon-left\" aria-hidden=\"true\">\n\t\t\t\t\t\t\t\t\t\t\t\t\t\t\t<span class=\"elementor-toggle-icon-closed\"><i class=\"fas fa-caret-right\"><\/i><\/span>\n\t\t\t\t\t\t\t\t<span class=\"elementor-toggle-icon-opened\"><i class=\"elementor-toggle-icon-opened fas fa-caret-up\"><\/i><\/span>\n\t\t\t\t\t\t\t\t\t\t\t\t\t<\/span>\n\t\t\t\t\t\t\t\t\t\t\t\t<a class=\"elementor-toggle-title\" tabindex=\"0\">IV. Tutoriales<\/a>\n\t\t\t\t\t<\/div>\n\n\t\t\t\t\t<div id=\"elementor-tab-content-1064\" class=\"elementor-tab-content elementor-clearfix\" data-tab=\"4\" role=\"region\" aria-labelledby=\"elementor-tab-title-1064\"><p>Gesti\u00f3n\/preprocesamiento de datos:<\/p><ul><li><a href=\"https:\/\/complex-systems-ai.com\/es\/analisis-de-datos\/como-manejar-los-datos-faltantes\/\">C\u00f3mo manejar los datos faltantes<\/a><\/li><li><a href=\"https:\/\/complex-systems-ai.com\/es\/analisis-de-datos\/normalizar-estandarizar-redimensionar-tus-datos\/\">Normalice \/ Estandarice \/ Redimensione sus datos<\/a><\/li><li><a href=\"https:\/\/complex-systems-ai.com\/es\/correlacion-y-regresiones\/transformacion-de-datos-y-regresion\/\">De la normalizaci\u00f3n de datos a la regresi\u00f3n<\/a><\/li><\/ul><p>EDA:<\/p><ul><li><a href=\"https:\/\/complex-systems-ai.com\/es\/analisis-de-datos\/limpieza-de-datos\/\">Limpieza y comprensi\u00f3n de datos<\/a><\/li><li><a href=\"https:\/\/complex-systems-ai.com\/es\/analisis-de-datos\/seleccion-de-columnas\/\">Selecci\u00f3n de columnas<\/a><\/li><li><a href=\"https:\/\/complex-systems-ai.com\/es\/analisis-de-datos\/tecnicas-de-reduccion-dimensional\/\">Tutorial de reducci\u00f3n de dimensiones<\/a><\/li><li><a href=\"https:\/\/complex-systems-ai.com\/es\/analisis-de-datos\/tutorial-sobre-la-t-sne\/\">Tutorial de t-SNE<\/a><\/li><\/ul><p><a href=\"https:\/\/complex-systems-ai.com\/es\/teoria-de-grafos\/arboles-y-arboles\/\">\u00c1rbol<\/a> decisi\u00f3n:<\/p><ul><li><a href=\"https:\/\/complex-systems-ai.com\/es\/analisis-de-datos\/arbol-de-decision\/\">\u00c1rbol de decisi\u00f3n<\/a><\/li><li><a href=\"https:\/\/complex-systems-ai.com\/es\/analisis-de-datos\/entropia-y-error-de-gini\/\">Impureza de Gini (GI), entrop\u00eda (IH) y error de clasificaci\u00f3n (IE)<\/a><\/li><\/ul><p>Tuber\u00eda:<\/p><ul><li><a href=\"https:\/\/complex-systems-ai.com\/es\/analisis-de-datos\/canalizacion-para-clasificacion\/\">Tuber\u00eda para el problema de clasificaci\u00f3n<\/a><\/li><li><a href=\"https:\/\/complex-systems-ai.com\/es\/analisis-de-datos\/conjuntos-de-aprendizaje\/\">Clasificaci\u00f3n y aprendizaje de conjuntos<\/a><\/li><li><a href=\"https:\/\/complex-systems-ai.com\/es\/analisis-de-datos\/metricas-para-clasificacion\/\">Tutorial de \u00edndices de rendimiento de clasificaci\u00f3n (matriz de confusi\u00f3n)<\/a><\/li><li><a href=\"https:\/\/neptune.ai\/blog\/ml-model-debugging-and-tools\" target=\"_blank\" rel=\"noopener\">Las herramientas adecuadas para la depuraci\u00f3n de aprendizaje autom\u00e1tico<\/a><\/li><\/ul><\/div>\n\t\t\t\t<\/div>\n\t\t\t\t\t\t\t\t<\/div>\n\t\t\t\t\t\t<\/div>\n\t\t\t\t<\/div>\n\t\t\t\t\t<\/div>\n\t\t<\/div>\n\t\t\t\t\t<\/div>\n\t\t<\/section>\n\t\t\t\t<section class=\"elementor-section elementor-top-section elementor-element elementor-element-34d9aa8 elementor-section-boxed elementor-section-height-default elementor-section-height-default\" data-id=\"34d9aa8\" data-element_type=\"section\" data-e-type=\"section\">\n\t\t\t\t\t\t<div class=\"elementor-container elementor-column-gap-default\">\n\t\t\t\t\t<div class=\"elementor-column elementor-col-100 elementor-top-column elementor-element elementor-element-6069c2f\" data-id=\"6069c2f\" data-element_type=\"column\" data-e-type=\"column\">\n\t\t\t<div class=\"elementor-widget-wrap elementor-element-populated\">\n\t\t\t\t\t\t<div class=\"elementor-element elementor-element-6e8ffa7 elementor-widget elementor-widget-heading\" data-id=\"6e8ffa7\" data-element_type=\"widget\" data-e-type=\"widget\" data-widget_type=\"heading.default\">\n\t\t\t\t<div class=\"elementor-widget-container\">\n\t\t\t\t\t<div id=\"ez-toc-container\" class=\"ez-toc-v2_0_82_2 counter-hierarchy ez-toc-counter ez-toc-grey ez-toc-container-direction\">\n<div class=\"ez-toc-title-container\">\n<p class=\"ez-toc-title\" style=\"cursor:inherit\">Contenido<\/p>\n<span class=\"ez-toc-title-toggle\"><a href=\"#\" class=\"ez-toc-pull-right ez-toc-btn ez-toc-btn-xs ez-toc-btn-default ez-toc-toggle\" aria-label=\"Tabla de contenido alternativo\"><span class=\"ez-toc-js-icon-con\"><span class=\"\"><span class=\"eztoc-hide\" style=\"display:none;\">Palanca<\/span><span class=\"ez-toc-icon-toggle-span\"><svg style=\"fill: #999;color:#999\" xmlns=\"http:\/\/www.w3.org\/2000\/svg\" class=\"list-377408\" width=\"20px\" height=\"20px\" viewbox=\"0 0 24 24\" fill=\"none\"><path d=\"M6 6H4v2h2V6zm14 0H8v2h12V6zM4 11h2v2H4v-2zm16 0H8v2h12v-2zM4 16h2v2H4v-2zm16 0H8v2h12v-2z\" fill=\"currentColor\"><\/path><\/svg><svg style=\"fill: #999;color:#999\" class=\"arrow-unsorted-368013\" xmlns=\"http:\/\/www.w3.org\/2000\/svg\" width=\"10px\" height=\"10px\" viewbox=\"0 0 24 24\" version=\"1.2\" baseprofile=\"tiny\"><path d=\"M18.2 9.3l-6.2-6.3-6.2 6.3c-.2.2-.3.4-.3.7s.1.5.3.7c.2.2.4.3.7.3h11c.3 0 .5-.1.7-.3.2-.2.3-.5.3-.7s-.1-.5-.3-.7zM5.8 14.7l6.2 6.3 6.2-6.3c.2-.2.3-.5.3-.7s-.1-.5-.3-.7c-.2-.2-.4-.3-.7-.3h-11c-.3 0-.5.1-.7.3-.2.2-.3.5-.3.7s.1.5.3.7z\"\/><\/svg><\/span><\/span><\/span><\/a><\/span><\/div>\n<nav><ul class='ez-toc-list ez-toc-list-level-1' ><li class='ez-toc-page-1 ez-toc-heading-level-2'><a class=\"ez-toc-link ez-toc-heading-1\" href=\"https:\/\/complex-systems-ai.com\/es\/analisis-de-datos\/#Analyse-des-donnees\" >An\u00e1lisis de datos<\/a><\/li><\/ul><\/nav><\/div>\n<h2 class=\"elementor-heading-title elementor-size-default\"><span class=\"ez-toc-section\" id=\"Analyse-des-donnees\"><\/span>An\u00e1lisis de datos<span class=\"ez-toc-section-end\"><\/span><\/h2>\t\t\t\t<\/div>\n\t\t\t\t<\/div>\n\t\t\t\t\t<\/div>\n\t\t<\/div>\n\t\t\t\t\t<\/div>\n\t\t<\/section>\n\t\t\t\t<section class=\"elementor-section elementor-top-section elementor-element elementor-element-b864bff elementor-section-boxed elementor-section-height-default elementor-section-height-default\" data-id=\"b864bff\" data-element_type=\"section\" data-e-type=\"section\">\n\t\t\t\t\t\t<div class=\"elementor-container elementor-column-gap-default\">\n\t\t\t\t\t<div class=\"elementor-column elementor-col-100 elementor-top-column elementor-element elementor-element-fa7af2b\" data-id=\"fa7af2b\" data-element_type=\"column\" data-e-type=\"column\">\n\t\t\t<div class=\"elementor-widget-wrap elementor-element-populated\">\n\t\t\t\t\t\t<div class=\"elementor-element elementor-element-22d9a8c elementor-widget elementor-widget-text-editor\" data-id=\"22d9a8c\" data-element_type=\"widget\" data-e-type=\"widget\" data-widget_type=\"text-editor.default\">\n\t\t\t\t<div class=\"elementor-widget-container\">\n\t\t\t\t\t\t\t\t\t<p>El an\u00e1lisis de datos es un proceso de inspecci\u00f3n, limpieza, transformaci\u00f3n y modelado de datos con el objetivo de descubrir informaci\u00f3n \u00fatil, informar conclusiones y respaldar la toma de decisiones. El an\u00e1lisis de datos tiene muchas facetas y enfoques, abarca varias t\u00e9cnicas bajo una variedad de nombres y se utiliza en diferentes campos de los negocios, la ciencia y las ciencias sociales. En el mundo de los negocios de hoy, el an\u00e1lisis de datos juega un papel en la toma de decisiones m\u00e1s cient\u00edficas y ayuda a las empresas a operar de manera m\u00e1s eficiente.<\/p><p>En las aplicaciones estad\u00edsticas, el an\u00e1lisis de datos se puede dividir en estad\u00edsticas descriptivas, an\u00e1lisis de datos exploratorios y an\u00e1lisis de datos confirmatorios. Se enfoca en descubrir nuevas caracter\u00edsticas en los datos, mientras que este \u00faltimo se enfoca en confirmar o falsear suposiciones existentes. El an\u00e1lisis predictivo se centra en la aplicaci\u00f3n de modelos estad\u00edsticos para la predicci\u00f3n o la clasificaci\u00f3n predictiva, mientras que el an\u00e1lisis de texto aplica t\u00e9cnicas estad\u00edsticas, ling\u00fc\u00edsticas y estructurales para extraer y clasificar informaci\u00f3n de fuentes textuales, una especie de datos no estructurados. Todas las anteriores son variedades de an\u00e1lisis de datos.<\/p><p>La integraci\u00f3n de datos es un precursor del an\u00e1lisis de datos, y el an\u00e1lisis de datos est\u00e1 estrechamente relacionado con la visualizaci\u00f3n y difusi\u00f3n de datos.<\/p><p>El an\u00e1lisis es la divisi\u00f3n de un todo en sus componentes separados para el examen individual. El an\u00e1lisis de datos es un proceso de obtener datos en bruto y luego convertirlos en informaci\u00f3n \u00fatil para la toma de decisiones por parte de los usuarios. Los datos se recopilan y analizan para responder preguntas, probar hip\u00f3tesis o refutar teor\u00edas.<\/p><p>El estad\u00edstico John Tukey defini\u00f3 el an\u00e1lisis de datos en 1961 como:<\/p><p>\u201cProcedimientos para analizar datos, t\u00e9cnicas para interpretar los resultados de estos procedimientos, formas de planificar la recolecci\u00f3n de datos para hacer el an\u00e1lisis m\u00e1s f\u00e1cil, m\u00e1s preciso o m\u00e1s exacto, y todos los mecanismos y resultados de las estad\u00edsticas (matem\u00e1ticas) que se aplican al an\u00e1lisis de datos. \u00bb<\/p><p>Se pueden distinguir varias fases. Las fases son iterativas, en el sentido de que la retroalimentaci\u00f3n de las fases posteriores puede conducir a un trabajo adicional en las fases anteriores.<\/p><p><img fetchpriority=\"high\" decoding=\"async\" class=\"aligncenter wp-image-15539 size-full\" src=\"https:\/\/complex-systems-ai.com\/wp-content\/uploads\/2022\/04\/types-of-data-analysis.png\" alt=\"an\u00e1lisis de datos\" width=\"640\" height=\"320\" title=\"\" srcset=\"https:\/\/complex-systems-ai.com\/wp-content\/uploads\/2022\/04\/types-of-data-analysis.png 640w, https:\/\/complex-systems-ai.com\/wp-content\/uploads\/2022\/04\/types-of-data-analysis-300x150.png 300w, https:\/\/complex-systems-ai.com\/wp-content\/uploads\/2022\/04\/types-of-data-analysis-18x9.png 18w, https:\/\/complex-systems-ai.com\/wp-content\/uploads\/2022\/04\/types-of-data-analysis-600x300.png 600w\" sizes=\"(max-width: 640px) 100vw, 640px\" \/><\/p>\t\t\t\t\t\t\t\t<\/div>\n\t\t\t\t<\/div>\n\t\t\t\t\t<\/div>\n\t\t<\/div>\n\t\t\t\t\t<\/div>\n\t\t<\/section>\n\t\t\t\t<\/div>","protected":false},"excerpt":{"rendered":"<p>Teor\u00edas P\u00e1gina principal Wiki I. Proceso de an\u00e1lisis de datos El proceso de an\u00e1lisis de datos Actividades anal\u00edticas de los usuarios de datos Barreras para un an\u00e1lisis efectivo Inicial \u2026 <\/p>","protected":false},"author":1,"featured_media":0,"parent":0,"menu_order":0,"comment_status":"closed","ping_status":"closed","template":"","meta":{"footnotes":""},"class_list":["post-15503","page","type-page","status-publish","hentry"],"amp_enabled":true,"_links":{"self":[{"href":"https:\/\/complex-systems-ai.com\/es\/wp-json\/wp\/v2\/pages\/15503","targetHints":{"allow":["GET"]}}],"collection":[{"href":"https:\/\/complex-systems-ai.com\/es\/wp-json\/wp\/v2\/pages"}],"about":[{"href":"https:\/\/complex-systems-ai.com\/es\/wp-json\/wp\/v2\/types\/page"}],"author":[{"embeddable":true,"href":"https:\/\/complex-systems-ai.com\/es\/wp-json\/wp\/v2\/users\/1"}],"replies":[{"embeddable":true,"href":"https:\/\/complex-systems-ai.com\/es\/wp-json\/wp\/v2\/comments?post=15503"}],"version-history":[{"count":25,"href":"https:\/\/complex-systems-ai.com\/es\/wp-json\/wp\/v2\/pages\/15503\/revisions"}],"predecessor-version":[{"id":20739,"href":"https:\/\/complex-systems-ai.com\/es\/wp-json\/wp\/v2\/pages\/15503\/revisions\/20739"}],"wp:attachment":[{"href":"https:\/\/complex-systems-ai.com\/es\/wp-json\/wp\/v2\/media?parent=15503"}],"curies":[{"name":"gracias","href":"https:\/\/api.w.org\/{rel}","templated":true}]}}