{"id":19581,"date":"2023-07-22T15:09:10","date_gmt":"2023-07-22T14:09:10","guid":{"rendered":"https:\/\/complex-systems-ai.com\/?page_id=19581"},"modified":"2023-07-22T15:16:54","modified_gmt":"2023-07-22T14:16:54","slug":"page-daccueil","status":"publish","type":"page","link":"https:\/\/complex-systems-ai.com\/es\/","title":{"rendered":"Pagina de inicio"},"content":{"rendered":"<div data-elementor-type=\"wp-page\" data-elementor-id=\"19581\" class=\"elementor elementor-19581\">\n\t\t\t\t\t\t<section class=\"elementor-section elementor-top-section elementor-element elementor-element-6e2d536 elementor-section-boxed elementor-section-height-default elementor-section-height-default\" data-id=\"6e2d536\" data-element_type=\"section\" data-e-type=\"section\">\n\t\t\t\t\t\t<div class=\"elementor-container elementor-column-gap-default\">\n\t\t\t\t\t<div class=\"elementor-column elementor-col-100 elementor-top-column elementor-element elementor-element-837332f\" data-id=\"837332f\" data-element_type=\"column\" data-e-type=\"column\">\n\t\t\t<div class=\"elementor-widget-wrap elementor-element-populated\">\n\t\t\t\t\t\t<div class=\"elementor-element elementor-element-062b09d elementor-widget elementor-widget-text-editor\" data-id=\"062b09d\" data-element_type=\"widget\" data-e-type=\"widget\" data-widget_type=\"text-editor.default\">\n\t\t\t\t<div class=\"elementor-widget-container\">\n\t\t\t\t\t\t\t\t\t<p>Bienvenido a la pagina principal.<\/p><p>Las teor\u00edas y algoritmos de la inteligencia artificial, el aprendizaje autom\u00e1tico y los conceptos b\u00e1sicos. <a href=\"https:\/\/complex-systems-ai.com\/es\/logica-matematica-27\/\">Matem\u00e1ticas<\/a>.<\/p><p>Haga clic en una secci\u00f3n para mostrar todas las teor\u00edas relacionadas.<\/p>\t\t\t\t\t\t\t\t<\/div>\n\t\t\t\t<\/div>\n\t\t\t\t\t<\/div>\n\t\t<\/div>\n\t\t\t\t\t<\/div>\n\t\t<\/section>\n\t\t\t\t<section class=\"elementor-section elementor-top-section elementor-element elementor-element-e5c65c4 elementor-section-boxed elementor-section-height-default elementor-section-height-default\" data-id=\"e5c65c4\" data-element_type=\"section\" data-e-type=\"section\">\n\t\t\t\t\t\t<div class=\"elementor-container elementor-column-gap-default\">\n\t\t\t\t\t<div class=\"elementor-column elementor-col-100 elementor-top-column elementor-element elementor-element-8e771d5\" data-id=\"8e771d5\" data-element_type=\"column\" data-e-type=\"column\">\n\t\t\t<div class=\"elementor-widget-wrap elementor-element-populated\">\n\t\t\t\t\t\t<div class=\"elementor-element elementor-element-34e0117 elementor-widget elementor-widget-toggle\" data-id=\"34e0117\" data-element_type=\"widget\" data-e-type=\"widget\" data-widget_type=\"toggle.default\">\n\t\t\t\t<div class=\"elementor-widget-container\">\n\t\t\t\t\t\t\t<div class=\"elementor-toggle\">\n\t\t\t\t\t\t\t<div class=\"elementor-toggle-item\">\n\t\t\t\t\t<div id=\"elementor-tab-title-5541\" class=\"elementor-tab-title\" data-tab=\"1\" role=\"button\" aria-controls=\"elementor-tab-content-5541\" aria-expanded=\"false\">\n\t\t\t\t\t\t\t\t\t\t\t\t<span class=\"elementor-toggle-icon elementor-toggle-icon-left\" aria-hidden=\"true\">\n\t\t\t\t\t\t\t\t\t\t\t\t\t\t\t<span class=\"elementor-toggle-icon-closed\"><i class=\"fas fa-caret-right\"><\/i><\/span>\n\t\t\t\t\t\t\t\t<span class=\"elementor-toggle-icon-opened\"><i class=\"elementor-toggle-icon-opened fas fa-caret-up\"><\/i><\/span>\n\t\t\t\t\t\t\t\t\t\t\t\t\t<\/span>\n\t\t\t\t\t\t\t\t\t\t\t\t<a class=\"elementor-toggle-title\" tabindex=\"0\">I.Matem\u00e1ticas<\/a>\n\t\t\t\t\t<\/div>\n\n\t\t\t\t\t<div id=\"elementor-tab-content-5541\" class=\"elementor-tab-content elementor-clearfix\" data-tab=\"1\" role=\"region\" aria-labelledby=\"elementor-tab-title-5541\"><ul><li><a href=\"https:\/\/complex-systems-ai.com\/es\/logica-matematica-27\/\">L\u00f3gica matem\u00e1tica<\/a><\/li><\/ul><p>B\u00fasqueda operacional :<\/p><ul><li><a href=\"https:\/\/complex-systems-ai.com\/es\/optimizacion-combinatoria\/\">Optimizaci\u00f3n combinatoria<\/a><\/li><li><a href=\"https:\/\/complex-systems-ai.com\/es\/programacion-lineal\/\">Optimizaci\u00f3n lineal<\/a><\/li><li><a href=\"https:\/\/complex-systems-ai.com\/es\/problema-de-planificacion\/\">Problema de planificaci\u00f3n<\/a><\/li><li><a href=\"https:\/\/complex-systems-ai.com\/es\/busqueda-de-ruta-de-teoria-de-grafos\/\">Problema de b\u00fasqueda de ruta<\/a><\/li><li><a href=\"https:\/\/complex-systems-ai.com\/es\/problema-de-flujo-maximo\/\">Problema de flujo<\/a><\/li><\/ul><\/div>\n\t\t\t\t<\/div>\n\t\t\t\t\t\t\t<div class=\"elementor-toggle-item\">\n\t\t\t\t\t<div id=\"elementor-tab-title-5542\" class=\"elementor-tab-title\" data-tab=\"2\" role=\"button\" aria-controls=\"elementor-tab-content-5542\" aria-expanded=\"false\">\n\t\t\t\t\t\t\t\t\t\t\t\t<span class=\"elementor-toggle-icon elementor-toggle-icon-left\" aria-hidden=\"true\">\n\t\t\t\t\t\t\t\t\t\t\t\t\t\t\t<span class=\"elementor-toggle-icon-closed\"><i class=\"fas fa-caret-right\"><\/i><\/span>\n\t\t\t\t\t\t\t\t<span class=\"elementor-toggle-icon-opened\"><i class=\"elementor-toggle-icon-opened fas fa-caret-up\"><\/i><\/span>\n\t\t\t\t\t\t\t\t\t\t\t\t\t<\/span>\n\t\t\t\t\t\t\t\t\t\t\t\t<a class=\"elementor-toggle-title\" tabindex=\"0\">II. An\u00e1lisis sist\u00e9mico<\/a>\n\t\t\t\t\t<\/div>\n\n\t\t\t\t\t<div id=\"elementor-tab-content-5542\" class=\"elementor-tab-content elementor-clearfix\" data-tab=\"2\" role=\"region\" aria-labelledby=\"elementor-tab-title-5542\"><ul><li><a href=\"https:\/\/complex-systems-ai.com\/es\/ayuda-con-la-decision\/\">Ayuda con la decisi\u00f3n<\/a><\/li><li><a href=\"https:\/\/complex-systems-ai.com\/es\/algoritmico\/\">Algor\u00edtmico<\/a><\/li><li><a href=\"https:\/\/complex-systems-ai.com\/es\/analisis-de-software\/\">An\u00e1lisis de software<\/a><\/li><li><a href=\"https:\/\/complex-systems-ai.com\/es\/problemas-industriales-y-reduccion-de-polinomios\/\">Problemas industriales y reducci\u00f3n de polinomios<\/a><\/li><li><a href=\"https:\/\/complex-systems-ai.com\/es\/teoria-de-grafos\/\">Teor\u00eda de grafos<\/a><\/li><li><a href=\"https:\/\/complex-systems-ai.com\/es\/teoria-de-juego-2\/\">Teor\u00eda de juego<\/a><\/li><li><a href=\"https:\/\/complex-systems-ai.com\/es\/teoria-del-lenguaje\/\">Teor\u00eda del lenguaje<\/a><\/li><li><a href=\"https:\/\/complex-systems-ai.com\/es\/proceso-de-markov\/\">Proceso estoc\u00e1stico<\/a><\/li><\/ul><\/div>\n\t\t\t\t<\/div>\n\t\t\t\t\t\t\t<div class=\"elementor-toggle-item\">\n\t\t\t\t\t<div id=\"elementor-tab-title-5543\" class=\"elementor-tab-title\" data-tab=\"3\" role=\"button\" aria-controls=\"elementor-tab-content-5543\" aria-expanded=\"false\">\n\t\t\t\t\t\t\t\t\t\t\t\t<span class=\"elementor-toggle-icon elementor-toggle-icon-left\" aria-hidden=\"true\">\n\t\t\t\t\t\t\t\t\t\t\t\t\t\t\t<span class=\"elementor-toggle-icon-closed\"><i class=\"fas fa-caret-right\"><\/i><\/span>\n\t\t\t\t\t\t\t\t<span class=\"elementor-toggle-icon-opened\"><i class=\"elementor-toggle-icon-opened fas fa-caret-up\"><\/i><\/span>\n\t\t\t\t\t\t\t\t\t\t\t\t\t<\/span>\n\t\t\t\t\t\t\t\t\t\t\t\t<a class=\"elementor-toggle-title\" tabindex=\"0\">tercero An\u00e1lisis de datos<\/a>\n\t\t\t\t\t<\/div>\n\n\t\t\t\t\t<div id=\"elementor-tab-content-5543\" class=\"elementor-tab-content elementor-clearfix\" data-tab=\"3\" role=\"region\" aria-labelledby=\"elementor-tab-title-5543\"><ul><li><a href=\"https:\/\/complex-systems-ai.com\/es\/analisis-de-datos\/\">An\u00e1lisis de datos (dimensiones y clasificaciones)<\/a><\/li><li><a href=\"https:\/\/complex-systems-ai.com\/es\/analisis-descriptivo\/\">An\u00e1lisis descriptivo<\/a><\/li><li><a href=\"https:\/\/complex-systems-ai.com\/es\/inferencia-estadistica\/\">Inferencia estad\u00edstica<\/a><\/li><li><a href=\"https:\/\/complex-systems-ai.com\/es\/correlacion-y-regresiones\/\">Correlaci\u00f3n y regresiones<\/a><\/li><li><a href=\"https:\/\/complex-systems-ai.com\/es\/visualizacion-de-datos\/\">Visualizaci\u00f3n de datos<\/a><\/li><\/ul><\/div>\n\t\t\t\t<\/div>\n\t\t\t\t\t\t\t<div class=\"elementor-toggle-item\">\n\t\t\t\t\t<div id=\"elementor-tab-title-5544\" class=\"elementor-tab-title\" data-tab=\"4\" role=\"button\" aria-controls=\"elementor-tab-content-5544\" aria-expanded=\"false\">\n\t\t\t\t\t\t\t\t\t\t\t\t<span class=\"elementor-toggle-icon elementor-toggle-icon-left\" aria-hidden=\"true\">\n\t\t\t\t\t\t\t\t\t\t\t\t\t\t\t<span class=\"elementor-toggle-icon-closed\"><i class=\"fas fa-caret-right\"><\/i><\/span>\n\t\t\t\t\t\t\t\t<span class=\"elementor-toggle-icon-opened\"><i class=\"elementor-toggle-icon-opened fas fa-caret-up\"><\/i><\/span>\n\t\t\t\t\t\t\t\t\t\t\t\t\t<\/span>\n\t\t\t\t\t\t\t\t\t\t\t\t<a class=\"elementor-toggle-title\" tabindex=\"0\">IV. aprendizaje autom\u00e1tico<\/a>\n\t\t\t\t\t<\/div>\n\n\t\t\t\t\t<div id=\"elementor-tab-content-5544\" class=\"elementor-tab-content elementor-clearfix\" data-tab=\"4\" role=\"region\" aria-labelledby=\"elementor-tab-title-5544\"><ul><li><a href=\"https:\/\/en.wikipedia.org\/wiki\/Supervised_learning\" target=\"_blank\" rel=\"noopener\">Aprendizaje supervisado<\/a><\/li><li><a href=\"https:\/\/complex-systems-ai.com\/es\/particionamiento-de-datos\/\">Partici\u00f3n de datos<\/a><\/li><li><a title=\"predicci\u00f3n estructurada\" href=\"https:\/\/en.wikipedia.org\/wiki\/Structured_prediction\" target=\"_blank\" rel=\"noopener\">Predicci\u00f3n\/Pron\u00f3stico<\/a><\/li><li><a href=\"https:\/\/www.philippe-fournier-viger.com\/spmf\/index.php?link=algorithms.php\" target=\"_blank\" rel=\"noopener\">Procesamiento de datos<\/a><\/li><li><a title=\"Detecci\u00f3n de anomal\u00edas\" href=\"https:\/\/en.wikipedia.org\/wiki\/Anomaly_detection\" target=\"_blank\" rel=\"noopener\">Detecci\u00f3n de anomal\u00edas<\/a><\/li><li><a href=\"https:\/\/en.wikipedia.org\/wiki\/Automated_machine_learning\" target=\"_blank\" rel=\"noopener\">Aprendizaje autom\u00e1tico automatizado<\/a><\/li><li><a href=\"https:\/\/en.wikipedia.org\/wiki\/Weak_supervision\" target=\"_blank\" rel=\"noopener\">Supervisi\u00f3n d\u00e9bil<\/a><\/li><li><a href=\"https:\/\/en.wikipedia.org\/wiki\/Reinforcement_learning\" target=\"_blank\" rel=\"noopener\">Aprendizaje reforzado<\/a><\/li><\/ul><\/div>\n\t\t\t\t<\/div>\n\t\t\t\t\t\t\t<div class=\"elementor-toggle-item\">\n\t\t\t\t\t<div id=\"elementor-tab-title-5545\" class=\"elementor-tab-title\" data-tab=\"5\" role=\"button\" aria-controls=\"elementor-tab-content-5545\" aria-expanded=\"false\">\n\t\t\t\t\t\t\t\t\t\t\t\t<span class=\"elementor-toggle-icon elementor-toggle-icon-left\" aria-hidden=\"true\">\n\t\t\t\t\t\t\t\t\t\t\t\t\t\t\t<span class=\"elementor-toggle-icon-closed\"><i class=\"fas fa-caret-right\"><\/i><\/span>\n\t\t\t\t\t\t\t\t<span class=\"elementor-toggle-icon-opened\"><i class=\"elementor-toggle-icon-opened fas fa-caret-up\"><\/i><\/span>\n\t\t\t\t\t\t\t\t\t\t\t\t\t<\/span>\n\t\t\t\t\t\t\t\t\t\t\t\t<a class=\"elementor-toggle-title\" tabindex=\"0\">V. Algoritmos Naturales \/ Inteligencia Combinatoria<\/a>\n\t\t\t\t\t<\/div>\n\n\t\t\t\t\t<div id=\"elementor-tab-content-5545\" class=\"elementor-tab-content elementor-clearfix\" data-tab=\"5\" role=\"region\" aria-labelledby=\"elementor-tab-title-5545\"><ul><li><a href=\"https:\/\/complex-systems-ai.com\/es\/algoritmos-estocasticos\/\" target=\"_blank\" rel=\"noreferrer noopener\" aria-label=\"Algoritmos estoc\u00e1sticos (abrir en una nueva pesta\u00f1a)\">Algoritmos estoc\u00e1sticos<\/a><\/li><li><a href=\"https:\/\/complex-systems-ai.com\/es\/algoritmos-devolucion\/\" target=\"_blank\" rel=\"noreferrer noopener\" aria-label=\"Algoritmos de evoluci\u00f3n (abrir en una pesta\u00f1a nueva)\">Algoritmos de evoluci\u00f3n<\/a><\/li><li><a href=\"https:\/\/complex-systems-ai.com\/es\/algoritmos-basados-en-la-fisica\/\">Algoritmos f\u00edsicos<\/a><\/li><li><a href=\"https:\/\/complex-systems-ai.com\/es\/algoritmos-probabilisticos\/\">Algoritmos probabil\u00edsticos<\/a><\/li><li><a href=\"https:\/\/complex-systems-ai.com\/es\/algoritmos-desaims\/\">Algoritmos de enjambre<\/a><\/li><li><a href=\"https:\/\/complex-systems-ai.com\/es\/algoritmo-inmunologico\/\">Algoritmos inmunes<\/a><\/li><li><a href=\"https:\/\/complex-systems-ai.com\/es\/algoritmos-neuronales\/\">Algoritmos neuronales<\/a><\/li><\/ul><\/div>\n\t\t\t\t<\/div>\n\t\t\t\t\t\t\t\t<\/div>\n\t\t\t\t\t\t<\/div>\n\t\t\t\t<\/div>\n\t\t\t\t\t<\/div>\n\t\t<\/div>\n\t\t\t\t\t<\/div>\n\t\t<\/section>\n\t\t\t\t<section class=\"elementor-section elementor-top-section elementor-element elementor-element-0ca007a elementor-section-boxed elementor-section-height-default elementor-section-height-default\" data-id=\"0ca007a\" data-element_type=\"section\" data-e-type=\"section\">\n\t\t\t\t\t\t<div class=\"elementor-container elementor-column-gap-default\">\n\t\t\t\t\t<div class=\"elementor-column elementor-col-100 elementor-top-column elementor-element elementor-element-b88f627\" data-id=\"b88f627\" data-element_type=\"column\" data-e-type=\"column\">\n\t\t\t<div class=\"elementor-widget-wrap elementor-element-populated\">\n\t\t\t\t\t\t<div class=\"elementor-element elementor-element-c800d33 elementor-widget elementor-widget-text-editor\" data-id=\"c800d33\" data-element_type=\"widget\" data-e-type=\"widget\" data-widget_type=\"text-editor.default\">\n\t\t\t\t<div class=\"elementor-widget-container\">\n\t\t\t\t\t\t\t\t\t<p><img fetchpriority=\"high\" decoding=\"async\" class=\"aligncenter wp-image-9616 size-large\" src=\"http:\/\/complex-systems-ai.com\/wp-content\/uploads\/2016\/10\/Complex_systems_organizational_map-1024x1024.jpg\" alt=\"inicio sistema complejo teor\u00eda algoritmo inteligencia artificial\" width=\"1024\" height=\"1024\" title=\"\" srcset=\"https:\/\/complex-systems-ai.com\/wp-content\/uploads\/2016\/10\/Complex_systems_organizational_map-1024x1024.jpg 1024w, https:\/\/complex-systems-ai.com\/wp-content\/uploads\/2016\/10\/Complex_systems_organizational_map-300x300.jpg 300w, https:\/\/complex-systems-ai.com\/wp-content\/uploads\/2016\/10\/Complex_systems_organizational_map-150x150.jpg 150w, https:\/\/complex-systems-ai.com\/wp-content\/uploads\/2016\/10\/Complex_systems_organizational_map-768x769.jpg 768w, https:\/\/complex-systems-ai.com\/wp-content\/uploads\/2016\/10\/Complex_systems_organizational_map-1000x1001.jpg 1000w, https:\/\/complex-systems-ai.com\/wp-content\/uploads\/2016\/10\/Complex_systems_organizational_map.jpg 1142w\" sizes=\"(max-width: 1024px) 100vw, 1024px\" \/><\/p><p>Teor\u00eda de sistemas complejos (tambi\u00e9n conocida como teor\u00eda de <a href=\"https:\/\/complex-systems-ai.com\/es\/algoritmico\/complejidad-en-el-tiempo\/\">complejidad<\/a> o perspectiva de la complejidad) se deriva en parte de la teor\u00eda general de sistemas (von Bertalanffy 1968; Warren et al. 1998). Se centra en la comprensi\u00f3n de sistemas complejos o sistemas adaptativos complejos. Los sistemas complejos a menudo abarcan un n\u00famero (a menudo grande) de entidades y subsistemas, entre los cuales a menudo se observan m\u00faltiples interacciones, relaciones no lineales, retroalimentaciones, umbrales, retrasos y adaptaciones. Como resultado, estas caracter\u00edsticas en sistemas complejos pueden dar lugar a fen\u00f3menos o resultados emergentes que no se pueden analizar \u00fanicamente a partir de los componentes del sistema y sus atributos.<\/p><p>El modelado de sistemas complejos se define por la aplicaci\u00f3n de diversas t\u00e9cnicas <a href=\"https:\/\/complex-systems-ai.com\/es\/logica-matematica-27\/\">Matem\u00e1ticas<\/a>, estad\u00edsticas y computaci\u00f3n, para generar informaci\u00f3n sobre c\u00f3mo funcionan algunos de los sistemas f\u00edsicos y naturales m\u00e1s complejos del mundo.<\/p><p>Los sistemas complejos son aquellos cuyas propiedades resultan de la interacci\u00f3n no lineal de componentes, como las c\u00e9lulas de un cuerpo, el <a href=\"https:\/\/complex-systems-ai.com\/es\/algoritmos-neuronales\/perceptron-es\/\">neuronas<\/a> de un cerebro o de los individuos de un grupo. Nuestros enfoques t\u00e9cnicos abarcan toda la gama, desde aproximaciones matem\u00e1ticas deterministas y estoc\u00e1sticas muy simples, pasando por enfoques basados en principios para lidiar con la incertidumbre, hasta simulaciones f\u00edsicas y computacionales complejas en software y hardware rob\u00f3tico. Dada su ubicuidad, es dif\u00edcil sobrestimar los beneficios de una mejor comprensi\u00f3n de los sistemas complejos y las herramientas apropiadas para analizarlos.<\/p><p>Comprender y administrar sistemas complejos se ha convertido en uno de los mayores desaf\u00edos para la investigaci\u00f3n, las pol\u00edticas y la industria. El modelado y la simulaci\u00f3n de sistemas complejos prometen permitirnos comprender c\u00f3mo el sistema nervioso y el cerebro humanos no solo mantienen las actividades de un metabolismo, sino que tambi\u00e9n permiten la producci\u00f3n de comportamientos inteligentes, c\u00f3mo los grandes ecosistemas se adaptan a los cambios o qu\u00e9 influye realmente en el clima. cambio.\u00a0<\/p><p>Adem\u00e1s, los sistemas artificiales son cada vez m\u00e1s complejos y dif\u00edciles, si no imposibles de entender. Por lo tanto, necesitamos m\u00e9todos y herramientas que puedan ayudarnos, por ejemplo, a estimar c\u00f3mo las diferentes inversiones en infraestructura afectar\u00e1n al sistema de transporte y a comprender el comportamiento de los grandes sistemas basados en Internet en diferentes situaciones. Este tipo de sistema se convierte en el centro de investigaci\u00f3n y gesti\u00f3n sostenible porque ahora existen t\u00e9cnicas, herramientas y recursos de TI disponibles.<\/p>\t\t\t\t\t\t\t\t<\/div>\n\t\t\t\t<\/div>\n\t\t\t\t\t<\/div>\n\t\t<\/div>\n\t\t\t\t\t<\/div>\n\t\t<\/section>\n\t\t\t\t<\/div>","protected":false},"excerpt":{"rendered":"<p>Bienvenido a la pagina principal. Las teor\u00edas y algoritmos de inteligencia artificial, aprendizaje autom\u00e1tico y fundamentos matem\u00e1ticos. Haga clic en una secci\u00f3n para mostrar... <\/p>","protected":false},"author":1,"featured_media":0,"parent":0,"menu_order":0,"comment_status":"closed","ping_status":"closed","template":"elementor_header_footer","meta":{"footnotes":""},"class_list":["post-19581","page","type-page","status-publish","hentry"],"amp_enabled":false,"_links":{"self":[{"href":"https:\/\/complex-systems-ai.com\/es\/wp-json\/wp\/v2\/pages\/19581","targetHints":{"allow":["GET"]}}],"collection":[{"href":"https:\/\/complex-systems-ai.com\/es\/wp-json\/wp\/v2\/pages"}],"about":[{"href":"https:\/\/complex-systems-ai.com\/es\/wp-json\/wp\/v2\/types\/page"}],"author":[{"embeddable":true,"href":"https:\/\/complex-systems-ai.com\/es\/wp-json\/wp\/v2\/users\/1"}],"replies":[{"embeddable":true,"href":"https:\/\/complex-systems-ai.com\/es\/wp-json\/wp\/v2\/comments?post=19581"}],"version-history":[{"count":7,"href":"https:\/\/complex-systems-ai.com\/es\/wp-json\/wp\/v2\/pages\/19581\/revisions"}],"predecessor-version":[{"id":19591,"href":"https:\/\/complex-systems-ai.com\/es\/wp-json\/wp\/v2\/pages\/19581\/revisions\/19591"}],"wp:attachment":[{"href":"https:\/\/complex-systems-ai.com\/es\/wp-json\/wp\/v2\/media?parent=19581"}],"curies":[{"name":"gracias","href":"https:\/\/api.w.org\/{rel}","templated":true}]}}