{"id":4153,"date":"2016-07-01T15:13:35","date_gmt":"2016-07-01T14:13:35","guid":{"rendered":"http:\/\/smart--grid.net\/?page_id=4153"},"modified":"2022-12-03T22:59:08","modified_gmt":"2022-12-03T21:59:08","slug":"pseudo-langage-et-logigramme","status":"publish","type":"page","link":"https:\/\/complex-systems-ai.com\/es\/algoritmico\/pseudo-lenguaje-y-diagrama-de-flujo\/","title":{"rendered":"Pseudolenguaje y diagrama de flujo"},"content":{"rendered":"<div data-elementor-type=\"wp-page\" data-elementor-id=\"4153\" class=\"elementor elementor-4153\">\n\t\t\t\t\t\t<section class=\"elementor-section elementor-top-section elementor-element elementor-element-18eea75 elementor-section-boxed elementor-section-height-default elementor-section-height-default\" data-id=\"18eea75\" data-element_type=\"section\" data-e-type=\"section\">\n\t\t\t\t\t\t<div class=\"elementor-container elementor-column-gap-default\">\n\t\t\t\t\t<div class=\"elementor-column elementor-col-33 elementor-top-column elementor-element elementor-element-4a2d8fa\" data-id=\"4a2d8fa\" data-element_type=\"column\" data-e-type=\"column\">\n\t\t\t<div class=\"elementor-widget-wrap elementor-element-populated\">\n\t\t\t\t\t\t<div class=\"elementor-element elementor-element-86c55b0 elementor-align-justify elementor-widget elementor-widget-button\" data-id=\"86c55b0\" data-element_type=\"widget\" data-e-type=\"widget\" data-widget_type=\"button.default\">\n\t\t\t\t<div class=\"elementor-widget-container\">\n\t\t\t\t\t\t\t\t\t<div class=\"elementor-button-wrapper\">\n\t\t\t\t\t<a class=\"elementor-button elementor-button-link elementor-size-sm\" href=\"https:\/\/complex-systems-ai.com\/es\/algoritmico\/\">\n\t\t\t\t\t\t<span class=\"elementor-button-content-wrapper\">\n\t\t\t\t\t\t\t\t\t<span class=\"elementor-button-text\">Algor\u00edtmico<\/span>\n\t\t\t\t\t<\/span>\n\t\t\t\t\t<\/a>\n\t\t\t\t<\/div>\n\t\t\t\t\t\t\t\t<\/div>\n\t\t\t\t<\/div>\n\t\t\t\t\t<\/div>\n\t\t<\/div>\n\t\t\t\t<div class=\"elementor-column elementor-col-33 elementor-top-column elementor-element elementor-element-416c5b6\" data-id=\"416c5b6\" data-element_type=\"column\" data-e-type=\"column\">\n\t\t\t<div class=\"elementor-widget-wrap elementor-element-populated\">\n\t\t\t\t\t\t<div class=\"elementor-element elementor-element-0a0550f elementor-align-justify elementor-widget elementor-widget-button\" data-id=\"0a0550f\" data-element_type=\"widget\" data-e-type=\"widget\" data-widget_type=\"button.default\">\n\t\t\t\t<div class=\"elementor-widget-container\">\n\t\t\t\t\t\t\t\t\t<div class=\"elementor-button-wrapper\">\n\t\t\t\t\t<a class=\"elementor-button elementor-button-link elementor-size-sm\" href=\"https:\/\/complex-systems-ai.com\/es\/\">\n\t\t\t\t\t\t<span class=\"elementor-button-content-wrapper\">\n\t\t\t\t\t\t\t\t\t<span class=\"elementor-button-text\">Pagina de inicio<\/span>\n\t\t\t\t\t<\/span>\n\t\t\t\t\t<\/a>\n\t\t\t\t<\/div>\n\t\t\t\t\t\t\t\t<\/div>\n\t\t\t\t<\/div>\n\t\t\t\t\t<\/div>\n\t\t<\/div>\n\t\t\t\t<div class=\"elementor-column elementor-col-33 elementor-top-column elementor-element elementor-element-da78fe9\" data-id=\"da78fe9\" data-element_type=\"column\" data-e-type=\"column\">\n\t\t\t<div class=\"elementor-widget-wrap elementor-element-populated\">\n\t\t\t\t\t\t<div class=\"elementor-element elementor-element-9b11bff elementor-align-justify elementor-widget elementor-widget-button\" data-id=\"9b11bff\" data-element_type=\"widget\" data-e-type=\"widget\" data-widget_type=\"button.default\">\n\t\t\t\t<div class=\"elementor-widget-container\">\n\t\t\t\t\t\t\t\t\t<div class=\"elementor-button-wrapper\">\n\t\t\t\t\t<a class=\"elementor-button elementor-button-link elementor-size-sm\" href=\"https:\/\/fr.wikipedia.org\/wiki\/Organigramme_de_programmation\" target=\"_blank\" rel=\"noopener\">\n\t\t\t\t\t\t<span class=\"elementor-button-content-wrapper\">\n\t\t\t\t\t\t\t\t\t<span class=\"elementor-button-text\">Wiki<\/span>\n\t\t\t\t\t<\/span>\n\t\t\t\t\t<\/a>\n\t\t\t\t<\/div>\n\t\t\t\t\t\t\t\t<\/div>\n\t\t\t\t<\/div>\n\t\t\t\t\t<\/div>\n\t\t<\/div>\n\t\t\t\t\t<\/div>\n\t\t<\/section>\n\t\t\t\t<section class=\"elementor-section elementor-top-section elementor-element elementor-element-2324f1c5 elementor-section-boxed elementor-section-height-default elementor-section-height-default\" data-id=\"2324f1c5\" data-element_type=\"section\" data-e-type=\"section\">\n\t\t\t\t\t\t<div class=\"elementor-container elementor-column-gap-default\">\n\t\t\t\t\t<div class=\"elementor-column elementor-col-100 elementor-top-column elementor-element elementor-element-2abf2d73\" data-id=\"2abf2d73\" data-element_type=\"column\" data-e-type=\"column\">\n\t\t\t<div class=\"elementor-widget-wrap elementor-element-populated\">\n\t\t\t\t\t\t<div class=\"elementor-element elementor-element-68fdc672 elementor-widget elementor-widget-text-editor\" data-id=\"68fdc672\" data-element_type=\"widget\" data-e-type=\"widget\" data-widget_type=\"text-editor.default\">\n\t\t\t\t<div class=\"elementor-widget-container\">\n\t\t\t\t\t\t\t\t\t<p><\/p>\n<div id=\"ez-toc-container\" class=\"ez-toc-v2_0_82_2 counter-hierarchy ez-toc-counter ez-toc-grey ez-toc-container-direction\">\n<div class=\"ez-toc-title-container\">\n<p class=\"ez-toc-title\" style=\"cursor:inherit\">Contenido<\/p>\n<span class=\"ez-toc-title-toggle\"><a href=\"#\" class=\"ez-toc-pull-right ez-toc-btn ez-toc-btn-xs ez-toc-btn-default ez-toc-toggle\" aria-label=\"Tabla de contenido alternativo\"><span class=\"ez-toc-js-icon-con\"><span class=\"\"><span class=\"eztoc-hide\" style=\"display:none;\">Palanca<\/span><span class=\"ez-toc-icon-toggle-span\"><svg style=\"fill: #999;color:#999\" xmlns=\"http:\/\/www.w3.org\/2000\/svg\" class=\"list-377408\" width=\"20px\" height=\"20px\" viewbox=\"0 0 24 24\" fill=\"none\"><path d=\"M6 6H4v2h2V6zm14 0H8v2h12V6zM4 11h2v2H4v-2zm16 0H8v2h12v-2zM4 16h2v2H4v-2zm16 0H8v2h12v-2z\" fill=\"currentColor\"><\/path><\/svg><svg style=\"fill: #999;color:#999\" class=\"arrow-unsorted-368013\" xmlns=\"http:\/\/www.w3.org\/2000\/svg\" width=\"10px\" height=\"10px\" viewbox=\"0 0 24 24\" version=\"1.2\" baseprofile=\"tiny\"><path d=\"M18.2 9.3l-6.2-6.3-6.2 6.3c-.2.2-.3.4-.3.7s.1.5.3.7c.2.2.4.3.7.3h11c.3 0 .5-.1.7-.3.2-.2.3-.5.3-.7s-.1-.5-.3-.7zM5.8 14.7l6.2 6.3 6.2-6.3c.2-.2.3-.5.3-.7s-.1-.5-.3-.7c-.2-.2-.4-.3-.7-.3h-11c-.3 0-.5.1-.7.3-.2.2-.3.5-.3.7s.1.5.3.7z\"\/><\/svg><\/span><\/span><\/span><\/a><\/span><\/div>\n<nav><ul class='ez-toc-list ez-toc-list-level-1' ><li class='ez-toc-page-1 ez-toc-heading-level-2'><a class=\"ez-toc-link ez-toc-heading-1\" href=\"https:\/\/complex-systems-ai.com\/es\/algoritmico\/pseudo-lenguaje-y-diagrama-de-flujo\/#Pseudo-langage-et-logigramme\" >Pseudolenguaje y diagrama de flujo<\/a><\/li><li class='ez-toc-page-1 ez-toc-heading-level-2'><a class=\"ez-toc-link ez-toc-heading-2\" href=\"https:\/\/complex-systems-ai.com\/es\/algoritmico\/pseudo-lenguaje-y-diagrama-de-flujo\/#Ecriture-dun-algorithme\" >Escribir un algoritmo<\/a><\/li><li class='ez-toc-page-1 ez-toc-heading-level-2'><a class=\"ez-toc-link ez-toc-heading-3\" href=\"https:\/\/complex-systems-ai.com\/es\/algoritmico\/pseudo-lenguaje-y-diagrama-de-flujo\/#Ecriture-dun-logigramme\" >Escribir un diagrama de flujo<\/a><\/li><li class='ez-toc-page-1 ez-toc-heading-level-2'><a class=\"ez-toc-link ez-toc-heading-4\" href=\"https:\/\/complex-systems-ai.com\/es\/algoritmico\/pseudo-lenguaje-y-diagrama-de-flujo\/#Pseudo-langage-et-logigramme-2\" >Pseudolenguaje y diagrama de flujo<\/a><ul class='ez-toc-list-level-4' ><li class='ez-toc-heading-level-4'><ul class='ez-toc-list-level-4' ><li class='ez-toc-heading-level-4'><a class=\"ez-toc-link ez-toc-heading-5\" href=\"https:\/\/complex-systems-ai.com\/es\/algoritmico\/pseudo-lenguaje-y-diagrama-de-flujo\/#Test-conditionnel\" >Prueba condicional:<\/a><\/li><li class='ez-toc-page-1 ez-toc-heading-level-4'><a class=\"ez-toc-link ez-toc-heading-6\" href=\"https:\/\/complex-systems-ai.com\/es\/algoritmico\/pseudo-lenguaje-y-diagrama-de-flujo\/#Transfert-dinformation\" >Transferencia de informaci\u00f3n:<\/a><\/li><li class='ez-toc-page-1 ez-toc-heading-level-4'><a class=\"ez-toc-link ez-toc-heading-7\" href=\"https:\/\/complex-systems-ai.com\/es\/algoritmico\/pseudo-lenguaje-y-diagrama-de-flujo\/#Appel-de-sous-programme\" >Convocatoria de subprograma:<\/a><\/li><li class='ez-toc-page-1 ez-toc-heading-level-4'><a class=\"ez-toc-link ez-toc-heading-8\" href=\"https:\/\/complex-systems-ai.com\/es\/algoritmico\/pseudo-lenguaje-y-diagrama-de-flujo\/#Sequence-lineaire\" >Secuencia lineal:<\/a><\/li><li class='ez-toc-page-1 ez-toc-heading-level-4'><a class=\"ez-toc-link ez-toc-heading-9\" href=\"https:\/\/complex-systems-ai.com\/es\/algoritmico\/pseudo-lenguaje-y-diagrama-de-flujo\/#If%E2%80%A6else\" >Si ... si no:<\/a><\/li><li class='ez-toc-page-1 ez-toc-heading-level-4'><a class=\"ez-toc-link ez-toc-heading-10\" href=\"https:\/\/complex-systems-ai.com\/es\/algoritmico\/pseudo-lenguaje-y-diagrama-de-flujo\/#Boucle-While-le-for-contient-un-traitement-en-aval-et-dans-la-boucle\" >While Loop (el for contiene procesamiento descendente y en bucle):<\/a><\/li><li class='ez-toc-page-1 ez-toc-heading-level-4'><a class=\"ez-toc-link ez-toc-heading-11\" href=\"https:\/\/complex-systems-ai.com\/es\/algoritmico\/pseudo-lenguaje-y-diagrama-de-flujo\/#Boucle-Do%E2%80%A6-while\" >Hacer ... mientras bucle:<\/a><\/li><\/ul><\/li><\/ul><\/li><\/ul><\/nav><\/div>\n<h2><span class=\"ez-toc-section\" id=\"Pseudo-langage-et-logigramme\"><\/span>Pseudolenguaje y diagrama de flujo<span class=\"ez-toc-section-end\"><\/span><\/h2>\n<p>Antes de escribir un <a href=\"https:\/\/complex-systems-ai.com\/es\/algoritmico\/\">algoritmo<\/a> en un lenguaje de programaci\u00f3n, primero se describe en un lenguaje de nivel superior llamado pseudolenguaje. Es un conjunto limitado de instrucciones para describir c\u00f3mo funciona el algoritmo de tal manera que cualquiera pueda entender c\u00f3mo funciona. El pseudolenguaje se suele escribir en ingl\u00e9s, pero nada impide que se escriba en otro idioma.<\/p>\n<p><\/p>\n<p><\/p>\n<p><\/p>\n<p><\/p>\n<h2 class=\"wp-block-heading\"><span class=\"ez-toc-section\" id=\"Ecriture-dun-algorithme\"><\/span>Escribir un algoritmo<span class=\"ez-toc-section-end\"><\/span><\/h2>\n<p><\/p>\n<p><\/p>\n<div style=\"padding: 5px; background-color: #ffdcd3; border: 2px solid #ff7964; -moz-border-radius: 9px; -khtml-border-radius: 9px; -webkit-border-radius: 9px; border-radius: 9px;\">Cualquier lenguaje de programaci\u00f3n, incluido el pseudolenguaje, se compone de variables e instrucciones. Las variables almacenan informaci\u00f3n y describen c\u00f3mo acceder a la memoria de la computadora. Se utilizan instrucciones para modificar el estado de estas variables.<\/div>\n<p><\/p>\n<p><\/p>\n<div style=\"padding: 5px; background-color: #d5edff; border: 2px solid #3c95e8; -moz-border-radius: 9px; -khtml-border-radius: 9px; -webkit-border-radius: 9px; border-radius: 9px;\">Por tanto, un algoritmo est\u00e1 compuesto por una serie de instrucciones que, partiendo de una descripci\u00f3n en memoria de un problema no resuelto, dan las modificaciones de la memoria permitiendo llegar a una descripci\u00f3n en memoria del problema resuelto.<\/div>\n<p><\/p>\n<p><\/p>\n<p>Por ejemplo, si queremos calcular x ^ 2 ^ k. xyk son dos variables, el problema se describe tan pronto como conocemos los dos valores. El problema se resuelve mediante una serie de instrucciones del tipo de potencia<\/p>\n<p><\/p>\n<p><\/p>\n<p>El algoritmo tambi\u00e9n describe las interacciones con el usuario a trav\u00e9s de instrucciones de entrada y salida. Aqu\u00ed las entradas son los valores de x y k, la salida es el valor de potencia.<\/p>\n<p><\/p>\n<p><\/p>\n<div style=\"padding: 3px; border: 2px dotted #a5a5a5; background-color: #f6f9fa;\">\n<p>El algoritmo se escribe de la siguiente manera: el encabezado (nombre del algoritmo), las variables (entradas y salidas con el tipo), el cuerpo (la secuencia de instrucciones que comienzan con un Principio y terminan con un &quot;cierre del proceso&quot; anotado Fin ).<\/p>\n<figure><img fetchpriority=\"high\" decoding=\"async\" class=\"alignnone wp-image-4174 size-full\" src=\"https:\/\/complex-systems-ai.com\/wp-content\/uploads\/2016\/07\/complexity9.png\" alt=\"algoritmo de diagrama de flujo de pseudoc\u00f3digo en pseudolenguaje\" width=\"975\" height=\"441\" title=\"\" srcset=\"https:\/\/complex-systems-ai.com\/wp-content\/uploads\/2016\/07\/complexity9.png 975w, https:\/\/complex-systems-ai.com\/wp-content\/uploads\/2016\/07\/complexity9-300x136.png 300w, https:\/\/complex-systems-ai.com\/wp-content\/uploads\/2016\/07\/complexity9-768x347.png 768w\" sizes=\"(max-width: 975px) 100vw, 975px\" \/><\/figure>\n<\/div>\n<p><\/p>\n<p><\/p>\n<p>Es importante agregar comentarios precedidos por &quot;\/\/&quot; para aclarar las intenciones del algoritmo. Es posible utilizar nombres de funciones expl\u00edcitos como Enter o Write, existentes en la mayor\u00eda de los lenguajes inform\u00e1ticos, cuando se conoce el funcionamiento de este \u00faltimo.<\/p>\n<p><\/p>\n<p><\/p>\n<p>La mayor\u00eda de las veces el cuerpo del algoritmo se basa en el siguiente diagrama: qu\u00e9 le preguntamos al usuario, qu\u00e9 calculamos, qu\u00e9 restauramos<\/p>\n<p><\/p>\n<p><\/p>\n<p><\/p>\n<p><\/p>\n<h2 class=\"wp-block-heading\"><span class=\"ez-toc-section\" id=\"Ecriture-dun-logigramme\"><\/span>Escribir un diagrama de flujo<span class=\"ez-toc-section-end\"><\/span><\/h2>\n<p><\/p>\n<p><\/p>\n<div style=\"padding: 5px; background-color: #d5edff; border: 2px solid #3c95e8; -moz-border-radius: 9px; -khtml-border-radius: 9px; -webkit-border-radius: 9px; border-radius: 9px;\">El papel de un diagrama de flujo (o algorigrama) es representar un algoritmo de una manera m\u00e1s funcional y f\u00e1cil de leer. El diagrama de flujo representa el cuerpo del algoritmo utilizando un <a href=\"https:\/\/complex-systems-ai.com\/es\/teoria-de-grafos\/\">grafico<\/a> cuyos v\u00e9rtices pueden ser de diferentes tipos, as\u00ed como los enlaces. Para informaci\u00f3n, un diagrama de flujo es parte de la categor\u00eda &quot;diagrama de flujo&quot;.<\/div>\n<p><\/p>\n<p><\/p>\n<div class=\"wp-block-image\">\n<figure class=\"aligncenter\"><img decoding=\"async\" class=\"alignnone wp-image-4188 size-full\" src=\"https:\/\/complex-systems-ai.com\/wp-content\/uploads\/2016\/07\/exo3couleur.png\" alt=\"algoritmo de diagrama de flujo de pseudoc\u00f3digo en pseudolenguaje\" width=\"874\" height=\"1014\" title=\"\" srcset=\"https:\/\/complex-systems-ai.com\/wp-content\/uploads\/2016\/07\/exo3couleur.png 874w, https:\/\/complex-systems-ai.com\/wp-content\/uploads\/2016\/07\/exo3couleur-259x300.png 259w, https:\/\/complex-systems-ai.com\/wp-content\/uploads\/2016\/07\/exo3couleur-768x891.png 768w\" sizes=\"(max-width: 874px) 100vw, 874px\" \/><\/figure>\n<\/div>\n<p><\/p>\n<p><\/p>\n<p>No es necesario se\u00f1alar Decisi\u00f3n y C\u00e1lculo, estas indicaciones solo est\u00e1n presentes para mostrar el papel de los v\u00e9rtices en este diagrama de flujo. Aqu\u00ed hay una muestra de las correspondencias entre pseudolenguaje y diagrama de flujo.<\/p>\n<p><\/p>\n<p><\/p>\n<p><\/p>\n<p><\/p>\n<h2 class=\"wp-block-heading\"><span class=\"ez-toc-section\" id=\"Pseudo-langage-et-logigramme-2\"><\/span>Pseudolenguaje y diagrama de flujo<span class=\"ez-toc-section-end\"><\/span><\/h2>\n<p><\/p>\n<p><\/p>\n<h4 class=\"wp-block-heading\"><span class=\"ez-toc-section\" id=\"Test-conditionnel\"><\/span>Prueba condicional:<span class=\"ez-toc-section-end\"><\/span><\/h4>\n<p><\/p>\n<p><\/p>\n<div class=\"wp-block-image\">\n<figure class=\"aligncenter\"><img decoding=\"async\" class=\"alignnone wp-image-4197 size-full\" src=\"https:\/\/complex-systems-ai.com\/wp-content\/uploads\/2016\/07\/200px-test_algo.png\" alt=\"algoritmo de prueba condicional de diagrama de flujo de pseudolenguaje pseudoc\u00f3digo\" width=\"200\" height=\"134\" title=\"\"><\/figure>\n<\/div>\n<p><\/p>\n<p><\/p>\n<h4 class=\"wp-block-heading\"><span class=\"ez-toc-section\" id=\"Transfert-dinformation\"><\/span>Transferencia de informaci\u00f3n:<span class=\"ez-toc-section-end\"><\/span><\/h4>\n<p><\/p>\n<p><\/p>\n<div class=\"wp-block-image\">\n<figure class=\"aligncenter\"><img loading=\"lazy\" decoding=\"async\" class=\"alignnone wp-image-4202 size-full\" src=\"https:\/\/complex-systems-ai.com\/wp-content\/uploads\/2016\/07\/200px-transfert.png\" alt=\"algoritmo de diagrama de flujo de pseudoc\u00f3digo en pseudolenguaje\" width=\"200\" height=\"101\" title=\"\"><\/figure>\n<\/div>\n<p><\/p>\n<p><\/p>\n<h4 class=\"wp-block-heading\"><span class=\"ez-toc-section\" id=\"Appel-de-sous-programme\"><\/span>Convocatoria de subprograma:<span class=\"ez-toc-section-end\"><\/span><\/h4>\n<p><\/p>\n<p><\/p>\n<div class=\"wp-block-image\">\n<figure class=\"aligncenter\"><img loading=\"lazy\" decoding=\"async\" class=\"alignnone wp-image-4205 size-full\" src=\"https:\/\/complex-systems-ai.com\/wp-content\/uploads\/2016\/07\/200px-sous_prog.png\" alt=\"algoritmo de diagrama de flujo de pseudoc\u00f3digo en pseudolenguaje\" width=\"200\" height=\"150\" title=\"\"><\/figure>\n<\/div>\n<p><\/p>\n<p><\/p>\n<p><\/p>\n<h4 class=\"wp-block-heading\"><span class=\"ez-toc-section\" id=\"Sequence-lineaire\"><\/span>Secuencia lineal:<span class=\"ez-toc-section-end\"><\/span><\/h4>\n<p><\/p>\n<p><\/p>\n<div class=\"wp-block-image\">\n<figure class=\"aligncenter\"><img loading=\"lazy\" decoding=\"async\" class=\"alignnone wp-image-4207 size-full\" src=\"https:\/\/complex-systems-ai.com\/wp-content\/uploads\/2016\/07\/sequence_lineaire.png\" alt=\"algoritmo de diagrama de flujo de pseudoc\u00f3digo en pseudolenguaje\" width=\"94\" height=\"204\" title=\"\"><\/figure>\n<\/div>\n<p><\/p>\n<p><\/p>\n<h4 class=\"wp-block-heading\"><span class=\"ez-toc-section\" id=\"If%E2%80%A6else\"><\/span>Si ... si no:<span class=\"ez-toc-section-end\"><\/span><\/h4>\n<p><\/p>\n<p><\/p>\n<div class=\"wp-block-image\">\n<figure class=\"aligncenter\"><img loading=\"lazy\" decoding=\"async\" class=\"alignnone wp-image-4209 size-full\" src=\"https:\/\/complex-systems-ai.com\/wp-content\/uploads\/2016\/07\/alternative.png\" alt=\"algoritmo de diagrama de flujo de pseudoc\u00f3digo en pseudolenguaje\" width=\"211\" height=\"166\" title=\"\"><\/figure>\n<\/div>\n<p><\/p>\n<p><\/p>\n<h4 class=\"wp-block-heading\"><span class=\"ez-toc-section\" id=\"Boucle-While-le-for-contient-un-traitement-en-aval-et-dans-la-boucle\"><\/span>While Loop (el for contiene procesamiento descendente y en bucle):<span class=\"ez-toc-section-end\"><\/span><\/h4>\n<p><\/p>\n<p><\/p>\n<div class=\"wp-block-image\">\n<figure class=\"aligncenter\"><img loading=\"lazy\" decoding=\"async\" class=\"alignnone wp-image-4213 size-full\" src=\"https:\/\/complex-systems-ai.com\/wp-content\/uploads\/2016\/07\/tant_que_faire.png\" alt=\"algoritmo de diagrama de flujo de pseudoc\u00f3digo en pseudolenguaje\" width=\"215\" height=\"128\" title=\"\"><\/figure>\n<\/div>\n<p><\/p>\n<p><\/p>\n<h4 class=\"wp-block-heading\"><span class=\"ez-toc-section\" id=\"Boucle-Do%E2%80%A6-while\"><\/span>Hacer ... mientras bucle:<span class=\"ez-toc-section-end\"><\/span><\/h4>\n<p><\/p>\n<p><\/p>\n<div class=\"wp-block-image\">\n<figure class=\"aligncenter\"><img loading=\"lazy\" decoding=\"async\" class=\"alignnone wp-image-4215 size-full\" src=\"https:\/\/complex-systems-ai.com\/wp-content\/uploads\/2016\/07\/reperter_jusqua.png\" alt=\"algoritmo de diagrama de flujo de pseudoc\u00f3digo en pseudolenguaje\" width=\"219\" height=\"162\" title=\"\"><\/figure>\n<\/div>\n<p><\/p>\n<p><\/p>\n<p><strong>Lista m\u00e1s completa en ingl\u00e9s:<\/strong><\/p>\n<p><\/p>\n<p><\/p>\n<div class=\"wp-block-image\">\n<figure class=\"aligncenter\"><img loading=\"lazy\" decoding=\"async\" class=\"alignnone wp-image-4223 size-large\" src=\"https:\/\/complex-systems-ai.com\/wp-content\/uploads\/2016\/07\/designelements-flowchart-1024x475.png\" alt=\"algoritmo de diagrama de flujo de pseudoc\u00f3digo en pseudolenguaje\" width=\"1024\" height=\"475\" title=\"\" srcset=\"https:\/\/complex-systems-ai.com\/wp-content\/uploads\/2016\/07\/designelements-flowchart-1024x475.png 1024w, https:\/\/complex-systems-ai.com\/wp-content\/uploads\/2016\/07\/designelements-flowchart-300x139.png 300w, https:\/\/complex-systems-ai.com\/wp-content\/uploads\/2016\/07\/designelements-flowchart-768x357.png 768w, https:\/\/complex-systems-ai.com\/wp-content\/uploads\/2016\/07\/designelements-flowchart-1200x557.png 1200w, https:\/\/complex-systems-ai.com\/wp-content\/uploads\/2016\/07\/designelements-flowchart.png 1411w\" sizes=\"(max-width: 1024px) 100vw, 1024px\" \/><\/figure>\n<\/div>\n<p><\/p>\t\t\t\t\t\t\t\t<\/div>\n\t\t\t\t<\/div>\n\t\t\t\t\t<\/div>\n\t\t<\/div>\n\t\t\t\t\t<\/div>\n\t\t<\/section>\n\t\t\t\t<\/div>","protected":false},"excerpt":{"rendered":"<p>Algoritmos P\u00e1gina de inicio Wiki Pseudo-lenguaje y diagrama de flujo Antes de escribir un algoritmo en un lenguaje de programaci\u00f3n, primero se describe en un lenguaje de m\u00e1s... <\/p>","protected":false},"author":1,"featured_media":0,"parent":1062,"menu_order":0,"comment_status":"closed","ping_status":"closed","template":"","meta":{"footnotes":""},"class_list":["post-4153","page","type-page","status-publish","hentry"],"amp_enabled":true,"_links":{"self":[{"href":"https:\/\/complex-systems-ai.com\/es\/wp-json\/wp\/v2\/pages\/4153","targetHints":{"allow":["GET"]}}],"collection":[{"href":"https:\/\/complex-systems-ai.com\/es\/wp-json\/wp\/v2\/pages"}],"about":[{"href":"https:\/\/complex-systems-ai.com\/es\/wp-json\/wp\/v2\/types\/page"}],"author":[{"embeddable":true,"href":"https:\/\/complex-systems-ai.com\/es\/wp-json\/wp\/v2\/users\/1"}],"replies":[{"embeddable":true,"href":"https:\/\/complex-systems-ai.com\/es\/wp-json\/wp\/v2\/comments?post=4153"}],"version-history":[{"count":5,"href":"https:\/\/complex-systems-ai.com\/es\/wp-json\/wp\/v2\/pages\/4153\/revisions"}],"predecessor-version":[{"id":18032,"href":"https:\/\/complex-systems-ai.com\/es\/wp-json\/wp\/v2\/pages\/4153\/revisions\/18032"}],"up":[{"embeddable":true,"href":"https:\/\/complex-systems-ai.com\/es\/wp-json\/wp\/v2\/pages\/1062"}],"wp:attachment":[{"href":"https:\/\/complex-systems-ai.com\/es\/wp-json\/wp\/v2\/media?parent=4153"}],"curies":[{"name":"gracias","href":"https:\/\/api.w.org\/{rel}","templated":true}]}}