{"id":4248,"date":"2016-09-01T12:53:27","date_gmt":"2016-09-01T11:53:27","guid":{"rendered":"http:\/\/smart--grid.net\/?page_id=4248"},"modified":"2022-12-03T23:00:11","modified_gmt":"2022-12-03T22:00:11","slug":"diagramme-de-sequence","status":"publish","type":"page","link":"https:\/\/complex-systems-ai.com\/es\/analisis-de-software\/diagrama-de-secuencia\/","title":{"rendered":"Diagrama de secuencia"},"content":{"rendered":"<div data-elementor-type=\"wp-page\" data-elementor-id=\"4248\" class=\"elementor elementor-4248\">\n\t\t\t\t\t\t<section class=\"elementor-section elementor-top-section elementor-element elementor-element-b386f5c elementor-section-boxed elementor-section-height-default elementor-section-height-default\" data-id=\"b386f5c\" data-element_type=\"section\" data-e-type=\"section\">\n\t\t\t\t\t\t<div class=\"elementor-container elementor-column-gap-default\">\n\t\t\t\t\t<div class=\"elementor-column elementor-col-33 elementor-top-column elementor-element elementor-element-96facb4\" data-id=\"96facb4\" data-element_type=\"column\" data-e-type=\"column\">\n\t\t\t<div class=\"elementor-widget-wrap elementor-element-populated\">\n\t\t\t\t\t\t<div class=\"elementor-element elementor-element-a2a713c elementor-align-justify elementor-widget elementor-widget-button\" data-id=\"a2a713c\" data-element_type=\"widget\" data-e-type=\"widget\" data-widget_type=\"button.default\">\n\t\t\t\t<div class=\"elementor-widget-container\">\n\t\t\t\t\t\t\t\t\t<div class=\"elementor-button-wrapper\">\n\t\t\t\t\t<a class=\"elementor-button elementor-button-link elementor-size-sm\" href=\"https:\/\/complex-systems-ai.com\/es\/analisis-de-software\/\">\n\t\t\t\t\t\t<span class=\"elementor-button-content-wrapper\">\n\t\t\t\t\t\t\t\t\t<span class=\"elementor-button-text\">An\u00e1lisis de software<\/span>\n\t\t\t\t\t<\/span>\n\t\t\t\t\t<\/a>\n\t\t\t\t<\/div>\n\t\t\t\t\t\t\t\t<\/div>\n\t\t\t\t<\/div>\n\t\t\t\t\t<\/div>\n\t\t<\/div>\n\t\t\t\t<div class=\"elementor-column elementor-col-33 elementor-top-column elementor-element elementor-element-54127ef\" data-id=\"54127ef\" data-element_type=\"column\" data-e-type=\"column\">\n\t\t\t<div class=\"elementor-widget-wrap elementor-element-populated\">\n\t\t\t\t\t\t<div class=\"elementor-element elementor-element-8fa9b9f elementor-align-justify elementor-widget elementor-widget-button\" data-id=\"8fa9b9f\" data-element_type=\"widget\" data-e-type=\"widget\" data-widget_type=\"button.default\">\n\t\t\t\t<div class=\"elementor-widget-container\">\n\t\t\t\t\t\t\t\t\t<div class=\"elementor-button-wrapper\">\n\t\t\t\t\t<a class=\"elementor-button elementor-button-link elementor-size-sm\" href=\"https:\/\/complex-systems-ai.com\/es\/\">\n\t\t\t\t\t\t<span class=\"elementor-button-content-wrapper\">\n\t\t\t\t\t\t\t\t\t<span class=\"elementor-button-text\">Pagina de inicio<\/span>\n\t\t\t\t\t<\/span>\n\t\t\t\t\t<\/a>\n\t\t\t\t<\/div>\n\t\t\t\t\t\t\t\t<\/div>\n\t\t\t\t<\/div>\n\t\t\t\t\t<\/div>\n\t\t<\/div>\n\t\t\t\t<div class=\"elementor-column elementor-col-33 elementor-top-column elementor-element elementor-element-ca1f5f6\" data-id=\"ca1f5f6\" data-element_type=\"column\" data-e-type=\"column\">\n\t\t\t<div class=\"elementor-widget-wrap elementor-element-populated\">\n\t\t\t\t\t\t<div class=\"elementor-element elementor-element-c5b96df elementor-align-justify elementor-widget elementor-widget-button\" data-id=\"c5b96df\" data-element_type=\"widget\" data-e-type=\"widget\" data-widget_type=\"button.default\">\n\t\t\t\t<div class=\"elementor-widget-container\">\n\t\t\t\t\t\t\t\t\t<div class=\"elementor-button-wrapper\">\n\t\t\t\t\t<a class=\"elementor-button elementor-button-link elementor-size-sm\" href=\"https:\/\/fr.wikipedia.org\/wiki\/Diagramme_de_s%C3%A9quence\" target=\"_blank\" rel=\"noopener\">\n\t\t\t\t\t\t<span class=\"elementor-button-content-wrapper\">\n\t\t\t\t\t\t\t\t\t<span class=\"elementor-button-text\">Wiki<\/span>\n\t\t\t\t\t<\/span>\n\t\t\t\t\t<\/a>\n\t\t\t\t<\/div>\n\t\t\t\t\t\t\t\t<\/div>\n\t\t\t\t<\/div>\n\t\t\t\t\t<\/div>\n\t\t<\/div>\n\t\t\t\t\t<\/div>\n\t\t<\/section>\n\t\t\t\t<section class=\"elementor-section elementor-top-section elementor-element elementor-element-5e85b8b elementor-section-boxed elementor-section-height-default elementor-section-height-default\" data-id=\"5e85b8b\" data-element_type=\"section\" data-e-type=\"section\">\n\t\t\t\t\t\t<div class=\"elementor-container elementor-column-gap-default\">\n\t\t\t\t\t<div class=\"elementor-column elementor-col-100 elementor-top-column elementor-element elementor-element-9992378\" data-id=\"9992378\" data-element_type=\"column\" data-e-type=\"column\">\n\t\t\t<div class=\"elementor-widget-wrap elementor-element-populated\">\n\t\t\t\t\t\t<div class=\"elementor-element elementor-element-151dd67f elementor-widget elementor-widget-text-editor\" data-id=\"151dd67f\" data-element_type=\"widget\" data-e-type=\"widget\" data-widget_type=\"text-editor.default\">\n\t\t\t\t<div class=\"elementor-widget-container\">\n\t\t\t\t\t\t\t\t\t\n<div id=\"ez-toc-container\" class=\"ez-toc-v2_0_82_2 counter-hierarchy ez-toc-counter ez-toc-grey ez-toc-container-direction\">\n<div class=\"ez-toc-title-container\">\n<p class=\"ez-toc-title\" style=\"cursor:inherit\">Contenido<\/p>\n<span class=\"ez-toc-title-toggle\"><a href=\"#\" class=\"ez-toc-pull-right ez-toc-btn ez-toc-btn-xs ez-toc-btn-default ez-toc-toggle\" aria-label=\"Tabla de contenido alternativo\"><span class=\"ez-toc-js-icon-con\"><span class=\"\"><span class=\"eztoc-hide\" style=\"display:none;\">Palanca<\/span><span class=\"ez-toc-icon-toggle-span\"><svg style=\"fill: #999;color:#999\" xmlns=\"http:\/\/www.w3.org\/2000\/svg\" class=\"list-377408\" width=\"20px\" height=\"20px\" viewbox=\"0 0 24 24\" fill=\"none\"><path d=\"M6 6H4v2h2V6zm14 0H8v2h12V6zM4 11h2v2H4v-2zm16 0H8v2h12v-2zM4 16h2v2H4v-2zm16 0H8v2h12v-2z\" fill=\"currentColor\"><\/path><\/svg><svg style=\"fill: #999;color:#999\" class=\"arrow-unsorted-368013\" xmlns=\"http:\/\/www.w3.org\/2000\/svg\" width=\"10px\" height=\"10px\" viewbox=\"0 0 24 24\" version=\"1.2\" baseprofile=\"tiny\"><path d=\"M18.2 9.3l-6.2-6.3-6.2 6.3c-.2.2-.3.4-.3.7s.1.5.3.7c.2.2.4.3.7.3h11c.3 0 .5-.1.7-.3.2-.2.3-.5.3-.7s-.1-.5-.3-.7zM5.8 14.7l6.2 6.3 6.2-6.3c.2-.2.3-.5.3-.7s-.1-.5-.3-.7c-.2-.2-.4-.3-.7-.3h-11c-.3 0-.5.1-.7.3-.2.2-.3.5-.3.7s.1.5.3.7z\"\/><\/svg><\/span><\/span><\/span><\/a><\/span><\/div>\n<nav><ul class='ez-toc-list ez-toc-list-level-1' ><ul class='ez-toc-list-level-2' ><li class='ez-toc-heading-level-2'><a class=\"ez-toc-link ez-toc-heading-1\" href=\"https:\/\/complex-systems-ai.com\/es\/analisis-de-software\/diagrama-de-secuencia\/#Diagramme-de-sequence\" >Diagrama de secuencia<\/a><\/li><\/ul><\/li><li class='ez-toc-page-1 ez-toc-heading-level-1'><a class=\"ez-toc-link ez-toc-heading-2\" href=\"https:\/\/complex-systems-ai.com\/es\/analisis-de-software\/diagrama-de-secuencia\/#Ligne-de-vie-des-objets\" >L\u00ednea de vida del objeto<\/a><\/li><li class='ez-toc-page-1 ez-toc-heading-level-1'><a class=\"ez-toc-link ez-toc-heading-3\" href=\"https:\/\/complex-systems-ai.com\/es\/analisis-de-software\/diagrama-de-secuencia\/#Messages-et-activites\" >Mensajes y actividades<\/a><\/li><li class='ez-toc-page-1 ez-toc-heading-level-1'><a class=\"ez-toc-link ez-toc-heading-4\" href=\"https:\/\/complex-systems-ai.com\/es\/analisis-de-software\/diagrama-de-secuencia\/#Exemple\" >Ejemplo<\/a><\/li><\/ul><\/nav><\/div>\n<h2><span class=\"ez-toc-section\" id=\"Diagramme-de-sequence\"><\/span>Diagrama de secuencia<span class=\"ez-toc-section-end\"><\/span><\/h2>\n<p>los <b>diagrama de secuencia<\/b> es la representaci\u00f3n gr\u00e1fica de las interacciones entre los actores y el sistema en orden cronol\u00f3gico en la formulaci\u00f3n del Lenguaje Unificado de Modelado:<\/p>\n\n<ul class=\"wp-block-list\">\n<li>Descripci\u00f3n del orden de interacciones entre los objetos que componen el sistema.<\/li>\n<li>Representaci\u00f3n centrada en la secuencia de interacciones desde un punto de vista temporal.<\/li>\n<\/ul>\n\n<p>Los diagramas de secuencia son diagramas de interacci\u00f3n como los diagramas de colaboraci\u00f3n. Son adecuados para modelar los aspectos din\u00e1micos de sistemas en tiempo real y escenarios complejos que involucran pocos objetos.<\/p>\n\n<p>Una interacci\u00f3n da como resultado el env\u00edo de un mensaje entre objetos. El diagrama de secuencia permite mostrar los objetos involucrados en la interacci\u00f3n; descripci\u00f3n de la interacci\u00f3n y las interacciones entre las partes interesadas.<\/p>\n\n<h1 class=\"wp-block-heading\"><span class=\"ez-toc-section\" id=\"Ligne-de-vie-des-objets\"><\/span>L\u00ednea de vida del objeto<span class=\"ez-toc-section-end\"><\/span><\/h1>\n\n<p>El objeto se compone de su funci\u00f3n y \/ o el nombre de la clase instanciada. El nombre est\u00e1 subrayado para indicar que es una instancia. Un objeto siempre va acompa\u00f1ado de su l\u00ednea de vida. Est\u00e1 representado por una l\u00ednea vertical debajo del objeto. Representa el per\u00edodo de tiempo durante el cual existe el objeto instanciado.<\/p>\n\n<p>Para representar la creaci\u00f3n de un objeto, un mensaje apunta al s\u00edmbolo del objeto. La destrucci\u00f3n del objeto est\u00e1 representada por el final de su l\u00ednea de vida.<\/p>\n\n<figure class=\"wp-block-image size-large\"><img fetchpriority=\"high\" decoding=\"async\" class=\"alignnone wp-image-4573 size-full\" src=\"https:\/\/complex-systems-ai.com\/wp-content\/uploads\/2016\/09\/seq1.png\" alt=\"diagrama de secuencia uml de l\u00ednea de vida\" width=\"280\" height=\"202\" title=\"\"><\/figure>\n\n<h1 class=\"wp-block-heading\"><span class=\"ez-toc-section\" id=\"Messages-et-activites\"><\/span>Mensajes y actividades<span class=\"ez-toc-section-end\"><\/span><\/h1>\n\n<p>Los objetos se comunican intercambiando mensajes representados en forma de flechas. La dimensi\u00f3n vertical representa el paso del tiempo. Por tanto, un mensaje colocado debajo de otro se enviar\u00e1 despu\u00e9s del primero. Los mensajes a menudo se etiquetan por el nombre de la operaci\u00f3n o la se\u00f1al invocada. El mensaje puede representar una activaci\u00f3n de los objetos, una etiqueta, ser un env\u00edo secuencial o un env\u00edo paralelo de n instancias del mismo mensaje y puede tener argumentos.<\/p>\n\n<p>Se muestra un mensaje de devoluci\u00f3n de resultados con l\u00edneas de puntos. el env\u00edo de mensajes recursivos est\u00e1 representado por una duplicaci\u00f3n de la banda de activaci\u00f3n. Un objeto puede enviarse un mensaje a s\u00ed mismo.<\/p>\n\n<p>Los mensajes se env\u00edan principalmente durante una actividad y desencadenan otras actividades. Un per\u00edodo de actividad es el tiempo durante el cual un objeto realiza una acci\u00f3n directa o indirecta. Est\u00e1 representado por una franja vertical a lo largo de la l\u00ednea de vida del objeto.<\/p>\n\n<figure class=\"wp-block-image size-large\"><img decoding=\"async\" class=\"alignnone wp-image-4583 size-full\" src=\"https:\/\/complex-systems-ai.com\/wp-content\/uploads\/2016\/09\/seq2.png\" alt=\"actividad de mensaje de l\u00ednea de vida de diagrama de secuencia de uml\" width=\"465\" height=\"133\" title=\"\" srcset=\"https:\/\/complex-systems-ai.com\/wp-content\/uploads\/2016\/09\/seq2.png 465w, https:\/\/complex-systems-ai.com\/wp-content\/uploads\/2016\/09\/seq2-300x86.png 300w\" sizes=\"(max-width: 465px) 100vw, 465px\" \/><\/figure>\n\n<h1 class=\"wp-block-heading\"><span class=\"ez-toc-section\" id=\"Exemple\"><\/span>Ejemplo<span class=\"ez-toc-section-end\"><\/span><\/h1>\n\n<p>Tomemos un ejemplo con una condici\u00f3n:<\/p>\n\n<figure class=\"wp-block-image size-large\"><img decoding=\"async\" class=\"alignnone wp-image-4593 size-full\" src=\"https:\/\/complex-systems-ai.com\/wp-content\/uploads\/2016\/09\/seq3.png\" alt=\"actividad de mensaje de l\u00ednea de vida de diagrama de secuencia de uml\" width=\"426\" height=\"521\" title=\"\" srcset=\"https:\/\/complex-systems-ai.com\/wp-content\/uploads\/2016\/09\/seq3.png 426w, https:\/\/complex-systems-ai.com\/wp-content\/uploads\/2016\/09\/seq3-245x300.png 245w\" sizes=\"(max-width: 426px) 100vw, 426px\" \/><\/figure>\n\n<p>O un bucle:<\/p>\n\n<figure class=\"wp-block-image size-large\"><img loading=\"lazy\" decoding=\"async\" class=\"alignnone wp-image-4597 size-full\" src=\"https:\/\/complex-systems-ai.com\/wp-content\/uploads\/2016\/09\/seq4.png\" alt=\"actividad de mensaje de l\u00ednea de vida de diagrama de secuencia de uml\" width=\"374\" height=\"141\" title=\"\" srcset=\"https:\/\/complex-systems-ai.com\/wp-content\/uploads\/2016\/09\/seq4.png 374w, https:\/\/complex-systems-ai.com\/wp-content\/uploads\/2016\/09\/seq4-300x113.png 300w\" sizes=\"(max-width: 374px) 100vw, 374px\" \/><\/figure>\n\t\t\t\t\t\t\t\t<\/div>\n\t\t\t\t<\/div>\n\t\t\t\t\t<\/div>\n\t\t<\/div>\n\t\t\t\t\t<\/div>\n\t\t<\/section>\n\t\t\t\t<\/div>","protected":false},"excerpt":{"rendered":"<p>An\u00e1lisis de software P\u00e1gina principal Wiki Diagrama de secuencia El diagrama de secuencia es la representaci\u00f3n gr\u00e1fica de las interacciones entre los actores y el sistema seg\u00fan \u2026 <\/p>","protected":false},"author":1,"featured_media":0,"parent":4609,"menu_order":0,"comment_status":"closed","ping_status":"closed","template":"","meta":{"footnotes":""},"class_list":["post-4248","page","type-page","status-publish","hentry"],"amp_enabled":true,"_links":{"self":[{"href":"https:\/\/complex-systems-ai.com\/es\/wp-json\/wp\/v2\/pages\/4248","targetHints":{"allow":["GET"]}}],"collection":[{"href":"https:\/\/complex-systems-ai.com\/es\/wp-json\/wp\/v2\/pages"}],"about":[{"href":"https:\/\/complex-systems-ai.com\/es\/wp-json\/wp\/v2\/types\/page"}],"author":[{"embeddable":true,"href":"https:\/\/complex-systems-ai.com\/es\/wp-json\/wp\/v2\/users\/1"}],"replies":[{"embeddable":true,"href":"https:\/\/complex-systems-ai.com\/es\/wp-json\/wp\/v2\/comments?post=4248"}],"version-history":[{"count":4,"href":"https:\/\/complex-systems-ai.com\/es\/wp-json\/wp\/v2\/pages\/4248\/revisions"}],"predecessor-version":[{"id":17948,"href":"https:\/\/complex-systems-ai.com\/es\/wp-json\/wp\/v2\/pages\/4248\/revisions\/17948"}],"up":[{"embeddable":true,"href":"https:\/\/complex-systems-ai.com\/es\/wp-json\/wp\/v2\/pages\/4609"}],"wp:attachment":[{"href":"https:\/\/complex-systems-ai.com\/es\/wp-json\/wp\/v2\/media?parent=4248"}],"curies":[{"name":"gracias","href":"https:\/\/api.w.org\/{rel}","templated":true}]}}