{"id":4682,"date":"2016-09-28T13:05:15","date_gmt":"2016-09-28T12:05:15","guid":{"rendered":"http:\/\/smart--grid.net\/?page_id=4682"},"modified":"2022-12-03T23:00:12","modified_gmt":"2022-12-03T22:00:12","slug":"diagramme-de-communication","status":"publish","type":"page","link":"https:\/\/complex-systems-ai.com\/es\/analisis-de-software\/diagrama-de-comunicacion\/","title":{"rendered":"Diagrama de comunicaci\u00f3n"},"content":{"rendered":"\t\t<div data-elementor-type=\"wp-page\" data-elementor-id=\"4682\" class=\"elementor elementor-4682\">\n\t\t\t\t\t\t<section class=\"elementor-section elementor-top-section elementor-element elementor-element-83967e6 elementor-section-boxed elementor-section-height-default elementor-section-height-default\" data-id=\"83967e6\" data-element_type=\"section\" data-e-type=\"section\">\n\t\t\t\t\t\t<div class=\"elementor-container elementor-column-gap-default\">\n\t\t\t\t\t<div class=\"elementor-column elementor-col-33 elementor-top-column elementor-element elementor-element-bdceed9\" data-id=\"bdceed9\" data-element_type=\"column\" data-e-type=\"column\">\n\t\t\t<div class=\"elementor-widget-wrap elementor-element-populated\">\n\t\t\t\t\t\t<div class=\"elementor-element elementor-element-1d02e5e elementor-align-justify elementor-widget elementor-widget-button\" data-id=\"1d02e5e\" data-element_type=\"widget\" data-e-type=\"widget\" data-widget_type=\"button.default\">\n\t\t\t\t<div class=\"elementor-widget-container\">\n\t\t\t\t\t\t\t\t\t<div class=\"elementor-button-wrapper\">\n\t\t\t\t\t<a class=\"elementor-button elementor-button-link elementor-size-sm\" href=\"https:\/\/complex-systems-ai.com\/analyse-logicielle\/\">\n\t\t\t\t\t\t<span class=\"elementor-button-content-wrapper\">\n\t\t\t\t\t\t\t\t\t<span class=\"elementor-button-text\">Analyse logicielle<\/span>\n\t\t\t\t\t<\/span>\n\t\t\t\t\t<\/a>\n\t\t\t\t<\/div>\n\t\t\t\t\t\t\t\t<\/div>\n\t\t\t\t<\/div>\n\t\t\t\t\t<\/div>\n\t\t<\/div>\n\t\t\t\t<div class=\"elementor-column elementor-col-33 elementor-top-column elementor-element elementor-element-1707ebc\" data-id=\"1707ebc\" data-element_type=\"column\" data-e-type=\"column\">\n\t\t\t<div class=\"elementor-widget-wrap elementor-element-populated\">\n\t\t\t\t\t\t<div class=\"elementor-element elementor-element-12d51b6 elementor-align-justify elementor-widget elementor-widget-button\" data-id=\"12d51b6\" data-element_type=\"widget\" data-e-type=\"widget\" data-widget_type=\"button.default\">\n\t\t\t\t<div class=\"elementor-widget-container\">\n\t\t\t\t\t\t\t\t\t<div class=\"elementor-button-wrapper\">\n\t\t\t\t\t<a class=\"elementor-button elementor-button-link elementor-size-sm\" href=\"https:\/\/complex-systems-ai.com\/\">\n\t\t\t\t\t\t<span class=\"elementor-button-content-wrapper\">\n\t\t\t\t\t\t\t\t\t<span class=\"elementor-button-text\">Page d'accueil<\/span>\n\t\t\t\t\t<\/span>\n\t\t\t\t\t<\/a>\n\t\t\t\t<\/div>\n\t\t\t\t\t\t\t\t<\/div>\n\t\t\t\t<\/div>\n\t\t\t\t\t<\/div>\n\t\t<\/div>\n\t\t\t\t<div class=\"elementor-column elementor-col-33 elementor-top-column elementor-element elementor-element-874ffaf\" data-id=\"874ffaf\" data-element_type=\"column\" data-e-type=\"column\">\n\t\t\t<div class=\"elementor-widget-wrap elementor-element-populated\">\n\t\t\t\t\t\t<div class=\"elementor-element elementor-element-0e2d81d elementor-align-justify elementor-widget elementor-widget-button\" data-id=\"0e2d81d\" data-element_type=\"widget\" data-e-type=\"widget\" data-widget_type=\"button.default\">\n\t\t\t\t<div class=\"elementor-widget-container\">\n\t\t\t\t\t\t\t\t\t<div class=\"elementor-button-wrapper\">\n\t\t\t\t\t<a class=\"elementor-button elementor-button-link elementor-size-sm\" href=\"https:\/\/fr.wikipedia.org\/wiki\/Diagramme_de_communication\" target=\"_blank\" rel=\"noopener\">\n\t\t\t\t\t\t<span class=\"elementor-button-content-wrapper\">\n\t\t\t\t\t\t\t\t\t<span class=\"elementor-button-text\">Wiki<\/span>\n\t\t\t\t\t<\/span>\n\t\t\t\t\t<\/a>\n\t\t\t\t<\/div>\n\t\t\t\t\t\t\t\t<\/div>\n\t\t\t\t<\/div>\n\t\t\t\t\t<\/div>\n\t\t<\/div>\n\t\t\t\t\t<\/div>\n\t\t<\/section>\n\t\t\t\t<section class=\"elementor-section elementor-top-section elementor-element elementor-element-646faa46 elementor-section-boxed elementor-section-height-default elementor-section-height-default\" data-id=\"646faa46\" data-element_type=\"section\" data-e-type=\"section\">\n\t\t\t\t\t\t<div class=\"elementor-container elementor-column-gap-default\">\n\t\t\t\t\t<div class=\"elementor-column elementor-col-100 elementor-top-column elementor-element elementor-element-3e4da01a\" data-id=\"3e4da01a\" data-element_type=\"column\" data-e-type=\"column\">\n\t\t\t<div class=\"elementor-widget-wrap elementor-element-populated\">\n\t\t\t\t\t\t<div class=\"elementor-element elementor-element-44c97765 elementor-widget elementor-widget-text-editor\" data-id=\"44c97765\" data-element_type=\"widget\" data-e-type=\"widget\" data-widget_type=\"text-editor.default\">\n\t\t\t\t<div class=\"elementor-widget-container\">\n\t\t\t\t\t\t\t\t\t\n<div id=\"ez-toc-container\" class=\"ez-toc-v2_0_82_2 counter-hierarchy ez-toc-counter ez-toc-grey ez-toc-container-direction\">\n<div class=\"ez-toc-title-container\">\n<p class=\"ez-toc-title\" style=\"cursor:inherit\">Contenus<\/p>\n<span class=\"ez-toc-title-toggle\"><a href=\"#\" class=\"ez-toc-pull-right ez-toc-btn ez-toc-btn-xs ez-toc-btn-default ez-toc-toggle\" aria-label=\"Alternar tabla de contenidos\"><span class=\"ez-toc-js-icon-con\"><span class=\"\"><span class=\"eztoc-hide\" style=\"display:none;\">Toggle<\/span><span class=\"ez-toc-icon-toggle-span\"><svg style=\"fill: #999;color:#999\" xmlns=\"http:\/\/www.w3.org\/2000\/svg\" class=\"list-377408\" width=\"20px\" height=\"20px\" viewBox=\"0 0 24 24\" fill=\"none\"><path d=\"M6 6H4v2h2V6zm14 0H8v2h12V6zM4 11h2v2H4v-2zm16 0H8v2h12v-2zM4 16h2v2H4v-2zm16 0H8v2h12v-2z\" fill=\"currentColor\"><\/path><\/svg><svg style=\"fill: #999;color:#999\" class=\"arrow-unsorted-368013\" xmlns=\"http:\/\/www.w3.org\/2000\/svg\" width=\"10px\" height=\"10px\" viewBox=\"0 0 24 24\" version=\"1.2\" baseProfile=\"tiny\"><path d=\"M18.2 9.3l-6.2-6.3-6.2 6.3c-.2.2-.3.4-.3.7s.1.5.3.7c.2.2.4.3.7.3h11c.3 0 .5-.1.7-.3.2-.2.3-.5.3-.7s-.1-.5-.3-.7zM5.8 14.7l6.2 6.3 6.2-6.3c.2-.2.3-.5.3-.7s-.1-.5-.3-.7c-.2-.2-.4-.3-.7-.3h-11c-.3 0-.5.1-.7.3-.2.2-.3.5-.3.7s.1.5.3.7z\"\/><\/svg><\/span><\/span><\/span><\/a><\/span><\/div>\n<nav><ul class='ez-toc-list ez-toc-list-level-1 ' ><ul class='ez-toc-list-level-2' ><li class='ez-toc-heading-level-2'><a class=\"ez-toc-link ez-toc-heading-1\" href=\"https:\/\/complex-systems-ai.com\/es\/analisis-de-software\/diagrama-de-comunicacion\/#Diagramme-de-communication\" >Diagramme de communication<\/a><\/li><\/ul><\/li><li class='ez-toc-page-1 ez-toc-heading-level-1'><a class=\"ez-toc-link ez-toc-heading-2\" href=\"https:\/\/complex-systems-ai.com\/es\/analisis-de-software\/diagrama-de-comunicacion\/#Objets-et-communication\" >Objets et communication<\/a><\/li><\/ul><\/nav><\/div>\n<h2><span class=\"ez-toc-section\" id=\"Diagramme-de-communication\"><\/span>Diagramme de communication<span class=\"ez-toc-section-end\"><\/span><\/h2>\n<p>Le diagramme de communication est similaire au <a href=\"https:\/\/complex-systems-ai.com\/es\/analisis-de-software\/diagrama-de-tiempo\/\">diagramme de temps<\/a>. La diff\u00e9rence entre ces deux diagrammes est que le premier ne poss\u00e8de pas de ligne de vie. Le diagramme place les objets (les participants) et les interactions entre eux. Cela permet de visionner le comportement collectif d&rsquo;objets en vue de r\u00e9aliser une op\u00e9ration. Le diagramme de communication repr\u00e9sente les collaborations (collection d&rsquo;objets) : les relations, les fonctionnalit\u00e9 et les communications.<\/p>\n\n<p>On utilise le diagramme de communication lorsqu&rsquo;on d\u00e9bute un projet, cela permet de clarifier le domaine d&rsquo;\u00e9tude, de cadrer le projet. Il est aussi utile pour repr\u00e9senter la collaboration entre le domaine d&rsquo;\u00e9tude et les partenaires \u00e0 l&rsquo;aide des flux entrantes, sortants, les acteurs externes et les domaines connexes.<\/p>\n\n<h1 class=\"wp-block-heading\"><span class=\"ez-toc-section\" id=\"Objets-et-communication\"><\/span>Objets et communication<span class=\"ez-toc-section-end\"><\/span><\/h1>\n\n<p>Les objets sont repr\u00e9sent\u00e9s par un rectangle contenant le nom de la classe et\/ou le nom de l&rsquo;objet. Les objets communiquent via des messages : synchrone en fl\u00e8che pleine, asynchrone en fl\u00e8che vide, message aller en trait plein, message retour en pointill\u00e9.<\/p>\n\n<ul class=\"wp-block-list\">\n<li>Synchrone : Un message est envoy\u00e9 par \u00e0 un objet \u00e0 un autre, et le premier objet attends jusqu\u2019\u00e0 ce que l\u2019action ai finie.<\/li>\n<li>Asynchrone : Un message est envoy\u00e9 par \u00e0 un objet \u00e0 un autre, mais le premier objet n\u2019attends pas la fin de l\u2019action.<\/li>\n<li>Aller : Chaque fl\u00e8che repr\u00e9sente une progression d\u2019une \u00e9tape \u00e0 une autre dans la s\u00e9quence. La plupart asynchrone.<\/li>\n<li>Retour : Le retour explicite d\u2019un objet \u00e0 qui le message \u00e9tait envoy\u00e9.<\/li>\n<\/ul>\n\n<p>Les messages poss\u00e8de une indication au message envoy\u00e9 :<\/p>\n\n<ul class=\"wp-block-list\">\n<li style=\"text-align: justify;\">Messages envoy\u00e9s en m\u00eame temps : Utilisation de la notation Chiffre-Lettre<\/li>\n<li style=\"text-align: justify;\">Messages invoqu\u00e9s plusieurs fois : Contrainte de boucle * [i=0..9]<\/li>\n<li style=\"text-align: justify;\">Messages envoy\u00e9s \u00e0 une condition : Ajout d\u2019une expression logique [condition = true]<\/li>\n<li style=\"text-align: justify;\">Messages envoy\u00e9s \u00e0 lui m\u00eame : Une boucle<\/li>\n<\/ul>\n\n<figure class=\"wp-block-image size-large\"><img fetchpriority=\"high\" decoding=\"async\" class=\"alignnone wp-image-4898 size-full\" src=\"https:\/\/complex-systems-ai.com\/wp-content\/uploads\/2016\/09\/fig7_6.png\" alt=\"diagramme de communication uml \" width=\"682\" height=\"272\" title=\"\" srcset=\"https:\/\/complex-systems-ai.com\/wp-content\/uploads\/2016\/09\/fig7_6.png 682w, https:\/\/complex-systems-ai.com\/wp-content\/uploads\/2016\/09\/fig7_6-300x120.png 300w\" sizes=\"(max-width: 682px) 100vw, 682px\" \/><\/figure>\n\t\t\t\t\t\t\t\t<\/div>\n\t\t\t\t<\/div>\n\t\t\t\t\t<\/div>\n\t\t<\/div>\n\t\t\t\t\t<\/div>\n\t\t<\/section>\n\t\t\t\t<\/div>\n\t\t","protected":false},"excerpt":{"rendered":"<p>An\u00e1lisis de software P\u00e1gina de inicio de Wiki Diagrama de comunicaci\u00f3n El diagrama de comunicaci\u00f3n es similar al diagrama de tiempos. La diferencia entre estos dos diagramas es... <\/p>","protected":false},"author":1,"featured_media":0,"parent":4609,"menu_order":0,"comment_status":"closed","ping_status":"closed","template":"","meta":{"footnotes":""},"class_list":["post-4682","page","type-page","status-publish","hentry"],"amp_enabled":true,"_links":{"self":[{"href":"https:\/\/complex-systems-ai.com\/es\/wp-json\/wp\/v2\/pages\/4682","targetHints":{"allow":["GET"]}}],"collection":[{"href":"https:\/\/complex-systems-ai.com\/es\/wp-json\/wp\/v2\/pages"}],"about":[{"href":"https:\/\/complex-systems-ai.com\/es\/wp-json\/wp\/v2\/types\/page"}],"author":[{"embeddable":true,"href":"https:\/\/complex-systems-ai.com\/es\/wp-json\/wp\/v2\/users\/1"}],"replies":[{"embeddable":true,"href":"https:\/\/complex-systems-ai.com\/es\/wp-json\/wp\/v2\/comments?post=4682"}],"version-history":[{"count":4,"href":"https:\/\/complex-systems-ai.com\/es\/wp-json\/wp\/v2\/pages\/4682\/revisions"}],"predecessor-version":[{"id":17949,"href":"https:\/\/complex-systems-ai.com\/es\/wp-json\/wp\/v2\/pages\/4682\/revisions\/17949"}],"up":[{"embeddable":true,"href":"https:\/\/complex-systems-ai.com\/es\/wp-json\/wp\/v2\/pages\/4609"}],"wp:attachment":[{"href":"https:\/\/complex-systems-ai.com\/es\/wp-json\/wp\/v2\/media?parent=4682"}],"curies":[{"name":"gracias","href":"https:\/\/api.w.org\/{rel}","templated":true}]}}