{"id":4689,"date":"2016-09-19T10:19:50","date_gmt":"2016-09-19T09:19:50","guid":{"rendered":"http:\/\/smart--grid.net\/?page_id=4689"},"modified":"2022-12-03T23:00:12","modified_gmt":"2022-12-03T22:00:12","slug":"diagramme-de-cas-dutilisation","status":"publish","type":"page","link":"https:\/\/complex-systems-ai.com\/es\/analisis-de-software\/use-el-diagrama-del-caso\/","title":{"rendered":"Use el diagrama del caso"},"content":{"rendered":"<div data-elementor-type=\"wp-page\" data-elementor-id=\"4689\" class=\"elementor elementor-4689\">\n\t\t\t\t\t\t<section class=\"elementor-section elementor-top-section elementor-element elementor-element-47f0fe4 elementor-section-boxed elementor-section-height-default elementor-section-height-default\" data-id=\"47f0fe4\" data-element_type=\"section\" data-e-type=\"section\">\n\t\t\t\t\t\t<div class=\"elementor-container elementor-column-gap-default\">\n\t\t\t\t\t<div class=\"elementor-column elementor-col-33 elementor-top-column elementor-element elementor-element-73ad3f9\" data-id=\"73ad3f9\" data-element_type=\"column\" data-e-type=\"column\">\n\t\t\t<div class=\"elementor-widget-wrap elementor-element-populated\">\n\t\t\t\t\t\t<div class=\"elementor-element elementor-element-1598e41 elementor-align-justify elementor-widget elementor-widget-button\" data-id=\"1598e41\" data-element_type=\"widget\" data-e-type=\"widget\" data-widget_type=\"button.default\">\n\t\t\t\t<div class=\"elementor-widget-container\">\n\t\t\t\t\t\t\t\t\t<div class=\"elementor-button-wrapper\">\n\t\t\t\t\t<a class=\"elementor-button elementor-button-link elementor-size-sm\" href=\"https:\/\/complex-systems-ai.com\/es\/analisis-de-software\/\">\n\t\t\t\t\t\t<span class=\"elementor-button-content-wrapper\">\n\t\t\t\t\t\t\t\t\t<span class=\"elementor-button-text\">An\u00e1lisis de software<\/span>\n\t\t\t\t\t<\/span>\n\t\t\t\t\t<\/a>\n\t\t\t\t<\/div>\n\t\t\t\t\t\t\t\t<\/div>\n\t\t\t\t<\/div>\n\t\t\t\t\t<\/div>\n\t\t<\/div>\n\t\t\t\t<div class=\"elementor-column elementor-col-33 elementor-top-column elementor-element elementor-element-045d048\" data-id=\"045d048\" data-element_type=\"column\" data-e-type=\"column\">\n\t\t\t<div class=\"elementor-widget-wrap elementor-element-populated\">\n\t\t\t\t\t\t<div class=\"elementor-element elementor-element-d416ba5 elementor-align-justify elementor-widget elementor-widget-button\" data-id=\"d416ba5\" data-element_type=\"widget\" data-e-type=\"widget\" data-widget_type=\"button.default\">\n\t\t\t\t<div class=\"elementor-widget-container\">\n\t\t\t\t\t\t\t\t\t<div class=\"elementor-button-wrapper\">\n\t\t\t\t\t<a class=\"elementor-button elementor-button-link elementor-size-sm\" href=\"https:\/\/complex-systems-ai.com\/es\/\">\n\t\t\t\t\t\t<span class=\"elementor-button-content-wrapper\">\n\t\t\t\t\t\t\t\t\t<span class=\"elementor-button-text\">Pagina de inicio<\/span>\n\t\t\t\t\t<\/span>\n\t\t\t\t\t<\/a>\n\t\t\t\t<\/div>\n\t\t\t\t\t\t\t\t<\/div>\n\t\t\t\t<\/div>\n\t\t\t\t\t<\/div>\n\t\t<\/div>\n\t\t\t\t<div class=\"elementor-column elementor-col-33 elementor-top-column elementor-element elementor-element-4d94113\" data-id=\"4d94113\" data-element_type=\"column\" data-e-type=\"column\">\n\t\t\t<div class=\"elementor-widget-wrap elementor-element-populated\">\n\t\t\t\t\t\t<div class=\"elementor-element elementor-element-e7ca87c elementor-align-justify elementor-widget elementor-widget-button\" data-id=\"e7ca87c\" data-element_type=\"widget\" data-e-type=\"widget\" data-widget_type=\"button.default\">\n\t\t\t\t<div class=\"elementor-widget-container\">\n\t\t\t\t\t\t\t\t\t<div class=\"elementor-button-wrapper\">\n\t\t\t\t\t<a class=\"elementor-button elementor-button-link elementor-size-sm\" href=\"https:\/\/fr.wikipedia.org\/wiki\/Diagramme_de_cas_d%27utilisation\" target=\"_blank\" rel=\"noopener\">\n\t\t\t\t\t\t<span class=\"elementor-button-content-wrapper\">\n\t\t\t\t\t\t\t\t\t<span class=\"elementor-button-text\">Wiki<\/span>\n\t\t\t\t\t<\/span>\n\t\t\t\t\t<\/a>\n\t\t\t\t<\/div>\n\t\t\t\t\t\t\t\t<\/div>\n\t\t\t\t<\/div>\n\t\t\t\t\t<\/div>\n\t\t<\/div>\n\t\t\t\t\t<\/div>\n\t\t<\/section>\n\t\t\t\t<section class=\"elementor-section elementor-top-section elementor-element elementor-element-102829c1 elementor-section-boxed elementor-section-height-default elementor-section-height-default\" data-id=\"102829c1\" data-element_type=\"section\" data-e-type=\"section\">\n\t\t\t\t\t\t<div class=\"elementor-container elementor-column-gap-default\">\n\t\t\t\t\t<div class=\"elementor-column elementor-col-100 elementor-top-column elementor-element elementor-element-1e8a8352\" data-id=\"1e8a8352\" data-element_type=\"column\" data-e-type=\"column\">\n\t\t\t<div class=\"elementor-widget-wrap elementor-element-populated\">\n\t\t\t\t\t\t<div class=\"elementor-element elementor-element-30816b9a elementor-widget elementor-widget-text-editor\" data-id=\"30816b9a\" data-element_type=\"widget\" data-e-type=\"widget\" data-widget_type=\"text-editor.default\">\n\t\t\t\t<div class=\"elementor-widget-container\">\n\t\t\t\t\t\t\t\t\t\n<div id=\"ez-toc-container\" class=\"ez-toc-v2_0_82_2 counter-hierarchy ez-toc-counter ez-toc-grey ez-toc-container-direction\">\n<div class=\"ez-toc-title-container\">\n<p class=\"ez-toc-title\" style=\"cursor:inherit\">Contenido<\/p>\n<span class=\"ez-toc-title-toggle\"><a href=\"#\" class=\"ez-toc-pull-right ez-toc-btn ez-toc-btn-xs ez-toc-btn-default ez-toc-toggle\" aria-label=\"Tabla de contenido alternativo\"><span class=\"ez-toc-js-icon-con\"><span class=\"\"><span class=\"eztoc-hide\" style=\"display:none;\">Palanca<\/span><span class=\"ez-toc-icon-toggle-span\"><svg style=\"fill: #999;color:#999\" xmlns=\"http:\/\/www.w3.org\/2000\/svg\" class=\"list-377408\" width=\"20px\" height=\"20px\" viewbox=\"0 0 24 24\" fill=\"none\"><path d=\"M6 6H4v2h2V6zm14 0H8v2h12V6zM4 11h2v2H4v-2zm16 0H8v2h12v-2zM4 16h2v2H4v-2zm16 0H8v2h12v-2z\" fill=\"currentColor\"><\/path><\/svg><svg style=\"fill: #999;color:#999\" class=\"arrow-unsorted-368013\" xmlns=\"http:\/\/www.w3.org\/2000\/svg\" width=\"10px\" height=\"10px\" viewbox=\"0 0 24 24\" version=\"1.2\" baseprofile=\"tiny\"><path d=\"M18.2 9.3l-6.2-6.3-6.2 6.3c-.2.2-.3.4-.3.7s.1.5.3.7c.2.2.4.3.7.3h11c.3 0 .5-.1.7-.3.2-.2.3-.5.3-.7s-.1-.5-.3-.7zM5.8 14.7l6.2 6.3 6.2-6.3c.2-.2.3-.5.3-.7s-.1-.5-.3-.7c-.2-.2-.4-.3-.7-.3h-11c-.3 0-.5.1-.7.3-.2.2-.3.5-.3.7s.1.5.3.7z\"\/><\/svg><\/span><\/span><\/span><\/a><\/span><\/div>\n<nav><ul class='ez-toc-list ez-toc-list-level-1' ><ul class='ez-toc-list-level-2' ><li class='ez-toc-heading-level-2'><a class=\"ez-toc-link ez-toc-heading-1\" href=\"https:\/\/complex-systems-ai.com\/es\/analisis-de-software\/use-el-diagrama-del-caso\/#Diagramme-de-cas-dutilisation\" >Use el diagrama del caso<\/a><\/li><\/ul><\/li><li class='ez-toc-page-1 ez-toc-heading-level-1'><a class=\"ez-toc-link ez-toc-heading-2\" href=\"https:\/\/complex-systems-ai.com\/es\/analisis-de-software\/use-el-diagrama-del-caso\/#Acteur\" >Actor<\/a><\/li><li class='ez-toc-page-1 ez-toc-heading-level-1'><a class=\"ez-toc-link ez-toc-heading-3\" href=\"https:\/\/complex-systems-ai.com\/es\/analisis-de-software\/use-el-diagrama-del-caso\/#Cas-dutilisation\" >Caso de uso<\/a><\/li><li class='ez-toc-page-1 ez-toc-heading-level-1'><a class=\"ez-toc-link ez-toc-heading-4\" href=\"https:\/\/complex-systems-ai.com\/es\/analisis-de-software\/use-el-diagrama-del-caso\/#Relations\" >Relaciones<\/a><\/li><\/ul><\/nav><\/div>\n<h2><span class=\"ez-toc-section\" id=\"Diagramme-de-cas-dutilisation\"><\/span>Use el diagrama del caso<span class=\"ez-toc-section-end\"><\/span><\/h2>\n<p>La primera pregunta que debe hacerse es: &quot;\u00bfPara qu\u00e9 se utilizar\u00e1 el software?&quot; &quot;. El diagrama de casos de uso. El diagrama de casos de uso incluye actores y casos de uso. Es importante proporcionar con un diagrama de uso una descripci\u00f3n detallada, si es posible, incluyendo un escenario nominal (secuencia t\u00edpica) y secuencias alternativas en los casos particulares.<\/p>\n\n<h1 class=\"wp-block-heading\"><span class=\"ez-toc-section\" id=\"Acteur\"><\/span>Actor<span class=\"ez-toc-section-end\"><\/span><\/h1>\n\n<p>Los primeros est\u00e1n representados por figuras. Un actor es una entidad externa al sistema modelado y que interact\u00faa directamente con \u00e9l. Los actores son los usuarios del sistema: software integrado, sistemas inform\u00e1ticos externos, un elemento externo al sistema con el que interact\u00faa.<\/p>\n\n<p>Por tanto, los actores son roles y no una persona f\u00edsica. Una persona f\u00edsica puede estar representada por diferentes actores. Si varias personas desempe\u00f1an el mismo papel frente al sistema, estar\u00e1n representadas por un solo actor.<\/p>\n\n<figure class=\"wp-block-image size-large\"><img decoding=\"async\" class=\"alignnone wp-image-4829 size-full\" src=\"https:\/\/complex-systems-ai.com\/wp-content\/uploads\/2016\/09\/casutilisation1.png\" alt=\"caso de uso diagrama uml actor relaci\u00f3n\" width=\"68\" height=\"98\" title=\"\"><\/figure>\n\n<h1 class=\"wp-block-heading\"><span class=\"ez-toc-section\" id=\"Cas-dutilisation\"><\/span>Caso de uso<span class=\"ez-toc-section-end\"><\/span><\/h1>\n\n<p>Un caso de uso es un servicio prestado a un actor, es una funcionalidad de este \u00faltimo. Los actores que solicitan servicios de los sistemas se denominan actores primarios. Cuando son convocados por el sistema, se denominan actores secundarios.<\/p>\n\n<figure class=\"wp-block-image size-large\"><img fetchpriority=\"high\" decoding=\"async\" class=\"alignnone wp-image-4840 size-full\" src=\"https:\/\/complex-systems-ai.com\/wp-content\/uploads\/2016\/09\/casutilisation2.png\" alt=\"caso de uso diagrama uml actor relaci\u00f3n\" width=\"530\" height=\"194\" title=\"\" srcset=\"https:\/\/complex-systems-ai.com\/wp-content\/uploads\/2016\/09\/casutilisation2.png 530w, https:\/\/complex-systems-ai.com\/wp-content\/uploads\/2016\/09\/casutilisation2-300x110.png 300w\" sizes=\"(max-width: 530px) 100vw, 530px\" \/><\/figure>\n\n<h1 class=\"wp-block-heading\"><span class=\"ez-toc-section\" id=\"Relations\"><\/span>Relaciones<span class=\"ez-toc-section-end\"><\/span><\/h1>\n\n<p>Hay varios tipos de relaci\u00f3n: entre actores, entre casos de uso o entre actor y casos de uso.<\/p>\n\n<p>Las relaciones entre actores simbolizan una generalizaci\u00f3n y est\u00e1n representadas por una l\u00ednea continua y una flecha vac\u00eda. Hay generalizaci\u00f3n entre A y B si podemos decir &quot;A es una especie de B&quot;. Esto equivaldr\u00eda a herencia en un lenguaje orientado a objetos.<\/p>\n\n<p>Hay dos posibles relaciones entre los casos de uso (ya hemos visto la generalizaci\u00f3n). La inclusi\u00f3n entre A y B significa que B es una parte obligatoria de A. En la otra direcci\u00f3n hablamos de extensi\u00f3n, B es una parte opcional de A. Est\u00e1 representada por una flecha punteada de A a B. En se puede leer A incluye B o B extiende A.<\/p>\n\n<p>las relaciones de inclusi\u00f3n y extensi\u00f3n permiten aislar un servicio reutilizable como parte de varios otros casos de uso, esto se denomina reutilizaci\u00f3n.<\/p>\n\n<figure class=\"wp-block-image size-large\"><img decoding=\"async\" class=\"alignnone wp-image-4856 size-full\" src=\"https:\/\/complex-systems-ai.com\/wp-content\/uploads\/2016\/09\/casutilisation3.png\" alt=\"caso de uso diagrama uml actor relaci\u00f3n\" width=\"472\" height=\"212\" title=\"\" srcset=\"https:\/\/complex-systems-ai.com\/wp-content\/uploads\/2016\/09\/casutilisation3.png 472w, https:\/\/complex-systems-ai.com\/wp-content\/uploads\/2016\/09\/casutilisation3-300x135.png 300w\" sizes=\"(max-width: 472px) 100vw, 472px\" \/><\/figure>\n\n<p>Puede suceder que un caso de uso cubra un conjunto de intercambios y tratamientos. En este caso, las relaciones de inclusi\u00f3n y extensi\u00f3n nos permiten escribir mejor el caso.<\/p>\n\n<figure class=\"wp-block-image size-large\"><img loading=\"lazy\" decoding=\"async\" class=\"alignnone wp-image-4861 size-full\" src=\"https:\/\/complex-systems-ai.com\/wp-content\/uploads\/2016\/09\/casutilisation4.png\" alt=\"caso de uso diagrama uml actor relaci\u00f3n\" width=\"460\" height=\"206\" title=\"\" srcset=\"https:\/\/complex-systems-ai.com\/wp-content\/uploads\/2016\/09\/casutilisation4.png 460w, https:\/\/complex-systems-ai.com\/wp-content\/uploads\/2016\/09\/casutilisation4-300x134.png 300w\" sizes=\"(max-width: 460px) 100vw, 460px\" \/><\/figure>\n\t\t\t\t\t\t\t\t<\/div>\n\t\t\t\t<\/div>\n\t\t\t\t\t<\/div>\n\t\t<\/div>\n\t\t\t\t\t<\/div>\n\t\t<\/section>\n\t\t\t\t<\/div>","protected":false},"excerpt":{"rendered":"<p>An\u00e1lisis de software P\u00e1gina de inicio de Wiki Diagrama de caso de uso La primera pregunta es: &quot;\u00bfPara qu\u00e9 se usar\u00e1 el software?&quot; &quot;. Los \u2026 <\/p>","protected":false},"author":1,"featured_media":0,"parent":4609,"menu_order":0,"comment_status":"closed","ping_status":"closed","template":"","meta":{"footnotes":""},"class_list":["post-4689","page","type-page","status-publish","hentry"],"amp_enabled":true,"_links":{"self":[{"href":"https:\/\/complex-systems-ai.com\/es\/wp-json\/wp\/v2\/pages\/4689","targetHints":{"allow":["GET"]}}],"collection":[{"href":"https:\/\/complex-systems-ai.com\/es\/wp-json\/wp\/v2\/pages"}],"about":[{"href":"https:\/\/complex-systems-ai.com\/es\/wp-json\/wp\/v2\/types\/page"}],"author":[{"embeddable":true,"href":"https:\/\/complex-systems-ai.com\/es\/wp-json\/wp\/v2\/users\/1"}],"replies":[{"embeddable":true,"href":"https:\/\/complex-systems-ai.com\/es\/wp-json\/wp\/v2\/comments?post=4689"}],"version-history":[{"count":4,"href":"https:\/\/complex-systems-ai.com\/es\/wp-json\/wp\/v2\/pages\/4689\/revisions"}],"predecessor-version":[{"id":17952,"href":"https:\/\/complex-systems-ai.com\/es\/wp-json\/wp\/v2\/pages\/4689\/revisions\/17952"}],"up":[{"embeddable":true,"href":"https:\/\/complex-systems-ai.com\/es\/wp-json\/wp\/v2\/pages\/4609"}],"wp:attachment":[{"href":"https:\/\/complex-systems-ai.com\/es\/wp-json\/wp\/v2\/media?parent=4689"}],"curies":[{"name":"gracias","href":"https:\/\/api.w.org\/{rel}","templated":true}]}}