{"id":5330,"date":"2017-01-18T12:30:55","date_gmt":"2017-01-18T11:30:55","guid":{"rendered":"http:\/\/smart--grid.net\/?page_id=5330"},"modified":"2022-12-03T23:00:27","modified_gmt":"2022-12-03T22:00:27","slug":"m1-ne-second-half-2016","status":"publish","type":"page","link":"https:\/\/complex-systems-ai.com\/es\/programacion-lineal\/m1-ne-segundo-semestre-2016\/","title":{"rendered":"M1 NE Segunda mitad de 2016"},"content":{"rendered":"<div data-elementor-type=\"wp-page\" data-elementor-id=\"5330\" class=\"elementor elementor-5330\">\n\t\t\t\t\t\t<section class=\"elementor-section elementor-top-section elementor-element elementor-element-5dccb974 elementor-section-boxed elementor-section-height-default elementor-section-height-default\" data-id=\"5dccb974\" data-element_type=\"section\" data-e-type=\"section\">\n\t\t\t\t\t\t<div class=\"elementor-container elementor-column-gap-default\">\n\t\t\t\t\t<div class=\"elementor-column elementor-col-100 elementor-top-column elementor-element elementor-element-3e941e4\" data-id=\"3e941e4\" data-element_type=\"column\" data-e-type=\"column\">\n\t\t\t<div class=\"elementor-widget-wrap elementor-element-populated\">\n\t\t\t\t\t\t<div class=\"elementor-element elementor-element-43120928 elementor-widget elementor-widget-text-editor\" data-id=\"43120928\" data-element_type=\"widget\" data-e-type=\"widget\" data-widget_type=\"text-editor.default\">\n\t\t\t\t<div class=\"elementor-widget-container\">\n\t\t\t\t\t\t\t\t\t<ul><li><a title=\"lecture1_course\" href=\"https:\/\/complex-systems-ai.com\/wp-content\/uploads\/2017\/01\/lecture1_course.pdf\">lectura1<\/a>: m\u00e9todo simplex, primario y dual, degeneraci\u00f3n<ul><li><a title=\"Pr\u00e1ctica1_1\" href=\"https:\/\/complex-systems-ai.com\/wp-content\/uploads\/2016\/05\/practice1_1.pdf\">Pr\u00e1ctica1_1<\/a>: costo sombra y ejemplo<\/li><li><a title=\"Pr\u00e1ctica1_2\" href=\"https:\/\/complex-systems-ai.com\/wp-content\/uploads\/2016\/05\/practice1_2.pdf\">Pr\u00e1ctica1_2<\/a>: complementario <a href=\"https:\/\/complex-systems-ai.com\/es\/programacion-lineal\/desviaciones-complementarias\/\">flojedad<\/a> teorema y ejemplo<ul><li><em><a title=\"Tutorial1\" href=\"https:\/\/complex-systems-ai.com\/wp-content\/uploads\/2016\/05\/tutorial11.pdf\">Tutorial1<\/a>: m\u00e9todo simplex<\/em><\/li><li><a title=\"tutorial1-arreglo\" href=\"https:\/\/complex-systems-ai.com\/wp-content\/uploads\/2016\/10\/tutorial1-correction1.pdf\">Tutorial1-correcci\u00f3n<\/a><ul><li><a href=\"http:\/\/www.youtube.com\/watch?v=gbL3vYq3cPk\" target=\"_blank\" rel=\"noopener\">M\u00e9todo gr\u00e1fico LPP Video<\/a><\/li><li><a href=\"http:\/\/www.youtube.com\/watch?v=8_D3gkrgeK8\" target=\"_blank\" rel=\"noopener\">Resolviendo un problema m\u00ednimo con video dual \u00a7 en este curso, usamos CS y dualidad fuerte para encontrar una soluci\u00f3n primaria \u00a7<\/a><\/li><li><a href=\"http:\/\/www.youtube.com\/watch?v=z7GwBXYrSyA&amp;t=176s\" target=\"_blank\" rel=\"noopener\">Usar CS para encontrar una soluci\u00f3n espec\u00edfica Video<\/a><\/li><\/ul><\/li><\/ul><\/li><\/ul><\/li><li><a title=\"lecture2_course\" href=\"https:\/\/complex-systems-ai.com\/wp-content\/uploads\/2016\/08\/lecture2_course.pdf\">lectura2<\/a>: problema de transporte, ma\u00edz del noroeste, matriz m\u00ednima, esquina de Vogel, <a href=\"https:\/\/complex-systems-ai.com\/es\/problema-de-planificacion\/escalon\/\">Escal\u00f3n<\/a> y casos especiales<ul><li><a title=\"Pr\u00e1ctica2_1\" href=\"https:\/\/complex-systems-ai.com\/wp-content\/uploads\/2016\/05\/practice2_1.pdf\">Pr\u00e1ctica2_1<\/a>: degeneraci\u00f3n<\/li><li><a title=\"Practice2_2\" href=\"https:\/\/complex-systems-ai.com\/wp-content\/uploads\/2016\/05\/practice2_2.pdf\">Practice2_2<\/a>: m\u00e9todo de distribuci\u00f3n modificado<\/li><li><a title=\"Pr\u00e1ctica2_3\" href=\"https:\/\/complex-systems-ai.com\/wp-content\/uploads\/2016\/05\/practice2_3.pdf\">Pr\u00e1ctica2_3<\/a>: modelo de flujo de red<ul><li><em><a title=\"Tutorial2\" href=\"https:\/\/complex-systems-ai.com\/wp-content\/uploads\/2016\/05\/tutorial21.pdf\">Tutorial2<\/a>: problemas de transporte<\/em><\/li><li><a title=\"tutorial2-correcci\u00f3n\" href=\"https:\/\/complex-systems-ai.com\/wp-content\/uploads\/2016\/10\/tutorial2-correction1.pdf\">Tutorial2-correcci\u00f3n<\/a><ul><li><a href=\"http:\/\/www.youtube.com\/watch?v=WZIyL6pcItY\" target=\"_blank\" rel=\"noopener\">Sistema de programaci\u00f3n lineal de un problema de transporte Video<\/a><\/li><li><a href=\"http:\/\/www.youtube.com\/watch?v=RZX2bmoCzLI\" target=\"_blank\" rel=\"noopener\">C\u00f3mo resolver un problema de transporte con Excel Video<\/a><\/li><li><a href=\"http:\/\/www.youtube.com\/watch?v=ItOuvM2KmD4\" target=\"_blank\" rel=\"noopener\">Video de inicializaci\u00f3n de problemas de transporte<\/a><\/li><li><a href=\"http:\/\/www.youtube.com\/watch?v=RGKQXBL2YWo\" target=\"_blank\" rel=\"noopener\">Video del m\u00e9todo de escalonamiento<\/a><\/li><\/ul><\/li><\/ul><\/li><\/ul><\/li><li><a title=\"lecture3_course\" href=\"https:\/\/complex-systems-ai.com\/wp-content\/uploads\/2016\/08\/lecture3_course.pdf\">lectura3<\/a>: problema de asignaci\u00f3n, m\u00e9todo h\u00fangaro<ul><li><a title=\"Pr\u00e1ctica3_1\" href=\"https:\/\/complex-systems-ai.com\/wp-content\/uploads\/2016\/05\/practice3_1.pdf\">Pr\u00e1ctica3_1<\/a>: proceso del m\u00e9todo h\u00fangaro<ul><li><em><a title=\"Tutorial3\" href=\"https:\/\/complex-systems-ai.com\/wp-content\/uploads\/2016\/05\/tutorial31.pdf\">Tutorial3<\/a>: problemas de asignaci\u00f3n<\/em><\/li><li><a title=\"tutorial3-correcci\u00f3n\" href=\"https:\/\/complex-systems-ai.com\/wp-content\/uploads\/2016\/10\/tutorial3-correction1.pdf\">Tutorial3-correcci\u00f3n<\/a><ul><li><a href=\"http:\/\/www.youtube.com\/watch?v=APTweXuMw3w\" target=\"_blank\" rel=\"noopener\">Sistema de programaci\u00f3n lineal de un problema de asignaci\u00f3n Video\u00a0<\/a><\/li><li><a href=\"http:\/\/www.youtube.com\/watch?v=SgrsVUzg8Bc\" target=\"_blank\" rel=\"noopener\">C\u00f3mo resolver un problema de asignaci\u00f3n con Excel Video<\/a><\/li><li><a href=\"http:\/\/www.youtube.com\/watch?v=dQDZNHwuuOY\" target=\"_blank\" rel=\"noopener\">Video del m\u00e9todo h\u00fangaro<\/a><\/li><li><a href=\"http:\/\/www.youtube.com\/watch?v=aPVtIhnwHPE\" target=\"_blank\" rel=\"noopener\">M\u00e9todo h\u00fangaro (maximizaci\u00f3n y desequilibrado) Video<\/a><\/li><\/ul><\/li><\/ul><\/li><\/ul><\/li><li style=\"text-align: justify;\"><a title=\"lecture4_course\" href=\"https:\/\/complex-systems-ai.com\/wp-content\/uploads\/2016\/08\/lecture4_course.pdf\">lectura4<\/a>: lea acerca del diagrama PERT, AON<ul><li style=\"text-align: justify;\"><a title=\"Pr\u00e1ctica4_1\" href=\"https:\/\/complex-systems-ai.com\/wp-content\/uploads\/2016\/05\/practice4_1.pdf\">Pr\u00e1ctica4_1<\/a>: Diagrama AON<\/li><li style=\"text-align: justify;\"><a title=\"Pr\u00e1ctica4_2\" href=\"https:\/\/complex-systems-ai.com\/wp-content\/uploads\/2016\/05\/practice4_2.pdf\">Pr\u00e1ctica4_2<\/a>: entregar una estimaci\u00f3n del proyecto<\/li><li style=\"text-align: justify;\"><a title=\"Pr\u00e1ctica4_3\" href=\"https:\/\/complex-systems-ai.com\/wp-content\/uploads\/2016\/05\/practice4_3.pdf\">Pr\u00e1ctica4_3<\/a>: presentaci\u00f3n de una l\u00ednea base de costos y cronogramas<\/li><\/ul><\/li><\/ul>\t\t\t\t\t\t\t\t<\/div>\n\t\t\t\t<\/div>\n\t\t\t\t\t<\/div>\n\t\t<\/div>\n\t\t\t\t\t<\/div>\n\t\t<\/section>\n\t\t\t\t<\/div>","protected":false},"excerpt":{"rendered":"<p>lecci\u00f3n 1: m\u00e9todo simplex, primal y dual, degeneraci\u00f3n Pr\u00e1ctica 1_1: costo sombra y ejemplo Pr\u00e1ctica 1_2: teorema de holgura complementario y ejemplo Tutorial 1: m\u00e9todo simplex Tutorial 1-correcci\u00f3n m\u00e9todo gr\u00e1fico LPP \u2026 <\/p>","protected":false},"author":1,"featured_media":0,"parent":486,"menu_order":0,"comment_status":"closed","ping_status":"closed","template":"","meta":{"footnotes":""},"class_list":["post-5330","page","type-page","status-publish","hentry"],"amp_enabled":true,"_links":{"self":[{"href":"https:\/\/complex-systems-ai.com\/es\/wp-json\/wp\/v2\/pages\/5330","targetHints":{"allow":["GET"]}}],"collection":[{"href":"https:\/\/complex-systems-ai.com\/es\/wp-json\/wp\/v2\/pages"}],"about":[{"href":"https:\/\/complex-systems-ai.com\/es\/wp-json\/wp\/v2\/types\/page"}],"author":[{"embeddable":true,"href":"https:\/\/complex-systems-ai.com\/es\/wp-json\/wp\/v2\/users\/1"}],"replies":[{"embeddable":true,"href":"https:\/\/complex-systems-ai.com\/es\/wp-json\/wp\/v2\/comments?post=5330"}],"version-history":[{"count":20,"href":"https:\/\/complex-systems-ai.com\/es\/wp-json\/wp\/v2\/pages\/5330\/revisions"}],"predecessor-version":[{"id":18568,"href":"https:\/\/complex-systems-ai.com\/es\/wp-json\/wp\/v2\/pages\/5330\/revisions\/18568"}],"up":[{"embeddable":true,"href":"https:\/\/complex-systems-ai.com\/es\/wp-json\/wp\/v2\/pages\/486"}],"wp:attachment":[{"href":"https:\/\/complex-systems-ai.com\/es\/wp-json\/wp\/v2\/media?parent=5330"}],"curies":[{"name":"gracias","href":"https:\/\/api.w.org\/{rel}","templated":true}]}}