{"id":6060,"date":"2018-03-05T13:15:45","date_gmt":"2018-03-05T12:15:45","guid":{"rendered":"http:\/\/smart--grid.net\/?page_id=6060"},"modified":"2022-12-03T23:00:29","modified_gmt":"2022-12-03T22:00:29","slug":"ilv-promo-2018-smart-cityenergy","status":"publish","type":"page","link":"https:\/\/complex-systems-ai.com\/es\/algoritmico\/ilv-promo-2018-smart-cityenergy\/","title":{"rendered":"ILV - Promo 2018 - CIUDAD INTELIGENTE Y ENERG\u00cdA"},"content":{"rendered":"<p>Curso en versi\u00f3n PDF y ejemplos.<\/p>\n<ol>\n<li><a title=\"SMA para redes inteligentes\" href=\"https:\/\/complex-systems-ai.com\/wp-content\/uploads\/2018\/03\/sma-pour-smart-grids.pdf\">Introducci\u00f3n al multiagente y reflexi\u00f3n sobre la casa inteligente<\/a><\/li>\n<li><a title=\"SMA para Smart Grids 2\" href=\"https:\/\/complex-systems-ai.com\/wp-content\/uploads\/2018\/03\/sma-pour-smart-grids-2.pdf\">Introducci\u00f3n a los agentes de modelado y redacci\u00f3n<\/a>\n<ul>\n<li><a title=\"agente de ejemplo\" href=\"https:\/\/complex-systems-ai.com\/wp-content\/uploads\/2018\/03\/exempleagent.pdf\">Ejemplo de un agente reflejo simple<\/a><\/li>\n<li><a title=\"agente cognitivo\" href=\"https:\/\/complex-systems-ai.com\/wp-content\/uploads\/2018\/03\/exempleagentcognitif.pdf\">Ejemplo de un agente de aprendizaje &quot;simplificado&quot;<\/a><\/li>\n<\/ul>\n<\/li>\n<li><a title=\"SMA para Smart Grids 3\" href=\"https:\/\/complex-systems-ai.com\/wp-content\/uploads\/2018\/04\/sma-pour-smart-grids-3.pdf\">Definici\u00f3n de hogar inteligente e informe final<\/a><\/li>\n<\/ol>","protected":false},"excerpt":{"rendered":"<p>Curso en versi\u00f3n PDF y ejemplos. Introducci\u00f3n al multiagente y reflexi\u00f3n sobre la casa inteligente Introducci\u00f3n al modelado y escritura de agentes Ejemplo de un \u2026 <\/p>","protected":false},"author":1,"featured_media":0,"parent":1062,"menu_order":0,"comment_status":"closed","ping_status":"closed","template":"","meta":{"footnotes":""},"class_list":["post-6060","page","type-page","status-publish","hentry"],"amp_enabled":true,"_links":{"self":[{"href":"https:\/\/complex-systems-ai.com\/es\/wp-json\/wp\/v2\/pages\/6060","targetHints":{"allow":["GET"]}}],"collection":[{"href":"https:\/\/complex-systems-ai.com\/es\/wp-json\/wp\/v2\/pages"}],"about":[{"href":"https:\/\/complex-systems-ai.com\/es\/wp-json\/wp\/v2\/types\/page"}],"author":[{"embeddable":true,"href":"https:\/\/complex-systems-ai.com\/es\/wp-json\/wp\/v2\/users\/1"}],"replies":[{"embeddable":true,"href":"https:\/\/complex-systems-ai.com\/es\/wp-json\/wp\/v2\/comments?post=6060"}],"version-history":[{"count":6,"href":"https:\/\/complex-systems-ai.com\/es\/wp-json\/wp\/v2\/pages\/6060\/revisions"}],"predecessor-version":[{"id":18580,"href":"https:\/\/complex-systems-ai.com\/es\/wp-json\/wp\/v2\/pages\/6060\/revisions\/18580"}],"up":[{"embeddable":true,"href":"https:\/\/complex-systems-ai.com\/es\/wp-json\/wp\/v2\/pages\/1062"}],"wp:attachment":[{"href":"https:\/\/complex-systems-ai.com\/es\/wp-json\/wp\/v2\/media?parent=6060"}],"curies":[{"name":"gracias","href":"https:\/\/api.w.org\/{rel}","templated":true}]}}