{"id":6674,"date":"2018-09-19T13:48:42","date_gmt":"2018-09-19T12:48:42","guid":{"rendered":"http:\/\/smart--grid.net\/?page_id=6674"},"modified":"2022-12-03T23:02:01","modified_gmt":"2022-12-03T22:02:01","slug":"processus-de-poisson","status":"publish","type":"page","link":"https:\/\/complex-systems-ai.com\/es\/proceso-de-markov\/proceso-de-pescado\/","title":{"rendered":"Proceso de Poisson"},"content":{"rendered":"<div data-elementor-type=\"wp-page\" data-elementor-id=\"6674\" class=\"elementor elementor-6674\">\n\t\t\t\t\t\t<section class=\"elementor-section elementor-top-section elementor-element elementor-element-9427a10 elementor-section-boxed elementor-section-height-default elementor-section-height-default\" data-id=\"9427a10\" data-element_type=\"section\" data-e-type=\"section\">\n\t\t\t\t\t\t<div class=\"elementor-container elementor-column-gap-default\">\n\t\t\t\t\t<div class=\"elementor-column elementor-col-33 elementor-top-column elementor-element elementor-element-04b6075\" data-id=\"04b6075\" data-element_type=\"column\" data-e-type=\"column\">\n\t\t\t<div class=\"elementor-widget-wrap elementor-element-populated\">\n\t\t\t\t\t\t<div class=\"elementor-element elementor-element-5badafa elementor-align-justify elementor-widget elementor-widget-button\" data-id=\"5badafa\" data-element_type=\"widget\" data-e-type=\"widget\" data-widget_type=\"button.default\">\n\t\t\t\t<div class=\"elementor-widget-container\">\n\t\t\t\t\t\t\t\t\t<div class=\"elementor-button-wrapper\">\n\t\t\t\t\t<a class=\"elementor-button elementor-button-link elementor-size-sm\" href=\"https:\/\/complex-systems-ai.com\/es\/proceso-de-markov\/\">\n\t\t\t\t\t\t<span class=\"elementor-button-content-wrapper\">\n\t\t\t\t\t\t\t\t\t<span class=\"elementor-button-text\">Proceso de Markov<\/span>\n\t\t\t\t\t<\/span>\n\t\t\t\t\t<\/a>\n\t\t\t\t<\/div>\n\t\t\t\t\t\t\t\t<\/div>\n\t\t\t\t<\/div>\n\t\t\t\t\t<\/div>\n\t\t<\/div>\n\t\t\t\t<div class=\"elementor-column elementor-col-33 elementor-top-column elementor-element elementor-element-194abfc\" data-id=\"194abfc\" data-element_type=\"column\" data-e-type=\"column\">\n\t\t\t<div class=\"elementor-widget-wrap elementor-element-populated\">\n\t\t\t\t\t\t<div class=\"elementor-element elementor-element-237d734 elementor-align-justify elementor-widget elementor-widget-button\" data-id=\"237d734\" data-element_type=\"widget\" data-e-type=\"widget\" data-widget_type=\"button.default\">\n\t\t\t\t<div class=\"elementor-widget-container\">\n\t\t\t\t\t\t\t\t\t<div class=\"elementor-button-wrapper\">\n\t\t\t\t\t<a class=\"elementor-button elementor-button-link elementor-size-sm\" href=\"https:\/\/complex-systems-ai.com\/es\/\">\n\t\t\t\t\t\t<span class=\"elementor-button-content-wrapper\">\n\t\t\t\t\t\t\t\t\t<span class=\"elementor-button-text\">Pagina de inicio<\/span>\n\t\t\t\t\t<\/span>\n\t\t\t\t\t<\/a>\n\t\t\t\t<\/div>\n\t\t\t\t\t\t\t\t<\/div>\n\t\t\t\t<\/div>\n\t\t\t\t\t<\/div>\n\t\t<\/div>\n\t\t\t\t<div class=\"elementor-column elementor-col-33 elementor-top-column elementor-element elementor-element-f23d837\" data-id=\"f23d837\" data-element_type=\"column\" data-e-type=\"column\">\n\t\t\t<div class=\"elementor-widget-wrap elementor-element-populated\">\n\t\t\t\t\t\t<div class=\"elementor-element elementor-element-1f88065 elementor-align-justify elementor-widget elementor-widget-button\" data-id=\"1f88065\" data-element_type=\"widget\" data-e-type=\"widget\" data-widget_type=\"button.default\">\n\t\t\t\t<div class=\"elementor-widget-container\">\n\t\t\t\t\t\t\t\t\t<div class=\"elementor-button-wrapper\">\n\t\t\t\t\t<a class=\"elementor-button elementor-button-link elementor-size-sm\" href=\"https:\/\/fr.wikipedia.org\/wiki\/Processus_de_Poisson\" target=\"_blank\" rel=\"noopener\">\n\t\t\t\t\t\t<span class=\"elementor-button-content-wrapper\">\n\t\t\t\t\t\t\t\t\t<span class=\"elementor-button-text\">Wiki<\/span>\n\t\t\t\t\t<\/span>\n\t\t\t\t\t<\/a>\n\t\t\t\t<\/div>\n\t\t\t\t\t\t\t\t<\/div>\n\t\t\t\t<\/div>\n\t\t\t\t\t<\/div>\n\t\t<\/div>\n\t\t\t\t\t<\/div>\n\t\t<\/section>\n\t\t\t\t<section class=\"elementor-section elementor-top-section elementor-element elementor-element-527434e elementor-section-boxed elementor-section-height-default elementor-section-height-default\" data-id=\"527434e\" data-element_type=\"section\" data-e-type=\"section\">\n\t\t\t\t\t\t<div class=\"elementor-container elementor-column-gap-default\">\n\t\t\t\t\t<div class=\"elementor-column elementor-col-100 elementor-top-column elementor-element elementor-element-c9dc4b3\" data-id=\"c9dc4b3\" data-element_type=\"column\" data-e-type=\"column\">\n\t\t\t<div class=\"elementor-widget-wrap elementor-element-populated\">\n\t\t\t\t\t\t<div class=\"elementor-element elementor-element-870f66f elementor-widget elementor-widget-progress\" data-id=\"870f66f\" data-element_type=\"widget\" data-e-type=\"widget\" data-widget_type=\"progress.default\">\n\t\t\t\t<div class=\"elementor-widget-container\">\n\t\t\t\t\t\t\t\t<span class=\"elementor-title\" id=\"elementor-progress-bar-870f66f\">\n\t\t\t\tDificultad\t\t\t<\/span>\n\t\t\n\t\t<div aria-labelledby=\"elementor-progress-bar-870f66f\" class=\"elementor-progress-wrapper\" role=\"progressbar\" aria-valuemin=\"0\" aria-valuemax=\"100\" aria-valuenow=\"25\" aria-valuetext=\"25% (Facile)\">\n\t\t\t<div class=\"elementor-progress-bar\" data-max=\"25\">\n\t\t\t\t<span class=\"elementor-progress-text\">F\u00e1cil<\/span>\n\t\t\t\t\t\t\t\t\t<span class=\"elementor-progress-percentage\">25%<\/span>\n\t\t\t\t\t\t\t<\/div>\n\t\t<\/div>\n\t\t\t\t\t\t<\/div>\n\t\t\t\t<\/div>\n\t\t\t\t\t<\/div>\n\t\t<\/div>\n\t\t\t\t\t<\/div>\n\t\t<\/section>\n\t\t\t\t<section class=\"elementor-section elementor-top-section elementor-element elementor-element-7cb7c6b elementor-section-boxed elementor-section-height-default elementor-section-height-default\" data-id=\"7cb7c6b\" data-element_type=\"section\" data-e-type=\"section\">\n\t\t\t\t\t\t<div class=\"elementor-container elementor-column-gap-default\">\n\t\t\t\t\t<div class=\"elementor-column elementor-col-100 elementor-top-column elementor-element elementor-element-49f08a83\" data-id=\"49f08a83\" data-element_type=\"column\" data-e-type=\"column\">\n\t\t\t<div class=\"elementor-widget-wrap elementor-element-populated\">\n\t\t\t\t\t\t<div class=\"elementor-element elementor-element-704005d8 elementor-widget elementor-widget-text-editor\" data-id=\"704005d8\" data-element_type=\"widget\" data-e-type=\"widget\" data-widget_type=\"text-editor.default\">\n\t\t\t\t<div class=\"elementor-widget-container\">\n\t\t\t\t\t\t\t\t\t\n<div id=\"ez-toc-container\" class=\"ez-toc-v2_0_82_2 counter-hierarchy ez-toc-counter ez-toc-grey ez-toc-container-direction\">\n<div class=\"ez-toc-title-container\">\n<p class=\"ez-toc-title\" style=\"cursor:inherit\">Contenido<\/p>\n<span class=\"ez-toc-title-toggle\"><a href=\"#\" class=\"ez-toc-pull-right ez-toc-btn ez-toc-btn-xs ez-toc-btn-default ez-toc-toggle\" aria-label=\"Tabla de contenido alternativo\"><span class=\"ez-toc-js-icon-con\"><span class=\"\"><span class=\"eztoc-hide\" style=\"display:none;\">Palanca<\/span><span class=\"ez-toc-icon-toggle-span\"><svg style=\"fill: #999;color:#999\" xmlns=\"http:\/\/www.w3.org\/2000\/svg\" class=\"list-377408\" width=\"20px\" height=\"20px\" viewbox=\"0 0 24 24\" fill=\"none\"><path d=\"M6 6H4v2h2V6zm14 0H8v2h12V6zM4 11h2v2H4v-2zm16 0H8v2h12v-2zM4 16h2v2H4v-2zm16 0H8v2h12v-2z\" fill=\"currentColor\"><\/path><\/svg><svg style=\"fill: #999;color:#999\" class=\"arrow-unsorted-368013\" xmlns=\"http:\/\/www.w3.org\/2000\/svg\" width=\"10px\" height=\"10px\" viewbox=\"0 0 24 24\" version=\"1.2\" baseprofile=\"tiny\"><path d=\"M18.2 9.3l-6.2-6.3-6.2 6.3c-.2.2-.3.4-.3.7s.1.5.3.7c.2.2.4.3.7.3h11c.3 0 .5-.1.7-.3.2-.2.3-.5.3-.7s-.1-.5-.3-.7zM5.8 14.7l6.2 6.3 6.2-6.3c.2-.2.3-.5.3-.7s-.1-.5-.3-.7c-.2-.2-.4-.3-.7-.3h-11c-.3 0-.5.1-.7.3-.2.2-.3.5-.3.7s.1.5.3.7z\"\/><\/svg><\/span><\/span><\/span><\/a><\/span><\/div>\n<nav><ul class='ez-toc-list ez-toc-list-level-1' ><li class='ez-toc-page-1 ez-toc-heading-level-2'><a class=\"ez-toc-link ez-toc-heading-1\" href=\"https:\/\/complex-systems-ai.com\/es\/proceso-de-markov\/proceso-de-pescado\/#Processus-de-Poisson\" >Proceso de Poisson<\/a><\/li><\/ul><\/nav><\/div>\n<h2><span class=\"ez-toc-section\" id=\"Processus-de-Poisson\"><\/span>Proceso de Poisson<span class=\"ez-toc-section-end\"><\/span><\/h2>\n<p>Un proceso de Poisson con par\u00e1metro \u03bb es un proceso estoc\u00e1stico N (t) tal que N (O) = 0, N (t) se incrementa en +1 despu\u00e9s de un tiempo T distribuido seg\u00fan una ley exponencial con par\u00e1metro \u03bb. Hablamos de llegadas de Poisson si el tiempo entre dos llegadas es exponencial.<\/p>\n\n<div class=\"wp-block-image\">\n<figure class=\"aligncenter\"><img decoding=\"async\" class=\"alignnone wp-image-6681\" src=\"https:\/\/complex-systems-ai.com\/wp-content\/uploads\/2018\/09\/proba49.png\" alt=\"Proceso de Poisson\" width=\"279\" height=\"171\" title=\"\"><\/figure>\n<\/div>\n\n<p>Tome como estado el valor de N(t), entonces el <a href=\"https:\/\/complex-systems-ai.com\/es\/proceso-de-markov\/cadenas-de-markov-en-tiempo-discreto\/\">cadena de markov<\/a> en tiempo continuo asociado al proceso de Poisson \u03bb es:<\/p>\n\n<div class=\"wp-block-image\">\n<figure class=\"aligncenter\"><img decoding=\"async\" class=\"alignnone wp-image-6680\" src=\"https:\/\/complex-systems-ai.com\/wp-content\/uploads\/2018\/09\/proba48.png\" alt=\"Proceso de Poisson\" width=\"396\" height=\"54\" title=\"\" srcset=\"https:\/\/complex-systems-ai.com\/wp-content\/uploads\/2018\/09\/proba48.png 396w, https:\/\/complex-systems-ai.com\/wp-content\/uploads\/2018\/09\/proba48-300x41.png 300w\" sizes=\"(max-width: 396px) 100vw, 396px\" \/><\/figure>\n<\/div>\n\n<p>Es posible conocer la probabilidad de que N sea el n\u00famero k en el tiempo t mediante la f\u00f3rmula:<\/p>\n\n<figure class=\"wp-block-image\"><img decoding=\"async\" class=\"alignnone wp-image-6682\" src=\"https:\/\/complex-systems-ai.com\/wp-content\/uploads\/2018\/09\/proba50.png\" alt=\"Proceso de Poisson\" width=\"201\" height=\"61\" title=\"\"><\/figure>\n\n<p>N (t) se distribuye seg\u00fan una ley de Poisson con par\u00e1metro \u03bbt.<\/p>\n\n<p>Los procesos de Poisson se asocian y descomponen de la siguiente manera:<\/p>\n\n<ul class=\"wp-block-list\">\n<li>La superposici\u00f3n de n proceso de Poisson es un proceso de Poisson que tiene como par\u00e1metro la suma de los n par\u00e1metros<\/li>\n<li>Un proceso de Poisson que se descompone en n procesos con probabilidades pi. Estos n procesos son entonces procesos de Poisson con tasas respectivas \u03bbp<sub>I<\/sub><\/li>\n<\/ul>\n\n<div class=\"wp-block-image\">\n<figure class=\"aligncenter\"><img loading=\"lazy\" decoding=\"async\" class=\"alignnone wp-image-6683\" src=\"https:\/\/complex-systems-ai.com\/wp-content\/uploads\/2018\/09\/proba51.png\" alt=\"Proceso de Poisson\" width=\"389\" height=\"223\" title=\"\" srcset=\"https:\/\/complex-systems-ai.com\/wp-content\/uploads\/2018\/09\/proba51.png 389w, https:\/\/complex-systems-ai.com\/wp-content\/uploads\/2018\/09\/proba51-300x172.png 300w\" sizes=\"(max-width: 389px) 100vw, 389px\" \/><\/figure>\n<\/div>\n\t\t\t\t\t\t\t\t<\/div>\n\t\t\t\t<\/div>\n\t\t\t\t\t<\/div>\n\t\t<\/div>\n\t\t\t\t\t<\/div>\n\t\t<\/section>\n\t\t\t\t<\/div>","protected":false},"excerpt":{"rendered":"<p>Proceso de Markov Wiki Inicio Dificultad F\u00e1cil 25% Proceso de Poisson Un proceso de Poisson con par\u00e1metro \u03bb es un proceso estoc\u00e1stico N(t) tal que \u2026 <\/p>","protected":false},"author":1,"featured_media":0,"parent":5007,"menu_order":0,"comment_status":"closed","ping_status":"closed","template":"","meta":{"footnotes":""},"class_list":["post-6674","page","type-page","status-publish","hentry"],"amp_enabled":true,"_links":{"self":[{"href":"https:\/\/complex-systems-ai.com\/es\/wp-json\/wp\/v2\/pages\/6674","targetHints":{"allow":["GET"]}}],"collection":[{"href":"https:\/\/complex-systems-ai.com\/es\/wp-json\/wp\/v2\/pages"}],"about":[{"href":"https:\/\/complex-systems-ai.com\/es\/wp-json\/wp\/v2\/types\/page"}],"author":[{"embeddable":true,"href":"https:\/\/complex-systems-ai.com\/es\/wp-json\/wp\/v2\/users\/1"}],"replies":[{"embeddable":true,"href":"https:\/\/complex-systems-ai.com\/es\/wp-json\/wp\/v2\/comments?post=6674"}],"version-history":[{"count":5,"href":"https:\/\/complex-systems-ai.com\/es\/wp-json\/wp\/v2\/pages\/6674\/revisions"}],"predecessor-version":[{"id":18677,"href":"https:\/\/complex-systems-ai.com\/es\/wp-json\/wp\/v2\/pages\/6674\/revisions\/18677"}],"up":[{"embeddable":true,"href":"https:\/\/complex-systems-ai.com\/es\/wp-json\/wp\/v2\/pages\/5007"}],"wp:attachment":[{"href":"https:\/\/complex-systems-ai.com\/es\/wp-json\/wp\/v2\/media?parent=6674"}],"curies":[{"name":"gracias","href":"https:\/\/api.w.org\/{rel}","templated":true}]}}