{"id":6746,"date":"2018-11-22T11:47:26","date_gmt":"2018-11-22T10:47:26","guid":{"rendered":"http:\/\/smart--grid.net\/?page_id=6746"},"modified":"2022-12-03T23:02:03","modified_gmt":"2022-12-03T22:02:03","slug":"smart-grid-gestion-de-la-demande-2018-2019","status":"publish","type":"page","link":"https:\/\/complex-systems-ai.com\/es\/proceso-de-markov\/gestion-de-demanda-de-red-inteligente-2018-2019\/","title":{"rendered":"Smart Grid: gesti\u00f3n de la demanda"},"content":{"rendered":"<div data-elementor-type=\"wp-page\" data-elementor-id=\"6746\" class=\"elementor elementor-6746\">\n\t\t\t\t\t\t<section class=\"elementor-section elementor-top-section elementor-element elementor-element-43a540f elementor-section-boxed elementor-section-height-default elementor-section-height-default\" data-id=\"43a540f\" data-element_type=\"section\" data-e-type=\"section\">\n\t\t\t\t\t\t<div class=\"elementor-container elementor-column-gap-default\">\n\t\t\t\t\t<div class=\"elementor-column elementor-col-33 elementor-top-column elementor-element elementor-element-c146a22\" data-id=\"c146a22\" data-element_type=\"column\" data-e-type=\"column\">\n\t\t\t<div class=\"elementor-widget-wrap elementor-element-populated\">\n\t\t\t\t\t\t<div class=\"elementor-element elementor-element-c2d3c6e elementor-align-justify elementor-widget elementor-widget-button\" data-id=\"c2d3c6e\" data-element_type=\"widget\" data-e-type=\"widget\" data-widget_type=\"button.default\">\n\t\t\t\t<div class=\"elementor-widget-container\">\n\t\t\t\t\t\t\t\t\t<div class=\"elementor-button-wrapper\">\n\t\t\t\t\t<a class=\"elementor-button elementor-button-link elementor-size-sm\" href=\"https:\/\/complex-systems-ai.com\/es\/2020\/04\/03\/teorias-y-algoritmos-2\/\">\n\t\t\t\t\t\t<span class=\"elementor-button-content-wrapper\">\n\t\t\t\t\t\t\t\t\t<span class=\"elementor-button-text\">Teor\u00edas<\/span>\n\t\t\t\t\t<\/span>\n\t\t\t\t\t<\/a>\n\t\t\t\t<\/div>\n\t\t\t\t\t\t\t\t<\/div>\n\t\t\t\t<\/div>\n\t\t\t\t\t<\/div>\n\t\t<\/div>\n\t\t\t\t<div class=\"elementor-column elementor-col-33 elementor-top-column elementor-element elementor-element-757dd92\" data-id=\"757dd92\" data-element_type=\"column\" data-e-type=\"column\">\n\t\t\t<div class=\"elementor-widget-wrap elementor-element-populated\">\n\t\t\t\t\t\t<div class=\"elementor-element elementor-element-9552692 elementor-align-justify elementor-widget elementor-widget-button\" data-id=\"9552692\" data-element_type=\"widget\" data-e-type=\"widget\" data-widget_type=\"button.default\">\n\t\t\t\t<div class=\"elementor-widget-container\">\n\t\t\t\t\t\t\t\t\t<div class=\"elementor-button-wrapper\">\n\t\t\t\t\t<a class=\"elementor-button elementor-button-link elementor-size-sm\" href=\"https:\/\/complex-systems-ai.com\/es\/\">\n\t\t\t\t\t\t<span class=\"elementor-button-content-wrapper\">\n\t\t\t\t\t\t\t\t\t<span class=\"elementor-button-text\">Pagina de inicio<\/span>\n\t\t\t\t\t<\/span>\n\t\t\t\t\t<\/a>\n\t\t\t\t<\/div>\n\t\t\t\t\t\t\t\t<\/div>\n\t\t\t\t<\/div>\n\t\t\t\t\t<\/div>\n\t\t<\/div>\n\t\t\t\t<div class=\"elementor-column elementor-col-33 elementor-top-column elementor-element elementor-element-a41c0d4\" data-id=\"a41c0d4\" data-element_type=\"column\" data-e-type=\"column\">\n\t\t\t<div class=\"elementor-widget-wrap elementor-element-populated\">\n\t\t\t\t\t\t<div class=\"elementor-element elementor-element-81766ba elementor-align-justify elementor-widget elementor-widget-button\" data-id=\"81766ba\" data-element_type=\"widget\" data-e-type=\"widget\" data-widget_type=\"button.default\">\n\t\t\t\t<div class=\"elementor-widget-container\">\n\t\t\t\t\t\t\t\t\t<div class=\"elementor-button-wrapper\">\n\t\t\t\t\t<a class=\"elementor-button elementor-button-link elementor-size-sm\" href=\"https:\/\/fr.wikipedia.org\/wiki\/Automate_probabiliste\" target=\"_blank\" rel=\"noopener\">\n\t\t\t\t\t\t<span class=\"elementor-button-content-wrapper\">\n\t\t\t\t\t\t\t\t\t<span class=\"elementor-button-text\">Wiki<\/span>\n\t\t\t\t\t<\/span>\n\t\t\t\t\t<\/a>\n\t\t\t\t<\/div>\n\t\t\t\t\t\t\t\t<\/div>\n\t\t\t\t<\/div>\n\t\t\t\t\t<\/div>\n\t\t<\/div>\n\t\t\t\t\t<\/div>\n\t\t<\/section>\n\t\t\t\t<section class=\"elementor-section elementor-top-section elementor-element elementor-element-b98a985 elementor-section-boxed elementor-section-height-default elementor-section-height-default\" data-id=\"b98a985\" data-element_type=\"section\" data-e-type=\"section\">\n\t\t\t\t\t\t<div class=\"elementor-container elementor-column-gap-default\">\n\t\t\t\t\t<div class=\"elementor-column elementor-col-100 elementor-top-column elementor-element elementor-element-7e2c253\" data-id=\"7e2c253\" data-element_type=\"column\" data-e-type=\"column\">\n\t\t\t<div class=\"elementor-widget-wrap elementor-element-populated\">\n\t\t\t\t\t\t<div class=\"elementor-element elementor-element-41947f0 elementor-widget elementor-widget-text-editor\" data-id=\"41947f0\" data-element_type=\"widget\" data-e-type=\"widget\" data-widget_type=\"text-editor.default\">\n\t\t\t\t<div class=\"elementor-widget-container\">\n\t\t\t\t\t\t\t\t\t<div id=\"ez-toc-container\" class=\"ez-toc-v2_0_82_2 counter-hierarchy ez-toc-counter ez-toc-grey ez-toc-container-direction\">\n<div class=\"ez-toc-title-container\">\n<p class=\"ez-toc-title\" style=\"cursor:inherit\">Contenido<\/p>\n<span class=\"ez-toc-title-toggle\"><a href=\"#\" class=\"ez-toc-pull-right ez-toc-btn ez-toc-btn-xs ez-toc-btn-default ez-toc-toggle\" aria-label=\"Tabla de contenido alternativo\"><span class=\"ez-toc-js-icon-con\"><span class=\"\"><span class=\"eztoc-hide\" style=\"display:none;\">Palanca<\/span><span class=\"ez-toc-icon-toggle-span\"><svg style=\"fill: #999;color:#999\" xmlns=\"http:\/\/www.w3.org\/2000\/svg\" class=\"list-377408\" width=\"20px\" height=\"20px\" viewbox=\"0 0 24 24\" fill=\"none\"><path d=\"M6 6H4v2h2V6zm14 0H8v2h12V6zM4 11h2v2H4v-2zm16 0H8v2h12v-2zM4 16h2v2H4v-2zm16 0H8v2h12v-2z\" fill=\"currentColor\"><\/path><\/svg><svg style=\"fill: #999;color:#999\" class=\"arrow-unsorted-368013\" xmlns=\"http:\/\/www.w3.org\/2000\/svg\" width=\"10px\" height=\"10px\" viewbox=\"0 0 24 24\" version=\"1.2\" baseprofile=\"tiny\"><path d=\"M18.2 9.3l-6.2-6.3-6.2 6.3c-.2.2-.3.4-.3.7s.1.5.3.7c.2.2.4.3.7.3h11c.3 0 .5-.1.7-.3.2-.2.3-.5.3-.7s-.1-.5-.3-.7zM5.8 14.7l6.2 6.3 6.2-6.3c.2-.2.3-.5.3-.7s-.1-.5-.3-.7c-.2-.2-.4-.3-.7-.3h-11c-.3 0-.5.1-.7.3-.2.2-.3.5-.3.7s.1.5.3.7z\"\/><\/svg><\/span><\/span><\/span><\/a><\/span><\/div>\n<nav><ul class='ez-toc-list ez-toc-list-level-1' ><li class='ez-toc-page-1 ez-toc-heading-level-2'><a class=\"ez-toc-link ez-toc-heading-1\" href=\"https:\/\/complex-systems-ai.com\/es\/proceso-de-markov\/gestion-de-demanda-de-red-inteligente-2018-2019\/#Gestion-de-la-demande\" >Gesti\u00f3n de la demanda<\/a><\/li><\/ul><\/nav><\/div>\n<h2><span class=\"ez-toc-section\" id=\"Gestion-de-la-demande\"><\/span>Gesti\u00f3n de la demanda<span class=\"ez-toc-section-end\"><\/span><\/h2><p>Curso de Gesti\u00f3n de la Demanda. Introducci\u00f3n a <a href=\"https:\/\/complex-systems-ai.com\/es\/teoria-del-lenguaje\/\">teor\u00eda del lenguaje<\/a> y a procesos markovianos de tipo <a href=\"https:\/\/complex-systems-ai.com\/es\/proceso-de-markov\/cadenas-de-markov-en-tiempo-discreto\/\">cadena de markov<\/a> de rango 1.<\/p><p><img decoding=\"async\" class=\"aligncenter wp-image-8945 size-full\" src=\"https:\/\/complex-systems-ai.com\/wp-content\/uploads\/2020\/09\/Capture.png\" alt=\"Gesti\u00f3n de la demanda\" width=\"97\" height=\"98\" title=\"\"><\/p>\t\t\t\t\t\t\t\t<\/div>\n\t\t\t\t<\/div>\n\t\t\t\t\t<\/div>\n\t\t<\/div>\n\t\t\t\t\t<\/div>\n\t\t<\/section>\n\t\t\t\t<section class=\"elementor-section elementor-top-section elementor-element elementor-element-3f4252b1 elementor-section-boxed elementor-section-height-default elementor-section-height-default\" data-id=\"3f4252b1\" data-element_type=\"section\" data-e-type=\"section\">\n\t\t\t\t\t\t<div class=\"elementor-container elementor-column-gap-default\">\n\t\t\t\t\t<div class=\"elementor-column elementor-col-100 elementor-top-column elementor-element elementor-element-390385da\" data-id=\"390385da\" data-element_type=\"column\" data-e-type=\"column\">\n\t\t\t<div class=\"elementor-widget-wrap elementor-element-populated\">\n\t\t\t\t\t\t<div class=\"elementor-element elementor-element-2114f950 elementor-widget elementor-widget-text-editor\" data-id=\"2114f950\" data-element_type=\"widget\" data-e-type=\"widget\" data-widget_type=\"text-editor.default\">\n\t\t\t\t<div class=\"elementor-widget-container\">\n\t\t\t\t\t\t\t\t\t<table width=\"736\"><tbody><tr><td width=\"121\"><a href=\"https:\/\/complex-systems-ai.com\/es\/teoria-del-lenguaje\/proyecto-lenguaje-automata\/\">\ud83d\udd17 proyecto 1<\/a><\/td><td width=\"165\"><a href=\"https:\/\/complex-systems-ai.com\/es\/proceso-de-markov\/proyecto-cadenas-de-markov-computadora-ajedrez\/\">\ud83d\udd17 proyecto 2<\/a><\/td><td width=\"266\">\u00a0<\/td><td width=\"184\">\ud83d\udd17 NOTAS<\/td><\/tr><tr><td colspan=\"4\">\u00a0<\/td><\/tr><tr><td colspan=\"4\">\u00a0<\/td><\/tr><tr><td colspan=\"4\">\u00a0<\/td><\/tr><tr><td><strong>Sesi\u00f3n \/ Cronograma<\/strong><\/td><td><strong>Tutorial \/ Examen oral<\/strong><\/td><td><strong>Idea \/ Concepto<\/strong><\/td><td><strong>Video<\/strong><\/td><\/tr><tr><td><em>ninguno<\/em><\/td><td><em>ninguno<\/em><\/td><td><a href=\"https:\/\/complex-systems-ai.com\/wp-content\/uploads\/2017\/10\/0_introdsm.pdf\">\ud83d\udd17 Motivaci\u00f3n<\/a><\/td><td>\u00a0<\/td><\/tr><tr><td>\u00a0<\/td><td>\u00a0<\/td><td>\u00a0<\/td><td>\u00a0<\/td><\/tr><tr><td rowspan=\"10\">1 y 2<\/td><td rowspan=\"10\"><a href=\"https:\/\/complex-systems-ai.com\/es\/theorie-des-langages\/exercices-corriges-langages-automates-et-grammaires\/\">\ud83d\udd17 TD 1<\/a><\/td><td><strong><span style=\"color: #ff0000;\">Aut\u00f3mata<\/span><\/strong><\/td><td>\u00a0<\/td><\/tr><tr><td><a href=\"https:\/\/complex-systems-ai.com\/es\/teoria-del-lenguaje\/\">\u00a0\u00a0\u00a0\u00a0 \u2192 \ud83d\udd17 Introducci\u00f3n a los idiomas<\/a><\/td><td>\u00a0<\/td><\/tr><tr><td><a href=\"https:\/\/complex-systems-ai.com\/es\/teoria-del-lenguaje\/lenguajes-regulares-y-expresiones-regulares\/\">\u00a0\u00a0\u00a0\u00a0 \u2192 \ud83d\udd17 Expresiones regulares<\/a><\/td><td><a href=\"https:\/\/www.youtube.com\/watch?v=upu_TeZImN0\" target=\"_blank\" rel=\"noopener\">\ud83d\udd17<\/a><\/td><\/tr><tr><td><a href=\"https:\/\/complex-systems-ai.com\/es\/teoria-del-lenguaje\/determinista-finito-automata\/\">\u00a0\u00a0\u00a0\u00a0 \u2192 \ud83d\udd17 Aut\u00f3mata finito determinista<\/a><\/td><td><a href=\"https:\/\/www.youtube.com\/watch?v=Qa6csfkK7_I\" target=\"_blank\" rel=\"noopener\">\ud83d\udd17<\/a><\/td><\/tr><tr><td><a href=\"https:\/\/complex-systems-ai.com\/es\/teoria-del-lenguaje\/automata-finito-no-determinista\/\">\u00a0\u00a0\u00a0\u00a0 \u2192 \ud83d\udd17 Aut\u00f3mata finito indeterminista<\/a><\/td><td><a href=\"https:\/\/www.youtube.com\/watch?v=ehy0jGIYRtE\" target=\"_blank\" rel=\"noopener\">\ud83d\udd17<\/a><\/td><\/tr><tr><td><a href=\"https:\/\/complex-systems-ai.com\/es\/teoria-del-lenguaje\/automata-con-transicion-vacia\/\">\u00a0\u00a0\u00a0\u00a0 \u2192 \ud83d\udd17 Aut\u00f3mata finito \u03b5-indeterminista<\/a><\/td><td><a href=\"https:\/\/www.youtube.com\/watch?v=84oNUttWlN4\" target=\"_blank\" rel=\"noopener\">\ud83d\udd17<\/a><\/td><\/tr><tr><td><a href=\"https:\/\/complex-systems-ai.com\/es\/teoria-del-lenguaje\/construccion-de-thompson\/\">\u00a0\u00a0\u00a0\u00a0 \u2192 \ud83d\udd17 Construcci\u00f3n de Thompson<\/a><\/td><td><a href=\"https:\/\/www.youtube.com\/watch?v=7NA69TEd2iQ\" target=\"_blank\" rel=\"noopener\">\ud83d\udd17<\/a><\/td><\/tr><tr><td><a href=\"https:\/\/complex-systems-ai.com\/es\/teoria-del-lenguaje\/algoritmo-de-gloushkov\/\">\u00a0\u00a0\u00a0\u00a0 \u2192 \ud83d\udd17 Construcci\u00f3n de Gloushkov<\/a><\/td><td>\u00a0<\/td><\/tr><tr><td><a href=\"https:\/\/complex-systems-ai.com\/es\/teoria-del-lenguaje\/resolucion-por-lema-darden\/\">\u00a0\u00a0\u00a0\u00a0 \u2192 \ud83d\udd17 Lema de Arden<\/a><\/td><td><a href=\"https:\/\/www.youtube.com\/watch?v=OKFrju0HB7k\" target=\"_blank\" rel=\"noopener\">\ud83d\udd17<\/a><\/td><\/tr><tr><td><a href=\"https:\/\/complex-systems-ai.com\/es\/teoria-del-lenguaje\/algoritmo-brzozowski-y-mccluskey\/\">\u00a0\u00a0\u00a0\u00a0 \u2192 \ud83d\udd17 Brzozowski y McCluskey<\/a><\/td><td>\u00a0<\/td><\/tr><tr><td>\u00a0<\/td><td>\u00a0<\/td><td>\u00a0<\/td><td>\u00a0<\/td><\/tr><tr><td rowspan=\"9\">3 y 4<\/td><td rowspan=\"9\"><a href=\"https:\/\/complex-systems-ai.com\/es\/theorie-des-langages\/exercices-corriges-optimisation-des-automates\/\">\ud83d\udd17 TD 2<\/a><\/td><td><span style=\"color: #ff0000;\"><strong>Reducci\u00f3n de aut\u00f3matas<\/strong><\/span><\/td><td>\u00a0<\/td><\/tr><tr><td><a href=\"https:\/\/complex-systems-ai.com\/es\/teoria-del-lenguaje\/tipos-de-gramaticas\/\">\u00a0\u00a0\u00a0\u00a0 \u2192 \ud83d\udd17 Tipos de gram\u00e1ticas<\/a><\/td><td>\u00a0<\/td><\/tr><tr><td><a href=\"https:\/\/complex-systems-ai.com\/es\/teoria-del-lenguaje\/determinista-finito-automata\/\">\u00a0\u00a0\u00a0\u00a0 \u2192 \ud83d\udd17 Aut\u00f3mata finito determinista<\/a><\/td><td>\u00a0<\/td><\/tr><tr><td><a href=\"https:\/\/complex-systems-ai.com\/es\/teoria-del-lenguaje\/automata-finito-no-determinista\/\">\u00a0\u00a0\u00a0\u00a0 \u2192 \ud83d\udd17 Aut\u00f3mata finito indeterminista<\/a><\/td><td>\u00a0<\/td><\/tr><tr><td><a href=\"https:\/\/complex-systems-ai.com\/es\/teoria-del-lenguaje\/automata-con-transicion-vacia\/\">\u00a0\u00a0\u00a0\u00a0 \u2192 \ud83d\udd17 Aut\u00f3mata finito \u03b5-indeterminista<\/a><\/td><td>\u00a0<\/td><\/tr><tr><td><a href=\"https:\/\/complex-systems-ai.com\/es\/teoria-del-lenguaje\/determinacion-afi-vers-afd\/\">\u00a0\u00a0\u00a0\u00a0 \u2192 \ud83d\udd17 Determinaci\u00f3n de una NFA<\/a><\/td><td><a href=\"https:\/\/www.youtube.com\/watch?v=pnyXgIXpKnc\" target=\"_blank\" rel=\"noopener\">\ud83d\udd17<\/a><\/td><\/tr><tr><td><a href=\"https:\/\/complex-systems-ai.com\/es\/teoria-del-lenguaje\/determinacion-e-afi-vers-afd\/\">\u00a0\u00a0\u00a0\u00a0 \u2192 \ud83d\udd17 Determinaci\u00f3n de un \u03b5-NFA<\/a><\/td><td><a href=\"https:\/\/www.youtube.com\/watch?v=I6GFKekMr7s\" target=\"_blank\" rel=\"noopener\">\ud83d\udd17<\/a><\/td><\/tr><tr><td>\u00a0<\/td><td><a href=\"https:\/\/www.youtube.com\/watch?v=Jz4YQ09nOxA\" target=\"_blank\" rel=\"noopener\">\ud83d\udd17<\/a><\/td><\/tr><tr><td><a href=\"https:\/\/complex-systems-ai.com\/es\/teoria-del-lenguaje\/minimizacion-dun-afd\/\">\u00a0\u00a0\u00a0\u00a0 \u2192 \ud83d\udd17 Minimizaci\u00f3n de una AFD<\/a><\/td><td>\u00a0<\/td><\/tr><tr><td colspan=\"4\">\u00a0<\/td><\/tr><tr><td rowspan=\"2\">5<\/td><td rowspan=\"2\"><a href=\"https:\/\/complex-systems-ai.com\/es\/theorie-des-langages\/exercices-corriges-automate-a-pile\/\">\ud83d\udd17 TD 3<\/a><\/td><td><span style=\"color: #ff0000;\"><strong><a href=\"https:\/\/complex-systems-ai.com\/es\/teoria-del-lenguaje\/automata-a-bateria\/\">Aut\u00f3mata con pilas<\/a><\/strong><\/span><\/td><td>\u00a0<\/td><\/tr><tr><td><a href=\"https:\/\/complex-systems-ai.com\/es\/teoria-del-lenguaje\/automata-a-bateria\/\">\u00a0\u00a0\u00a0\u00a0 \u2192 \ud83d\udd17 Introducci\u00f3n a los PLC alimentados por bater\u00eda<\/a><\/td><td><a href=\"https:\/\/www.youtube.com\/watch?v=JtRyd7Svlew\" target=\"_blank\" rel=\"noopener\">\ud83d\udd17<\/a><\/td><\/tr><tr><td><em><span style=\"color: #ff0000;\">Fin del proyecto 1<\/span><\/em><\/td><td colspan=\"2\">\u00a0<\/td><td><a href=\"https:\/\/www.youtube.com\/watch?v=eY7fwj5jvC4\" target=\"_blank\" rel=\"noopener\">\ud83d\udd17<\/a><\/td><\/tr><tr><td colspan=\"4\">\u00a0<\/td><\/tr><tr><td rowspan=\"9\">6 y 7<\/td><td rowspan=\"9\"><a href=\"https:\/\/complex-systems-ai.com\/es\/processus-de-markov\/exercices-corriges-chaine-de-markov-en-temps-discret\/\">\ud83d\udd17 TD4<\/a><\/td><td><span style=\"color: #ff0000;\"><strong>Cadena de Markov de tiempo discreto<\/strong><\/span><\/td><td>\u00a0<\/td><\/tr><tr><td><a href=\"https:\/\/complex-systems-ai.com\/es\/proceso-de-markov\/\">\u00a0\u00a0\u00a0\u00a0 \u2192 \ud83d\udd17 Proceso estoc\u00e1stico<\/a><\/td><td rowspan=\"3\" width=\"184\"><a href=\"https:\/\/www.youtube.com\/watch?v=Mya1ZAN72-Y\" target=\"_blank\" rel=\"noopener\">\ud83d\udd17<\/a><\/td><\/tr><tr><td><a href=\"https:\/\/complex-systems-ai.com\/es\/proceso-de-markov\/cadenas-de-markov-en-tiempo-discreto\/\">\u00a0\u00a0\u00a0\u00a0 \u2192 \ud83d\udd17 Definici\u00f3n de estados<\/a><\/td><\/tr><tr><td>\u00a0\u00a0\u00a0\u00a0 \u2192 Definici\u00f3n de clases<\/td><\/tr><tr><td><a href=\"https:\/\/complex-systems-ai.com\/es\/proceso-de-markov\/ley-invariante-y-comportamiento-asintotico\/\">\u00a0\u00a0\u00a0\u00a0 \u2192 \ud83d\udd17 Probabilidad estacionaria<\/a><\/td><td><a href=\"https:\/\/www.youtube.com\/watch?v=8hWsJwwE1uU\" target=\"_blank\" rel=\"noopener\">\ud83d\udd17<\/a><\/td><\/tr><tr><td>\u00a0\u00a0\u00a0\u00a0 \u2192 Periodo<\/td><td>\u00a0<\/td><\/tr><tr><td><a href=\"https:\/\/complex-systems-ai.com\/es\/proceso-de-markov\/probabilidad-de-un-estado\/\">\u00a0\u00a0\u00a0\u00a0 \u2192 \ud83d\udd17 Tiempo para llegar a un estado<\/a><\/td><td><a href=\"https:\/\/www.youtube.com\/watch?v=X_Ll0-Ytu7U\" target=\"_blank\" rel=\"noopener\">\ud83d\udd17<\/a><\/td><\/tr><tr><td>\u00a0\u00a0\u00a0\u00a0 \u2192 Volver<\/td><td><a href=\"https:\/\/www.youtube.com\/watch?v=fa5Bdv_94ZE\" target=\"_blank\" rel=\"noopener\">\ud83d\udd17<\/a><\/td><\/tr><tr><td><a href=\"https:\/\/complex-systems-ai.com\/es\/proceso-de-markov\/probabilidad-de-estado-absorcion\/\">\u00a0\u00a0\u00a0\u00a0 \u2192 \ud83d\udd17 Absorci\u00f3n<\/a><\/td><td>\u00a0<\/td><\/tr><tr><td>\u00a0<\/td><td>\u00a0<\/td><td>\u00a0<\/td><td>\u00a0<\/td><\/tr><tr><td rowspan=\"6\">8<\/td><td rowspan=\"6\">\ud83d\udd17 <a title=\"TUTORIAL_5_markov2\" href=\"https:\/\/complex-systems-ai.com\/es\/processus-de-markov\/exercices-corriges-file-dattente\/\">TD5<\/a><\/td><td><span style=\"color: #ff0000;\"><strong>Cadena de Markov en tiempo continuo<\/strong><\/span><\/td><td>\u00a0<\/td><\/tr><tr><td><a href=\"https:\/\/complex-systems-ai.com\/es\/proceso-de-markov\/cadenas-de-markov-en-tiempo-continuo\/\">\u00a0\u00a0\u00a0\u00a0 \u2192 \ud83d\udd17 General<\/a><\/td><td>\u00a0<\/td><\/tr><tr><td><a href=\"https:\/\/complex-systems-ai.com\/es\/proceso-de-markov\/estado-estable\/\">\u00a0\u00a0\u00a0\u00a0 \u2192 \ud83d\udd17 R\u00e9gimen permanente<\/a><\/td><td>\u00a0<\/td><\/tr><tr><td><a href=\"https:\/\/complex-systems-ai.com\/es\/proceso-de-markov\/proceso-de-pescado\/\">\u00a0\u00a0\u00a0\u00a0 \u2192 \ud83d\udd17 Proceso de Poisson<\/a><\/td><td>\u00a0<\/td><\/tr><tr><td><a href=\"https:\/\/complex-systems-ai.com\/es\/proceso-de-markov\/colas\/\">\u00a0\u00a0\u00a0\u00a0 \u2192 \ud83d\udd17 Cola<\/a><\/td><td><a href=\"https:\/\/www.youtube.com\/watch?v=Yo7LG_JeJos\" target=\"_blank\" rel=\"noopener\">\ud83d\udd17<\/a><\/td><\/tr><tr><td><a href=\"https:\/\/complex-systems-ai.com\/es\/proceso-de-markov\/el-archivo-mm-1\/\">\u00a0\u00a0\u00a0\u00a0 \u2192 \ud83d\udd17 Archivo M \/ M \/ 1<\/a><\/td><td><a href=\"https:\/\/www.youtube.com\/watch?v=BxMivJ5wmQo\" target=\"_blank\" rel=\"noopener\">\ud83d\udd17<\/a><\/td><\/tr><tr><td><span style=\"color: #ff0000;\"><em>Fin del proyecto 2<\/em><\/span><\/td><td colspan=\"3\">\u00a0<\/td><\/tr><tr><td colspan=\"4\">\u00a0<\/td><\/tr><tr><td colspan=\"4\">\u00a0<\/td><\/tr><tr><td colspan=\"4\">\u00a0<\/td><\/tr><tr><td colspan=\"4\"><strong>\u00a0\u00a0\u00a0\u00a0\u00a0\u00a0\u00a0\u00a0\u00a0\u00a0\u00a0\u00a0\u00a0\u00a0\u00a0\u00a0\u00a0\u00a0\u00a0\u00a0 REFERENCIAS<\/strong><\/td><\/tr><tr><td colspan=\"4\">Introducci\u00f3n a los algoritmos: Cormen, T y Leiserson, C<\/td><\/tr><tr><td colspan=\"4\">El manual de dise\u00f1o de algoritmos: Steven S. Skiena<\/td><\/tr><tr><td colspan=\"4\">Aplicaciones de optimizaci\u00f3n del sistema de energ\u00eda el\u00e9ctrica, segunda edici\u00f3n: James A. Momoh<\/td><\/tr><\/tbody><\/table>\t\t\t\t\t\t\t\t<\/div>\n\t\t\t\t<\/div>\n\t\t\t\t\t<\/div>\n\t\t<\/div>\n\t\t\t\t\t<\/div>\n\t\t<\/section>\n\t\t\t\t<\/div>","protected":false},"excerpt":{"rendered":"<p>Teor\u00edas Home Page Gesti\u00f3n de la Demanda Wiki Curso de Gesti\u00f3n de la Demanda. Introducci\u00f3n a la teor\u00eda de los lenguajes y los procesos markovianos de\u2026 <\/p>","protected":false},"author":1,"featured_media":0,"parent":5007,"menu_order":0,"comment_status":"closed","ping_status":"closed","template":"","meta":{"footnotes":""},"class_list":["post-6746","page","type-page","status-publish","hentry"],"amp_enabled":true,"_links":{"self":[{"href":"https:\/\/complex-systems-ai.com\/es\/wp-json\/wp\/v2\/pages\/6746","targetHints":{"allow":["GET"]}}],"collection":[{"href":"https:\/\/complex-systems-ai.com\/es\/wp-json\/wp\/v2\/pages"}],"about":[{"href":"https:\/\/complex-systems-ai.com\/es\/wp-json\/wp\/v2\/types\/page"}],"author":[{"embeddable":true,"href":"https:\/\/complex-systems-ai.com\/es\/wp-json\/wp\/v2\/users\/1"}],"replies":[{"embeddable":true,"href":"https:\/\/complex-systems-ai.com\/es\/wp-json\/wp\/v2\/comments?post=6746"}],"version-history":[{"count":3,"href":"https:\/\/complex-systems-ai.com\/es\/wp-json\/wp\/v2\/pages\/6746\/revisions"}],"predecessor-version":[{"id":18688,"href":"https:\/\/complex-systems-ai.com\/es\/wp-json\/wp\/v2\/pages\/6746\/revisions\/18688"}],"up":[{"embeddable":true,"href":"https:\/\/complex-systems-ai.com\/es\/wp-json\/wp\/v2\/pages\/5007"}],"wp:attachment":[{"href":"https:\/\/complex-systems-ai.com\/es\/wp-json\/wp\/v2\/media?parent=6746"}],"curies":[{"name":"gracias","href":"https:\/\/api.w.org\/{rel}","templated":true}]}}