{"id":6843,"date":"2019-04-10T12:37:03","date_gmt":"2019-04-10T11:37:03","guid":{"rendered":"http:\/\/smart--grid.net\/?page_id=6843"},"modified":"2022-12-03T23:02:05","modified_gmt":"2022-12-03T22:02:05","slug":"analyse-post-optimale-de-sensibilite-dual","status":"publish","type":"page","link":"https:\/\/complex-systems-ai.com\/es\/programacion-lineal\/analisis-post-optimo-doble-sensibilidad\/","title":{"rendered":"An\u00e1lisis de sensibilidad pos\u00f3ptimo (dual)"},"content":{"rendered":"<div data-elementor-type=\"wp-page\" data-elementor-id=\"6843\" class=\"elementor elementor-6843\">\n\t\t\t\t\t\t<section class=\"elementor-section elementor-top-section elementor-element elementor-element-7fd6e68 elementor-section-boxed elementor-section-height-default elementor-section-height-default\" data-id=\"7fd6e68\" data-element_type=\"section\" data-e-type=\"section\">\n\t\t\t\t\t\t<div class=\"elementor-container elementor-column-gap-default\">\n\t\t\t\t\t<div class=\"elementor-column elementor-col-33 elementor-top-column elementor-element elementor-element-e4507f0\" data-id=\"e4507f0\" data-element_type=\"column\" data-e-type=\"column\">\n\t\t\t<div class=\"elementor-widget-wrap elementor-element-populated\">\n\t\t\t\t\t\t<div class=\"elementor-element elementor-element-3a409cd elementor-align-justify elementor-widget elementor-widget-button\" data-id=\"3a409cd\" data-element_type=\"widget\" data-e-type=\"widget\" data-widget_type=\"button.default\">\n\t\t\t\t<div class=\"elementor-widget-container\">\n\t\t\t\t\t\t\t\t\t<div class=\"elementor-button-wrapper\">\n\t\t\t\t\t<a class=\"elementor-button elementor-button-link elementor-size-sm\" href=\"https:\/\/complex-systems-ai.com\/es\/programacion-lineal\/\">\n\t\t\t\t\t\t<span class=\"elementor-button-content-wrapper\">\n\t\t\t\t\t\t\t\t\t<span class=\"elementor-button-text\">Programaci\u00f3n lineal<\/span>\n\t\t\t\t\t<\/span>\n\t\t\t\t\t<\/a>\n\t\t\t\t<\/div>\n\t\t\t\t\t\t\t\t<\/div>\n\t\t\t\t<\/div>\n\t\t\t\t\t<\/div>\n\t\t<\/div>\n\t\t\t\t<div class=\"elementor-column elementor-col-33 elementor-top-column elementor-element elementor-element-4d248d7\" data-id=\"4d248d7\" data-element_type=\"column\" data-e-type=\"column\">\n\t\t\t<div class=\"elementor-widget-wrap elementor-element-populated\">\n\t\t\t\t\t\t<div class=\"elementor-element elementor-element-aab21c7 elementor-align-justify elementor-widget elementor-widget-button\" data-id=\"aab21c7\" data-element_type=\"widget\" data-e-type=\"widget\" data-widget_type=\"button.default\">\n\t\t\t\t<div class=\"elementor-widget-container\">\n\t\t\t\t\t\t\t\t\t<div class=\"elementor-button-wrapper\">\n\t\t\t\t\t<a class=\"elementor-button elementor-button-link elementor-size-sm\" href=\"https:\/\/complex-systems-ai.com\/es\/\">\n\t\t\t\t\t\t<span class=\"elementor-button-content-wrapper\">\n\t\t\t\t\t\t\t\t\t<span class=\"elementor-button-text\">Pagina de inicio<\/span>\n\t\t\t\t\t<\/span>\n\t\t\t\t\t<\/a>\n\t\t\t\t<\/div>\n\t\t\t\t\t\t\t\t<\/div>\n\t\t\t\t<\/div>\n\t\t\t\t\t<\/div>\n\t\t<\/div>\n\t\t\t\t<div class=\"elementor-column elementor-col-33 elementor-top-column elementor-element elementor-element-abea3ef\" data-id=\"abea3ef\" data-element_type=\"column\" data-e-type=\"column\">\n\t\t\t<div class=\"elementor-widget-wrap elementor-element-populated\">\n\t\t\t\t\t\t<div class=\"elementor-element elementor-element-001c621 elementor-align-justify elementor-widget elementor-widget-button\" data-id=\"001c621\" data-element_type=\"widget\" data-e-type=\"widget\" data-widget_type=\"button.default\">\n\t\t\t\t<div class=\"elementor-widget-container\">\n\t\t\t\t\t\t\t\t\t<div class=\"elementor-button-wrapper\">\n\t\t\t\t\t<a class=\"elementor-button elementor-button-link elementor-size-sm\" href=\"https:\/\/fr.wikipedia.org\/wiki\/Optimisation_lin%C3%A9aire\" target=\"_blank\" rel=\"noopener\">\n\t\t\t\t\t\t<span class=\"elementor-button-content-wrapper\">\n\t\t\t\t\t\t\t\t\t<span class=\"elementor-button-text\">Wiki<\/span>\n\t\t\t\t\t<\/span>\n\t\t\t\t\t<\/a>\n\t\t\t\t<\/div>\n\t\t\t\t\t\t\t\t<\/div>\n\t\t\t\t<\/div>\n\t\t\t\t\t<\/div>\n\t\t<\/div>\n\t\t\t\t\t<\/div>\n\t\t<\/section>\n\t\t\t\t<section class=\"elementor-section elementor-top-section elementor-element elementor-element-5f458179 elementor-section-boxed elementor-section-height-default elementor-section-height-default\" data-id=\"5f458179\" data-element_type=\"section\" data-e-type=\"section\">\n\t\t\t\t\t\t<div class=\"elementor-container elementor-column-gap-default\">\n\t\t\t\t\t<div class=\"elementor-column elementor-col-100 elementor-top-column elementor-element elementor-element-53fd52a9\" data-id=\"53fd52a9\" data-element_type=\"column\" data-e-type=\"column\">\n\t\t\t<div class=\"elementor-widget-wrap elementor-element-populated\">\n\t\t\t\t\t\t<div class=\"elementor-element elementor-element-25ce9e8c elementor-widget elementor-widget-text-editor\" data-id=\"25ce9e8c\" data-element_type=\"widget\" data-e-type=\"widget\" data-widget_type=\"text-editor.default\">\n\t\t\t\t<div class=\"elementor-widget-container\">\n\t\t\t\t\t\t\t\t\t\n<div id=\"ez-toc-container\" class=\"ez-toc-v2_0_82_2 counter-hierarchy ez-toc-counter ez-toc-grey ez-toc-container-direction\">\n<div class=\"ez-toc-title-container\">\n<p class=\"ez-toc-title\" style=\"cursor:inherit\">Contenido<\/p>\n<span class=\"ez-toc-title-toggle\"><a href=\"#\" class=\"ez-toc-pull-right ez-toc-btn ez-toc-btn-xs ez-toc-btn-default ez-toc-toggle\" aria-label=\"Tabla de contenido alternativo\"><span class=\"ez-toc-js-icon-con\"><span class=\"\"><span class=\"eztoc-hide\" style=\"display:none;\">Palanca<\/span><span class=\"ez-toc-icon-toggle-span\"><svg style=\"fill: #999;color:#999\" xmlns=\"http:\/\/www.w3.org\/2000\/svg\" class=\"list-377408\" width=\"20px\" height=\"20px\" viewbox=\"0 0 24 24\" fill=\"none\"><path d=\"M6 6H4v2h2V6zm14 0H8v2h12V6zM4 11h2v2H4v-2zm16 0H8v2h12v-2zM4 16h2v2H4v-2zm16 0H8v2h12v-2z\" fill=\"currentColor\"><\/path><\/svg><svg style=\"fill: #999;color:#999\" class=\"arrow-unsorted-368013\" xmlns=\"http:\/\/www.w3.org\/2000\/svg\" width=\"10px\" height=\"10px\" viewbox=\"0 0 24 24\" version=\"1.2\" baseprofile=\"tiny\"><path d=\"M18.2 9.3l-6.2-6.3-6.2 6.3c-.2.2-.3.4-.3.7s.1.5.3.7c.2.2.4.3.7.3h11c.3 0 .5-.1.7-.3.2-.2.3-.5.3-.7s-.1-.5-.3-.7zM5.8 14.7l6.2 6.3 6.2-6.3c.2-.2.3-.5.3-.7s-.1-.5-.3-.7c-.2-.2-.4-.3-.7-.3h-11c-.3 0-.5.1-.7.3-.2.2-.3.5-.3.7s.1.5.3.7z\"\/><\/svg><\/span><\/span><\/span><\/a><\/span><\/div>\n<nav><ul class='ez-toc-list ez-toc-list-level-1' ><li class='ez-toc-page-1 ez-toc-heading-level-2'><a class=\"ez-toc-link ez-toc-heading-1\" href=\"https:\/\/complex-systems-ai.com\/es\/programacion-lineal\/analisis-post-optimo-doble-sensibilidad\/#Analyse-post-optimale-de-sensibilite\" >An\u00e1lisis de sensibilidad pos\u00f3ptimo<\/a><\/li><li class='ez-toc-page-1 ez-toc-heading-level-2'><a class=\"ez-toc-link ez-toc-heading-2\" href=\"https:\/\/complex-systems-ai.com\/es\/programacion-lineal\/analisis-post-optimo-doble-sensibilidad\/#Cas-detude-1-introduction-dune-nouvelle-variable\" >Estudio de caso 1: introducci\u00f3n de una nueva variable<\/a><\/li><li class='ez-toc-page-1 ez-toc-heading-level-2'><a class=\"ez-toc-link ez-toc-heading-3\" href=\"https:\/\/complex-systems-ai.com\/es\/programacion-lineal\/analisis-post-optimo-doble-sensibilidad\/#Cas-detude-2-introduction-dune-nouvelle-contrainte\" >Estudio de caso 2: introducci\u00f3n de una nueva restricci\u00f3n<\/a><\/li><\/ul><\/nav><\/div>\n<h2><span class=\"ez-toc-section\" id=\"Analyse-post-optimale-de-sensibilite\"><\/span>An\u00e1lisis de sensibilidad pos\u00f3ptimo<span class=\"ez-toc-section-end\"><\/span><\/h2>\n<p>LOS&#039;<a href=\"https:\/\/complex-systems-ai.com\/es\/programacion-lineal\/analisis-de-sensibilidad-post-optimo\/\">an\u00e1lisis de sensibilidad pos\u00f3ptimo<\/a> de <a href=\"https:\/\/complex-systems-ai.com\/es\/programacion-lineal\/programa-dual\/\">programa dual<\/a> permite comprobar otras dos medidas de sensibilidades: nueva variable y nueva restricci\u00f3n.<\/p>\n\n<h2 class=\"wp-block-heading\"><span class=\"ez-toc-section\" id=\"Cas-detude-1-introduction-dune-nouvelle-variable\"><\/span>Estudio de caso 1: introducci\u00f3n de una nueva variable<span class=\"ez-toc-section-end\"><\/span><\/h2>\n\n<p>he aqu\u00ed el <a href=\"https:\/\/complex-systems-ai.com\/es\/programacion-lineal\/\">programa lineal<\/a> b\u00e1sico :<\/p>\n\n<div class=\"wp-block-image\">\n<figure class=\"aligncenter\"><img decoding=\"async\" class=\"alignnone wp-image-6844 size-full\" src=\"https:\/\/complex-systems-ai.com\/wp-content\/uploads\/2019\/04\/lp35.png\" alt=\"an\u00e1lisis de sensibilidad del m\u00e9todo simplex an\u00e1lisis de sensibilidad dual pos\u00f3ptimo\" width=\"196\" height=\"148\" title=\"\"><\/figure>\n<\/div>\n\n<p>Queremos agregar una nueva actividad:<\/p>\n\n<div class=\"wp-block-image\">\n<figure class=\"aligncenter\"><img decoding=\"async\" class=\"alignnone wp-image-6845 size-full\" src=\"https:\/\/complex-systems-ai.com\/wp-content\/uploads\/2019\/04\/lp36.png\" alt=\"an\u00e1lisis de sensibilidad del m\u00e9todo simplex an\u00e1lisis de sensibilidad dual pos\u00f3ptimo\" width=\"217\" height=\"153\" title=\"\"><\/figure>\n<\/div>\n\n<p>Queremos determinar si la nueva actividad es de inter\u00e9s o no. En otras palabras, si no le interesa hacerlo, la soluci\u00f3n \u00f3ptima del programa lineal anterior da x<sub>3<\/sub>\u00a0= 0. Esto equivale al hecho de que no se satisface la tercera restricci\u00f3n del dual: y<sub>1<\/sub> + 3 a\u00f1os<sub>2<\/sub> + 2 a\u00f1os<sub>3<\/sub> \u2265 C<sub>3<\/sub>.<\/p>\n\n<p>La soluci\u00f3n del dual es (200\/3, 0, 100\/3), reemplazamos en la tercera restricci\u00f3n del dual:<\/p>\n\n<ul class=\"wp-block-list\">\n<li>Si C<sub>3<\/sub>&lt;200\/3 entonces la nueva variable es cero en el primario, no hay inter\u00e9s en producir la nueva actividad<\/li>\n<li>Si C<sub>3<\/sub>&gt; 200\/3 entonces hay inter\u00e9s en producir la nueva actividad, adem\u00e1s la soluci\u00f3n del primario \/ dual cambiar\u00e1<\/li>\n<li>Si C<sub>3<\/sub>= 200\/3 entonces la producci\u00f3n de la nueva actividad no cambiar\u00e1 el valor de la soluci\u00f3n \u00f3ptima.<\/li>\n<\/ul>\n\n<h2 class=\"wp-block-heading\"><span class=\"ez-toc-section\" id=\"Cas-detude-2-introduction-dune-nouvelle-contrainte\"><\/span>Estudio de caso 2: introducci\u00f3n de una nueva restricci\u00f3n<span class=\"ez-toc-section-end\"><\/span><\/h2>\n\n<p>Si la soluci\u00f3n \u00f3ptima satisface la nueva restricci\u00f3n, el problema admitir\u00e1 la misma soluci\u00f3n. De lo contrario, la introducci\u00f3n de esta restricci\u00f3n generar\u00e1 una nueva soluci\u00f3n \u00f3ptima.<\/p>\n\t\t\t\t\t\t\t\t<\/div>\n\t\t\t\t<\/div>\n\t\t\t\t\t<\/div>\n\t\t<\/div>\n\t\t\t\t\t<\/div>\n\t\t<\/section>\n\t\t\t\t<\/div>","protected":false},"excerpt":{"rendered":"<p>P\u00e1gina de inicio de Wiki de programaci\u00f3n lineal An\u00e1lisis de sensibilidad pos\u00f3ptimo El an\u00e1lisis de sensibilidad pos\u00f3ptimo del programa dual permite verificar otras dos medidas de sensibilidad: \u2026 <\/p>","protected":false},"author":1,"featured_media":0,"parent":486,"menu_order":0,"comment_status":"closed","ping_status":"closed","template":"","meta":{"footnotes":""},"class_list":["post-6843","page","type-page","status-publish","hentry"],"amp_enabled":true,"_links":{"self":[{"href":"https:\/\/complex-systems-ai.com\/es\/wp-json\/wp\/v2\/pages\/6843","targetHints":{"allow":["GET"]}}],"collection":[{"href":"https:\/\/complex-systems-ai.com\/es\/wp-json\/wp\/v2\/pages"}],"about":[{"href":"https:\/\/complex-systems-ai.com\/es\/wp-json\/wp\/v2\/types\/page"}],"author":[{"embeddable":true,"href":"https:\/\/complex-systems-ai.com\/es\/wp-json\/wp\/v2\/users\/1"}],"replies":[{"embeddable":true,"href":"https:\/\/complex-systems-ai.com\/es\/wp-json\/wp\/v2\/comments?post=6843"}],"version-history":[{"count":3,"href":"https:\/\/complex-systems-ai.com\/es\/wp-json\/wp\/v2\/pages\/6843\/revisions"}],"predecessor-version":[{"id":16797,"href":"https:\/\/complex-systems-ai.com\/es\/wp-json\/wp\/v2\/pages\/6843\/revisions\/16797"}],"up":[{"embeddable":true,"href":"https:\/\/complex-systems-ai.com\/es\/wp-json\/wp\/v2\/pages\/486"}],"wp:attachment":[{"href":"https:\/\/complex-systems-ai.com\/es\/wp-json\/wp\/v2\/media?parent=6843"}],"curies":[{"name":"gracias","href":"https:\/\/api.w.org\/{rel}","templated":true}]}}