{"id":6899,"date":"2019-08-28T13:29:47","date_gmt":"2019-08-28T12:29:47","guid":{"rendered":"http:\/\/smart--grid.net\/?page_id=6899"},"modified":"2022-12-03T23:02:06","modified_gmt":"2022-12-03T22:02:06","slug":"resolution-lp-avec-excel","status":"publish","type":"page","link":"https:\/\/complex-systems-ai.com\/es\/programacion-lineal\/resolucion-lp-con-excel\/","title":{"rendered":"Resoluci\u00f3n LP con Excel"},"content":{"rendered":"<div data-elementor-type=\"wp-page\" data-elementor-id=\"6899\" class=\"elementor elementor-6899\">\n\t\t\t\t\t\t<section class=\"elementor-section elementor-top-section elementor-element elementor-element-5c2f5c9 elementor-section-boxed elementor-section-height-default elementor-section-height-default\" data-id=\"5c2f5c9\" data-element_type=\"section\" data-e-type=\"section\">\n\t\t\t\t\t\t<div class=\"elementor-container elementor-column-gap-default\">\n\t\t\t\t\t<div class=\"elementor-column elementor-col-33 elementor-top-column elementor-element elementor-element-4c405ef\" data-id=\"4c405ef\" data-element_type=\"column\" data-e-type=\"column\">\n\t\t\t<div class=\"elementor-widget-wrap elementor-element-populated\">\n\t\t\t\t\t\t<div class=\"elementor-element elementor-element-bfa165b elementor-align-justify elementor-widget elementor-widget-button\" data-id=\"bfa165b\" data-element_type=\"widget\" data-e-type=\"widget\" data-widget_type=\"button.default\">\n\t\t\t\t<div class=\"elementor-widget-container\">\n\t\t\t\t\t\t\t\t\t<div class=\"elementor-button-wrapper\">\n\t\t\t\t\t<a class=\"elementor-button elementor-button-link elementor-size-sm\" href=\"https:\/\/complex-systems-ai.com\/es\/programacion-lineal\/\">\n\t\t\t\t\t\t<span class=\"elementor-button-content-wrapper\">\n\t\t\t\t\t\t\t\t\t<span class=\"elementor-button-text\">Programaci\u00f3n lineal<\/span>\n\t\t\t\t\t<\/span>\n\t\t\t\t\t<\/a>\n\t\t\t\t<\/div>\n\t\t\t\t\t\t\t\t<\/div>\n\t\t\t\t<\/div>\n\t\t\t\t\t<\/div>\n\t\t<\/div>\n\t\t\t\t<div class=\"elementor-column elementor-col-33 elementor-top-column elementor-element elementor-element-afaa625\" data-id=\"afaa625\" data-element_type=\"column\" data-e-type=\"column\">\n\t\t\t<div class=\"elementor-widget-wrap elementor-element-populated\">\n\t\t\t\t\t\t<div class=\"elementor-element elementor-element-6218a4e elementor-align-justify elementor-widget elementor-widget-button\" data-id=\"6218a4e\" data-element_type=\"widget\" data-e-type=\"widget\" data-widget_type=\"button.default\">\n\t\t\t\t<div class=\"elementor-widget-container\">\n\t\t\t\t\t\t\t\t\t<div class=\"elementor-button-wrapper\">\n\t\t\t\t\t<a class=\"elementor-button elementor-button-link elementor-size-sm\" href=\"https:\/\/complex-systems-ai.com\/es\/\">\n\t\t\t\t\t\t<span class=\"elementor-button-content-wrapper\">\n\t\t\t\t\t\t\t\t\t<span class=\"elementor-button-text\">Pagina de inicio<\/span>\n\t\t\t\t\t<\/span>\n\t\t\t\t\t<\/a>\n\t\t\t\t<\/div>\n\t\t\t\t\t\t\t\t<\/div>\n\t\t\t\t<\/div>\n\t\t\t\t\t<\/div>\n\t\t<\/div>\n\t\t\t\t<div class=\"elementor-column elementor-col-33 elementor-top-column elementor-element elementor-element-7746433\" data-id=\"7746433\" data-element_type=\"column\" data-e-type=\"column\">\n\t\t\t<div class=\"elementor-widget-wrap elementor-element-populated\">\n\t\t\t\t\t\t<div class=\"elementor-element elementor-element-7b7b515 elementor-align-justify elementor-widget elementor-widget-button\" data-id=\"7b7b515\" data-element_type=\"widget\" data-e-type=\"widget\" data-widget_type=\"button.default\">\n\t\t\t\t<div class=\"elementor-widget-container\">\n\t\t\t\t\t\t\t\t\t<div class=\"elementor-button-wrapper\">\n\t\t\t\t\t<a class=\"elementor-button elementor-button-link elementor-size-sm\" href=\"https:\/\/fr.wikipedia.org\/wiki\/Algorithme_du_simplexe\" target=\"_blank\" rel=\"noopener\">\n\t\t\t\t\t\t<span class=\"elementor-button-content-wrapper\">\n\t\t\t\t\t\t\t\t\t<span class=\"elementor-button-text\">Wiki<\/span>\n\t\t\t\t\t<\/span>\n\t\t\t\t\t<\/a>\n\t\t\t\t<\/div>\n\t\t\t\t\t\t\t\t<\/div>\n\t\t\t\t<\/div>\n\t\t\t\t\t<\/div>\n\t\t<\/div>\n\t\t\t\t\t<\/div>\n\t\t<\/section>\n\t\t\t\t<section class=\"elementor-section elementor-top-section elementor-element elementor-element-6159e57d elementor-section-boxed elementor-section-height-default elementor-section-height-default\" data-id=\"6159e57d\" data-element_type=\"section\" data-e-type=\"section\">\n\t\t\t\t\t\t<div class=\"elementor-container elementor-column-gap-default\">\n\t\t\t\t\t<div class=\"elementor-column elementor-col-100 elementor-top-column elementor-element elementor-element-7a46fb95\" data-id=\"7a46fb95\" data-element_type=\"column\" data-e-type=\"column\">\n\t\t\t<div class=\"elementor-widget-wrap elementor-element-populated\">\n\t\t\t\t\t\t<div class=\"elementor-element elementor-element-2c473a04 elementor-widget elementor-widget-text-editor\" data-id=\"2c473a04\" data-element_type=\"widget\" data-e-type=\"widget\" data-widget_type=\"text-editor.default\">\n\t\t\t\t<div class=\"elementor-widget-container\">\n\t\t\t\t\t\t\t\t\t\n<div id=\"ez-toc-container\" class=\"ez-toc-v2_0_82_2 counter-hierarchy ez-toc-counter ez-toc-grey ez-toc-container-direction\">\n<div class=\"ez-toc-title-container\">\n<p class=\"ez-toc-title\" style=\"cursor:inherit\">Contenido<\/p>\n<span class=\"ez-toc-title-toggle\"><a href=\"#\" class=\"ez-toc-pull-right ez-toc-btn ez-toc-btn-xs ez-toc-btn-default ez-toc-toggle\" aria-label=\"Tabla de contenido alternativo\"><span class=\"ez-toc-js-icon-con\"><span class=\"\"><span class=\"eztoc-hide\" style=\"display:none;\">Palanca<\/span><span class=\"ez-toc-icon-toggle-span\"><svg style=\"fill: #999;color:#999\" xmlns=\"http:\/\/www.w3.org\/2000\/svg\" class=\"list-377408\" width=\"20px\" height=\"20px\" viewbox=\"0 0 24 24\" fill=\"none\"><path d=\"M6 6H4v2h2V6zm14 0H8v2h12V6zM4 11h2v2H4v-2zm16 0H8v2h12v-2zM4 16h2v2H4v-2zm16 0H8v2h12v-2z\" fill=\"currentColor\"><\/path><\/svg><svg style=\"fill: #999;color:#999\" class=\"arrow-unsorted-368013\" xmlns=\"http:\/\/www.w3.org\/2000\/svg\" width=\"10px\" height=\"10px\" viewbox=\"0 0 24 24\" version=\"1.2\" baseprofile=\"tiny\"><path d=\"M18.2 9.3l-6.2-6.3-6.2 6.3c-.2.2-.3.4-.3.7s.1.5.3.7c.2.2.4.3.7.3h11c.3 0 .5-.1.7-.3.2-.2.3-.5.3-.7s-.1-.5-.3-.7zM5.8 14.7l6.2 6.3 6.2-6.3c.2-.2.3-.5.3-.7s-.1-.5-.3-.7c-.2-.2-.4-.3-.7-.3h-11c-.3 0-.5.1-.7.3-.2.2-.3.5-.3.7s.1.5.3.7z\"\/><\/svg><\/span><\/span><\/span><\/a><\/span><\/div>\n<nav><ul class='ez-toc-list ez-toc-list-level-1' ><li class='ez-toc-page-1 ez-toc-heading-level-2'><a class=\"ez-toc-link ez-toc-heading-1\" href=\"https:\/\/complex-systems-ai.com\/es\/programacion-lineal\/resolucion-lp-con-excel\/#Resolution-LP-avec-excel\" >Resoluci\u00f3n LP con Excel<\/a><\/li><li class='ez-toc-page-1 ez-toc-heading-level-2'><a class=\"ez-toc-link ez-toc-heading-2\" href=\"https:\/\/complex-systems-ai.com\/es\/programacion-lineal\/resolucion-lp-con-excel\/#Ecrire-un-LP-avec-Excel\" >Escribir un LP con Excel<\/a><\/li><li class='ez-toc-page-1 ez-toc-heading-level-2'><a class=\"ez-toc-link ez-toc-heading-3\" href=\"https:\/\/complex-systems-ai.com\/es\/programacion-lineal\/resolucion-lp-con-excel\/#Resoudre-le-modele\" >Resuelve el modelo<\/a><\/li><\/ul><\/nav><\/div>\n<h2 class=\"wp-block-heading\"><span class=\"ez-toc-section\" id=\"Resolution-LP-avec-excel\"><\/span>Resoluci\u00f3n LP con Excel<span class=\"ez-toc-section-end\"><\/span><\/h2>\n\n<p>Para resolver el programa lineal con Excel (resoluci\u00f3n LP con Excel), necesita el m\u00f3dulo Solver. En la pesta\u00f1a Archivo, haga clic en Opciones. En Complementos, seleccione Complemento Solver y haga clic en el bot\u00f3n Aceptar. Compruebe el complemento del solucionador y haga clic en Aceptar. Si la maniobra no funciona, puede hacer clic en Solver y luego en Ir a.<\/p>\n\n<p>Encontrar\u00e1 el solucionador en la pesta\u00f1a Datos en el grupo An\u00e1lisis, como se muestra en la siguiente imagen.<\/p>\n\n<div class=\"wp-block-image\">\n<figure class=\"aligncenter\"><img decoding=\"async\" class=\"alignnone wp-image-6808 size-full\" src=\"https:\/\/complex-systems-ai.com\/wp-content\/uploads\/2019\/04\/lp19.png\" alt=\"lp resolver con excel programacion lineal\" width=\"428\" height=\"94\" title=\"\" srcset=\"https:\/\/complex-systems-ai.com\/wp-content\/uploads\/2019\/04\/lp19.png 428w, https:\/\/complex-systems-ai.com\/wp-content\/uploads\/2019\/04\/lp19-300x66.png 300w\" sizes=\"(max-width: 428px) 100vw, 428px\" \/><\/figure>\n<\/div>\n\n<h2 class=\"wp-block-heading\"><span class=\"ez-toc-section\" id=\"Ecrire-un-LP-avec-Excel\"><\/span>Escribir un LP con Excel<span class=\"ez-toc-section-end\"><\/span><\/h2>\n\n<p>Para formular un problema de <a href=\"https:\/\/complex-systems-ai.com\/es\/programacion-lineal\/\">programaci\u00f3n lineal<\/a>, considere las siguientes tres preguntas:<\/p>\n\n<ol class=\"wp-block-list\">\n<li>\u00bfCu\u00e1les son las decisiones a tomar? Para resolver este problema, Excel necesita determinar la cantidad de cada producto a pedir (bicicletas, ciclomotores y asientos para ni\u00f1os).<\/li>\n<li>\u00bfCu\u00e1les son las limitaciones de estas decisiones? Las limitaciones aqu\u00ed son que la cantidad de capital y almacenamiento utilizados por los productos no puede exceder la cantidad limitada de capital y almacenamiento (recursos) disponibles. Por ejemplo, cada bicicleta utiliza 300 unidades de capital y 0,5 unidades de almacenamiento.<\/li>\n<li>\u00bfCu\u00e1l es la medida general de desempe\u00f1o para estas decisiones? La medida general de desempe\u00f1o es el beneficio total de los tres productos. Por tanto, el objetivo es maximizar esta cantidad.<\/li>\n<\/ol>\n\n<p>En el siguiente ejemplo, las variables de decisi\u00f3n est\u00e1n en amarillo, las restricciones en azul claro y la funci\u00f3n objetivo en azul oscuro.<\/p>\n\n<div class=\"wp-block-image\">\n<figure class=\"aligncenter\"><img fetchpriority=\"high\" decoding=\"async\" class=\"alignnone wp-image-6809 size-full\" src=\"https:\/\/complex-systems-ai.com\/wp-content\/uploads\/2019\/04\/lp20.png\" alt=\"lp resolver con excel programacion lineal\" width=\"604\" height=\"253\" title=\"\" srcset=\"https:\/\/complex-systems-ai.com\/wp-content\/uploads\/2019\/04\/lp20.png 604w, https:\/\/complex-systems-ai.com\/wp-content\/uploads\/2019\/04\/lp20-300x126.png 300w\" sizes=\"(max-width: 604px) 100vw, 604px\" \/><\/figure>\n<\/div>\n\n<p>Seleccione cada rango y en la pesta\u00f1a F\u00f3rmulas, en el grupo Nombres definidos, haga clic en Definir nombre:<\/p>\n\n<figure class=\"wp-block-table gridtable\">\n<table>\n<tbody>\n<tr>\n<th>Nombre de rango<\/th>\n<th>C\u00e9lulas<\/th>\n<\/tr>\n<tr>\n<td>UnitProfit<\/td>\n<td>C4: E4<\/td>\n<\/tr>\n<tr>\n<td>OrderSize<\/td>\n<td>C12: E12<\/td>\n<\/tr>\n<tr>\n<td>Recursos utilizados<\/td>\n<td>G7: G8<\/td>\n<\/tr>\n<tr>\n<td>Recursos disponibles<\/td>\n<td>I7: I8<\/td>\n<\/tr>\n<tr>\n<td>Beneficio total<\/td>\n<td>I12<\/td>\n<\/tr>\n<\/tbody>\n<\/table>\n<\/figure>\n\n<p>Inserte la siguiente funci\u00f3n SUMPRODUCTO (para crear restricciones y funciones objetivo):<\/p>\n\n<div class=\"wp-block-image\">\n<figure class=\"aligncenter\"><img decoding=\"async\" class=\"alignnone wp-image-6810 size-full\" src=\"https:\/\/complex-systems-ai.com\/wp-content\/uploads\/2019\/04\/lp21.png\" alt=\"lp resolver con excel programacion lineal\" width=\"604\" height=\"253\" title=\"\" srcset=\"https:\/\/complex-systems-ai.com\/wp-content\/uploads\/2019\/04\/lp21.png 604w, https:\/\/complex-systems-ai.com\/wp-content\/uploads\/2019\/04\/lp21-300x126.png 300w\" sizes=\"(max-width: 604px) 100vw, 604px\" \/><\/figure>\n<\/div>\n\n<h2 class=\"wp-block-heading\"><span class=\"ez-toc-section\" id=\"Resoudre-le-modele\"><\/span>Resuelve el modelo<span class=\"ez-toc-section-end\"><\/span><\/h2>\n\n<p>Para encontrar la soluci\u00f3n \u00f3ptima, realice los siguientes pasos (debe adaptar cada paso a su modelo).<\/p>\n\n<ul class=\"wp-block-list\">\n<li>En la pesta\u00f1a Datos, en el grupo An\u00e1lisis, haga clic en Solver.<\/li>\n<li>Ingrese los par\u00e1metros del solucionador.<\/li>\n<li>Tiene la opci\u00f3n de ingresar los nombres de rango o hacer clic en las celdas de la hoja de trabajo. Ingrese el beneficio total para el objetivo.<\/li>\n<li>Haga clic en Max.<\/li>\n<li>Ingrese la direcci\u00f3n de las desigualdades para las variables<\/li>\n<li>Agregue las restricciones de acuerdo con este proceso<\/li>\n<li>Marque la casilla &quot;Definir variables no restringidas no negativas&quot; y seleccione &quot;Simplex LP&quot;.<\/li>\n<li>Haga clic en Resolver<\/li>\n<\/ul>\n\n<p>El solucionador llena la mesa con una soluci\u00f3n \u00f3ptima.<\/p>\n\n<div class=\"wp-block-image\">\n<figure class=\"aligncenter\"><img loading=\"lazy\" decoding=\"async\" class=\"alignnone wp-image-6811 size-full\" src=\"https:\/\/complex-systems-ai.com\/wp-content\/uploads\/2019\/04\/lp22.png\" alt=\"lp resolver con excel programacion lineal\" width=\"604\" height=\"253\" title=\"\" srcset=\"https:\/\/complex-systems-ai.com\/wp-content\/uploads\/2019\/04\/lp22.png 604w, https:\/\/complex-systems-ai.com\/wp-content\/uploads\/2019\/04\/lp22-300x126.png 300w\" sizes=\"(max-width: 604px) 100vw, 604px\" \/><\/figure>\n<\/div>\n\t\t\t\t\t\t\t\t<\/div>\n\t\t\t\t<\/div>\n\t\t\t\t\t<\/div>\n\t\t<\/div>\n\t\t\t\t\t<\/div>\n\t\t<\/section>\n\t\t\t\t<\/div>","protected":false},"excerpt":{"rendered":"<p>Programaci\u00f3n Lineal Homepage Wiki Resolver LP con excel Para resolver el programa lineal con Excel (resolver LP con Excel), necesitas el m\u00f3dulo\u2026 <\/p>","protected":false},"author":1,"featured_media":0,"parent":486,"menu_order":0,"comment_status":"closed","ping_status":"closed","template":"","meta":{"footnotes":""},"class_list":["post-6899","page","type-page","status-publish","hentry"],"amp_enabled":true,"_links":{"self":[{"href":"https:\/\/complex-systems-ai.com\/es\/wp-json\/wp\/v2\/pages\/6899","targetHints":{"allow":["GET"]}}],"collection":[{"href":"https:\/\/complex-systems-ai.com\/es\/wp-json\/wp\/v2\/pages"}],"about":[{"href":"https:\/\/complex-systems-ai.com\/es\/wp-json\/wp\/v2\/types\/page"}],"author":[{"embeddable":true,"href":"https:\/\/complex-systems-ai.com\/es\/wp-json\/wp\/v2\/users\/1"}],"replies":[{"embeddable":true,"href":"https:\/\/complex-systems-ai.com\/es\/wp-json\/wp\/v2\/comments?post=6899"}],"version-history":[{"count":3,"href":"https:\/\/complex-systems-ai.com\/es\/wp-json\/wp\/v2\/pages\/6899\/revisions"}],"predecessor-version":[{"id":16816,"href":"https:\/\/complex-systems-ai.com\/es\/wp-json\/wp\/v2\/pages\/6899\/revisions\/16816"}],"up":[{"embeddable":true,"href":"https:\/\/complex-systems-ai.com\/es\/wp-json\/wp\/v2\/pages\/486"}],"wp:attachment":[{"href":"https:\/\/complex-systems-ai.com\/es\/wp-json\/wp\/v2\/media?parent=6899"}],"curies":[{"name":"gracias","href":"https:\/\/api.w.org\/{rel}","templated":true}]}}