{"id":7101,"date":"2019-09-26T15:59:18","date_gmt":"2019-09-26T14:59:18","guid":{"rendered":"http:\/\/smart--grid.net\/?page_id=7101"},"modified":"2024-02-13T13:52:36","modified_gmt":"2024-02-13T12:52:36","slug":"algorithmes-stochastiques","status":"publish","type":"page","link":"https:\/\/complex-systems-ai.com\/es\/algoritmos-estocasticos\/","title":{"rendered":"Algoritmos estoc\u00e1sticos 101"},"content":{"rendered":"<div data-elementor-type=\"wp-page\" data-elementor-id=\"7101\" class=\"elementor elementor-7101\">\n\t\t\t\t\t\t<section class=\"elementor-section elementor-top-section elementor-element elementor-element-968bd5c elementor-section-boxed elementor-section-height-default elementor-section-height-default\" data-id=\"968bd5c\" data-element_type=\"section\" data-e-type=\"section\">\n\t\t\t\t\t\t<div class=\"elementor-container elementor-column-gap-default\">\n\t\t\t\t\t<div class=\"elementor-column elementor-col-33 elementor-top-column elementor-element elementor-element-419b07c\" data-id=\"419b07c\" data-element_type=\"column\" data-e-type=\"column\">\n\t\t\t<div class=\"elementor-widget-wrap elementor-element-populated\">\n\t\t\t\t\t\t<div class=\"elementor-element elementor-element-53d0085 elementor-align-justify elementor-widget elementor-widget-button\" data-id=\"53d0085\" data-element_type=\"widget\" data-e-type=\"widget\" data-widget_type=\"button.default\">\n\t\t\t\t<div class=\"elementor-widget-container\">\n\t\t\t\t\t\t\t\t\t<div class=\"elementor-button-wrapper\">\n\t\t\t\t\t<a class=\"elementor-button elementor-button-link elementor-size-sm\" href=\"https:\/\/complex-systems-ai.com\/es\/2020\/04\/03\/teorias-y-algoritmos-2\/\">\n\t\t\t\t\t\t<span class=\"elementor-button-content-wrapper\">\n\t\t\t\t\t\t\t\t\t<span class=\"elementor-button-text\">Teor\u00edas<\/span>\n\t\t\t\t\t<\/span>\n\t\t\t\t\t<\/a>\n\t\t\t\t<\/div>\n\t\t\t\t\t\t\t\t<\/div>\n\t\t\t\t<\/div>\n\t\t\t\t\t<\/div>\n\t\t<\/div>\n\t\t\t\t<div class=\"elementor-column elementor-col-33 elementor-top-column elementor-element elementor-element-40c6f67\" data-id=\"40c6f67\" data-element_type=\"column\" data-e-type=\"column\">\n\t\t\t<div class=\"elementor-widget-wrap elementor-element-populated\">\n\t\t\t\t\t\t<div class=\"elementor-element elementor-element-84115a3 elementor-align-justify elementor-widget elementor-widget-button\" data-id=\"84115a3\" data-element_type=\"widget\" data-e-type=\"widget\" data-widget_type=\"button.default\">\n\t\t\t\t<div class=\"elementor-widget-container\">\n\t\t\t\t\t\t\t\t\t<div class=\"elementor-button-wrapper\">\n\t\t\t\t\t<a class=\"elementor-button elementor-button-link elementor-size-sm\" href=\"https:\/\/complex-systems-ai.com\/es\/\">\n\t\t\t\t\t\t<span class=\"elementor-button-content-wrapper\">\n\t\t\t\t\t\t\t\t\t<span class=\"elementor-button-text\">Pagina de inicio<\/span>\n\t\t\t\t\t<\/span>\n\t\t\t\t\t<\/a>\n\t\t\t\t<\/div>\n\t\t\t\t\t\t\t\t<\/div>\n\t\t\t\t<\/div>\n\t\t\t\t\t<\/div>\n\t\t<\/div>\n\t\t\t\t<div class=\"elementor-column elementor-col-33 elementor-top-column elementor-element elementor-element-3ac2c7d\" data-id=\"3ac2c7d\" data-element_type=\"column\" data-e-type=\"column\">\n\t\t\t<div class=\"elementor-widget-wrap elementor-element-populated\">\n\t\t\t\t\t\t<div class=\"elementor-element elementor-element-4342e9c elementor-align-justify elementor-widget elementor-widget-button\" data-id=\"4342e9c\" data-element_type=\"widget\" data-e-type=\"widget\" data-widget_type=\"button.default\">\n\t\t\t\t<div class=\"elementor-widget-container\">\n\t\t\t\t\t\t\t\t\t<div class=\"elementor-button-wrapper\">\n\t\t\t\t\t<a class=\"elementor-button elementor-button-link elementor-size-sm\" href=\"https:\/\/en.wikipedia.org\/wiki\/Stochastic_optimization\" target=\"_blank\" rel=\"noopener\">\n\t\t\t\t\t\t<span class=\"elementor-button-content-wrapper\">\n\t\t\t\t\t\t\t\t\t<span class=\"elementor-button-text\">Wiki<\/span>\n\t\t\t\t\t<\/span>\n\t\t\t\t\t<\/a>\n\t\t\t\t<\/div>\n\t\t\t\t\t\t\t\t<\/div>\n\t\t\t\t<\/div>\n\t\t\t\t\t<\/div>\n\t\t<\/div>\n\t\t\t\t\t<\/div>\n\t\t<\/section>\n\t\t\t\t<section class=\"elementor-section elementor-top-section elementor-element elementor-element-a23d434 elementor-section-boxed elementor-section-height-default elementor-section-height-default\" data-id=\"a23d434\" data-element_type=\"section\" data-e-type=\"section\">\n\t\t\t\t\t\t<div class=\"elementor-container elementor-column-gap-default\">\n\t\t\t\t\t<div class=\"elementor-column elementor-col-100 elementor-top-column elementor-element elementor-element-2b3e09c\" data-id=\"2b3e09c\" data-element_type=\"column\" data-e-type=\"column\">\n\t\t\t<div class=\"elementor-widget-wrap elementor-element-populated\">\n\t\t\t\t\t\t<div class=\"elementor-element elementor-element-275d689 elementor-widget elementor-widget-toggle\" data-id=\"275d689\" data-element_type=\"widget\" data-e-type=\"widget\" data-widget_type=\"toggle.default\">\n\t\t\t\t<div class=\"elementor-widget-container\">\n\t\t\t\t\t\t\t<div class=\"elementor-toggle\">\n\t\t\t\t\t\t\t<div class=\"elementor-toggle-item\">\n\t\t\t\t\t<div id=\"elementor-tab-title-4121\" class=\"elementor-tab-title\" data-tab=\"1\" role=\"button\" aria-controls=\"elementor-tab-content-4121\" aria-expanded=\"false\">\n\t\t\t\t\t\t\t\t\t\t\t\t<span class=\"elementor-toggle-icon elementor-toggle-icon-left\" aria-hidden=\"true\">\n\t\t\t\t\t\t\t\t\t\t\t\t\t\t\t<span class=\"elementor-toggle-icon-closed\"><i class=\"fas fa-caret-right\"><\/i><\/span>\n\t\t\t\t\t\t\t\t<span class=\"elementor-toggle-icon-opened\"><i class=\"elementor-toggle-icon-opened fas fa-caret-up\"><\/i><\/span>\n\t\t\t\t\t\t\t\t\t\t\t\t\t<\/span>\n\t\t\t\t\t\t\t\t\t\t\t\t<a class=\"elementor-toggle-title\" tabindex=\"0\">I. B\u00fasqueda aleatoria (algoritmos estoc\u00e1sticos)<\/a>\n\t\t\t\t\t<\/div>\n\n\t\t\t\t\t<div id=\"elementor-tab-content-4121\" class=\"elementor-tab-content elementor-clearfix\" data-tab=\"1\" role=\"region\" aria-labelledby=\"elementor-tab-title-4121\"><ul>\n<li><a href=\"https:\/\/complex-systems-ai.com\/es\/algoritmos-estocasticos\/busqueda-aleatoria\/\">B\u00fasqueda aleatoria<\/a>\n<ul>\n<li><a href=\"https:\/\/linkinghub.elsevier.com\/retrieve\/pii\/0096300380900272\" target=\"_blank\" rel=\"noopener\">B\u00fasqueda aleatoria adaptativa<\/a><\/li>\n<li><a href=\"https:\/\/ieeexplore.ieee.org\/document\/1098903\/\" target=\"_blank\" rel=\"noopener\">B\u00fasqueda aleatoria adaptativa (tama\u00f1o de paso)<\/a><\/li>\n<li><a href=\"https:\/\/linkinghub.elsevier.com\/retrieve\/pii\/S1568494614000891\" target=\"_blank\" rel=\"noopener\">B\u00fasqueda aleatoria direccional adaptativa<\/a><\/li>\n<li><a href=\"https:\/\/www.journals.uchicago.edu\/action\/cookieAbsent\" target=\"_blank\" rel=\"noopener\">B\u00fasqueda aleatoria dirigida<\/a><\/li>\n<li><a href=\"http:\/\/www.mathnet.ru\/php\/archive.phtml?wshow=paper&amp;jrnid=at&amp;paperid=11288&amp;option_lang=eng\" target=\"_blank\" rel=\"noopener\">B\u00fasqueda aleatoria localizada<\/a><\/li>\n<li><a href=\"http:\/\/www.mathnet.ru\/php\/archive.phtml?wshow=paper&amp;jrnid=at&amp;paperid=12312&amp;option_lang=eng\" target=\"_blank\" rel=\"noopener\">B\u00fasqueda aleatoria desenfrenada<\/a><\/li>\n<\/ul>\n<\/li>\n<\/ul><\/div>\n\t\t\t\t<\/div>\n\t\t\t\t\t\t\t<div class=\"elementor-toggle-item\">\n\t\t\t\t\t<div id=\"elementor-tab-title-4122\" class=\"elementor-tab-title\" data-tab=\"2\" role=\"button\" aria-controls=\"elementor-tab-content-4122\" aria-expanded=\"false\">\n\t\t\t\t\t\t\t\t\t\t\t\t<span class=\"elementor-toggle-icon elementor-toggle-icon-left\" aria-hidden=\"true\">\n\t\t\t\t\t\t\t\t\t\t\t\t\t\t\t<span class=\"elementor-toggle-icon-closed\"><i class=\"fas fa-caret-right\"><\/i><\/span>\n\t\t\t\t\t\t\t\t<span class=\"elementor-toggle-icon-opened\"><i class=\"elementor-toggle-icon-opened fas fa-caret-up\"><\/i><\/span>\n\t\t\t\t\t\t\t\t\t\t\t\t\t<\/span>\n\t\t\t\t\t\t\t\t\t\t\t\t<a class=\"elementor-toggle-title\" tabindex=\"0\">II. Descenso estoc\u00e1tico<\/a>\n\t\t\t\t\t<\/div>\n\n\t\t\t\t\t<div id=\"elementor-tab-content-4122\" class=\"elementor-tab-content elementor-clearfix\" data-tab=\"2\" role=\"region\" aria-labelledby=\"elementor-tab-title-4122\"><ul>\n<li><a href=\"https:\/\/complex-systems-ai.com\/es\/algoritmos-estocasticos\/algoritmo-de-descenso-estocastico\/\">Descenso estoc\u00e1stico<\/a>\n<ul>\n<li>Descenso paralelo<\/li>\n<li>Descenso varias veces<\/li>\n<li>Reinicio de descenso aleatorio<\/li>\n<li><a href=\"https:\/\/arxiv.org\/abs\/1606.06041\" target=\"_blank\" rel=\"noopener\">Descenso de mutaciones aleatorias<\/a><\/li>\n<li>Descenso iterativo<\/li>\n<li>ES (1 + 1, m, hc)<\/li>\n<li>Escalador de bits aleatorio<\/li>\n<li>Algoritmo gen\u00e9tico (1 + 1)<\/li>\n<\/ul>\n<\/li>\n<\/ul><\/div>\n\t\t\t\t<\/div>\n\t\t\t\t\t\t\t<div class=\"elementor-toggle-item\">\n\t\t\t\t\t<div id=\"elementor-tab-title-4123\" class=\"elementor-tab-title\" data-tab=\"3\" role=\"button\" aria-controls=\"elementor-tab-content-4123\" aria-expanded=\"false\">\n\t\t\t\t\t\t\t\t\t\t\t\t<span class=\"elementor-toggle-icon elementor-toggle-icon-left\" aria-hidden=\"true\">\n\t\t\t\t\t\t\t\t\t\t\t\t\t\t\t<span class=\"elementor-toggle-icon-closed\"><i class=\"fas fa-caret-right\"><\/i><\/span>\n\t\t\t\t\t\t\t\t<span class=\"elementor-toggle-icon-opened\"><i class=\"elementor-toggle-icon-opened fas fa-caret-up\"><\/i><\/span>\n\t\t\t\t\t\t\t\t\t\t\t\t\t<\/span>\n\t\t\t\t\t\t\t\t\t\t\t\t<a class=\"elementor-toggle-title\" tabindex=\"0\">III. B\u00fasqueda local iterada<\/a>\n\t\t\t\t\t<\/div>\n\n\t\t\t\t\t<div id=\"elementor-tab-content-4123\" class=\"elementor-tab-content elementor-clearfix\" data-tab=\"3\" role=\"region\" aria-labelledby=\"elementor-tab-title-4123\"><ul>\n<li><a href=\"https:\/\/complex-systems-ai.com\/es\/algoritmos-estocasticos\/metodos-de-descenso\/\">B\u00fasqueda local iterada<\/a>\n<ul>\n<li><a href=\"https:\/\/complex-systems-ai.com\/es\/algoritmos-estocasticos\/busqueda-de-vecindad-variable\/\" target=\"_blank\" rel=\"noreferrer noopener\">B\u00fasqueda de vecindario variable<\/a><\/li>\n<li><a href=\"https:\/\/www.researchgate.net\/publication\/225311098_Variable_Neighborhood_Decomposition_Search\" target=\"_blank\" rel=\"noopener\">Encontrar la descomposici\u00f3n de vecindario variable<\/a><\/li>\n<li><a href=\"https:\/\/link.springer.com\/chapter\/10.1007\/0-387-28356-0_8?error=cookies_not_supported&#038;code=6d351b3e-8876-4809-94a3-e19ef8615e45\" target=\"_blank\" rel=\"noopener\">Vecindad variable asim\u00e9trica<\/a><\/li>\n<li><a href=\"https:\/\/www.researchgate.net\/publication\/228692922_Parallel_Variable_Neighborhood_Searches\" target=\"_blank\" rel=\"noopener\">Vecindad de variables paralelas<\/a><\/li>\n<li><a href=\"https:\/\/complex-systems-ai.com\/es\/algoritmos-estocasticos\/sujetar\/\">SUJETAR<\/a><\/li>\n<li><a href=\"https:\/\/pubsonline.informs.org\/action\/cookieAbsent\" target=\"_blank\" rel=\"noopener\">GRASP reactivo<\/a><\/li>\n<li><a href=\"https:\/\/link.springer.com\/chapter\/10.1007\/978-1-4939-6530-4_10?error=cookies_not_supported&#038;code=6d50177c-e6f8-4f5a-bcc7-84c72a4ad4d4\" target=\"_blank\" rel=\"noopener\">GRASP paralelo<\/a><\/li>\n<li><a href=\"https:\/\/link.springer.com\/chapter\/10.1007\/0-306-48056-5_11?error=cookies_not_supported&#038;code=e5fdd195-62f5-4f84-857f-3c12a7cf6e4d\" target=\"_blank\" rel=\"noopener\">Descenso iterado<\/a><\/li>\n<li><a href=\"http:\/\/citeseerx.ist.psu.edu\/viewdoc\/download?doi=10.1.1.56.9897&amp;rep=rep1&amp;type=pdf\" target=\"_blank\" rel=\"noopener\">Cadena de Markov con gran paso<\/a><\/li>\n<li><a href=\"http:\/\/akira.ruc.dk\/~keld\/research\/LKH\/LKH-2.0\/DOC\/LKH_REPORT.pdf\" target=\"_blank\" rel=\"noopener\">Lin-Kernighan repiti\u00f3<\/a><\/li>\n<li><a href=\"https:\/\/www.researchgate.net\/publication\/220669485_Chained_Lin-Kernighan_for_large_traveling_salesman_problems_INFORMS_Journal_on_Computing_15_82-92\" target=\"_blank\" rel=\"noopener\">Optimizaci\u00f3n local encadenada<\/a><\/li>\n<\/ul>\n<\/li>\n<\/ul><\/div>\n\t\t\t\t<\/div>\n\t\t\t\t\t\t\t<div class=\"elementor-toggle-item\">\n\t\t\t\t\t<div id=\"elementor-tab-title-4124\" class=\"elementor-tab-title\" data-tab=\"4\" role=\"button\" aria-controls=\"elementor-tab-content-4124\" aria-expanded=\"false\">\n\t\t\t\t\t\t\t\t\t\t\t\t<span class=\"elementor-toggle-icon elementor-toggle-icon-left\" aria-hidden=\"true\">\n\t\t\t\t\t\t\t\t\t\t\t\t\t\t\t<span class=\"elementor-toggle-icon-closed\"><i class=\"fas fa-caret-right\"><\/i><\/span>\n\t\t\t\t\t\t\t\t<span class=\"elementor-toggle-icon-opened\"><i class=\"elementor-toggle-icon-opened fas fa-caret-up\"><\/i><\/span>\n\t\t\t\t\t\t\t\t\t\t\t\t\t<\/span>\n\t\t\t\t\t\t\t\t\t\t\t\t<a class=\"elementor-toggle-title\" tabindex=\"0\">IV. B\u00fasqueda local guiada<\/a>\n\t\t\t\t\t<\/div>\n\n\t\t\t\t\t<div id=\"elementor-tab-content-4124\" class=\"elementor-tab-content elementor-clearfix\" data-tab=\"4\" role=\"region\" aria-labelledby=\"elementor-tab-title-4124\"><ul>\n<li><a href=\"https:\/\/complex-systems-ai.com\/es\/algoritmos-estocasticos\/guia-de-busqueda-local\/\" target=\"_blank\" rel=\"noreferrer noopener\" aria-label=\"B\u00fasqueda local guiada (se abre en una pesta\u00f1a nueva)\">B\u00fasqueda local guiada<\/a>\n<ul>\n<li><a href=\"https:\/\/link.springer.com\/chapter\/10.1007\/0-306-48056-5_7?error=cookies_not_supported&#038;code=a4926b7d-6c3e-4633-b42e-8a269a0c0b14\" target=\"_blank\" rel=\"noopener\">ESCOBA<\/a><\/li>\n<li><a href=\"http:\/\/citeseerx.ist.psu.edu\/viewdoc\/download?doi=10.1.1.67.651&amp;rep=rep1&amp;type=pdf\" target=\"_blank\" rel=\"noopener\">B\u00fasqueda local guiada ampliada<\/a><\/li>\n<li><a href=\"https:\/\/www.bracil.net\/csp\/papers\/Lau-Gga-PhD99.pdf\" target=\"_blank\" rel=\"noopener\">Algoritmo gen\u00e9tico guiado<\/a><\/li>\n<li><a href=\"https:\/\/ieeexplore.ieee.org\/document\/8261609\/\" target=\"_blank\" rel=\"noopener\">Algoritmo de optimizaci\u00f3n en espiral<\/a><\/li>\n<\/ul>\n<\/li>\n<\/ul><\/div>\n\t\t\t\t<\/div>\n\t\t\t\t\t\t\t<div class=\"elementor-toggle-item\">\n\t\t\t\t\t<div id=\"elementor-tab-title-4125\" class=\"elementor-tab-title\" data-tab=\"5\" role=\"button\" aria-controls=\"elementor-tab-content-4125\" aria-expanded=\"false\">\n\t\t\t\t\t\t\t\t\t\t\t\t<span class=\"elementor-toggle-icon elementor-toggle-icon-left\" aria-hidden=\"true\">\n\t\t\t\t\t\t\t\t\t\t\t\t\t\t\t<span class=\"elementor-toggle-icon-closed\"><i class=\"fas fa-caret-right\"><\/i><\/span>\n\t\t\t\t\t\t\t\t<span class=\"elementor-toggle-icon-opened\"><i class=\"elementor-toggle-icon-opened fas fa-caret-up\"><\/i><\/span>\n\t\t\t\t\t\t\t\t\t\t\t\t\t<\/span>\n\t\t\t\t\t\t\t\t\t\t\t\t<a class=\"elementor-toggle-title\" tabindex=\"0\">VI. Investigaci\u00f3n dispersa e investigaci\u00f3n tab\u00fa<\/a>\n\t\t\t\t\t<\/div>\n\n\t\t\t\t\t<div id=\"elementor-tab-content-4125\" class=\"elementor-tab-content elementor-clearfix\" data-tab=\"5\" role=\"region\" aria-labelledby=\"elementor-tab-title-4125\"><ul>\n<li><a href=\"https:\/\/complex-systems-ai.com\/es\/optimizacion-combinatoria\/investigacion-dispersa\/\">Investigaci\u00f3n dispersa<\/a><\/li>\n<li><a href=\"https:\/\/complex-systems-ai.com\/es\/optimizacion-combinatoria\/tabu-investigacion\/\">B\u00fasqueda tab\u00fa<\/a>\n<ul>\n<li><a href=\"https:\/\/www.researchgate.net\/publication\/5589636_Training_Neural_Nets_with_Reactive_Tabu_Search\" target=\"_blank\" rel=\"noopener\">Tab\u00fa receptivo<\/a><\/li>\n<li><a href=\"https:\/\/link.springer.com\/chapter\/10.1007\/978-1-4615-5775-3_24?error=cookies_not_supported&#038;code=ad7730f0-9896-4bef-963a-cf54cfdf7693\" target=\"_blank\" rel=\"noopener\">Tab\u00fa paralelo<\/a><\/li>\n<\/ul>\n<\/li>\n<\/ul><\/div>\n\t\t\t\t<\/div>\n\t\t\t\t\t\t\t<div class=\"elementor-toggle-item\">\n\t\t\t\t\t<div id=\"elementor-tab-title-4126\" class=\"elementor-tab-title\" data-tab=\"6\" role=\"button\" aria-controls=\"elementor-tab-content-4126\" aria-expanded=\"false\">\n\t\t\t\t\t\t\t\t\t\t\t\t<span class=\"elementor-toggle-icon elementor-toggle-icon-left\" aria-hidden=\"true\">\n\t\t\t\t\t\t\t\t\t\t\t\t\t\t\t<span class=\"elementor-toggle-icon-closed\"><i class=\"fas fa-caret-right\"><\/i><\/span>\n\t\t\t\t\t\t\t\t<span class=\"elementor-toggle-icon-opened\"><i class=\"elementor-toggle-icon-opened fas fa-caret-up\"><\/i><\/span>\n\t\t\t\t\t\t\t\t\t\t\t\t\t<\/span>\n\t\t\t\t\t\t\t\t\t\t\t\t<a class=\"elementor-toggle-title\" tabindex=\"0\">VII. Aproximaci\u00f3n promedio de muestra y metodoolog\u00eda de superficie de respuesta<\/a>\n\t\t\t\t\t<\/div>\n\n\t\t\t\t\t<div id=\"elementor-tab-content-4126\" class=\"elementor-tab-content elementor-clearfix\" data-tab=\"6\" role=\"region\" aria-labelledby=\"elementor-tab-title-4126\"><ul>\n<li><a href=\"https:\/\/dl.acm.org\/action\/cookieAbsent\" target=\"_blank\" rel=\"noopener\">Aproximaci\u00f3n promedio de la muestra<\/a>\n<ul>\n<li><a href=\"https:\/\/link.springer.com\/article\/10.1007\/s101070050024?error=cookies_not_supported&#038;code=bfc44530-d2c2-4450-ae27-9b9476f4bac8\" target=\"_blank\" rel=\"noopener\">Optimizaci\u00f3n de la ruta de muestra<\/a><\/li>\n<li><a href=\"https:\/\/www.tandfonline.com\/action\/cookieAbsent\" target=\"_blank\" rel=\"noopener\">M\u00e9todos de contador estoc\u00e1stico<\/a><\/li>\n<li><a href=\"https:\/\/dl.acm.org\/action\/cookieAbsent\" target=\"_blank\" rel=\"noopener\">Optimizaci\u00f3n retrospectiva<\/a><\/li>\n<li><a href=\"https:\/\/link.springer.com\/book\/10.1007\/978-1-4614-0237-4?error=cookies_not_supported&#038;code=2f47f0a4-b7b5-4338-8d8b-0fbb31156447\" target=\"_blank\" rel=\"noopener\">Escenario de optimizaci\u00f3n<\/a><\/li>\n<li><a href=\"https:\/\/link.springer.com\/article\/10.1007\/s10107-002-0313-2?error=cookies_not_supported&#038;code=3ccab423-dabd-4aa5-9dd3-2b8f6d340dfd\" target=\"_blank\" rel=\"noopener\">Aproximaci\u00f3n promedio de la muestra<\/a><\/li>\n<\/ul>\n<\/li>\n<li><a href=\"https:\/\/www.sciencedirect.com\/topics\/computer-science\/response-surface-methodology\" target=\"_blank\" rel=\"noopener\">Metodolog\u00eda de superficie de respuesta<\/a><\/li>\n<\/ul><\/div>\n\t\t\t\t<\/div>\n\t\t\t\t\t\t\t<div class=\"elementor-toggle-item\">\n\t\t\t\t\t<div id=\"elementor-tab-title-4127\" class=\"elementor-tab-title\" data-tab=\"7\" role=\"button\" aria-controls=\"elementor-tab-content-4127\" aria-expanded=\"false\">\n\t\t\t\t\t\t\t\t\t\t\t\t<span class=\"elementor-toggle-icon elementor-toggle-icon-left\" aria-hidden=\"true\">\n\t\t\t\t\t\t\t\t\t\t\t\t\t\t\t<span class=\"elementor-toggle-icon-closed\"><i class=\"fas fa-caret-right\"><\/i><\/span>\n\t\t\t\t\t\t\t\t<span class=\"elementor-toggle-icon-opened\"><i class=\"elementor-toggle-icon-opened fas fa-caret-up\"><\/i><\/span>\n\t\t\t\t\t\t\t\t\t\t\t\t\t<\/span>\n\t\t\t\t\t\t\t\t\t\t\t\t<a class=\"elementor-toggle-title\" tabindex=\"0\">VIII. Tutoriales<\/a>\n\t\t\t\t\t<\/div>\n\n\t\t\t\t\t<div id=\"elementor-tab-content-4127\" class=\"elementor-tab-content elementor-clearfix\" data-tab=\"7\" role=\"region\" aria-labelledby=\"elementor-tab-title-4127\">Contenido de ida y vuelta<\/div>\n\t\t\t\t<\/div>\n\t\t\t\t\t\t\t\t<\/div>\n\t\t\t\t\t\t<\/div>\n\t\t\t\t<\/div>\n\t\t\t\t\t<\/div>\n\t\t<\/div>\n\t\t\t\t\t<\/div>\n\t\t<\/section>\n\t\t\t\t<section class=\"elementor-section elementor-top-section elementor-element elementor-element-13293ce5 elementor-section-boxed elementor-section-height-default elementor-section-height-default\" data-id=\"13293ce5\" data-element_type=\"section\" data-e-type=\"section\">\n\t\t\t\t\t\t<div class=\"elementor-container elementor-column-gap-default\">\n\t\t\t\t\t<div class=\"elementor-column elementor-col-100 elementor-top-column elementor-element elementor-element-64523f03\" data-id=\"64523f03\" data-element_type=\"column\" data-e-type=\"column\">\n\t\t\t<div class=\"elementor-widget-wrap elementor-element-populated\">\n\t\t\t\t\t\t<div class=\"elementor-element elementor-element-68945000 elementor-widget elementor-widget-text-editor\" data-id=\"68945000\" data-element_type=\"widget\" data-e-type=\"widget\" data-widget_type=\"text-editor.default\">\n\t\t\t\t<div class=\"elementor-widget-container\">\n\t\t\t\t\t\t\t\t\t<p><\/p>\n<div id=\"ez-toc-container\" class=\"ez-toc-v2_0_82_2 counter-hierarchy ez-toc-counter ez-toc-grey ez-toc-container-direction\">\n<div class=\"ez-toc-title-container\">\n<p class=\"ez-toc-title\" style=\"cursor:inherit\">Contenido<\/p>\n<span class=\"ez-toc-title-toggle\"><a href=\"#\" class=\"ez-toc-pull-right ez-toc-btn ez-toc-btn-xs ez-toc-btn-default ez-toc-toggle\" aria-label=\"Tabla de contenido alternativo\"><span class=\"ez-toc-js-icon-con\"><span class=\"\"><span class=\"eztoc-hide\" style=\"display:none;\">Palanca<\/span><span class=\"ez-toc-icon-toggle-span\"><svg style=\"fill: #999;color:#999\" xmlns=\"http:\/\/www.w3.org\/2000\/svg\" class=\"list-377408\" width=\"20px\" height=\"20px\" viewbox=\"0 0 24 24\" fill=\"none\"><path d=\"M6 6H4v2h2V6zm14 0H8v2h12V6zM4 11h2v2H4v-2zm16 0H8v2h12v-2zM4 16h2v2H4v-2zm16 0H8v2h12v-2z\" fill=\"currentColor\"><\/path><\/svg><svg style=\"fill: #999;color:#999\" class=\"arrow-unsorted-368013\" xmlns=\"http:\/\/www.w3.org\/2000\/svg\" width=\"10px\" height=\"10px\" viewbox=\"0 0 24 24\" version=\"1.2\" baseprofile=\"tiny\"><path d=\"M18.2 9.3l-6.2-6.3-6.2 6.3c-.2.2-.3.4-.3.7s.1.5.3.7c.2.2.4.3.7.3h11c.3 0 .5-.1.7-.3.2-.2.3-.5.3-.7s-.1-.5-.3-.7zM5.8 14.7l6.2 6.3 6.2-6.3c.2-.2.3-.5.3-.7s-.1-.5-.3-.7c-.2-.2-.4-.3-.7-.3h-11c-.3 0-.5.1-.7.3-.2.2-.3.5-.3.7s.1.5.3.7z\"\/><\/svg><\/span><\/span><\/span><\/a><\/span><\/div>\n<nav><ul class='ez-toc-list ez-toc-list-level-1' ><li class='ez-toc-page-1 ez-toc-heading-level-2'><a class=\"ez-toc-link ez-toc-heading-1\" href=\"https:\/\/complex-systems-ai.com\/es\/algoritmos-estocasticos\/#Algorithmes-stochastiques\" >Algoritmos estoc\u00e1sticos<\/a><\/li><\/ul><\/nav><\/div>\n<h2 class=\"wp-block-heading\"><span class=\"ez-toc-section\" id=\"Algorithmes-stochastiques\"><\/span>Algoritmos estoc\u00e1sticos<span class=\"ez-toc-section-end\"><\/span><\/h2>\n<div>La optimizaci\u00f3n estoc\u00e1stica (inteligencia artificial) se refiere a un conjunto de m\u00e9todos para minimizar o maximizar una funci\u00f3n objetiva con aleatoriedad: b\u00fasqueda aleatoria, descenso estoc\u00e1stico, b\u00fasqueda local iterada, b\u00fasqueda local guiada, b\u00fasqueda dispersa, b\u00fasqueda tab\u00fa, aproximaci\u00f3n promedio de la muestra, metodolog\u00eda de superficie de respuesta.<\/div>\n<p><\/p>\n<p><\/p>\n<p>La optimizaci\u00f3n estoc\u00e1stica se refiere a un conjunto de m\u00e9todos para minimizar o maximizar una funci\u00f3n objetivo con aleatoriedad. Durante las \u00faltimas d\u00e9cadas, estos m\u00e9todos se han convertido en herramientas esenciales para la ciencia, la ingenier\u00eda, los negocios, la inform\u00e1tica y la estad\u00edstica.<\/p>\n<p>Las aplicaciones espec\u00edficas son variadas, pero incluyen: simulaciones para refinar la ubicaci\u00f3n de sensores ac\u00fasticos, decidir cu\u00e1ndo se debe liberar agua en un reservorio para la generaci\u00f3n de energ\u00eda hidroel\u00e9ctrica y optimizar los par\u00e1metros de un modelo estad\u00edstico para un conjunto de datos.<\/p>\n<p><img fetchpriority=\"high\" decoding=\"async\" class=\"aligncenter wp-image-9908 size-full\" src=\"https:\/\/complex-systems-ai.com\/wp-content\/uploads\/2020\/09\/Stochastic-optimization-methods-applied-for-sequence-alignment-problem.png\" alt=\"algoritmos estoc\u00e1sticos\" width=\"850\" height=\"514\" title=\"\" srcset=\"https:\/\/complex-systems-ai.com\/wp-content\/uploads\/2020\/09\/Stochastic-optimization-methods-applied-for-sequence-alignment-problem.png 850w, https:\/\/complex-systems-ai.com\/wp-content\/uploads\/2020\/09\/Stochastic-optimization-methods-applied-for-sequence-alignment-problem-300x181.png 300w, https:\/\/complex-systems-ai.com\/wp-content\/uploads\/2020\/09\/Stochastic-optimization-methods-applied-for-sequence-alignment-problem-768x464.png 768w\" sizes=\"(max-width: 850px) 100vw, 850px\" \/><\/p>\n<p><\/p>\t\t\t\t\t\t\t\t<\/div>\n\t\t\t\t<\/div>\n\t\t\t\t\t<\/div>\n\t\t<\/div>\n\t\t\t\t\t<\/div>\n\t\t<\/section>\n\t\t\t\t<\/div>","protected":false},"excerpt":{"rendered":"<p>P\u00e1gina de inicio de Wiki de teor\u00edas I. B\u00fasqueda aleatoria (algoritmos estoc\u00e1sticos) B\u00fasqueda aleatoria B\u00fasqueda aleatoria adaptativa B\u00fasqueda aleatoria adaptativa (tama\u00f1o de paso) B\u00fasqueda aleatoria direccional adaptativa B\u00fasqueda \u2026 <\/p>","protected":false},"author":1,"featured_media":0,"parent":0,"menu_order":0,"comment_status":"closed","ping_status":"closed","template":"","meta":{"footnotes":""},"class_list":["post-7101","page","type-page","status-publish","hentry"],"amp_enabled":true,"_links":{"self":[{"href":"https:\/\/complex-systems-ai.com\/es\/wp-json\/wp\/v2\/pages\/7101","targetHints":{"allow":["GET"]}}],"collection":[{"href":"https:\/\/complex-systems-ai.com\/es\/wp-json\/wp\/v2\/pages"}],"about":[{"href":"https:\/\/complex-systems-ai.com\/es\/wp-json\/wp\/v2\/types\/page"}],"author":[{"embeddable":true,"href":"https:\/\/complex-systems-ai.com\/es\/wp-json\/wp\/v2\/users\/1"}],"replies":[{"embeddable":true,"href":"https:\/\/complex-systems-ai.com\/es\/wp-json\/wp\/v2\/comments?post=7101"}],"version-history":[{"count":38,"href":"https:\/\/complex-systems-ai.com\/es\/wp-json\/wp\/v2\/pages\/7101\/revisions"}],"predecessor-version":[{"id":20661,"href":"https:\/\/complex-systems-ai.com\/es\/wp-json\/wp\/v2\/pages\/7101\/revisions\/20661"}],"wp:attachment":[{"href":"https:\/\/complex-systems-ai.com\/es\/wp-json\/wp\/v2\/media?parent=7101"}],"curies":[{"name":"gracias","href":"https:\/\/api.w.org\/{rel}","templated":true}]}}