{"id":7135,"date":"2019-09-26T16:20:37","date_gmt":"2019-09-26T15:20:37","guid":{"rendered":"http:\/\/smart--grid.net\/?page_id=7135"},"modified":"2024-02-13T13:54:14","modified_gmt":"2024-02-13T12:54:14","slug":"algorithmes-dessaims","status":"publish","type":"page","link":"https:\/\/complex-systems-ai.com\/es\/algoritmos-desaims\/","title":{"rendered":"Algoritmos de enjambre 101"},"content":{"rendered":"<div data-elementor-type=\"wp-page\" data-elementor-id=\"7135\" class=\"elementor elementor-7135\">\n\t\t\t\t\t\t<section class=\"elementor-section elementor-top-section elementor-element elementor-element-9d956fb elementor-section-boxed elementor-section-height-default elementor-section-height-default\" data-id=\"9d956fb\" data-element_type=\"section\" data-e-type=\"section\">\n\t\t\t\t\t\t<div class=\"elementor-container elementor-column-gap-default\">\n\t\t\t\t\t<div class=\"elementor-column elementor-col-33 elementor-top-column elementor-element elementor-element-5d8195e\" data-id=\"5d8195e\" data-element_type=\"column\" data-e-type=\"column\">\n\t\t\t<div class=\"elementor-widget-wrap elementor-element-populated\">\n\t\t\t\t\t\t<div class=\"elementor-element elementor-element-7122153 elementor-align-justify elementor-widget elementor-widget-button\" data-id=\"7122153\" data-element_type=\"widget\" data-e-type=\"widget\" data-widget_type=\"button.default\">\n\t\t\t\t<div class=\"elementor-widget-container\">\n\t\t\t\t\t\t\t\t\t<div class=\"elementor-button-wrapper\">\n\t\t\t\t\t<a class=\"elementor-button elementor-button-link elementor-size-sm\" href=\"https:\/\/complex-systems-ai.com\/es\/2020\/04\/03\/teorias-y-algoritmos-2\/\">\n\t\t\t\t\t\t<span class=\"elementor-button-content-wrapper\">\n\t\t\t\t\t\t\t\t\t<span class=\"elementor-button-text\">Teor\u00edas<\/span>\n\t\t\t\t\t<\/span>\n\t\t\t\t\t<\/a>\n\t\t\t\t<\/div>\n\t\t\t\t\t\t\t\t<\/div>\n\t\t\t\t<\/div>\n\t\t\t\t\t<\/div>\n\t\t<\/div>\n\t\t\t\t<div class=\"elementor-column elementor-col-33 elementor-top-column elementor-element elementor-element-03fcff5\" data-id=\"03fcff5\" data-element_type=\"column\" data-e-type=\"column\">\n\t\t\t<div class=\"elementor-widget-wrap elementor-element-populated\">\n\t\t\t\t\t\t<div class=\"elementor-element elementor-element-c0dbf92 elementor-align-justify elementor-widget elementor-widget-button\" data-id=\"c0dbf92\" data-element_type=\"widget\" data-e-type=\"widget\" data-widget_type=\"button.default\">\n\t\t\t\t<div class=\"elementor-widget-container\">\n\t\t\t\t\t\t\t\t\t<div class=\"elementor-button-wrapper\">\n\t\t\t\t\t<a class=\"elementor-button elementor-button-link elementor-size-sm\" href=\"https:\/\/complex-systems-ai.com\/es\/\">\n\t\t\t\t\t\t<span class=\"elementor-button-content-wrapper\">\n\t\t\t\t\t\t\t\t\t<span class=\"elementor-button-text\">Pagina de inicio<\/span>\n\t\t\t\t\t<\/span>\n\t\t\t\t\t<\/a>\n\t\t\t\t<\/div>\n\t\t\t\t\t\t\t\t<\/div>\n\t\t\t\t<\/div>\n\t\t\t\t\t<\/div>\n\t\t<\/div>\n\t\t\t\t<div class=\"elementor-column elementor-col-33 elementor-top-column elementor-element elementor-element-9d9ffc0\" data-id=\"9d9ffc0\" data-element_type=\"column\" data-e-type=\"column\">\n\t\t\t<div class=\"elementor-widget-wrap elementor-element-populated\">\n\t\t\t\t\t\t<div class=\"elementor-element elementor-element-b4bbfab elementor-align-justify elementor-widget elementor-widget-button\" data-id=\"b4bbfab\" data-element_type=\"widget\" data-e-type=\"widget\" data-widget_type=\"button.default\">\n\t\t\t\t<div class=\"elementor-widget-container\">\n\t\t\t\t\t\t\t\t\t<div class=\"elementor-button-wrapper\">\n\t\t\t\t\t<a class=\"elementor-button elementor-button-link elementor-size-sm\" href=\"https:\/\/fr.wikipedia.org\/wiki\/Intelligence_distribu%C3%A9e\" target=\"_blank\" rel=\"noopener\">\n\t\t\t\t\t\t<span class=\"elementor-button-content-wrapper\">\n\t\t\t\t\t\t\t\t\t<span class=\"elementor-button-text\">Wiki<\/span>\n\t\t\t\t\t<\/span>\n\t\t\t\t\t<\/a>\n\t\t\t\t<\/div>\n\t\t\t\t\t\t\t\t<\/div>\n\t\t\t\t<\/div>\n\t\t\t\t\t<\/div>\n\t\t<\/div>\n\t\t\t\t\t<\/div>\n\t\t<\/section>\n\t\t\t\t<section class=\"elementor-section elementor-top-section elementor-element elementor-element-68bea6c elementor-section-boxed elementor-section-height-default elementor-section-height-default\" data-id=\"68bea6c\" data-element_type=\"section\" data-e-type=\"section\">\n\t\t\t\t\t\t<div class=\"elementor-container elementor-column-gap-default\">\n\t\t\t\t\t<div class=\"elementor-column elementor-col-100 elementor-top-column elementor-element elementor-element-533f9ee\" data-id=\"533f9ee\" data-element_type=\"column\" data-e-type=\"column\">\n\t\t\t<div class=\"elementor-widget-wrap elementor-element-populated\">\n\t\t\t\t\t\t<div class=\"elementor-element elementor-element-c19a66d elementor-widget elementor-widget-toggle\" data-id=\"c19a66d\" data-element_type=\"widget\" data-e-type=\"widget\" data-widget_type=\"toggle.default\">\n\t\t\t\t<div class=\"elementor-widget-container\">\n\t\t\t\t\t\t\t<div class=\"elementor-toggle\">\n\t\t\t\t\t\t\t<div class=\"elementor-toggle-item\">\n\t\t\t\t\t<div id=\"elementor-tab-title-2031\" class=\"elementor-tab-title\" data-tab=\"1\" role=\"button\" aria-controls=\"elementor-tab-content-2031\" aria-expanded=\"false\">\n\t\t\t\t\t\t\t\t\t\t\t\t<span class=\"elementor-toggle-icon elementor-toggle-icon-left\" aria-hidden=\"true\">\n\t\t\t\t\t\t\t\t\t\t\t\t\t\t\t<span class=\"elementor-toggle-icon-closed\"><i class=\"fas fa-caret-right\"><\/i><\/span>\n\t\t\t\t\t\t\t\t<span class=\"elementor-toggle-icon-opened\"><i class=\"elementor-toggle-icon-opened fas fa-caret-up\"><\/i><\/span>\n\t\t\t\t\t\t\t\t\t\t\t\t\t<\/span>\n\t\t\t\t\t\t\t\t\t\t\t\t<a class=\"elementor-toggle-title\" tabindex=\"0\">I. Enjambres de part\u00edculas (algoritmos de enjambres)<\/a>\n\t\t\t\t\t<\/div>\n\n\t\t\t\t\t<div id=\"elementor-tab-content-2031\" class=\"elementor-tab-content elementor-clearfix\" data-tab=\"1\" role=\"region\" aria-labelledby=\"elementor-tab-title-2031\"><ul><li><a href=\"https:\/\/complex-systems-ai.com\/es\/algoritmos-desaims\/enjambre-de-particulas\/\">Optimizaci\u00f3n de enjambres de part\u00edculas<\/a><ul><li><a href=\"https:\/\/ieeexplore.ieee.org\/document\/5498113\/\" target=\"_blank\" rel=\"noopener\">Optimizaci\u00f3n de enjambres de part\u00edculas repelentes<\/a><\/li><li><a href=\"https:\/\/linkinghub.elsevier.com\/retrieve\/pii\/S0965997813001609\" target=\"_blank\" rel=\"noopener\">Enjambre ca\u00f3tico de part\u00edculas<\/a><\/li><li><a href=\"https:\/\/ieeexplore.ieee.org\/document\/5349613\/\" target=\"_blank\" rel=\"noopener\">PSO-Voronoi<\/a><\/li><li><a href=\"https:\/\/linkinghub.elsevier.com\/retrieve\/pii\/S0096300313006899\" target=\"_blank\" rel=\"noopener\">PSO de comportamiento cu\u00e1ntico<\/a><\/li><li><a href=\"https:\/\/ieeexplore.ieee.org\/document\/1202251\/\" target=\"_blank\" rel=\"noopener\">PSO desnudo<\/a><\/li><li><a href=\"https:\/\/linkinghub.elsevier.com\/retrieve\/pii\/S0096300311001160\" target=\"_blank\" rel=\"noopener\">PSO ca\u00f3tico<\/a><\/li><li><a href=\"https:\/\/linkinghub.elsevier.com\/retrieve\/pii\/S0020025510005700\" target=\"_blank\" rel=\"noopener\">PSO difuso<\/a><\/li><li><a href=\"https:\/\/dl.acm.org\/action\/cookieAbsent\" target=\"_blank\" rel=\"noopener\">PSOT-VAC<\/a><\/li><li><a href=\"https:\/\/ieeexplore.ieee.org\/document\/5596501\/\" target=\"_blank\" rel=\"noopener\">PSO de oposici\u00f3n<\/a><\/li><li><a href=\"https:\/\/linkinghub.elsevier.com\/retrieve\/pii\/S1568494609001549\" target=\"_blank\" rel=\"noopener\">PSO simplificado<\/a><\/li><\/ul><\/li><\/ul><\/div>\n\t\t\t\t<\/div>\n\t\t\t\t\t\t\t<div class=\"elementor-toggle-item\">\n\t\t\t\t\t<div id=\"elementor-tab-title-2032\" class=\"elementor-tab-title\" data-tab=\"2\" role=\"button\" aria-controls=\"elementor-tab-content-2032\" aria-expanded=\"false\">\n\t\t\t\t\t\t\t\t\t\t\t\t<span class=\"elementor-toggle-icon elementor-toggle-icon-left\" aria-hidden=\"true\">\n\t\t\t\t\t\t\t\t\t\t\t\t\t\t\t<span class=\"elementor-toggle-icon-closed\"><i class=\"fas fa-caret-right\"><\/i><\/span>\n\t\t\t\t\t\t\t\t<span class=\"elementor-toggle-icon-opened\"><i class=\"elementor-toggle-icon-opened fas fa-caret-up\"><\/i><\/span>\n\t\t\t\t\t\t\t\t\t\t\t\t\t<\/span>\n\t\t\t\t\t\t\t\t\t\t\t\t<a class=\"elementor-toggle-title\" tabindex=\"0\">II. Sistema de colonia de hormigas<\/a>\n\t\t\t\t\t<\/div>\n\n\t\t\t\t\t<div id=\"elementor-tab-content-2032\" class=\"elementor-tab-content elementor-clearfix\" data-tab=\"2\" role=\"region\" aria-labelledby=\"elementor-tab-title-2032\"><ul><li><a href=\"https:\/\/complex-systems-ai.com\/es\/algoritmos-desaims\/sistema-hormiga\/\" target=\"_blank\" rel=\"noreferrer noopener\" aria-label=\"Ant System (se abre en una nueva pesta\u00f1a)\">Sistema de hormigas<\/a><\/li><li><a href=\"https:\/\/complex-systems-ai.com\/es\/algoritmos-desaims\/colonia-de-hormigas\/\">Sistema de colonia de hormigas<\/a><ul><li><a href=\"https:\/\/linkinghub.elsevier.com\/retrieve\/pii\/S0167739X00000431\" target=\"_blank\" rel=\"noopener\">Sistema de hormigas Max-Min<\/a><\/li><li><a href=\"https:\/\/epub.wu.ac.at\/616\/\" target=\"_blank\" rel=\"noopener\">Sistema de hormigas basado en rangos<\/a><\/li><li><a href=\"http:\/\/www0.cs.ucl.ac.uk\/staff\/p.bentley\/teaching\/L8_reading\/IJ.10-SMC96.pdf\" target=\"_blank\" rel=\"noopener\">Sistemas de hormigas de \u00e9lite<\/a><\/li><li><a href=\"https:\/\/ieeexplore.ieee.org\/document\/1275547\/\" target=\"_blank\" rel=\"noopener\">Optimizaci\u00f3n de colonias de hormigas hipercubo<\/a><\/li><li><a href=\"https:\/\/pubsonline.informs.org\/action\/cookieAbsent\" target=\"_blank\" rel=\"noopener\">B\u00fasqueda aproximada de \u00e1rboles no deterministas<\/a><\/li><li><a href=\"http:\/\/citeseerx.ist.psu.edu\/viewdoc\/summary?doi=10.1.1.45.5381\" target=\"_blank\" rel=\"noopener\">Sistema de colonias de hormigas m\u00faltiples <\/a><\/li><li><a href=\"https:\/\/eprints.gla.ac.uk\/3894\/1\/JCST_paper.pdf\" target=\"_blank\" rel=\"noopener\">Colonia de hormigas ortogonal continua<\/a><\/li><li><a href=\"https:\/\/ieeexplore.ieee.org\/document\/6194620\/\" target=\"_blank\" rel=\"noopener\">Optimizaci\u00f3n recursiva de colonias de hormigas<\/a><\/li><li><a href=\"https:\/\/link.springer.com\/chapter\/10.1007\/978-3-319-11289-3_61?error=cookies_not_supported&#038;code=31cbcab0-78ed-4b7a-818c-cf32beded294\" target=\"_blank\" rel=\"noopener\">ACO basado en la poblaci\u00f3n<\/a><\/li><li><a href=\"https:\/\/linkinghub.elsevier.com\/retrieve\/pii\/S0305054803003599\" target=\"_blank\" rel=\"noopener\">Haz-ACO<\/a><\/li><\/ul><\/li><\/ul><\/div>\n\t\t\t\t<\/div>\n\t\t\t\t\t\t\t<div class=\"elementor-toggle-item\">\n\t\t\t\t\t<div id=\"elementor-tab-title-2033\" class=\"elementor-tab-title\" data-tab=\"3\" role=\"button\" aria-controls=\"elementor-tab-content-2033\" aria-expanded=\"false\">\n\t\t\t\t\t\t\t\t\t\t\t\t<span class=\"elementor-toggle-icon elementor-toggle-icon-left\" aria-hidden=\"true\">\n\t\t\t\t\t\t\t\t\t\t\t\t\t\t\t<span class=\"elementor-toggle-icon-closed\"><i class=\"fas fa-caret-right\"><\/i><\/span>\n\t\t\t\t\t\t\t\t<span class=\"elementor-toggle-icon-opened\"><i class=\"elementor-toggle-icon-opened fas fa-caret-up\"><\/i><\/span>\n\t\t\t\t\t\t\t\t\t\t\t\t\t<\/span>\n\t\t\t\t\t\t\t\t\t\t\t\t<a class=\"elementor-toggle-title\" tabindex=\"0\">II. Colonia de abejas y otros insectos.<\/a>\n\t\t\t\t\t<\/div>\n\n\t\t\t\t\t<div id=\"elementor-tab-content-2033\" class=\"elementor-tab-content elementor-clearfix\" data-tab=\"3\" role=\"region\" aria-labelledby=\"elementor-tab-title-2033\"><ul><li><a href=\"https:\/\/complex-systems-ai.com\/es\/algoritmos-desaims\/algoritmo-de-abeja\/\" target=\"_blank\" rel=\"noreferrer noopener\" aria-label=\" (abriendo en una nueva pesta\u00f1a)\">Algoritmo de abeja<\/a><\/li><li style=\"list-style-type: none;\"><ul><li><a href=\"https:\/\/link.springer.com\/chapter\/10.1007\/978-3-642-04225-6_3?error=cookies_not_supported&#038;code=543630dc-d04d-43bc-ad76-d8a27a389a34\" target=\"_blank\" rel=\"noopener\">Optimizaci\u00f3n de colonias de abejas<\/a><\/li><li><a href=\"http:\/\/www.ijicic.org\/isii08-247-1.pdf\" target=\"_blank\" rel=\"noopener\">Optimizaci\u00f3n de colonias de abejas artificiales<\/a><\/li><li><a href=\"https:\/\/www.mdpi.com\/1424-8220\/18\/3\/759\" target=\"_blank\" rel=\"noopener\">Algoritmo de abejas distribuidas heterog\u00e9neas<\/a><\/li><\/ul><\/li><li><a href=\"https:\/\/link.springer.com\/chapter\/10.1007\/3-211-27389-1_63?error=cookies_not_supported&#038;code=b2f4545b-ec99-45ab-be08-6cc6d7a79944\" target=\"_blank\" rel=\"noopener\">Algoritmo de enjambre de avispas<\/a><\/li><li><a href=\"https:\/\/linkinghub.elsevier.com\/retrieve\/pii\/S0965997815000113\" target=\"_blank\" rel=\"noopener\">Optimizaci\u00f3n de hormigas<\/a><\/li><li><a href=\"https:\/\/linkinghub.elsevier.com\/retrieve\/pii\/S0950705115002580\" target=\"_blank\" rel=\"noopener\">Algoritmo de optimizaci\u00f3n del barrenador del ma\u00edz europeo<\/a><\/li><li><a href=\"https:\/\/www.intechopen.com\/chapters\/51209\" target=\"_blank\" rel=\"noopener\">Algoritmo de luci\u00e9rnaga<\/a><\/li><li><a href=\"https:\/\/link.springer.com\/article\/10.1007\/s00521-015-1923-y?error=cookies_not_supported&#038;code=73e27ac5-621e-408a-96d1-7873d6cad82a\" target=\"_blank\" rel=\"noopener\">Optimizaci\u00f3n de la mariposa monarca<\/a><\/li><li><a href=\"https:\/\/www.hindawi.com\/journals\/cin\/2019\/9293617\/\" target=\"_blank\" rel=\"noopener\">Algoritmo de lib\u00e9lula<\/a><\/li><li><a href=\"https:\/\/ieeexplore.ieee.org\/document\/1501606\/\" target=\"_blank\" rel=\"noopener\">Optimizaci\u00f3n del enjambre de gusanos luminosos<\/a><\/li><\/ul><\/div>\n\t\t\t\t<\/div>\n\t\t\t\t\t\t\t<div class=\"elementor-toggle-item\">\n\t\t\t\t\t<div id=\"elementor-tab-title-2034\" class=\"elementor-tab-title\" data-tab=\"4\" role=\"button\" aria-controls=\"elementor-tab-content-2034\" aria-expanded=\"false\">\n\t\t\t\t\t\t\t\t\t\t\t\t<span class=\"elementor-toggle-icon elementor-toggle-icon-left\" aria-hidden=\"true\">\n\t\t\t\t\t\t\t\t\t\t\t\t\t\t\t<span class=\"elementor-toggle-icon-closed\"><i class=\"fas fa-caret-right\"><\/i><\/span>\n\t\t\t\t\t\t\t\t<span class=\"elementor-toggle-icon-opened\"><i class=\"elementor-toggle-icon-opened fas fa-caret-up\"><\/i><\/span>\n\t\t\t\t\t\t\t\t\t\t\t\t\t<\/span>\n\t\t\t\t\t\t\t\t\t\t\t\t<a class=\"elementor-toggle-title\" tabindex=\"0\">IV. Basado en otros animales<\/a>\n\t\t\t\t\t<\/div>\n\n\t\t\t\t\t<div id=\"elementor-tab-content-2034\" class=\"elementor-tab-content elementor-clearfix\" data-tab=\"4\" role=\"region\" aria-labelledby=\"elementor-tab-title-2034\"><ul><li><a href=\"https:\/\/linkinghub.elsevier.com\/retrieve\/pii\/S0965997813001853\" target=\"_blank\" rel=\"noopener\">Optimizaci\u00f3n de lobos grises<\/a><\/li><li><a href=\"https:\/\/complex-systems-ai.com\/es\/algoritmos-desaims\/algoritmo-de-optimizacion-de-dieta-bacteriana\/\" target=\"_blank\" rel=\"noreferrer noopener\" aria-label=\" (abriendo en una nueva pesta\u00f1a)\">Algoritmo de optimizaci\u00f3n de la alimentaci\u00f3n bacteriana<\/a><\/li><li><a href=\"https:\/\/www.sysengi.com\/EN\/10.12011\/1000-6788(2002)11-32\" target=\"_blank\" rel=\"noopener\">Algoritmo de escuela de peces<\/a><\/li><li><a href=\"https:\/\/www.researchgate.net\/publication\/282822637_Elephant_Herding_Optimization\" target=\"_blank\" rel=\"noopener\">Optimizaci\u00f3n de la cr\u00eda de elefantes<\/a><\/li><li><a href=\"https:\/\/linkinghub.elsevier.com\/retrieve\/pii\/S2214785317313433\" target=\"_blank\" rel=\"noopener\">Optimizaci\u00f3n de b\u00fasqueda de cuco<\/a><\/li><li><a href=\"https:\/\/www.researchgate.net\/publication\/255971823_Bat_Algorithm_Literature_Review_and_Applications\" target=\"_blank\" rel=\"noopener\">Algoritmo de murci\u00e9lago<\/a><\/li><li><a href=\"https:\/\/link.springer.com\/chapter\/10.1007\/978-3-319-11857-4_10?error=cookies_not_supported&#038;code=0247e672-02ac-41df-8c71-2fadb3af1585\" target=\"_blank\" rel=\"noopener\">Optimizaci\u00f3n del gallinero<\/a><\/li><li><a href=\"https:\/\/linkinghub.elsevier.com\/retrieve\/pii\/S1007570412002171\" target=\"_blank\" rel=\"noopener\">Manada de krill<\/a><\/li><li><a href=\"https:\/\/link.springer.com\/chapter\/10.1007\/978-3-540-36668-3_94?error=cookies_not_supported&#038;code=69e677ed-f790-4f0e-805c-1372100dcec0\" target=\"_blank\" rel=\"noopener\">Optimizaci\u00f3n del enjambre de gatos<\/a><\/li><li><a href=\"https:\/\/link.springer.com\/article\/10.1007\/s00500-013-1069-8?error=cookies_not_supported&#038;code=ca20af35-09ba-4169-b958-36105b5a3e2e\" target=\"_blank\" rel=\"noopener\">Optimizaci\u00f3n del grupo cooperativo<\/a><\/li><li><a href=\"https:\/\/ieeexplore.ieee.org\/document\/7321685\/\" target=\"_blank\" rel=\"noopener\">Inteligencia de enjambre artificial<\/a><\/li><li><a href=\"https:\/\/linkinghub.elsevier.com\/retrieve\/pii\/S0167739X18313530\" target=\"_blank\" rel=\"noopener\">Optimizaci\u00f3n de los halcones de Harris<\/a><\/li><li><a href=\"https:\/\/linkinghub.elsevier.com\/retrieve\/pii\/S1877050917329095\" target=\"_blank\" rel=\"noopener\">Algoritmo de ballena asesina<\/a><\/li><li><a href=\"https:\/\/link.springer.com\/article\/10.1007\/s12065-019-00212-x?error=cookies_not_supported&#038;code=3e1af0da-c4ad-4f0e-a747-140db27a766f\" target=\"_blank\" rel=\"noopener\">Colonia de ping\u00fcinos emperador<\/a><\/li><\/ul><\/div>\n\t\t\t\t<\/div>\n\t\t\t\t\t\t\t<div class=\"elementor-toggle-item\">\n\t\t\t\t\t<div id=\"elementor-tab-title-2035\" class=\"elementor-tab-title\" data-tab=\"5\" role=\"button\" aria-controls=\"elementor-tab-content-2035\" aria-expanded=\"false\">\n\t\t\t\t\t\t\t\t\t\t\t\t<span class=\"elementor-toggle-icon elementor-toggle-icon-left\" aria-hidden=\"true\">\n\t\t\t\t\t\t\t\t\t\t\t\t\t\t\t<span class=\"elementor-toggle-icon-closed\"><i class=\"fas fa-caret-right\"><\/i><\/span>\n\t\t\t\t\t\t\t\t<span class=\"elementor-toggle-icon-opened\"><i class=\"elementor-toggle-icon-opened fas fa-caret-up\"><\/i><\/span>\n\t\t\t\t\t\t\t\t\t\t\t\t\t<\/span>\n\t\t\t\t\t\t\t\t\t\t\t\t<a class=\"elementor-toggle-title\" tabindex=\"0\">V.Tutoriales<\/a>\n\t\t\t\t\t<\/div>\n\n\t\t\t\t\t<div id=\"elementor-tab-content-2035\" class=\"elementor-tab-content elementor-clearfix\" data-tab=\"5\" role=\"region\" aria-labelledby=\"elementor-tab-title-2035\" data-no-translation=\"\" data-trp-gettext=\"\">Alternar contenido<\/div>\n\t\t\t\t<\/div>\n\t\t\t\t\t\t\t\t<\/div>\n\t\t\t\t\t\t<\/div>\n\t\t\t\t<\/div>\n\t\t\t\t\t<\/div>\n\t\t<\/div>\n\t\t\t\t\t<\/div>\n\t\t<\/section>\n\t\t\t\t<section class=\"elementor-section elementor-top-section elementor-element elementor-element-2195db1d elementor-section-boxed elementor-section-height-default elementor-section-height-default\" data-id=\"2195db1d\" data-element_type=\"section\" data-e-type=\"section\">\n\t\t\t\t\t\t<div class=\"elementor-container elementor-column-gap-default\">\n\t\t\t\t\t<div class=\"elementor-column elementor-col-100 elementor-top-column elementor-element elementor-element-11f5b3c2\" data-id=\"11f5b3c2\" data-element_type=\"column\" data-e-type=\"column\">\n\t\t\t<div class=\"elementor-widget-wrap elementor-element-populated\">\n\t\t\t\t\t\t<div class=\"elementor-element elementor-element-7f8c0169 elementor-widget elementor-widget-text-editor\" data-id=\"7f8c0169\" data-element_type=\"widget\" data-e-type=\"widget\" data-widget_type=\"text-editor.default\">\n\t\t\t\t<div class=\"elementor-widget-container\">\n\t\t\t\t\t\t\t\t\t<div id=\"ez-toc-container\" class=\"ez-toc-v2_0_82_2 counter-hierarchy ez-toc-counter ez-toc-grey ez-toc-container-direction\">\n<div class=\"ez-toc-title-container\">\n<p class=\"ez-toc-title\" style=\"cursor:inherit\">Contenido<\/p>\n<span class=\"ez-toc-title-toggle\"><a href=\"#\" class=\"ez-toc-pull-right ez-toc-btn ez-toc-btn-xs ez-toc-btn-default ez-toc-toggle\" aria-label=\"Tabla de contenido alternativo\"><span class=\"ez-toc-js-icon-con\"><span class=\"\"><span class=\"eztoc-hide\" style=\"display:none;\">Palanca<\/span><span class=\"ez-toc-icon-toggle-span\"><svg style=\"fill: #999;color:#999\" xmlns=\"http:\/\/www.w3.org\/2000\/svg\" class=\"list-377408\" width=\"20px\" height=\"20px\" viewbox=\"0 0 24 24\" fill=\"none\"><path d=\"M6 6H4v2h2V6zm14 0H8v2h12V6zM4 11h2v2H4v-2zm16 0H8v2h12v-2zM4 16h2v2H4v-2zm16 0H8v2h12v-2z\" fill=\"currentColor\"><\/path><\/svg><svg style=\"fill: #999;color:#999\" class=\"arrow-unsorted-368013\" xmlns=\"http:\/\/www.w3.org\/2000\/svg\" width=\"10px\" height=\"10px\" viewbox=\"0 0 24 24\" version=\"1.2\" baseprofile=\"tiny\"><path d=\"M18.2 9.3l-6.2-6.3-6.2 6.3c-.2.2-.3.4-.3.7s.1.5.3.7c.2.2.4.3.7.3h11c.3 0 .5-.1.7-.3.2-.2.3-.5.3-.7s-.1-.5-.3-.7zM5.8 14.7l6.2 6.3 6.2-6.3c.2-.2.3-.5.3-.7s-.1-.5-.3-.7c-.2-.2-.4-.3-.7-.3h-11c-.3 0-.5.1-.7.3-.2.2-.3.5-.3.7s.1.5.3.7z\"\/><\/svg><\/span><\/span><\/span><\/a><\/span><\/div>\n<nav><ul class='ez-toc-list ez-toc-list-level-1' ><li class='ez-toc-page-1 ez-toc-heading-level-2'><a class=\"ez-toc-link ez-toc-heading-1\" href=\"https:\/\/complex-systems-ai.com\/es\/algoritmos-desaims\/#Algorithmes-dessaims\" >Algoritmos de enjambre<\/a><\/li><\/ul><\/nav><\/div>\n<h2><span class=\"ez-toc-section\" id=\"Algorithmes-dessaims\"><\/span>Algoritmos de enjambre<span class=\"ez-toc-section-end\"><\/span><\/h2><p class=\"has-text-align-justify\">La inteligencia de enjambre (algoritmos de enjambre) es el estudio de los sistemas inform\u00e1ticos inspirados en la &quot;inteligencia colectiva&quot;. La inteligencia colectiva surge gracias a la cooperaci\u00f3n de un gran n\u00famero de agentes homog\u00e9neos en el entorno. Los ejemplos incluyen bancos de peces, bandadas de p\u00e1jaros y colonias de hormigas. Esta inteligencia est\u00e1 descentralizada, autoorganizada y distribuida en un entorno. En la naturaleza, estos sistemas se utilizan com\u00fanmente para resolver problemas como la b\u00fasqueda de alimento eficiente, evadir presas o mover colonias.<\/p><p class=\"has-text-align-justify\">Les informations sont g\u00e9n\u00e9ralement stock\u00e9es dans tous les agents homog\u00e8nes participants, ou sont stock\u00e9es ou communiqu\u00e9es dans l&#039;environnement lui-m\u00eame, par exemple par l&#039;utilisation de ph\u00e9romones chez les fourmis, la danse chez les abeilles et la proximit\u00e9 chez les poissons et les p\u00e1jaros.<\/p><p>Como grupo, las criaturas simples que siguen reglas simples pueden mostrar una sorprendente cantidad de complejidad, eficiencia e incluso creatividad. Conocido como inteligencia de enjambre, este rasgo se encuentra en la naturaleza, pero los investigadores han comenzado a usarlo recientemente para transformar varios campos como la rob\u00f3tica, la miner\u00eda de datos, la medicina y las cadenas de bloques.<\/p><p>Las hormigas, por ejemplo, solo pueden realizar una gama limitada de funciones, pero una colonia de hormigas puede construir puentes, crear carreteras para la comida y la informaci\u00f3n, hacer la guerra y esclavizar a otras especies de hormigas. Todo esto est\u00e1 m\u00e1s all\u00e1 de la comprensi\u00f3n de una sola hormiga. Asimismo, bancos de peces, bandadas de p\u00e1jaros, colmenas y otras especies exhiben comportamientos indicativos de planificaci\u00f3n por parte de una inteligencia superior que en realidad no existe.<\/p><p>Esto sucede a trav\u00e9s de un proceso llamado estigmergia. En pocas palabras, un peque\u00f1o cambio por parte de un miembro del grupo hace que los otros miembros se comporten de manera diferente, lo que lleva a un nuevo patr\u00f3n de comportamiento.<\/p><p>Cuando una hormiga encuentra una fuente de alimento, marca el camino con feromonas. Esto atrae a otras hormigas a este camino, las lleva a la fuente de alimento y las impulsa a marcar el mismo camino con m\u00e1s feromonas. Con el tiempo, la ruta m\u00e1s eficiente se convertir\u00e1 en la carretera, porque cuanto m\u00e1s r\u00e1pido y f\u00e1cil sea un camino, m\u00e1s hormigas llegar\u00e1n a la comida y m\u00e1s feromonas habr\u00e1 en el camino. Entonces, parece que un ser m\u00e1s inteligente eligi\u00f3 el mejor camino, pero surgi\u00f3 de los peque\u00f1os y simples cambios realizados por los individuos.<\/p><p class=\"has-text-align-justify\">El paradigma consta de dos subdominios dominantes: 1) Optimizaci\u00f3n de colonias de hormigas, que estudia algoritmos probabil\u00edsticos inspirados en la estigmatizaci\u00f3n de las hormigas y el comportamiento de b\u00fasqueda de alimento, y 2) Optimizaci\u00f3n de enjambres de part\u00edculas, que estudia algoritmos probabil\u00edsticos inspirados en el reba\u00f1o, los bancos de peces y la cr\u00eda. Al igual que la computaci\u00f3n evolutiva, los algoritmos o las estrategias de inteligencia de enjambre se consideran estrategias adaptativas y generalmente se aplican a \u00e1reas de investigaci\u00f3n y optimizaci\u00f3n.<\/p><p><img fetchpriority=\"high\" decoding=\"async\" class=\"aligncenter wp-image-10095 size-full\" src=\"http:\/\/complex-systems-ai.com\/wp-content\/uploads\/2020\/09\/abc-newspaper-article-swarm-intelligent-based-text-mining1.jpg\" alt=\"enjambres\" width=\"999\" height=\"687\" title=\"\" srcset=\"https:\/\/complex-systems-ai.com\/wp-content\/uploads\/2020\/09\/abc-newspaper-article-swarm-intelligent-based-text-mining1.jpg 999w, https:\/\/complex-systems-ai.com\/wp-content\/uploads\/2020\/09\/abc-newspaper-article-swarm-intelligent-based-text-mining1-300x206.jpg 300w, https:\/\/complex-systems-ai.com\/wp-content\/uploads\/2020\/09\/abc-newspaper-article-swarm-intelligent-based-text-mining1-768x528.jpg 768w\" sizes=\"(max-width: 999px) 100vw, 999px\" \/><\/p>\t\t\t\t\t\t\t\t<\/div>\n\t\t\t\t<\/div>\n\t\t\t\t\t<\/div>\n\t\t<\/div>\n\t\t\t\t\t<\/div>\n\t\t<\/section>\n\t\t\t\t<\/div>","protected":false},"excerpt":{"rendered":"<p>Teor\u00edas Wiki P\u00e1gina de inicio I. Enjambres de part\u00edculas (algoritmos de enjambre) Optimizaci\u00f3n de enjambres de part\u00edculas Optimizaci\u00f3n de enjambres de part\u00edculas repelentes Enjambre de part\u00edculas ca\u00f3ticas \u2026 <\/p>","protected":false},"author":1,"featured_media":0,"parent":0,"menu_order":0,"comment_status":"closed","ping_status":"closed","template":"","meta":{"footnotes":""},"class_list":["post-7135","page","type-page","status-publish","hentry"],"amp_enabled":true,"_links":{"self":[{"href":"https:\/\/complex-systems-ai.com\/es\/wp-json\/wp\/v2\/pages\/7135","targetHints":{"allow":["GET"]}}],"collection":[{"href":"https:\/\/complex-systems-ai.com\/es\/wp-json\/wp\/v2\/pages"}],"about":[{"href":"https:\/\/complex-systems-ai.com\/es\/wp-json\/wp\/v2\/types\/page"}],"author":[{"embeddable":true,"href":"https:\/\/complex-systems-ai.com\/es\/wp-json\/wp\/v2\/users\/1"}],"replies":[{"embeddable":true,"href":"https:\/\/complex-systems-ai.com\/es\/wp-json\/wp\/v2\/comments?post=7135"}],"version-history":[{"count":54,"href":"https:\/\/complex-systems-ai.com\/es\/wp-json\/wp\/v2\/pages\/7135\/revisions"}],"predecessor-version":[{"id":20673,"href":"https:\/\/complex-systems-ai.com\/es\/wp-json\/wp\/v2\/pages\/7135\/revisions\/20673"}],"wp:attachment":[{"href":"https:\/\/complex-systems-ai.com\/es\/wp-json\/wp\/v2\/media?parent=7135"}],"curies":[{"name":"gracias","href":"https:\/\/api.w.org\/{rel}","templated":true}]}}