{"id":7150,"date":"2019-09-26T16:27:13","date_gmt":"2019-09-26T15:27:13","guid":{"rendered":"http:\/\/smart--grid.net\/?page_id=7150"},"modified":"2024-02-13T13:54:38","modified_gmt":"2024-02-13T12:54:38","slug":"algorithme-immunitaire","status":"publish","type":"page","link":"https:\/\/complex-systems-ai.com\/es\/algoritmo-inmunologico\/","title":{"rendered":"Algoritmo inmunol\u00f3gico 101"},"content":{"rendered":"<div data-elementor-type=\"wp-page\" data-elementor-id=\"7150\" class=\"elementor elementor-7150\">\n\t\t\t\t\t\t<section class=\"elementor-section elementor-top-section elementor-element elementor-element-525199d elementor-section-boxed elementor-section-height-default elementor-section-height-default\" data-id=\"525199d\" data-element_type=\"section\" data-e-type=\"section\">\n\t\t\t\t\t\t<div class=\"elementor-container elementor-column-gap-default\">\n\t\t\t\t\t<div class=\"elementor-column elementor-col-33 elementor-top-column elementor-element elementor-element-d4118b5\" data-id=\"d4118b5\" data-element_type=\"column\" data-e-type=\"column\">\n\t\t\t<div class=\"elementor-widget-wrap elementor-element-populated\">\n\t\t\t\t\t\t<div class=\"elementor-element elementor-element-939b406 elementor-align-justify elementor-widget elementor-widget-button\" data-id=\"939b406\" data-element_type=\"widget\" data-e-type=\"widget\" data-widget_type=\"button.default\">\n\t\t\t\t<div class=\"elementor-widget-container\">\n\t\t\t\t\t\t\t\t\t<div class=\"elementor-button-wrapper\">\n\t\t\t\t\t<a class=\"elementor-button elementor-button-link elementor-size-sm\" href=\"https:\/\/complex-systems-ai.com\/es\/2020\/04\/03\/teorias-y-algoritmos-2\/\">\n\t\t\t\t\t\t<span class=\"elementor-button-content-wrapper\">\n\t\t\t\t\t\t\t\t\t<span class=\"elementor-button-text\">Teor\u00edas<\/span>\n\t\t\t\t\t<\/span>\n\t\t\t\t\t<\/a>\n\t\t\t\t<\/div>\n\t\t\t\t\t\t\t\t<\/div>\n\t\t\t\t<\/div>\n\t\t\t\t\t<\/div>\n\t\t<\/div>\n\t\t\t\t<div class=\"elementor-column elementor-col-33 elementor-top-column elementor-element elementor-element-cfcba53\" data-id=\"cfcba53\" data-element_type=\"column\" data-e-type=\"column\">\n\t\t\t<div class=\"elementor-widget-wrap elementor-element-populated\">\n\t\t\t\t\t\t<div class=\"elementor-element elementor-element-5ecdebe elementor-align-justify elementor-widget elementor-widget-button\" data-id=\"5ecdebe\" data-element_type=\"widget\" data-e-type=\"widget\" data-widget_type=\"button.default\">\n\t\t\t\t<div class=\"elementor-widget-container\">\n\t\t\t\t\t\t\t\t\t<div class=\"elementor-button-wrapper\">\n\t\t\t\t\t<a class=\"elementor-button elementor-button-link elementor-size-sm\" href=\"https:\/\/complex-systems-ai.com\/es\/\">\n\t\t\t\t\t\t<span class=\"elementor-button-content-wrapper\">\n\t\t\t\t\t\t\t\t\t<span class=\"elementor-button-text\">Pagina de inicio<\/span>\n\t\t\t\t\t<\/span>\n\t\t\t\t\t<\/a>\n\t\t\t\t<\/div>\n\t\t\t\t\t\t\t\t<\/div>\n\t\t\t\t<\/div>\n\t\t\t\t\t<\/div>\n\t\t<\/div>\n\t\t\t\t<div class=\"elementor-column elementor-col-33 elementor-top-column elementor-element elementor-element-6e962b5\" data-id=\"6e962b5\" data-element_type=\"column\" data-e-type=\"column\">\n\t\t\t<div class=\"elementor-widget-wrap elementor-element-populated\">\n\t\t\t\t\t\t<div class=\"elementor-element elementor-element-5b00f92 elementor-align-justify elementor-widget elementor-widget-button\" data-id=\"5b00f92\" data-element_type=\"widget\" data-e-type=\"widget\" data-widget_type=\"button.default\">\n\t\t\t\t<div class=\"elementor-widget-container\">\n\t\t\t\t\t\t\t\t\t<div class=\"elementor-button-wrapper\">\n\t\t\t\t\t<a class=\"elementor-button elementor-button-link elementor-size-sm\" href=\"https:\/\/fr.wikipedia.org\/wiki\/Syst%C3%A8me_immunitaire_artificiel\" target=\"_blank\" rel=\"noopener\">\n\t\t\t\t\t\t<span class=\"elementor-button-content-wrapper\">\n\t\t\t\t\t\t\t\t\t<span class=\"elementor-button-text\">Wiki<\/span>\n\t\t\t\t\t<\/span>\n\t\t\t\t\t<\/a>\n\t\t\t\t<\/div>\n\t\t\t\t\t\t\t\t<\/div>\n\t\t\t\t<\/div>\n\t\t\t\t\t<\/div>\n\t\t<\/div>\n\t\t\t\t\t<\/div>\n\t\t<\/section>\n\t\t\t\t<section class=\"elementor-section elementor-top-section elementor-element elementor-element-cf52eff elementor-section-boxed elementor-section-height-default elementor-section-height-default\" data-id=\"cf52eff\" data-element_type=\"section\" data-e-type=\"section\">\n\t\t\t\t\t\t<div class=\"elementor-container elementor-column-gap-default\">\n\t\t\t\t\t<div class=\"elementor-column elementor-col-100 elementor-top-column elementor-element elementor-element-01a3031\" data-id=\"01a3031\" data-element_type=\"column\" data-e-type=\"column\">\n\t\t\t<div class=\"elementor-widget-wrap elementor-element-populated\">\n\t\t\t\t\t\t<div class=\"elementor-element elementor-element-2f741f9 elementor-widget elementor-widget-toggle\" data-id=\"2f741f9\" data-element_type=\"widget\" data-e-type=\"widget\" data-widget_type=\"toggle.default\">\n\t\t\t\t<div class=\"elementor-widget-container\">\n\t\t\t\t\t\t\t<div class=\"elementor-toggle\">\n\t\t\t\t\t\t\t<div class=\"elementor-toggle-item\">\n\t\t\t\t\t<div id=\"elementor-tab-title-4971\" class=\"elementor-tab-title\" data-tab=\"1\" role=\"button\" aria-controls=\"elementor-tab-content-4971\" aria-expanded=\"false\">\n\t\t\t\t\t\t\t\t\t\t\t\t<span class=\"elementor-toggle-icon elementor-toggle-icon-left\" aria-hidden=\"true\">\n\t\t\t\t\t\t\t\t\t\t\t\t\t\t\t<span class=\"elementor-toggle-icon-closed\"><i class=\"fas fa-caret-right\"><\/i><\/span>\n\t\t\t\t\t\t\t\t<span class=\"elementor-toggle-icon-opened\"><i class=\"elementor-toggle-icon-opened fas fa-caret-up\"><\/i><\/span>\n\t\t\t\t\t\t\t\t\t\t\t\t\t<\/span>\n\t\t\t\t\t\t\t\t\t\t\t\t<a class=\"elementor-toggle-title\" tabindex=\"0\">I. Algoritmo de selecci\u00f3n clonal (algoritmo inmunol\u00f3gico)<\/a>\n\t\t\t\t\t<\/div>\n\n\t\t\t\t\t<div id=\"elementor-tab-content-4971\" class=\"elementor-tab-content elementor-clearfix\" data-tab=\"1\" role=\"region\" aria-labelledby=\"elementor-tab-title-4971\"><ul>\n<li><a href=\"https:\/\/complex-systems-ai.com\/es\/algoritmo-inmunologico\/algoritmo-seleccion-clonal\/\" target=\"_blank\" rel=\"noreferrer noopener\" aria-label=\"Algoritmo de selecci\u00f3n clonal (abrir en una nueva pesta\u00f1a)\">Algoritmo de selecci\u00f3n clonal<\/a>\n<ul>\n<li><a href=\"https:\/\/link.springer.com\/chapter\/10.1007\/978-3-540-30220-9_22?error=cookies_not_supported&#038;code=0fbda38f-3ace-426a-877b-2e1029a2f276?error=cookies_not_supported&#038;code=0fbda38f-3ace-426a-877b-2e1029a2f276\" target=\"_blank\" rel=\"noopener\">Algoritmo de c\u00e9lulas B<\/a><\/li>\n<li><a href=\"https:\/\/research.cs.washington.edu\/istc\/lfb\/paper\/ec08.pdf\" target=\"_blank\" rel=\"noopener\">Algoritmo del sistema inmunol\u00f3gico multiobjetivo<\/a><\/li>\n<li><a href=\"https:\/\/link.springer.com\/chapter\/10.1007\/978-3-540-30220-9_22?error=cookies_not_supported&#038;code=0fbda38f-3ace-426a-877b-2e1029a2f276?error=cookies_not_supported&#038;code=0fbda38f-3ace-426a-877b-2e1029a2f276\" target=\"_blank\" rel=\"noopener\">Algoritmo inmune a la optimizaci\u00f3n<\/a><\/li>\n<li><a href=\"https:\/\/link.springer.com\/chapter\/10.1007\/3-540-36131-6_37?error=cookies_not_supported&#038;code=d80091a3-1a46-452d-8a2f-ec666b667036\" target=\"_blank\" rel=\"noopener\">Algoritmo inmunol\u00f3gico simple<\/a><\/li>\n<li><a href=\"https:\/\/ieeexplore.ieee.org\/document\/1011539\/\" target=\"_blank\" rel=\"noopener\">CLONALG1<\/a><\/li>\n<li>CLONALG2<\/li>\n<li>CLONCLAS<\/li>\n<li>Selecci\u00f3n clonal adaptativa<\/li>\n<\/ul>\n<\/li>\n<\/ul><\/div>\n\t\t\t\t<\/div>\n\t\t\t\t\t\t\t<div class=\"elementor-toggle-item\">\n\t\t\t\t\t<div id=\"elementor-tab-title-4972\" class=\"elementor-tab-title\" data-tab=\"2\" role=\"button\" aria-controls=\"elementor-tab-content-4972\" aria-expanded=\"false\">\n\t\t\t\t\t\t\t\t\t\t\t\t<span class=\"elementor-toggle-icon elementor-toggle-icon-left\" aria-hidden=\"true\">\n\t\t\t\t\t\t\t\t\t\t\t\t\t\t\t<span class=\"elementor-toggle-icon-closed\"><i class=\"fas fa-caret-right\"><\/i><\/span>\n\t\t\t\t\t\t\t\t<span class=\"elementor-toggle-icon-opened\"><i class=\"elementor-toggle-icon-opened fas fa-caret-up\"><\/i><\/span>\n\t\t\t\t\t\t\t\t\t\t\t\t\t<\/span>\n\t\t\t\t\t\t\t\t\t\t\t\t<a class=\"elementor-toggle-title\" tabindex=\"0\">II. Sistema inmunol\u00f3gico artificial<\/a>\n\t\t\t\t\t<\/div>\n\n\t\t\t\t\t<div id=\"elementor-tab-content-4972\" class=\"elementor-tab-content elementor-clearfix\" data-tab=\"2\" role=\"region\" aria-labelledby=\"elementor-tab-title-4972\"><ul>\n<li><a href=\"https:\/\/complex-systems-ai.com\/es\/algoritmo-inmunologico\/sistema-de-reconocimiento-inmunologico-artificial-2\/\" target=\"_blank\" rel=\"noreferrer noopener\" aria-label=\"Sistema de reconocimiento inmunol\u00f3gico artificial (se abre en una pesta\u00f1a nueva)\">Sistema de reconocimiento inmunol\u00f3gico artificial<\/a><\/li>\n<li><a href=\"https:\/\/complex-systems-ai.com\/es\/algoritmo-inmunologico\/algoritmo-de-red-inmune\/\" target=\"_blank\" rel=\"noreferrer noopener\" aria-label=\" (abriendo en una nueva pesta\u00f1a)\">Algoritmo de red inmunitaria<\/a>\n<ul>\n<li>Red inmune artificial<\/li>\n<li>Sistema inmunol\u00f3gico artificial con recursos limitados.<\/li>\n<li><a href=\"https:\/\/www.igi-global.com\/chapter\/ainet-artificial-immune-network-data\/7592\" target=\"_blank\" rel=\"noopener\">opt-aiNet<\/a><\/li>\n<\/ul>\n<\/li>\n<\/ul><\/div>\n\t\t\t\t<\/div>\n\t\t\t\t\t\t\t<div class=\"elementor-toggle-item\">\n\t\t\t\t\t<div id=\"elementor-tab-title-4973\" class=\"elementor-tab-title\" data-tab=\"3\" role=\"button\" aria-controls=\"elementor-tab-content-4973\" aria-expanded=\"false\">\n\t\t\t\t\t\t\t\t\t\t\t\t<span class=\"elementor-toggle-icon elementor-toggle-icon-left\" aria-hidden=\"true\">\n\t\t\t\t\t\t\t\t\t\t\t\t\t\t\t<span class=\"elementor-toggle-icon-closed\"><i class=\"fas fa-caret-right\"><\/i><\/span>\n\t\t\t\t\t\t\t\t<span class=\"elementor-toggle-icon-opened\"><i class=\"elementor-toggle-icon-opened fas fa-caret-up\"><\/i><\/span>\n\t\t\t\t\t\t\t\t\t\t\t\t\t<\/span>\n\t\t\t\t\t\t\t\t\t\t\t\t<a class=\"elementor-toggle-title\" tabindex=\"0\">III. Algoritmo de selecci\u00f3n negativa y c\u00e9lulas dendr\u00edticas.<\/a>\n\t\t\t\t\t<\/div>\n\n\t\t\t\t\t<div id=\"elementor-tab-content-4973\" class=\"elementor-tab-content elementor-clearfix\" data-tab=\"3\" role=\"region\" aria-labelledby=\"elementor-tab-title-4973\"><ul>\n<li><a href=\"https:\/\/complex-systems-ai.com\/es\/algoritmo-inmunologico\/algoritmo-de-seleccion-negativa\/\" target=\"_blank\" rel=\"noreferrer noopener\" aria-label=\"Algoritmo de selecci\u00f3n negativa (abrir en una nueva pesta\u00f1a)\">Algoritmo de selecci\u00f3n negativa<\/a>\n<ul>\n<li><a href=\"https:\/\/link.springer.com\/article\/10.1023\/A:1026195112518?error=cookies_not_supported&#038;code=8c007c0e-c11c-4636-836d-0326a94f60c8\" target=\"_blank\" rel=\"noopener\">NSA y sistema de clasificaci\u00f3n<\/a><\/li>\n<\/ul>\n<\/li>\n<li><a href=\"https:\/\/complex-systems-ai.com\/es\/algoritmo-inmunologico\/algoritmo-de-celulas-dendriticas\/\" target=\"_blank\" rel=\"noreferrer noopener\" aria-label=\"Algoritmo de c\u00e9lulas dendr\u00edticas (se abre en una nueva pesta\u00f1a)\">Algoritmo de c\u00e9lulas dendr\u00edticas<\/a><\/li>\n<\/ul><\/div>\n\t\t\t\t<\/div>\n\t\t\t\t\t\t\t<div class=\"elementor-toggle-item\">\n\t\t\t\t\t<div id=\"elementor-tab-title-4974\" class=\"elementor-tab-title\" data-tab=\"4\" role=\"button\" aria-controls=\"elementor-tab-content-4974\" aria-expanded=\"false\">\n\t\t\t\t\t\t\t\t\t\t\t\t<span class=\"elementor-toggle-icon elementor-toggle-icon-left\" aria-hidden=\"true\">\n\t\t\t\t\t\t\t\t\t\t\t\t\t\t\t<span class=\"elementor-toggle-icon-closed\"><i class=\"fas fa-caret-right\"><\/i><\/span>\n\t\t\t\t\t\t\t\t<span class=\"elementor-toggle-icon-opened\"><i class=\"elementor-toggle-icon-opened fas fa-caret-up\"><\/i><\/span>\n\t\t\t\t\t\t\t\t\t\t\t\t\t<\/span>\n\t\t\t\t\t\t\t\t\t\t\t\t<a class=\"elementor-toggle-title\" tabindex=\"0\">IV. Tutoriales<\/a>\n\t\t\t\t\t<\/div>\n\n\t\t\t\t\t<div id=\"elementor-tab-content-4974\" class=\"elementor-tab-content elementor-clearfix\" data-tab=\"4\" role=\"region\" aria-labelledby=\"elementor-tab-title-4974\">Contenido del conmutador<\/div>\n\t\t\t\t<\/div>\n\t\t\t\t\t\t\t\t<\/div>\n\t\t\t\t\t\t<\/div>\n\t\t\t\t<\/div>\n\t\t\t\t\t<\/div>\n\t\t<\/div>\n\t\t\t\t\t<\/div>\n\t\t<\/section>\n\t\t\t\t<section class=\"elementor-section elementor-top-section elementor-element elementor-element-50d531a9 elementor-section-boxed elementor-section-height-default elementor-section-height-default\" data-id=\"50d531a9\" data-element_type=\"section\" data-e-type=\"section\">\n\t\t\t\t\t\t<div class=\"elementor-container elementor-column-gap-default\">\n\t\t\t\t\t<div class=\"elementor-column elementor-col-100 elementor-top-column elementor-element elementor-element-4feff20\" data-id=\"4feff20\" data-element_type=\"column\" data-e-type=\"column\">\n\t\t\t<div class=\"elementor-widget-wrap elementor-element-populated\">\n\t\t\t\t\t\t<div class=\"elementor-element elementor-element-1b2307ea elementor-widget elementor-widget-text-editor\" data-id=\"1b2307ea\" data-element_type=\"widget\" data-e-type=\"widget\" data-widget_type=\"text-editor.default\">\n\t\t\t\t<div class=\"elementor-widget-container\">\n\t\t\t\t\t\t\t\t\t<p><\/p>\n<div id=\"ez-toc-container\" class=\"ez-toc-v2_0_82_2 counter-hierarchy ez-toc-counter ez-toc-grey ez-toc-container-direction\">\n<div class=\"ez-toc-title-container\">\n<p class=\"ez-toc-title\" style=\"cursor:inherit\">Contenido<\/p>\n<span class=\"ez-toc-title-toggle\"><a href=\"#\" class=\"ez-toc-pull-right ez-toc-btn ez-toc-btn-xs ez-toc-btn-default ez-toc-toggle\" aria-label=\"Tabla de contenido alternativo\"><span class=\"ez-toc-js-icon-con\"><span class=\"\"><span class=\"eztoc-hide\" style=\"display:none;\">Palanca<\/span><span class=\"ez-toc-icon-toggle-span\"><svg style=\"fill: #999;color:#999\" xmlns=\"http:\/\/www.w3.org\/2000\/svg\" class=\"list-377408\" width=\"20px\" height=\"20px\" viewbox=\"0 0 24 24\" fill=\"none\"><path d=\"M6 6H4v2h2V6zm14 0H8v2h12V6zM4 11h2v2H4v-2zm16 0H8v2h12v-2zM4 16h2v2H4v-2zm16 0H8v2h12v-2z\" fill=\"currentColor\"><\/path><\/svg><svg style=\"fill: #999;color:#999\" class=\"arrow-unsorted-368013\" xmlns=\"http:\/\/www.w3.org\/2000\/svg\" width=\"10px\" height=\"10px\" viewbox=\"0 0 24 24\" version=\"1.2\" baseprofile=\"tiny\"><path d=\"M18.2 9.3l-6.2-6.3-6.2 6.3c-.2.2-.3.4-.3.7s.1.5.3.7c.2.2.4.3.7.3h11c.3 0 .5-.1.7-.3.2-.2.3-.5.3-.7s-.1-.5-.3-.7zM5.8 14.7l6.2 6.3 6.2-6.3c.2-.2.3-.5.3-.7s-.1-.5-.3-.7c-.2-.2-.4-.3-.7-.3h-11c-.3 0-.5.1-.7.3-.2.2-.3.5-.3.7s.1.5.3.7z\"\/><\/svg><\/span><\/span><\/span><\/a><\/span><\/div>\n<nav><ul class='ez-toc-list ez-toc-list-level-1' ><li class='ez-toc-page-1 ez-toc-heading-level-2'><a class=\"ez-toc-link ez-toc-heading-1\" href=\"https:\/\/complex-systems-ai.com\/es\/algoritmo-inmunologico\/#Algorithme-immunitaire\" >Algoritmo inmunol\u00f3gico<\/a><\/li><\/ul><\/nav><\/div>\n<h2 class=\"wp-block-heading\"><span class=\"ez-toc-section\" id=\"Algorithme-immunitaire\"><\/span>Algoritmo inmunol\u00f3gico<span class=\"ez-toc-section-end\"><\/span><\/h2>\n<p><\/p>\n<p><\/p>\n<p class=\"has-text-align-justify\">Una descripci\u00f3n simplificada del sistema inmunol\u00f3gico o algoritmo inmunol\u00f3gico es un sistema de \u00f3rganos dise\u00f1ado para proteger al organismo hu\u00e9sped contra las amenazas que se le hacen contra pat\u00f3genos y sustancias t\u00f3xicas. Los pat\u00f3genos comprenden una variedad de microorganismos como bacterias, virus, par\u00e1sitos y polen. La perspectiva tradicional sobre el papel del sistema inmunol\u00f3gico se divide en dos tareas principales: detecci\u00f3n y eliminaci\u00f3n de pat\u00f3genos. Este comportamiento se conoce generalmente como la diferenciaci\u00f3n del yo (mol\u00e9culas y c\u00e9lulas que pertenecen a organismos hospedadores) del no yo potencialmente peligroso. Las perspectivas m\u00e1s recientes sobre el papel del sistema incluyen un sistema de mantenimiento y un sistema cognitivo.<\/p>\n<p><\/p>\n<p><\/p>\n<p class=\"has-text-align-justify\">La arquitectura del sistema inmunol\u00f3gico es tal que una serie de capas defensivas protegen al hu\u00e9sped. Una vez que un pat\u00f3geno ingresa al hu\u00e9sped, debe combatir el sistema inmunol\u00f3gico innato y adquirido. Estos subsistemas inmunol\u00f3gicos interrelacionados est\u00e1n formados por muchos tipos de c\u00e9lulas y mol\u00e9culas producidas por \u00f3rganos y procesos especializados para resolver el problema de uno mismo en el nivel m\u00e1s bajo mediante enlaces qu\u00edmicos, donde las superficies de las c\u00e9lulas y mol\u00e9culas interact\u00faan con las superficies del pat\u00f3geno.<\/p>\n<p><\/p>\n<p><\/p>\n<p class=\"has-text-align-justify\">El sistema inmunol\u00f3gico adaptativo, tambi\u00e9n conocido como sistema inmunol\u00f3gico adquirido, se llama as\u00ed porque es responsable de especializar una defensa para el organismo hu\u00e9sped en funci\u00f3n del pat\u00f3geno espec\u00edfico al que est\u00e1 expuesto. A diferencia del sistema inmunol\u00f3gico innato, el sistema inmunol\u00f3gico adquirido solo est\u00e1 presente en los vertebrados (animales con columna vertebral). El sistema guarda una memoria de las exposiciones que ha encontrado. Este recuerdo se recuerda durante una reinfecci\u00f3n presentando una identificaci\u00f3n aprendida del pat\u00f3geno. Este proceso de aprendizaje se puede dividir en dos tipos de respuesta. La primera o la respuesta primaria ocurre cuando el sistema encuentra un nuevo pat\u00f3geno. El sistema responde con lentitud, lo que puede tardar varias semanas en eliminar la infecci\u00f3n.<\/p>\n<p><\/p>\n<p><\/p>\n<p class=\"has-text-align-justify\">Al encontrarse nuevamente con el mismo pat\u00f3geno, el sistema exhibe una respuesta secundaria, aplicando lo aprendido en la respuesta primaria y eliminando r\u00e1pidamente la infecci\u00f3n. La memoria que adquiere el sistema en la respuesta primaria suele ser de larga duraci\u00f3n, proporcionando inmunidad pat\u00f3gena durante toda la vida del hu\u00e9sped, dos ejemplos comunes de los cuales son la varicela y el sarampi\u00f3n. Los gl\u00f3bulos blancos llamados linfocitos (o leucocitos) son la c\u00e9lula m\u00e1s importante del sistema inmunol\u00f3gico adquirido. Los linfocitos participan tanto en la identificaci\u00f3n como en la eliminaci\u00f3n de pat\u00f3genos y circulan en el cuerpo del organismo hu\u00e9sped en la sangre y la linfa (el l\u00edquido que impregna los tejidos).<\/p>\n<p><\/p>\n<p><\/p>\n<p class=\"has-text-align-justify\">Los sistemas inmunol\u00f3gicos artificiales modernos se inspiran en uno de los tres subdominios: selecci\u00f3n clonal, selecci\u00f3n negativa y algoritmos de redes inmunes. Las t\u00e9cnicas se utilizan com\u00fanmente para la agrupaci\u00f3n en cl\u00fasteres, el reconocimiento de patrones, la clasificaci\u00f3n, la optimizaci\u00f3n y otras \u00e1reas problem\u00e1ticas similares de aprendizaje autom\u00e1tico.<\/p>\n<p><img fetchpriority=\"high\" decoding=\"async\" class=\"aligncenter wp-image-10130 size-full\" src=\"https:\/\/complex-systems-ai.com\/wp-content\/uploads\/2020\/09\/negativeselection.png\" alt=\"algoritmo inmunol\u00f3gico\" width=\"737\" height=\"386\" title=\"\" srcset=\"https:\/\/complex-systems-ai.com\/wp-content\/uploads\/2020\/09\/negativeselection.png 737w, https:\/\/complex-systems-ai.com\/wp-content\/uploads\/2020\/09\/negativeselection-300x157.png 300w\" sizes=\"(max-width: 737px) 100vw, 737px\" \/><\/p>\n<p><\/p>\t\t\t\t\t\t\t\t<\/div>\n\t\t\t\t<\/div>\n\t\t\t\t\t<\/div>\n\t\t<\/div>\n\t\t\t\t\t<\/div>\n\t\t<\/section>\n\t\t\t\t<\/div>","protected":false},"excerpt":{"rendered":"<p>Teor\u00edas P\u00e1gina principal Wiki I. Algoritmo de selecci\u00f3n clonal (Algoritmo inmunitario) Algoritmo de selecci\u00f3n clonal Algoritmo de c\u00e9lulas B Algoritmo del sistema inmunitario dirigido \u2026 <\/p>","protected":false},"author":1,"featured_media":0,"parent":0,"menu_order":0,"comment_status":"closed","ping_status":"closed","template":"","meta":{"footnotes":""},"class_list":["post-7150","page","type-page","status-publish","hentry"],"amp_enabled":true,"_links":{"self":[{"href":"https:\/\/complex-systems-ai.com\/es\/wp-json\/wp\/v2\/pages\/7150","targetHints":{"allow":["GET"]}}],"collection":[{"href":"https:\/\/complex-systems-ai.com\/es\/wp-json\/wp\/v2\/pages"}],"about":[{"href":"https:\/\/complex-systems-ai.com\/es\/wp-json\/wp\/v2\/types\/page"}],"author":[{"embeddable":true,"href":"https:\/\/complex-systems-ai.com\/es\/wp-json\/wp\/v2\/users\/1"}],"replies":[{"embeddable":true,"href":"https:\/\/complex-systems-ai.com\/es\/wp-json\/wp\/v2\/comments?post=7150"}],"version-history":[{"count":25,"href":"https:\/\/complex-systems-ai.com\/es\/wp-json\/wp\/v2\/pages\/7150\/revisions"}],"predecessor-version":[{"id":20676,"href":"https:\/\/complex-systems-ai.com\/es\/wp-json\/wp\/v2\/pages\/7150\/revisions\/20676"}],"wp:attachment":[{"href":"https:\/\/complex-systems-ai.com\/es\/wp-json\/wp\/v2\/media?parent=7150"}],"curies":[{"name":"gracias","href":"https:\/\/api.w.org\/{rel}","templated":true}]}}