{"id":7752,"date":"2020-03-16T10:17:54","date_gmt":"2020-03-16T09:17:54","guid":{"rendered":"https:\/\/complex-systems-ai.com\/?page_id=7752"},"modified":"2022-12-03T23:03:46","modified_gmt":"2022-12-03T22:03:46","slug":"algorithme-culturel","status":"publish","type":"page","link":"https:\/\/complex-systems-ai.com\/es\/algoritmos-basados-en-la-fisica\/algoritmo-cultural\/","title":{"rendered":"Algoritmo cultural"},"content":{"rendered":"<div data-elementor-type=\"wp-page\" data-elementor-id=\"7752\" class=\"elementor elementor-7752\">\n\t\t\t\t\t\t<section class=\"elementor-section elementor-top-section elementor-element elementor-element-316fbfd elementor-section-boxed elementor-section-height-default elementor-section-height-default\" data-id=\"316fbfd\" data-element_type=\"section\" data-e-type=\"section\">\n\t\t\t\t\t\t<div class=\"elementor-container elementor-column-gap-default\">\n\t\t\t\t\t<div class=\"elementor-column elementor-col-33 elementor-top-column elementor-element elementor-element-6b02158\" data-id=\"6b02158\" data-element_type=\"column\" data-e-type=\"column\">\n\t\t\t<div class=\"elementor-widget-wrap elementor-element-populated\">\n\t\t\t\t\t\t<div class=\"elementor-element elementor-element-bd02b61 elementor-align-justify elementor-widget elementor-widget-button\" data-id=\"bd02b61\" data-element_type=\"widget\" data-e-type=\"widget\" data-widget_type=\"button.default\">\n\t\t\t\t<div class=\"elementor-widget-container\">\n\t\t\t\t\t\t\t\t\t<div class=\"elementor-button-wrapper\">\n\t\t\t\t\t<a class=\"elementor-button elementor-button-link elementor-size-sm\" href=\"https:\/\/complex-systems-ai.com\/es\/algoritmos-basados-en-la-fisica\/\">\n\t\t\t\t\t\t<span class=\"elementor-button-content-wrapper\">\n\t\t\t\t\t\t\t\t\t<span class=\"elementor-button-text\">Algoritmos f\u00edsicos<\/span>\n\t\t\t\t\t<\/span>\n\t\t\t\t\t<\/a>\n\t\t\t\t<\/div>\n\t\t\t\t\t\t\t\t<\/div>\n\t\t\t\t<\/div>\n\t\t\t\t\t<\/div>\n\t\t<\/div>\n\t\t\t\t<div class=\"elementor-column elementor-col-33 elementor-top-column elementor-element elementor-element-b180873\" data-id=\"b180873\" data-element_type=\"column\" data-e-type=\"column\">\n\t\t\t<div class=\"elementor-widget-wrap elementor-element-populated\">\n\t\t\t\t\t\t<div class=\"elementor-element elementor-element-f7a164c elementor-align-justify elementor-widget elementor-widget-button\" data-id=\"f7a164c\" data-element_type=\"widget\" data-e-type=\"widget\" data-widget_type=\"button.default\">\n\t\t\t\t<div class=\"elementor-widget-container\">\n\t\t\t\t\t\t\t\t\t<div class=\"elementor-button-wrapper\">\n\t\t\t\t\t<a class=\"elementor-button elementor-button-link elementor-size-sm\" href=\"https:\/\/complex-systems-ai.com\/es\/\">\n\t\t\t\t\t\t<span class=\"elementor-button-content-wrapper\">\n\t\t\t\t\t\t\t\t\t<span class=\"elementor-button-text\">Pagina de inicio<\/span>\n\t\t\t\t\t<\/span>\n\t\t\t\t\t<\/a>\n\t\t\t\t<\/div>\n\t\t\t\t\t\t\t\t<\/div>\n\t\t\t\t<\/div>\n\t\t\t\t\t<\/div>\n\t\t<\/div>\n\t\t\t\t<div class=\"elementor-column elementor-col-33 elementor-top-column elementor-element elementor-element-62d244d\" data-id=\"62d244d\" data-element_type=\"column\" data-e-type=\"column\">\n\t\t\t<div class=\"elementor-widget-wrap elementor-element-populated\">\n\t\t\t\t\t\t<div class=\"elementor-element elementor-element-40ab77c elementor-align-justify elementor-widget elementor-widget-button\" data-id=\"40ab77c\" data-element_type=\"widget\" data-e-type=\"widget\" data-widget_type=\"button.default\">\n\t\t\t\t<div class=\"elementor-widget-container\">\n\t\t\t\t\t\t\t\t\t<div class=\"elementor-button-wrapper\">\n\t\t\t\t\t<a class=\"elementor-button elementor-button-link elementor-size-sm\" href=\"https:\/\/en.wikipedia.org\/wiki\/Cultural_algorithm\" target=\"_blank\" rel=\"noopener\">\n\t\t\t\t\t\t<span class=\"elementor-button-content-wrapper\">\n\t\t\t\t\t\t\t\t\t<span class=\"elementor-button-text\">Wiki<\/span>\n\t\t\t\t\t<\/span>\n\t\t\t\t\t<\/a>\n\t\t\t\t<\/div>\n\t\t\t\t\t\t\t\t<\/div>\n\t\t\t\t<\/div>\n\t\t\t\t\t<\/div>\n\t\t<\/div>\n\t\t\t\t\t<\/div>\n\t\t<\/section>\n\t\t\t\t<section class=\"elementor-section elementor-top-section elementor-element elementor-element-742e920a elementor-section-boxed elementor-section-height-default elementor-section-height-default\" data-id=\"742e920a\" data-element_type=\"section\" data-e-type=\"section\">\n\t\t\t\t\t\t<div class=\"elementor-container elementor-column-gap-default\">\n\t\t\t\t\t<div class=\"elementor-column elementor-col-100 elementor-top-column elementor-element elementor-element-5d42e00\" data-id=\"5d42e00\" data-element_type=\"column\" data-e-type=\"column\">\n\t\t\t<div class=\"elementor-widget-wrap elementor-element-populated\">\n\t\t\t\t\t\t<div class=\"elementor-element elementor-element-3b5593c5 elementor-widget elementor-widget-text-editor\" data-id=\"3b5593c5\" data-element_type=\"widget\" data-e-type=\"widget\" data-widget_type=\"text-editor.default\">\n\t\t\t\t<div class=\"elementor-widget-container\">\n\t\t\t\t\t\t\t\t\t\n<div id=\"ez-toc-container\" class=\"ez-toc-v2_0_82_2 counter-hierarchy ez-toc-counter ez-toc-grey ez-toc-container-direction\">\n<div class=\"ez-toc-title-container\">\n<p class=\"ez-toc-title\" style=\"cursor:inherit\">Contenido<\/p>\n<span class=\"ez-toc-title-toggle\"><a href=\"#\" class=\"ez-toc-pull-right ez-toc-btn ez-toc-btn-xs ez-toc-btn-default ez-toc-toggle\" aria-label=\"Tabla de contenido alternativo\"><span class=\"ez-toc-js-icon-con\"><span class=\"\"><span class=\"eztoc-hide\" style=\"display:none;\">Palanca<\/span><span class=\"ez-toc-icon-toggle-span\"><svg style=\"fill: #999;color:#999\" xmlns=\"http:\/\/www.w3.org\/2000\/svg\" class=\"list-377408\" width=\"20px\" height=\"20px\" viewbox=\"0 0 24 24\" fill=\"none\"><path d=\"M6 6H4v2h2V6zm14 0H8v2h12V6zM4 11h2v2H4v-2zm16 0H8v2h12v-2zM4 16h2v2H4v-2zm16 0H8v2h12v-2z\" fill=\"currentColor\"><\/path><\/svg><svg style=\"fill: #999;color:#999\" class=\"arrow-unsorted-368013\" xmlns=\"http:\/\/www.w3.org\/2000\/svg\" width=\"10px\" height=\"10px\" viewbox=\"0 0 24 24\" version=\"1.2\" baseprofile=\"tiny\"><path d=\"M18.2 9.3l-6.2-6.3-6.2 6.3c-.2.2-.3.4-.3.7s.1.5.3.7c.2.2.4.3.7.3h11c.3 0 .5-.1.7-.3.2-.2.3-.5.3-.7s-.1-.5-.3-.7zM5.8 14.7l6.2 6.3 6.2-6.3c.2-.2.3-.5.3-.7s-.1-.5-.3-.7c-.2-.2-.4-.3-.7-.3h-11c-.3 0-.5.1-.7.3-.2.2-.3.5-.3.7s.1.5.3.7z\"\/><\/svg><\/span><\/span><\/span><\/a><\/span><\/div>\n<nav><ul class='ez-toc-list ez-toc-list-level-1' ><li class='ez-toc-page-1 ez-toc-heading-level-2'><a class=\"ez-toc-link ez-toc-heading-1\" href=\"https:\/\/complex-systems-ai.com\/es\/algoritmos-basados-en-la-fisica\/algoritmo-cultural\/#Algorithme-culturel\" >Algoritmo cultural<\/a><\/li><\/ul><\/nav><\/div>\n<h2><span class=\"ez-toc-section\" id=\"Algorithme-culturel\"><\/span>Algoritmo cultural<span class=\"ez-toc-section-end\"><\/span><\/h2>\n<p class=\"has-text-align-justify\">El algoritmo cultural se inspira en el principio de evoluci\u00f3n cultural. La cultura incluye los h\u00e1bitos, el conocimiento, las creencias, las costumbres y la moral de un miembro de la sociedad. La cultura no existe aislada del medio ambiente y puede interactuar con el medio ambiente a trav\u00e9s de ciclos de retroalimentaci\u00f3n positiva o negativa. El estudio de la interacci\u00f3n de la cultura en el medio ambiente se denomina ecolog\u00eda cultural.<\/p>\n\n<p class=\"has-text-align-justify\">El algoritmo cultural se puede explicar en el contexto de la inspiraci\u00f3n. A medida que se desarrolla el proceso evolutivo, los individuos acumulan informaci\u00f3n sobre el mundo que se comunica a otros individuos de la poblaci\u00f3n. En conjunto, este cuerpo de informaci\u00f3n es una base de conocimientos que los miembros de la poblaci\u00f3n pueden extraer y explotar. Los mecanismos de retroalimentaci\u00f3n positiva pueden ocurrir cuando el conocimiento cultural apunta a \u00e1reas \u00fatiles del medio ambiente, informaci\u00f3n transmitida de generaci\u00f3n en generaci\u00f3n, aprovechada, refinada y adaptada a medida que cambian las situaciones. Adem\u00e1s, las \u00e1reas potencialmente peligrosas tambi\u00e9n se pueden comunicar a trav\u00e9s de la base de conocimientos culturales.<\/p>\n\n<p class=\"has-text-align-justify\">El objetivo de procesamiento de informaci\u00f3n del algoritmo cultural es mejorar el aprendizaje o la convergencia de una t\u00e9cnica de b\u00fasqueda integrada (generalmente una <a href=\"https:\/\/complex-systems-ai.com\/es\/algoritmico\/\">algoritmo<\/a> evolutivo) utilizando la evoluci\u00f3n cultural de orden superior.<\/p>\n<p class=\"has-text-align-justify\">El algoritmo cultural funciona en dos niveles: un nivel de poblaci\u00f3n y un nivel cultural. El nivel de poblaci\u00f3n es como la investigaci\u00f3n evolutiva, donde los individuos representan soluciones candidatas, son en su mayor\u00eda distintos y sus caracter\u00edsticas se traducen en una funci\u00f3n objetiva o de costo en el dominio del problema.<\/p>\n<p class=\"has-text-align-justify\">El segundo nivel es el espacio de conocimiento o creencia donde se almacena la informaci\u00f3n adquirida por generaciones y accesible a la generaci\u00f3n actual. Se utiliza un protocolo de comunicaci\u00f3n para permitir que los dos espacios interact\u00faen y definan los tipos de informaci\u00f3n que se pueden intercambiar.<\/p>\n\n<p class=\"has-text-align-justify\">El algoritmo se centra en la estructura de datos de la base de conocimientos que registra diferentes tipos de conocimientos seg\u00fan la naturaleza del problema. Por ejemplo, la estructura se puede utilizar para registrar la mejor soluci\u00f3n candidata encontrada, as\u00ed como informaci\u00f3n generalizada sobre \u00e1reas del espacio de b\u00fasqueda que deber\u00edan ser rentables (lo que da como resultado buenas soluciones candidatas). Este conocimiento cultural se descubre a trav\u00e9s de la investigaci\u00f3n evolutiva basada en la poblaci\u00f3n y, a su vez, se utiliza para influir en las generaciones posteriores. La funci\u00f3n de aceptaci\u00f3n limita la comunicaci\u00f3n de conocimientos de la poblaci\u00f3n a la base de conocimientos.<\/p>\n\n<figure class=\"wp-block-image size-large\"><img fetchpriority=\"high\" decoding=\"async\" class=\"aligncenter wp-image-7750 size-full\" src=\"https:\/\/complex-systems-ai.com\/wp-content\/uploads\/2020\/03\/cultural.png\" alt=\"algoritmo cultural\" width=\"535\" height=\"478\" title=\"\" srcset=\"https:\/\/complex-systems-ai.com\/wp-content\/uploads\/2020\/03\/cultural.png 535w, https:\/\/complex-systems-ai.com\/wp-content\/uploads\/2020\/03\/cultural-300x268.png 300w\" sizes=\"(max-width: 535px) 100vw, 535px\" \/><\/figure>\n\n<p class=\"has-text-align-justify\">El algoritmo es abstracto, proporcionando flexibilidad en la interpretaci\u00f3n de procesos como la aceptaci\u00f3n de informaci\u00f3n, la estructura de la base de conocimiento y el algoritmo evolutivo integrado espec\u00edfico.<\/p>\n\n<p class=\"has-text-align-justify\">El algoritmo cultural se utiliz\u00f3 inicialmente como una herramienta de simulaci\u00f3n para estudiar la ecolog\u00eda cultural. Se ha adaptado para ser utilizado como un algoritmo de optimizaci\u00f3n para una amplia variedad de campos que no se limitan a la optimizaci\u00f3n de restricciones, la optimizaci\u00f3n combinatoria y la optimizaci\u00f3n continua de funciones.<\/p>\n\n<p class=\"has-text-align-justify\">La estructura de la base de conocimientos proporciona un mecanismo para incorporar informaci\u00f3n espec\u00edfica del problema en el desempe\u00f1o de la investigaci\u00f3n escalable. Las funciones de aceptaci\u00f3n que controlan el flujo de informaci\u00f3n en la base de conocimientos son generalmente codiciosas, incluyen solo la mejor informaci\u00f3n de la generaci\u00f3n actual y solo reemplazan el conocimiento existente si es una mejora. Las funciones de aceptaci\u00f3n son tradicionalmente deterministas, aunque se han estudiado las funciones de aceptaci\u00f3n probabil\u00edstica y difusa.<\/p>\n\t\t\t\t\t\t\t\t<\/div>\n\t\t\t\t<\/div>\n\t\t\t\t\t<\/div>\n\t\t<\/div>\n\t\t\t\t\t<\/div>\n\t\t<\/section>\n\t\t\t\t<\/div>","protected":false},"excerpt":{"rendered":"<p>Algoritmos f\u00edsicos Wiki homepage Algoritmo cultural El algoritmo cultural est\u00e1 inspirado en el principio de la evoluci\u00f3n cultural. La cultura incluye h\u00e1bitos, conocimientos, creencias,... <\/p>","protected":false},"author":1,"featured_media":0,"parent":7121,"menu_order":0,"comment_status":"closed","ping_status":"closed","template":"","meta":{"footnotes":""},"class_list":["post-7752","page","type-page","status-publish","hentry"],"amp_enabled":true,"_links":{"self":[{"href":"https:\/\/complex-systems-ai.com\/es\/wp-json\/wp\/v2\/pages\/7752","targetHints":{"allow":["GET"]}}],"collection":[{"href":"https:\/\/complex-systems-ai.com\/es\/wp-json\/wp\/v2\/pages"}],"about":[{"href":"https:\/\/complex-systems-ai.com\/es\/wp-json\/wp\/v2\/types\/page"}],"author":[{"embeddable":true,"href":"https:\/\/complex-systems-ai.com\/es\/wp-json\/wp\/v2\/users\/1"}],"replies":[{"embeddable":true,"href":"https:\/\/complex-systems-ai.com\/es\/wp-json\/wp\/v2\/comments?post=7752"}],"version-history":[{"count":5,"href":"https:\/\/complex-systems-ai.com\/es\/wp-json\/wp\/v2\/pages\/7752\/revisions"}],"predecessor-version":[{"id":18882,"href":"https:\/\/complex-systems-ai.com\/es\/wp-json\/wp\/v2\/pages\/7752\/revisions\/18882"}],"up":[{"embeddable":true,"href":"https:\/\/complex-systems-ai.com\/es\/wp-json\/wp\/v2\/pages\/7121"}],"wp:attachment":[{"href":"https:\/\/complex-systems-ai.com\/es\/wp-json\/wp\/v2\/media?parent=7752"}],"curies":[{"name":"gracias","href":"https:\/\/api.w.org\/{rel}","templated":true}]}}