{"id":7831,"date":"2020-03-17T11:42:49","date_gmt":"2020-03-17T10:42:49","guid":{"rendered":"https:\/\/complex-systems-ai.com\/?page_id=7831"},"modified":"2022-12-03T23:03:46","modified_gmt":"2022-12-03T22:03:46","slug":"apprentissage-progressif-base-sur-la-population","status":"publish","type":"page","link":"https:\/\/complex-systems-ai.com\/es\/algoritmos-probabilisticos\/aprendizaje-progresivo-basado-en-la-poblacion\/","title":{"rendered":"Aprendizaje progresivo basado en la poblaci\u00f3n"},"content":{"rendered":"<div data-elementor-type=\"wp-page\" data-elementor-id=\"7831\" class=\"elementor elementor-7831\">\n\t\t\t\t\t\t<section class=\"elementor-section elementor-top-section elementor-element elementor-element-d916e99 elementor-section-boxed elementor-section-height-default elementor-section-height-default\" data-id=\"d916e99\" data-element_type=\"section\" data-e-type=\"section\">\n\t\t\t\t\t\t<div class=\"elementor-container elementor-column-gap-default\">\n\t\t\t\t\t<div class=\"elementor-column elementor-col-33 elementor-top-column elementor-element elementor-element-f8c7a0f\" data-id=\"f8c7a0f\" data-element_type=\"column\" data-e-type=\"column\">\n\t\t\t<div class=\"elementor-widget-wrap elementor-element-populated\">\n\t\t\t\t\t\t<div class=\"elementor-element elementor-element-f110716 elementor-align-justify elementor-widget elementor-widget-button\" data-id=\"f110716\" data-element_type=\"widget\" data-e-type=\"widget\" data-widget_type=\"button.default\">\n\t\t\t\t<div class=\"elementor-widget-container\">\n\t\t\t\t\t\t\t\t\t<div class=\"elementor-button-wrapper\">\n\t\t\t\t\t<a class=\"elementor-button elementor-button-link elementor-size-sm\" href=\"https:\/\/complex-systems-ai.com\/es\/algoritmos-probabilisticos\/\">\n\t\t\t\t\t\t<span class=\"elementor-button-content-wrapper\">\n\t\t\t\t\t\t\t\t\t<span class=\"elementor-button-text\">Algoritmos probabil\u00edsticos<\/span>\n\t\t\t\t\t<\/span>\n\t\t\t\t\t<\/a>\n\t\t\t\t<\/div>\n\t\t\t\t\t\t\t\t<\/div>\n\t\t\t\t<\/div>\n\t\t\t\t\t<\/div>\n\t\t<\/div>\n\t\t\t\t<div class=\"elementor-column elementor-col-33 elementor-top-column elementor-element elementor-element-4740aa2\" data-id=\"4740aa2\" data-element_type=\"column\" data-e-type=\"column\">\n\t\t\t<div class=\"elementor-widget-wrap elementor-element-populated\">\n\t\t\t\t\t\t<div class=\"elementor-element elementor-element-93be363 elementor-align-justify elementor-widget elementor-widget-button\" data-id=\"93be363\" data-element_type=\"widget\" data-e-type=\"widget\" data-widget_type=\"button.default\">\n\t\t\t\t<div class=\"elementor-widget-container\">\n\t\t\t\t\t\t\t\t\t<div class=\"elementor-button-wrapper\">\n\t\t\t\t\t<a class=\"elementor-button elementor-button-link elementor-size-sm\" href=\"https:\/\/complex-systems-ai.com\/es\/\">\n\t\t\t\t\t\t<span class=\"elementor-button-content-wrapper\">\n\t\t\t\t\t\t\t\t\t<span class=\"elementor-button-text\">Pagina de inicio<\/span>\n\t\t\t\t\t<\/span>\n\t\t\t\t\t<\/a>\n\t\t\t\t<\/div>\n\t\t\t\t\t\t\t\t<\/div>\n\t\t\t\t<\/div>\n\t\t\t\t\t<\/div>\n\t\t<\/div>\n\t\t\t\t<div class=\"elementor-column elementor-col-33 elementor-top-column elementor-element elementor-element-66ddaee\" data-id=\"66ddaee\" data-element_type=\"column\" data-e-type=\"column\">\n\t\t\t<div class=\"elementor-widget-wrap elementor-element-populated\">\n\t\t\t\t\t\t<div class=\"elementor-element elementor-element-67e0b40 elementor-align-justify elementor-widget elementor-widget-button\" data-id=\"67e0b40\" data-element_type=\"widget\" data-e-type=\"widget\" data-widget_type=\"button.default\">\n\t\t\t\t<div class=\"elementor-widget-container\">\n\t\t\t\t\t\t\t\t\t<div class=\"elementor-button-wrapper\">\n\t\t\t\t\t<a class=\"elementor-button elementor-button-link elementor-size-sm\" href=\"https:\/\/en.wikipedia.org\/wiki\/Bayesian_optimization\" target=\"_blank\" rel=\"noopener\">\n\t\t\t\t\t\t<span class=\"elementor-button-content-wrapper\">\n\t\t\t\t\t\t\t\t\t<span class=\"elementor-button-text\">Wiki<\/span>\n\t\t\t\t\t<\/span>\n\t\t\t\t\t<\/a>\n\t\t\t\t<\/div>\n\t\t\t\t\t\t\t\t<\/div>\n\t\t\t\t<\/div>\n\t\t\t\t\t<\/div>\n\t\t<\/div>\n\t\t\t\t\t<\/div>\n\t\t<\/section>\n\t\t\t\t<section class=\"elementor-section elementor-top-section elementor-element elementor-element-4e669869 elementor-section-boxed elementor-section-height-default elementor-section-height-default\" data-id=\"4e669869\" data-element_type=\"section\" data-e-type=\"section\">\n\t\t\t\t\t\t<div class=\"elementor-container elementor-column-gap-default\">\n\t\t\t\t\t<div class=\"elementor-column elementor-col-100 elementor-top-column elementor-element elementor-element-6972cfab\" data-id=\"6972cfab\" data-element_type=\"column\" data-e-type=\"column\">\n\t\t\t<div class=\"elementor-widget-wrap elementor-element-populated\">\n\t\t\t\t\t\t<div class=\"elementor-element elementor-element-724a294a elementor-widget elementor-widget-text-editor\" data-id=\"724a294a\" data-element_type=\"widget\" data-e-type=\"widget\" data-widget_type=\"text-editor.default\">\n\t\t\t\t<div class=\"elementor-widget-container\">\n\t\t\t\t\t\t\t\t\t\n<div id=\"ez-toc-container\" class=\"ez-toc-v2_0_82_2 counter-hierarchy ez-toc-counter ez-toc-grey ez-toc-container-direction\">\n<div class=\"ez-toc-title-container\">\n<p class=\"ez-toc-title\" style=\"cursor:inherit\">Contenido<\/p>\n<span class=\"ez-toc-title-toggle\"><a href=\"#\" class=\"ez-toc-pull-right ez-toc-btn ez-toc-btn-xs ez-toc-btn-default ez-toc-toggle\" aria-label=\"Tabla de contenido alternativo\"><span class=\"ez-toc-js-icon-con\"><span class=\"\"><span class=\"eztoc-hide\" style=\"display:none;\">Palanca<\/span><span class=\"ez-toc-icon-toggle-span\"><svg style=\"fill: #999;color:#999\" xmlns=\"http:\/\/www.w3.org\/2000\/svg\" class=\"list-377408\" width=\"20px\" height=\"20px\" viewbox=\"0 0 24 24\" fill=\"none\"><path d=\"M6 6H4v2h2V6zm14 0H8v2h12V6zM4 11h2v2H4v-2zm16 0H8v2h12v-2zM4 16h2v2H4v-2zm16 0H8v2h12v-2z\" fill=\"currentColor\"><\/path><\/svg><svg style=\"fill: #999;color:#999\" class=\"arrow-unsorted-368013\" xmlns=\"http:\/\/www.w3.org\/2000\/svg\" width=\"10px\" height=\"10px\" viewbox=\"0 0 24 24\" version=\"1.2\" baseprofile=\"tiny\"><path d=\"M18.2 9.3l-6.2-6.3-6.2 6.3c-.2.2-.3.4-.3.7s.1.5.3.7c.2.2.4.3.7.3h11c.3 0 .5-.1.7-.3.2-.2.3-.5.3-.7s-.1-.5-.3-.7zM5.8 14.7l6.2 6.3 6.2-6.3c.2-.2.3-.5.3-.7s-.1-.5-.3-.7c-.2-.2-.4-.3-.7-.3h-11c-.3 0-.5.1-.7.3-.2.2-.3.5-.3.7s.1.5.3.7z\"\/><\/svg><\/span><\/span><\/span><\/a><\/span><\/div>\n<nav><ul class='ez-toc-list ez-toc-list-level-1' ><li class='ez-toc-page-1 ez-toc-heading-level-2'><a class=\"ez-toc-link ez-toc-heading-1\" href=\"https:\/\/complex-systems-ai.com\/es\/algoritmos-probabilisticos\/aprendizaje-progresivo-basado-en-la-poblacion\/#Apprentissage-progressif-base-sur-la-population\" >Aprendizaje progresivo basado en la poblaci\u00f3n<\/a><\/li><\/ul><\/nav><\/div>\n<h2><span class=\"ez-toc-section\" id=\"Apprentissage-progressif-base-sur-la-population\"><\/span>Aprendizaje progresivo basado en la poblaci\u00f3n<span class=\"ez-toc-section-end\"><\/span><\/h2>\n<p class=\"has-text-align-justify\">El objetivo de procesamiento de informaci\u00f3n del algoritmo de aprendizaje progresivo basado en la poblaci\u00f3n (PBIL) es reducir la memoria requerida por el<a href=\"https:\/\/complex-systems-ai.com\/es\/algoritmos-devolucion\/algoritmos-geneticos\/\">algoritmo gen\u00e9tico<\/a>. Esto se hace reduciendo la poblaci\u00f3n de una soluci\u00f3n candidata a un prototipo de vector de atributo \u00fanico a partir del cual se pueden generar y evaluar soluciones candidatas. Las actualizaciones y los operadores de mutaci\u00f3n tambi\u00e9n se realizan en el vector prototipo, en lugar de las soluciones candidatas generadas.<\/p>\n\n<p class=\"has-text-align-justify\">El algoritmo de aprendizaje progresivo basado en la poblaci\u00f3n mantiene un vector prototipo de valor real que representa la probabilidad de que cada componente se exprese en una soluci\u00f3n candidata. El siguiente algoritmo proporciona un pseudoc\u00f3digo del algoritmo de aprendizaje incremental basado en la poblaci\u00f3n para maximizar una funci\u00f3n de costo.<\/p>\n\n<figure class=\"wp-block-image size-large\"><img fetchpriority=\"high\" decoding=\"async\" class=\"aligncenter wp-image-7829 size-full\" src=\"https:\/\/complex-systems-ai.com\/wp-content\/uploads\/2020\/03\/pbil.png\" alt=\"aprendizaje progresivo basado en la poblaci\u00f3n\" width=\"666\" height=\"695\" title=\"\" srcset=\"https:\/\/complex-systems-ai.com\/wp-content\/uploads\/2020\/03\/pbil.png 666w, https:\/\/complex-systems-ai.com\/wp-content\/uploads\/2020\/03\/pbil-287x300.png 287w\" sizes=\"(max-width: 666px) 100vw, 666px\" \/><\/figure>\n\n<p class=\"has-text-align-justify\">PBIL fue dise\u00f1ado para optimizar la probabilidad de componentes de conjuntos de cardinalidad baja, como bits en una cadena de bits. El algoritmo tiene una huella de memoria muy peque\u00f1a (en comparaci\u00f3n con algunos algoritmos escalables basados en poblaci\u00f3n) debido a la compresi\u00f3n de informaci\u00f3n en un solo vector prototipo. Se han propuesto extensiones al aprendizaje progresivo basado en la poblaci\u00f3n para extender la representaci\u00f3n m\u00e1s all\u00e1 de los conjuntos a vectores de valor real.<\/p>\n\n<p class=\"has-text-align-justify\">Las variantes de PBIL que se propusieron en el art\u00edculo original incluyen actualizar el vector prototipo con m\u00e1s de una soluci\u00f3n candidata competitiva (como un promedio de las mejores soluciones candidatas) y alejar el vector prototipo de la soluci\u00f3n candidata m\u00e1s competitiva. iteraci\u00f3n. Se prefieren tasas de aprendizaje bajas, como 0,1.<\/p>\n\t\t\t\t\t\t\t\t<\/div>\n\t\t\t\t<\/div>\n\t\t\t\t\t<\/div>\n\t\t<\/div>\n\t\t\t\t\t<\/div>\n\t\t<\/section>\n\t\t\t\t<\/div>","protected":false},"excerpt":{"rendered":"<p>P\u00e1gina de inicio de Wiki de algoritmos probabil\u00edsticos Aprendizaje progresivo basado en la poblaci\u00f3n El objetivo de procesamiento de informaci\u00f3n del algoritmo de aprendizaje progresivo basado en la poblaci\u00f3n (PBIL) \u2026 <\/p>","protected":false},"author":1,"featured_media":0,"parent":7129,"menu_order":0,"comment_status":"closed","ping_status":"closed","template":"","meta":{"footnotes":""},"class_list":["post-7831","page","type-page","status-publish","hentry"],"amp_enabled":true,"_links":{"self":[{"href":"https:\/\/complex-systems-ai.com\/es\/wp-json\/wp\/v2\/pages\/7831","targetHints":{"allow":["GET"]}}],"collection":[{"href":"https:\/\/complex-systems-ai.com\/es\/wp-json\/wp\/v2\/pages"}],"about":[{"href":"https:\/\/complex-systems-ai.com\/es\/wp-json\/wp\/v2\/types\/page"}],"author":[{"embeddable":true,"href":"https:\/\/complex-systems-ai.com\/es\/wp-json\/wp\/v2\/users\/1"}],"replies":[{"embeddable":true,"href":"https:\/\/complex-systems-ai.com\/es\/wp-json\/wp\/v2\/comments?post=7831"}],"version-history":[{"count":5,"href":"https:\/\/complex-systems-ai.com\/es\/wp-json\/wp\/v2\/pages\/7831\/revisions"}],"predecessor-version":[{"id":18884,"href":"https:\/\/complex-systems-ai.com\/es\/wp-json\/wp\/v2\/pages\/7831\/revisions\/18884"}],"up":[{"embeddable":true,"href":"https:\/\/complex-systems-ai.com\/es\/wp-json\/wp\/v2\/pages\/7129"}],"wp:attachment":[{"href":"https:\/\/complex-systems-ai.com\/es\/wp-json\/wp\/v2\/media?parent=7831"}],"curies":[{"name":"gracias","href":"https:\/\/api.w.org\/{rel}","templated":true}]}}