{"id":8004,"date":"2020-03-19T14:26:32","date_gmt":"2020-03-19T13:26:32","guid":{"rendered":"https:\/\/complex-systems-ai.com\/?page_id=8004"},"modified":"2022-12-03T23:03:51","modified_gmt":"2022-12-03T22:03:51","slug":"algorithme-de-cellules-dendritiques","status":"publish","type":"page","link":"https:\/\/complex-systems-ai.com\/es\/algoritmo-inmunologico\/algoritmo-de-celulas-dendriticas\/","title":{"rendered":"Algoritmo de c\u00e9lulas dendr\u00edticas"},"content":{"rendered":"\t\t<div data-elementor-type=\"wp-page\" data-elementor-id=\"8004\" class=\"elementor elementor-8004\">\n\t\t\t\t\t\t<section class=\"elementor-section elementor-top-section elementor-element elementor-element-4af3536 elementor-section-boxed elementor-section-height-default elementor-section-height-default\" data-id=\"4af3536\" data-element_type=\"section\" data-e-type=\"section\">\n\t\t\t\t\t\t<div class=\"elementor-container elementor-column-gap-default\">\n\t\t\t\t\t<div class=\"elementor-column elementor-col-33 elementor-top-column elementor-element elementor-element-7294799\" data-id=\"7294799\" data-element_type=\"column\" data-e-type=\"column\">\n\t\t\t<div class=\"elementor-widget-wrap elementor-element-populated\">\n\t\t\t\t\t\t<div class=\"elementor-element elementor-element-fa19aef elementor-align-justify elementor-widget elementor-widget-button\" data-id=\"fa19aef\" data-element_type=\"widget\" data-e-type=\"widget\" data-widget_type=\"button.default\">\n\t\t\t\t<div class=\"elementor-widget-container\">\n\t\t\t\t\t\t\t\t\t<div class=\"elementor-button-wrapper\">\n\t\t\t\t\t<a class=\"elementor-button elementor-button-link elementor-size-sm\" href=\"https:\/\/complex-systems-ai.com\/algorithme-immunitaire\/\">\n\t\t\t\t\t\t<span class=\"elementor-button-content-wrapper\">\n\t\t\t\t\t\t\t\t\t<span class=\"elementor-button-text\">Algorithmes immunitaires<\/span>\n\t\t\t\t\t<\/span>\n\t\t\t\t\t<\/a>\n\t\t\t\t<\/div>\n\t\t\t\t\t\t\t\t<\/div>\n\t\t\t\t<\/div>\n\t\t\t\t\t<\/div>\n\t\t<\/div>\n\t\t\t\t<div class=\"elementor-column elementor-col-33 elementor-top-column elementor-element elementor-element-1f6a9a7\" data-id=\"1f6a9a7\" data-element_type=\"column\" data-e-type=\"column\">\n\t\t\t<div class=\"elementor-widget-wrap elementor-element-populated\">\n\t\t\t\t\t\t<div class=\"elementor-element elementor-element-9b608e7 elementor-align-justify elementor-widget elementor-widget-button\" data-id=\"9b608e7\" data-element_type=\"widget\" data-e-type=\"widget\" data-widget_type=\"button.default\">\n\t\t\t\t<div class=\"elementor-widget-container\">\n\t\t\t\t\t\t\t\t\t<div class=\"elementor-button-wrapper\">\n\t\t\t\t\t<a class=\"elementor-button elementor-button-link elementor-size-sm\" href=\"https:\/\/complex-systems-ai.com\/\">\n\t\t\t\t\t\t<span class=\"elementor-button-content-wrapper\">\n\t\t\t\t\t\t\t\t\t<span class=\"elementor-button-text\">Page d'accueil<\/span>\n\t\t\t\t\t<\/span>\n\t\t\t\t\t<\/a>\n\t\t\t\t<\/div>\n\t\t\t\t\t\t\t\t<\/div>\n\t\t\t\t<\/div>\n\t\t\t\t\t<\/div>\n\t\t<\/div>\n\t\t\t\t<div class=\"elementor-column elementor-col-33 elementor-top-column elementor-element elementor-element-5f56088\" data-id=\"5f56088\" data-element_type=\"column\" data-e-type=\"column\">\n\t\t\t<div class=\"elementor-widget-wrap elementor-element-populated\">\n\t\t\t\t\t\t<div class=\"elementor-element elementor-element-1eadb93 elementor-align-justify elementor-widget elementor-widget-button\" data-id=\"1eadb93\" data-element_type=\"widget\" data-e-type=\"widget\" data-widget_type=\"button.default\">\n\t\t\t\t<div class=\"elementor-widget-container\">\n\t\t\t\t\t\t\t\t\t<div class=\"elementor-button-wrapper\">\n\t\t\t\t\t<a class=\"elementor-button elementor-button-link elementor-size-sm\" href=\"https:\/\/link.springer.com\/chapter\/10.1007\/978-3-540-85072-4_26?error=cookies_not_supported&#038;code=97dc11d8-3e0e-46d7-8bb6-ec72d822398b\" target=\"_blank\" rel=\"noopener\">\n\t\t\t\t\t\t<span class=\"elementor-button-content-wrapper\">\n\t\t\t\t\t\t\t\t\t<span class=\"elementor-button-text\">Wiki<\/span>\n\t\t\t\t\t<\/span>\n\t\t\t\t\t<\/a>\n\t\t\t\t<\/div>\n\t\t\t\t\t\t\t\t<\/div>\n\t\t\t\t<\/div>\n\t\t\t\t\t<\/div>\n\t\t<\/div>\n\t\t\t\t\t<\/div>\n\t\t<\/section>\n\t\t\t\t<section class=\"elementor-section elementor-top-section elementor-element elementor-element-1ee693b3 elementor-section-boxed elementor-section-height-default elementor-section-height-default\" data-id=\"1ee693b3\" data-element_type=\"section\" data-e-type=\"section\">\n\t\t\t\t\t\t<div class=\"elementor-container elementor-column-gap-default\">\n\t\t\t\t\t<div class=\"elementor-column elementor-col-100 elementor-top-column elementor-element elementor-element-6ebc6ee6\" data-id=\"6ebc6ee6\" data-element_type=\"column\" data-e-type=\"column\">\n\t\t\t<div class=\"elementor-widget-wrap elementor-element-populated\">\n\t\t\t\t\t\t<div class=\"elementor-element elementor-element-59d315aa elementor-widget elementor-widget-text-editor\" data-id=\"59d315aa\" data-element_type=\"widget\" data-e-type=\"widget\" data-widget_type=\"text-editor.default\">\n\t\t\t\t<div class=\"elementor-widget-container\">\n\t\t\t\t\t\t\t\t\t<p><\/p>\n<div id=\"ez-toc-container\" class=\"ez-toc-v2_0_82_2 counter-hierarchy ez-toc-counter ez-toc-grey ez-toc-container-direction\">\n<div class=\"ez-toc-title-container\">\n<p class=\"ez-toc-title\" style=\"cursor:inherit\">Contenus<\/p>\n<span class=\"ez-toc-title-toggle\"><a href=\"#\" class=\"ez-toc-pull-right ez-toc-btn ez-toc-btn-xs ez-toc-btn-default ez-toc-toggle\" aria-label=\"Alternar tabla de contenidos\"><span class=\"ez-toc-js-icon-con\"><span class=\"\"><span class=\"eztoc-hide\" style=\"display:none;\">Toggle<\/span><span class=\"ez-toc-icon-toggle-span\"><svg style=\"fill: #999;color:#999\" xmlns=\"http:\/\/www.w3.org\/2000\/svg\" class=\"list-377408\" width=\"20px\" height=\"20px\" viewBox=\"0 0 24 24\" fill=\"none\"><path d=\"M6 6H4v2h2V6zm14 0H8v2h12V6zM4 11h2v2H4v-2zm16 0H8v2h12v-2zM4 16h2v2H4v-2zm16 0H8v2h12v-2z\" fill=\"currentColor\"><\/path><\/svg><svg style=\"fill: #999;color:#999\" class=\"arrow-unsorted-368013\" xmlns=\"http:\/\/www.w3.org\/2000\/svg\" width=\"10px\" height=\"10px\" viewBox=\"0 0 24 24\" version=\"1.2\" baseProfile=\"tiny\"><path d=\"M18.2 9.3l-6.2-6.3-6.2 6.3c-.2.2-.3.4-.3.7s.1.5.3.7c.2.2.4.3.7.3h11c.3 0 .5-.1.7-.3.2-.2.3-.5.3-.7s-.1-.5-.3-.7zM5.8 14.7l6.2 6.3 6.2-6.3c.2-.2.3-.5.3-.7s-.1-.5-.3-.7c-.2-.2-.4-.3-.7-.3h-11c-.3 0-.5.1-.7.3-.2.2-.3.5-.3.7s.1.5.3.7z\"\/><\/svg><\/span><\/span><\/span><\/a><\/span><\/div>\n<nav><ul class='ez-toc-list ez-toc-list-level-1 ' ><li class='ez-toc-page-1 ez-toc-heading-level-2'><a class=\"ez-toc-link ez-toc-heading-1\" href=\"https:\/\/complex-systems-ai.com\/es\/algoritmo-inmunologico\/algoritmo-de-celulas-dendriticas\/#Algorithme-de-cellules-dendritiques\" >Algorithme de cellules dendritiques<\/a><\/li><\/ul><\/nav><\/div>\n<h2><span class=\"ez-toc-section\" id=\"Algorithme-de-cellules-dendritiques\"><\/span>Algorithme de cellules dendritiques<span class=\"ez-toc-section-end\"><\/span><\/h2>\n<p class=\"has-text-align-justify\">L&rsquo;algorithme de cellules dendritiques est inspir\u00e9 de la th\u00e9orie du danger du syst\u00e8me immunitaire des mammif\u00e8res et, plus pr\u00e9cis\u00e9ment, du r\u00f4le et de la fonction des cellules dendritiques. La th\u00e9orie du danger a \u00e9t\u00e9 propos\u00e9e par Matzinger et sugg\u00e8re que le r\u00f4le du syst\u00e8me immunitaire acquis est de r\u00e9pondre aux signaux de danger, plut\u00f4t que de distinguer le soi du non-soi. La th\u00e9orie sugg\u00e8re que les cellules pr\u00e9sentant l&rsquo;antig\u00e8ne (telles que les cellules T auxiliaires) activent un signal d&rsquo;alarme fournissant la co-stimulation n\u00e9cessairement des cellules sp\u00e9cifiques de l&rsquo;antig\u00e8ne pour r\u00e9pondre.<\/p>\n<p class=\"has-text-align-justify\">Les cellules dendritiques sont un type de cellules du syst\u00e8me immunitaire inn\u00e9 qui r\u00e9pondent \u00e0 certaines formes sp\u00e9cifiques de signaux de danger. Il existe trois principaux types de cellules dendritiques: immatures qui collectent des parties de l&rsquo;antig\u00e8ne et des signaux, semi-matures qui sont des cellules immatures qui d\u00e9cident en interne que les signaux locaux repr\u00e9sentent une s\u00e9curit\u00e9 et pr\u00e9sentent l&rsquo;antig\u00e8ne aux cellules T entra\u00eenant une tol\u00e9rance, et matures les cellules qui d\u00e9cident en interne que les signaux locaux repr\u00e9sentent un danger et pr\u00e9sentent l&rsquo;antig\u00e8ne aux lymphocytes T entra\u00eenant une r\u00e9ponse r\u00e9active.<\/p>\n<p><\/p>\n<p class=\"has-text-align-justify\">L&rsquo;objectif de traitement de l&rsquo;information de l&rsquo;algorithme de cellules dendritiques est de pr\u00e9parer un ensemble de cellules dendritiques matures (prototypes) qui fournissent des informations sp\u00e9cifiques au contexte sur la fa\u00e7on de classer les mod\u00e8les d&rsquo;entr\u00e9e normaux et anormaux. Ceci est r\u00e9alis\u00e9 sous la forme d&rsquo;un syst\u00e8me de trois processus asynchrones: 1) migration de cellules immatures suffisamment stimul\u00e9es, 2) promotion des cellules migr\u00e9es vers un \u00e9tat semi-mature (s\u00fbr) ou mature (danger) en fonction de leur r\u00e9ponse cumul\u00e9e, et 3) \u00e9tiquetage des mod\u00e8les observ\u00e9s s\u00fbrs ou dangereux en fonction de la composition de la sous-population de cellules qui r\u00e9pondent \u00e0 chaque mod\u00e8le.<\/p>\n<p><\/p>\n<p class=\"has-text-align-justify\">L&rsquo;algorithme suivant fournit un <a href=\"https:\/\/complex-systems-ai.com\/es\/algoritmico\/pseudo-lenguaje-y-diagrama-de-flujo\/\">pseudocode<\/a> pour l&rsquo;apprentissage d&rsquo;un pool de cellules dans l&rsquo;algorithme de cellules dendritiques, en particulier l&rsquo;algorithme d\u00e9terministe des cellules dendritiques. Les cellules migr\u00e9es matures associent leurs mod\u00e8les d&rsquo;entr\u00e9e collect\u00e9s \u00e0 des anomalies, tandis que les cellules migr\u00e9es semi-matures associent leurs mod\u00e8les d&rsquo;entr\u00e9e collect\u00e9s comme normal. Les cellules migr\u00e9es r\u00e9sultantes peuvent ensuite \u00eatre utilis\u00e9es pour classer les mod\u00e8les d&rsquo;entr\u00e9e comme normaux ou anormaux.<\/p>\n<p class=\"has-text-align-justify\">Cela peut \u00eatre fait en \u00e9chantillonnant les cellules et en utilisant un m\u00e9canisme de vote, ou des m\u00e9thodes plus \u00e9labor\u00e9es telles qu&rsquo;une valeur d&rsquo;antig\u00e8ne de contexte mature (MCAV) qui utilise M\/Ag (o\u00f9 M est le nombre de cellules matures avec l&rsquo;antig\u00e8ne et Ag est la somme des expositions \u00e0 l&rsquo;antig\u00e8ne par ces cellules matures), ce qui donne une probabilit\u00e9 qu&rsquo;un motif soit une anomalie.<\/p>\n<p><\/p>\n<figure class=\"wp-block-image size-large\"><img fetchpriority=\"high\" decoding=\"async\" class=\"aligncenter wp-image-8002 size-full\" src=\"https:\/\/complex-systems-ai.com\/wp-content\/uploads\/2020\/03\/dca.png\" alt=\"algorithme de cellules dendritiques\" width=\"394\" height=\"535\" title=\"\" srcset=\"https:\/\/complex-systems-ai.com\/wp-content\/uploads\/2020\/03\/dca.png 394w, https:\/\/complex-systems-ai.com\/wp-content\/uploads\/2020\/03\/dca-221x300.png 221w\" sizes=\"(max-width: 394px) 100vw, 394px\" \/><\/figure>\n<p><\/p>\n<p class=\"has-text-align-justify\">L&rsquo;algorithme de cellules dendritiques n&rsquo;est pas sp\u00e9cifiquement un <a href=\"https:\/\/complex-systems-ai.com\/es\/algoritmico\/\">algorithme<\/a> de classification, il peut \u00eatre consid\u00e9r\u00e9 comme une m\u00e9thode de filtrage des donn\u00e9es \u00e0 utiliser dans les probl\u00e8mes de d\u00e9tection d&rsquo;anomalies. L&rsquo;algorithme de cellules dendritiques canonique est con\u00e7u pour fonctionner sur une seule entr\u00e9e discr\u00e8te, cat\u00e9gorielle ou ordinale et deux signaux probabilistes sp\u00e9cifiques indiquant le danger <a href=\"https:\/\/complex-systems-ai.com\/es\/optimizacion-combinatoria\/\">heuristique<\/a> ou la s\u00e9curit\u00e9 de l&rsquo;entr\u00e9e.<\/p>\n<p><\/p>\n<p class=\"has-text-align-justify\">Les signaux de danger et de s\u00e9curit\u00e9 sont des signaux sp\u00e9cifiques au probl\u00e8me du risque que le mod\u00e8le d&rsquo;entr\u00e9e soit une anomalie ou soit normal, tous deux g\u00e9n\u00e9ralement dans [0; 100]. Les signaux de danger et de s\u00e9curit\u00e9 n&rsquo;ont pas \u00e0 \u00eatre r\u00e9ciproques, ce qui signifie qu&rsquo;ils peuvent fournir des informations contradictoires. Le syst\u00e8me a \u00e9t\u00e9 con\u00e7u pour \u00eatre utilis\u00e9 dans les probl\u00e8mes de d\u00e9tection d&rsquo;anomalies en temps r\u00e9el, pas seulement les probl\u00e8mes statiques. Chaque seuil de migration des cellules est d\u00e9fini s\u00e9par\u00e9ment, g\u00e9n\u00e9ralement dans [5; 15].<\/p>\n<p><\/p>\t\t\t\t\t\t\t\t<\/div>\n\t\t\t\t<\/div>\n\t\t\t\t\t<\/div>\n\t\t<\/div>\n\t\t\t\t\t<\/div>\n\t\t<\/section>\n\t\t\t\t<\/div>\n\t\t","protected":false},"excerpt":{"rendered":"<p>P\u00e1gina de inicio de Wiki Algoritmos Inmunes Algoritmo de C\u00e9lulas Dendr\u00edticas El Algoritmo de C\u00e9lulas Dendr\u00edticas est\u00e1 inspirado en la teor\u00eda del peligro del sistema inmunol\u00f3gico de los mam\u00edferos... <\/p>","protected":false},"author":1,"featured_media":0,"parent":7150,"menu_order":0,"comment_status":"closed","ping_status":"closed","template":"","meta":{"footnotes":""},"class_list":["post-8004","page","type-page","status-publish","hentry"],"amp_enabled":true,"_links":{"self":[{"href":"https:\/\/complex-systems-ai.com\/es\/wp-json\/wp\/v2\/pages\/8004","targetHints":{"allow":["GET"]}}],"collection":[{"href":"https:\/\/complex-systems-ai.com\/es\/wp-json\/wp\/v2\/pages"}],"about":[{"href":"https:\/\/complex-systems-ai.com\/es\/wp-json\/wp\/v2\/types\/page"}],"author":[{"embeddable":true,"href":"https:\/\/complex-systems-ai.com\/es\/wp-json\/wp\/v2\/users\/1"}],"replies":[{"embeddable":true,"href":"https:\/\/complex-systems-ai.com\/es\/wp-json\/wp\/v2\/comments?post=8004"}],"version-history":[{"count":6,"href":"https:\/\/complex-systems-ai.com\/es\/wp-json\/wp\/v2\/pages\/8004\/revisions"}],"predecessor-version":[{"id":18904,"href":"https:\/\/complex-systems-ai.com\/es\/wp-json\/wp\/v2\/pages\/8004\/revisions\/18904"}],"up":[{"embeddable":true,"href":"https:\/\/complex-systems-ai.com\/es\/wp-json\/wp\/v2\/pages\/7150"}],"wp:attachment":[{"href":"https:\/\/complex-systems-ai.com\/es\/wp-json\/wp\/v2\/media?parent=8004"}],"curies":[{"name":"gracias","href":"https:\/\/api.w.org\/{rel}","templated":true}]}}